{"id":10128,"date":"2024-08-06T11:24:46","date_gmt":"2024-08-06T03:24:46","guid":{"rendered":"https:\/\/www.nuoxutech.com\/bomba-de-vacio-de-anillo-liquido-de-cono-cl\/"},"modified":"2025-04-30T12:00:08","modified_gmt":"2025-04-30T04:00:08","slug":"cl-cone-liquid-ring-vacuum-pump","status":"publish","type":"product","link":"https:\/\/www.nuoxutech.com\/es\/cl-cone-liquid-ring-vacuum-pump\/","title":{"rendered":"Bomba de vac\u00edo de anillo l\u00edquido c\u00f3nico CL"},"content":{"rendered":"<h4>Bomba de vac\u00edo de anillo l\u00edquido <span class=\"HwtZe\" lang=\"es\"><span class=\"jCAhz ChMk0b\"><span class=\"ryNqvb\">c\u00f3nico <\/span><\/span><\/span> CL<\/h4>\n<p>La bomba de vac\u00edo de anillo l\u00edquido c\u00f3nico CL es una bomba monoetapa de vanguardia que incorpora los avances internacionales en tecnolog\u00eda de bombas de vac\u00edo de anillo de agua. Conocida por su alta eficiencia y ahorro de energ\u00eda, la serie CL se utiliza ampliamente en diversas industrias, como la qu\u00edmica, la miner\u00eda de carb\u00f3n, la metalurgia, la farmac\u00e9utica, la fabricaci\u00f3n de papel, la industria ligera, la miner\u00eda, la generaci\u00f3n de energ\u00eda y el procesamiento de alimentos. Esta bomba destaca en entornos exigentes como la deshidrataci\u00f3n en la industria papelera y la filtraci\u00f3n por vac\u00edo en operaciones mineras.<\/p>\n<p><img fetchpriority=\"high\" decoding=\"async\" class=\"alignnone wp-image-6786 size-medium\" src=\"https:\/\/www.nuoxutech.com\/wp-content\/uploads\/2024\/08\/CL2-300x300.jpg\" alt=\"bomba de vac\u00edo de anillo l\u00edquido c\u00f3nico CL\" width=\"300\" height=\"300\" title=\"\" srcset=\"https:\/\/www.nuoxutech.com\/wp-content\/uploads\/2024\/08\/CL2-300x300.jpg 300w, https:\/\/www.nuoxutech.com\/wp-content\/uploads\/2024\/08\/CL2-150x150.jpg 150w, https:\/\/www.nuoxutech.com\/wp-content\/uploads\/2024\/08\/CL2-768x768.jpg 768w, https:\/\/www.nuoxutech.com\/wp-content\/uploads\/2024\/08\/CL2-512x512.jpg 512w, https:\/\/www.nuoxutech.com\/wp-content\/uploads\/2024\/08\/CL2-100x100.jpg 100w, https:\/\/www.nuoxutech.com\/wp-content\/uploads\/2024\/08\/CL2.jpg 800w\" sizes=\"(max-width: 300px) 100vw, 300px\" \/><\/p>\n<p><strong>Caracter\u00edsticas:<\/strong><\/p>\n<ol>\n<li><strong>Dise\u00f1o innovador: <\/strong>utiliza un distribuidor en forma de cono para la admisi\u00f3n y el escape axial, que ofrece un \u00e1rea de canal m\u00e1s grande y una menor resistencia al flujo en comparaci\u00f3n con las bombas de admisi\u00f3n y escape axiales de superficie plana tradicionales.<\/li>\n<li><strong>Eficiencia Energ\u00e9tica:<\/strong> Ahorra aproximadamente un 18% de energ\u00eda al evacuar aire seco y un 28% al manipular vapor saturado.<\/li>\n<li><strong>Construcci\u00f3n robusta: <\/strong>cuenta con un impulsor completamente cerrado con excelente rigidez, lo que garantiza durabilidad y confiabilidad en duras condiciones de operaci\u00f3n.<\/li>\n<li><strong>Aplicaci\u00f3n vers\u00e1til: <\/strong>adecuado para una amplia gama de aplicaciones industriales, especialmente en entornos hostiles.<\/li>\n<\/ol>\n<p><strong>Aplicaciones:<\/strong><\/p>\n<ul>\n<li>Procesamiento qu\u00edmico<\/li>\n<li>Miner\u00eda de carb\u00f3n<\/li>\n<li>Metalurgia<\/li>\n<li>productos farmac\u00e9uticos<\/li>\n<li>Fabricaci\u00f3n de papel<\/li>\n<li>Industria ligera<\/li>\n<li>Miner\u00eda<\/li>\n<li>Generaci\u00f3n de energ\u00eda<\/li>\n<li>Procesamiento de alimentos<\/li>\n<\/ul>\n<p><strong>Especificaciones t\u00e9cnicas:<\/strong><\/p>\n<ul>\n<li><strong>Variaciones del modelo:<\/strong> CL2000 (vac\u00edo bajo), CL2001 (vac\u00edo bajo), CL2002 (vac\u00edo medio), CL2003 (vac\u00edo alto)<\/li>\n<li><strong>Rangos de vac\u00edo:<\/strong>\n<ul>\n<li><strong>Bomba de bajo vac\u00edo:<\/strong> rango de presi\u00f3n de succi\u00f3n de 800-400 hPa (absoluta)<\/li>\n<li><strong>Bomba de vac\u00edo media:<\/strong> rango de presi\u00f3n de succi\u00f3n de 450-240 hPa (absoluta)<\/li>\n<li><strong>Bomba de alto vac\u00edo:<\/strong> rango de presi\u00f3n de succi\u00f3n de 270-80 hPa (absoluta)<\/li>\n<\/ul>\n<\/li>\n<li><strong>Condiciones de desempe\u00f1o:<\/strong>\n<ul>\n<li>Presi\u00f3n atmosf\u00e9rica: 1013,25 mbar<\/li>\n<li>Temperatura del aire: 20\u00b0C<\/li>\n<li>Humedad relativa: 70%<\/li>\n<li>Temperatura del suministro de agua: 15\u00b0C<\/li>\n<li>Tolerancia de rendimiento: \u00b110%<\/li>\n<\/ul>\n<\/li>\n<\/ul>\n<p><strong>Beneficios:<\/strong><\/p>\n<ul>\n<li><strong>Eficiencia mejorada:<\/strong> consumo reducido de energ\u00eda tanto en condiciones de aire seco como de vapor saturado.<\/li>\n<li><strong>Durabilidad:<\/strong> Dise\u00f1o de impulsor de alta rigidez para una vida \u00fatil prolongada.<\/li>\n<li><strong>Versatilidad: <\/strong>aplicable en m\u00faltiples industrias y entornos desafiantes.<\/li>\n<li><strong>Facilidad de selecci\u00f3n:<\/strong> Modelos dise\u00f1ados para satisfacer diferentes rangos de vac\u00edo, lo que garantiza un rendimiento \u00f3ptimo para aplicaciones espec\u00edficas.<\/li>\n<\/ul>\n<div dir=\"auto\">\n<hr \/>\n<p>Para obtener m\u00e1s informaci\u00f3n sobre la bomba de vac\u00edo de anillo l\u00edquido <a href=\"https:\/\/www.nuoxutech.com\/cl-cone-liquid-ring-vacuum-pump\/\" rel=\"nofollow sponsored\">CL Cone<\/a>, comun\u00edquese con NuoXuTech<\/p>\n<\/div>\n<div dir=\"auto\"><strong>Correo:<span style=\"color: #3366ff;\"><a style=\"color: #3366ff;\" href=\"mailto:contact@nuoxutech.com\" target=\"_blank\" rel=\"nofollow noopener sponsored\">contact@nuoxutech.com<\/a><\/span><\/strong><\/div>\n<div dir=\"auto\"><strong>WhatsApp: <span style=\"color: #3366ff;\"><a style=\"color: #3366ff;\" href=\"https:\/\/wa.me\/message\/Z6LWLVZDXHWFD1\" target=\"_blank\" rel=\"nofollow noopener\">+86 13849062209<\/a><\/span><\/strong><\/div>\n<div dir=\"auto\">\n<div dir=\"auto\"><strong>Nuestro equipo est\u00e1 listo para brindarle servicio y soporte profesional.<\/strong><\/div>\n<div dir=\"auto\">\n<hr \/>\n<h4 class=\"wp-block-heading\">Palabras Clave<\/h4>\n<p>sistema de vac\u00edo, nuoxutech, bomba de vac\u00edo, VacuumSystem<span class=\"HwtZe\" lang=\"es\"><span class=\"jCAhz ChMk0b\"><span class=\"ryNqvb\">, bomba de vac\u00edo de anillo l\u00edquido tipo cono, dise\u00f1o de cono para bomba de vac\u00edo de anillo de agua, bomba de vac\u00edo de anillo de agua c\u00f3nico fabricada en China para aplicaciones qu\u00edmicas y farmac\u00e9uticas, bomba de vac\u00edo de anillo l\u00edquido c\u00f3nico de bajo mantenimiento y resistente a la corrosi\u00f3n.<\/span><\/span><\/span><\/p>\n<\/div>\n<\/div>\n<p>&nbsp;<\/p>\n","protected":false},"excerpt":{"rendered":"<p>Experimente la eficiencia y durabilidad de la bomba de vac\u00edo de anillo l\u00edquido c\u00f3nico CL, dise\u00f1ada para aplicaciones industriales exigentes. Conocida por su alta eficiencia y ahorro de energ\u00eda, la serie CL se utiliza ampliamente en diversas industrias, como la qu\u00edmica, la miner\u00eda del carb\u00f3n, la metalurgia, la farmac\u00e9utica, la fabricaci\u00f3n de papel, la industria ligera, la miner\u00eda, la generaci\u00f3n de energ\u00eda y el procesamiento de alimentos. Esta bomba destaca en entornos exigentes como la deshidrataci\u00f3n en la industria papelera y la filtraci\u00f3n al vac\u00edo en operaciones mineras.<\/p>\n","protected":false},"featured_media":8328,"template":"","meta":{"_acf_changed":false,"site-sidebar-layout":"default","site-content-layout":"","ast-site-content-layout":"default","site-content-style":"default","site-sidebar-style":"default","ast-global-header-display":"","ast-banner-title-visibility":"","ast-main-header-display":"","ast-hfb-above-header-display":"","ast-hfb-below-header-display":"","ast-hfb-mobile-header-display":"","site-post-title":"","ast-breadcrumbs-content":"","ast-featured-img":"","footer-sml-layout":"","ast-disable-related-posts":"","theme-transparent-header-meta":"default","adv-header-id-meta":"","stick-header-meta":"default","header-above-stick-meta":"","header-main-stick-meta":"","header-below-stick-meta":"","astra-migrate-meta-layouts":"set","ast-page-background-enabled":"default","ast-page-background-meta":{"desktop":{"background-color":"","background-image":"","background-repeat":"repeat","background-position":"center center","background-size":"auto","background-attachment":"scroll","background-type":"","background-media":"","overlay-type":"","overlay-color":"","overlay-opacity":"","overlay-gradient":""},"tablet":{"background-color":"","background-image":"","background-repeat":"repeat","background-position":"center center","background-size":"auto","background-attachment":"scroll","background-type":"","background-media":"","overlay-type":"","overlay-color":"","overlay-opacity":"","overlay-gradient":""},"mobile":{"background-color":"","background-image":"","background-repeat":"repeat","background-position":"center center","background-size":"auto","background-attachment":"scroll","background-type":"","background-media":"","overlay-type":"","overlay-color":"","overlay-opacity":"","overlay-gradient":""}},"ast-content-background-meta":{"desktop":{"background-color":"var(--ast-global-color-5)","background-image":"","background-repeat":"repeat","background-position":"center center","background-size":"auto","background-attachment":"scroll","background-type":"","background-media":"","overlay-type":"","overlay-color":"","overlay-opacity":"","overlay-gradient":""},"tablet":{"background-color":"var(--ast-global-color-5)","background-image":"","background-repeat":"repeat","background-position":"center center","background-size":"auto","background-attachment":"scroll","background-type":"","background-media":"","overlay-type":"","overlay-color":"","overlay-opacity":"","overlay-gradient":""},"mobile":{"background-color":"var(--ast-global-color-5)","background-image":"","background-repeat":"repeat","background-position":"center center","background-size":"auto","background-attachment":"scroll","background-type":"","background-media":"","overlay-type":"","overlay-color":"","overlay-opacity":"","overlay-gradient":""}}},"product_brand":[],"product_cat":[158],"product_tag":[],"class_list":{"0":"post-10128","1":"product","2":"type-product","3":"status-publish","4":"has-post-thumbnail","6":"product_cat-liquid-ring-vacuum-pumps-es","7":"desktop-align-left","8":"tablet-align-left","9":"mobile-align-left","10":"ast-product-gallery-layout-horizontal","11":"ast-magnify-disabled","13":"first","14":"instock","15":"shipping-taxable","16":"product-type-simple"},"acf":[],"_links":{"self":[{"href":"https:\/\/www.nuoxutech.com\/es\/wp-json\/wp\/v2\/product\/10128","targetHints":{"allow":["GET"]}}],"collection":[{"href":"https:\/\/www.nuoxutech.com\/es\/wp-json\/wp\/v2\/product"}],"about":[{"href":"https:\/\/www.nuoxutech.com\/es\/wp-json\/wp\/v2\/types\/product"}],"version-history":[{"count":3,"href":"https:\/\/www.nuoxutech.com\/es\/wp-json\/wp\/v2\/product\/10128\/revisions"}],"predecessor-version":[{"id":10131,"href":"https:\/\/www.nuoxutech.com\/es\/wp-json\/wp\/v2\/product\/10128\/revisions\/10131"}],"wp:featuredmedia":[{"embeddable":true,"href":"https:\/\/www.nuoxutech.com\/es\/wp-json\/wp\/v2\/media\/8328"}],"wp:attachment":[{"href":"https:\/\/www.nuoxutech.com\/es\/wp-json\/wp\/v2\/media?parent=10128"}],"wp:term":[{"taxonomy":"product_brand","embeddable":true,"href":"https:\/\/www.nuoxutech.com\/es\/wp-json\/wp\/v2\/product_brand?post=10128"},{"taxonomy":"product_cat","embeddable":true,"href":"https:\/\/www.nuoxutech.com\/es\/wp-json\/wp\/v2\/product_cat?post=10128"},{"taxonomy":"product_tag","embeddable":true,"href":"https:\/\/www.nuoxutech.com\/es\/wp-json\/wp\/v2\/product_tag?post=10128"}],"curies":[{"name":"wp","href":"https:\/\/api.w.org\/{rel}","templated":true}]}}