{"id":10137,"date":"2024-08-16T18:10:29","date_gmt":"2024-08-16T10:10:29","guid":{"rendered":"https:\/\/www.nuoxutech.com\/bomba-de-vacio-de-piston-h-150\/"},"modified":"2025-05-07T10:39:19","modified_gmt":"2025-05-07T02:39:19","slug":"h-150-piston-vacuum-pump","status":"publish","type":"product","link":"https:\/\/www.nuoxutech.com\/es\/h-150-piston-vacuum-pump\/","title":{"rendered":"Bomba de vac\u00edo de pist\u00f3n H-150"},"content":{"rendered":"<p>La bomba de vac\u00edo de pist\u00f3n H-150 es una soluci\u00f3n robusta y de alto rendimiento, dise\u00f1ada para satisfacer las exigentes necesidades de las aplicaciones industriales que requieren una generaci\u00f3n de vac\u00edo constante y eficiente. Dise\u00f1ada con precisi\u00f3n y construida para ofrecer fiabilidad, esta bomba es perfecta para sectores como el procesamiento qu\u00edmico, la metalurgia, la industria farmac\u00e9utica y la electr\u00f3nica.<\/p>\n<p><a href=\"https:\/\/www.nuoxutech.com\/roots-piston-vacuum-pump-system\/\"><img fetchpriority=\"high\" decoding=\"async\" class=\"alignnone wp-image-6815 size-full\" src=\"https:\/\/www.nuoxutech.com\/wp-content\/uploads\/2024\/08\/rootspiston1.jpg\" alt=\"Bomba de vac\u00edo de pist\u00f3n H-150\" width=\"800\" height=\"800\" title=\"\" srcset=\"https:\/\/www.nuoxutech.com\/wp-content\/uploads\/2024\/08\/rootspiston1.jpg 800w, https:\/\/www.nuoxutech.com\/wp-content\/uploads\/2024\/08\/rootspiston1-300x300.jpg 300w, https:\/\/www.nuoxutech.com\/wp-content\/uploads\/2024\/08\/rootspiston1-150x150.jpg 150w, https:\/\/www.nuoxutech.com\/wp-content\/uploads\/2024\/08\/rootspiston1-768x768.jpg 768w, https:\/\/www.nuoxutech.com\/wp-content\/uploads\/2024\/08\/rootspiston1-512x512.jpg 512w, https:\/\/www.nuoxutech.com\/wp-content\/uploads\/2024\/08\/rootspiston1-100x100.jpg 100w\" sizes=\"(max-width: 800px) 100vw, 800px\" \/><\/a><\/p>\n<h4>Caracter\u00edsticas principales de la bomba de pist\u00f3n H-150:<\/h4>\n<ol>\n<li><strong>Altos niveles de vac\u00edo: <\/strong>El H-150 alcanza altos niveles de vac\u00edo, manteniendo un rendimiento estable durante largos periodos de funcionamiento. Ideal para tareas donde es esencial un alto nivel de vac\u00edo.<\/li>\n<li><strong>Construcci\u00f3n robusta y durabilidad:<\/strong> construida con materiales de primera calidad, la bomba est\u00e1 dise\u00f1ada para soportar duras condiciones de trabajo y al mismo tiempo garantizar una larga vida \u00fatil y un bajo mantenimiento.<\/li>\n<li><strong>Rendimiento eficiente: <\/strong>con un mecanismo de pist\u00f3n avanzado, la bomba proporciona una potencia de succi\u00f3n constante con un consumo de energ\u00eda reducido, lo que la hace eficaz y econ\u00f3mica.<\/li>\n<li><strong>Aplicaciones vers\u00e1tiles: <\/strong>ya sea para secado al vac\u00edo, destilaci\u00f3n o transferencia qu\u00edmica, el H-150 se adapta sin esfuerzo a diversos entornos industriales.<\/li>\n<li><strong>Bajo nivel de ruido y vibraci\u00f3n:<\/strong> dise\u00f1ada con funciones de amortiguaci\u00f3n de ruido, la bomba funciona silenciosamente, lo que reduce la contaminaci\u00f3n ac\u00fastica en el lugar de trabajo.<\/li>\n<\/ol>\n<h4>Especificaciones t\u00e9cnicas:<\/h4>\n<ul>\n<li>Velocidad de bombeo: 150 L\/s<\/li>\n<li>Presi\u00f3n m\u00e1xima: 1 Pa<\/li>\n<li>Potencia del motor: 11\/15Kw<\/li>\n<li>Tama\u00f1os de puerto de entrada\/salida: 100\/80 mm<\/li>\n<li>Peso: 750 kg<\/li>\n<\/ul>\n<h4>\u00bfPor qu\u00e9 elegir la bomba de vac\u00edo de pist\u00f3n H-150?<\/h4>\n<p>El H-150 est\u00e1 dise\u00f1ado para entornos industriales donde la fiabilidad y la eficiencia son cruciales. Con \u00e9nfasis en la eficiencia energ\u00e9tica, bajos costos operativos y un excelente rendimiento de aspiraci\u00f3n, este modelo es una opci\u00f3n confiable para empresas que buscan soluciones de aspiraci\u00f3n sostenibles.<\/p>\n<div dir=\"auto\">\n<hr \/>\n<p>Para obtener m\u00e1s informaci\u00f3n sobre la bomba de vac\u00edo de pist\u00f3n H-150, comun\u00edquese con Nuoxutech<\/p>\n<\/div>\n<div dir=\"auto\"><strong>Correo:<span style=\"color: #0000ff;\"><a style=\"color: #0000ff;\" href=\"mailto:contact@nuoxutech.com\">contact@nuoxutech.com<\/a><\/span><\/strong><\/div>\n<div dir=\"auto\"><strong>WhatsApp: <span style=\"color: #0000ff;\"><a style=\"color: #0000ff;\" href=\"https:\/\/wa.me\/8613849062209\" rel=\"nofollow noopener\" target=\"_blank\">+86 13849062209<\/a><\/span><\/strong><\/div>\n<div dir=\"auto\">\n<div dir=\"auto\"><strong>Nuestro equipo est\u00e1 listo para brindarle servicio y soporte profesional.<\/strong><\/div>\n<div dir=\"auto\">\n<hr \/>\n<h4 class=\"wp-block-heading\">Palabras Clave<\/h4>\n<p>sistema de vac\u00edo, nuoxutech, bomba de vac\u00edo, VacuumSystem.<\/p>\n<\/div>\n<\/div>\n","protected":false},"excerpt":{"rendered":"<p>La bomba de vac\u00edo de pist\u00f3n H-150 es una soluci\u00f3n resistente y de alta eficiencia para aplicaciones industriales, que ofrece niveles de vac\u00edo profundos, rendimiento s\u00f3lido y durabilidad en diversos entornos.<\/p>\n","protected":false},"featured_media":8073,"template":"","meta":{"_acf_changed":false,"site-sidebar-layout":"default","site-content-layout":"","ast-site-content-layout":"default","site-content-style":"default","site-sidebar-style":"default","ast-global-header-display":"","ast-banner-title-visibility":"","ast-main-header-display":"","ast-hfb-above-header-display":"","ast-hfb-below-header-display":"","ast-hfb-mobile-header-display":"","site-post-title":"","ast-breadcrumbs-content":"","ast-featured-img":"","footer-sml-layout":"","ast-disable-related-posts":"","theme-transparent-header-meta":"default","adv-header-id-meta":"","stick-header-meta":"default","header-above-stick-meta":"","header-main-stick-meta":"","header-below-stick-meta":"","astra-migrate-meta-layouts":"set","ast-page-background-enabled":"default","ast-page-background-meta":{"desktop":{"background-color":"","background-image":"","background-repeat":"repeat","background-position":"center center","background-size":"auto","background-attachment":"scroll","background-type":"","background-media":"","overlay-type":"","overlay-color":"","overlay-opacity":"","overlay-gradient":""},"tablet":{"background-color":"","background-image":"","background-repeat":"repeat","background-position":"center center","background-size":"auto","background-attachment":"scroll","background-type":"","background-media":"","overlay-type":"","overlay-color":"","overlay-opacity":"","overlay-gradient":""},"mobile":{"background-color":"","background-image":"","background-repeat":"repeat","background-position":"center center","background-size":"auto","background-attachment":"scroll","background-type":"","background-media":"","overlay-type":"","overlay-color":"","overlay-opacity":"","overlay-gradient":""}},"ast-content-background-meta":{"desktop":{"background-color":"var(--ast-global-color-5)","background-image":"","background-repeat":"repeat","background-position":"center center","background-size":"auto","background-attachment":"scroll","background-type":"","background-media":"","overlay-type":"","overlay-color":"","overlay-opacity":"","overlay-gradient":""},"tablet":{"background-color":"var(--ast-global-color-5)","background-image":"","background-repeat":"repeat","background-position":"center center","background-size":"auto","background-attachment":"scroll","background-type":"","background-media":"","overlay-type":"","overlay-color":"","overlay-opacity":"","overlay-gradient":""},"mobile":{"background-color":"var(--ast-global-color-5)","background-image":"","background-repeat":"repeat","background-position":"center center","background-size":"auto","background-attachment":"scroll","background-type":"","background-media":"","overlay-type":"","overlay-color":"","overlay-opacity":"","overlay-gradient":""}}},"product_brand":[],"product_cat":[220],"product_tag":[],"class_list":{"0":"post-10137","1":"product","2":"type-product","3":"status-publish","4":"has-post-thumbnail","6":"product_cat-rotary-piston-vacuum-pump-es","7":"desktop-align-left","8":"tablet-align-left","9":"mobile-align-left","10":"ast-product-gallery-layout-horizontal","11":"ast-magnify-disabled","13":"first","14":"instock","15":"shipping-taxable","16":"product-type-simple"},"acf":[],"_links":{"self":[{"href":"https:\/\/www.nuoxutech.com\/es\/wp-json\/wp\/v2\/product\/10137","targetHints":{"allow":["GET"]}}],"collection":[{"href":"https:\/\/www.nuoxutech.com\/es\/wp-json\/wp\/v2\/product"}],"about":[{"href":"https:\/\/www.nuoxutech.com\/es\/wp-json\/wp\/v2\/types\/product"}],"version-history":[{"count":2,"href":"https:\/\/www.nuoxutech.com\/es\/wp-json\/wp\/v2\/product\/10137\/revisions"}],"predecessor-version":[{"id":10142,"href":"https:\/\/www.nuoxutech.com\/es\/wp-json\/wp\/v2\/product\/10137\/revisions\/10142"}],"wp:featuredmedia":[{"embeddable":true,"href":"https:\/\/www.nuoxutech.com\/es\/wp-json\/wp\/v2\/media\/8073"}],"wp:attachment":[{"href":"https:\/\/www.nuoxutech.com\/es\/wp-json\/wp\/v2\/media?parent=10137"}],"wp:term":[{"taxonomy":"product_brand","embeddable":true,"href":"https:\/\/www.nuoxutech.com\/es\/wp-json\/wp\/v2\/product_brand?post=10137"},{"taxonomy":"product_cat","embeddable":true,"href":"https:\/\/www.nuoxutech.com\/es\/wp-json\/wp\/v2\/product_cat?post=10137"},{"taxonomy":"product_tag","embeddable":true,"href":"https:\/\/www.nuoxutech.com\/es\/wp-json\/wp\/v2\/product_tag?post=10137"}],"curies":[{"name":"wp","href":"https:\/\/api.w.org\/{rel}","templated":true}]}}