{"id":10147,"date":"2024-08-30T14:26:05","date_gmt":"2024-08-30T06:26:05","guid":{"rendered":"https:\/\/www.nuoxutech.com\/maquina-de-limpieza-ultrasonica-de-un-solo-tanque\/"},"modified":"2025-05-07T11:21:02","modified_gmt":"2025-05-07T03:21:02","slug":"single-tank-ultrasonic-cleaning-machine","status":"publish","type":"product","link":"https:\/\/www.nuoxutech.com\/es\/single-tank-ultrasonic-cleaning-machine\/","title":{"rendered":"M\u00e1quina de limpieza ultras\u00f3nica de un solo tanque"},"content":{"rendered":"<h4>M\u00e1quina de limpieza ultras\u00f3nica de un solo tanque<\/h4>\n<p>La <strong>m\u00e1quina de limpieza ultras\u00f3nica de un solo tanque<\/strong> est\u00e1 dise\u00f1ada para ofrecer una limpieza potente y eficiente en un formato compacto y port\u00e1til. Esta m\u00e1quina es ideal para una amplia gama de aplicaciones, proporcionando una limpieza profunda y exhaustiva de diversos componentes mediante tecnolog\u00eda ultras\u00f3nica. El tama\u00f1o del tanque de limpieza se puede personalizar seg\u00fan las necesidades espec\u00edficas de producci\u00f3n y est\u00e1 disponible en modelos est\u00e1ndar y personalizados para satisfacer diversas necesidades.<\/p>\n<p><strong>Caracter\u00edsticas principales:<\/strong><\/p>\n<ul>\n<li><strong>Dise\u00f1o de tanque \u00fanico:<\/strong> compacto y m\u00f3vil, adecuado para una variedad de entornos.<\/li>\n<li><strong>Tama\u00f1o personalizable:<\/strong> el tama\u00f1o del tanque se puede ajustar para adaptarse a las necesidades espec\u00edficas del cliente.<\/li>\n<li><strong>F\u00e1cil mantenimiento:<\/strong> dise\u00f1ado para un mantenimiento conveniente para reducir el tiempo de inactividad.<\/li>\n<li><strong>Modelos disponibles:<\/strong> Modelos est\u00e1ndar y modelos personalizados disponibles para aplicaciones espec\u00edficas.<\/li>\n<\/ul>\n<p><strong>Proceso tecnol\u00f3gico:<\/strong><\/p>\n<ol>\n<li><strong>Cargar<\/strong><\/li>\n<li><strong>Limpieza ultras\u00f3nica<\/strong><\/li>\n<li><strong>Descargar<\/strong><\/li>\n<\/ol>\n<p><strong>Par\u00e1metros t\u00e9cnicos de la m\u00e1quina est\u00e1ndar:<\/strong><\/p>\n<table style=\"height: 319px;\" width=\"1759\">\n<thead>\n<tr>\n<th>Modelo<\/th>\n<th>Potencia ultras\u00f3nica<\/th>\n<th>Potencia de calefacci\u00f3n<\/th>\n<th>Frecuencia ultras\u00f3nica<\/th>\n<th>Tama\u00f1o del tanque interior (mm)<\/th>\n<th>Dimensiones exteriores (mm)<\/th>\n<\/tr>\n<\/thead>\n<tbody>\n<tr>\n<td>YX-1012BZC<\/td>\n<td>600W<\/td>\n<td>2000W<\/td>\n<td>25\/28KHz<\/td>\n<td>370 x 290 x 320<\/td>\n<td>560 x 480 x 550<\/td>\n<\/tr>\n<tr>\n<td>YX-1018BZC<\/td>\n<td>900W<\/td>\n<td>2000W<\/td>\n<td>25\/28KHz<\/td>\n<td>440 x 360 x 340<\/td>\n<td>630 x 550 x 570<\/td>\n<\/tr>\n<tr>\n<td>YX-102482C<\/td>\n<td>1200W<\/td>\n<td>4000W<\/td>\n<td>25\/28KHz<\/td>\n<td>550 x 400 x 360<\/td>\n<td>740 x 590 x 590<\/td>\n<\/tr>\n<tr>\n<td>YX-10308ZC<\/td>\n<td>1500W<\/td>\n<td>4000W<\/td>\n<td>25\/28KHz<\/td>\n<td>570 x 480 x 380<\/td>\n<td>760 x 670 x 610<\/td>\n<\/tr>\n<tr>\n<td>YX-1036BZC<\/td>\n<td>1800W<\/td>\n<td>6000W<\/td>\n<td>25\/28KHz<\/td>\n<td>600 x 530 x 400<\/td>\n<td>790 x 720 x 630<\/td>\n<\/tr>\n<\/tbody>\n<\/table>\n<p><strong>Aplicaciones:<\/strong> Esta m\u00e1quina de limpieza ultras\u00f3nica es adecuada para diversas industrias, entre ellas:<\/p>\n<ul>\n<li>Electr\u00f3nica<\/li>\n<li>dispositivos m\u00e9dicos<\/li>\n<li>Piezas de autom\u00f3vil<\/li>\n<li>Joyas y relojes<\/li>\n<li>Equipo de laboratorio<\/li>\n<\/ul>\n<h6><strong>\u00bfPor qu\u00e9 elegir nuestra m\u00e1quina de limpieza ultras\u00f3nica?<\/strong><\/h6>\n<ul>\n<li><strong>Rendimiento de limpieza superior: <\/strong>elimina eficazmente la suciedad, la grasa y los contaminantes.<\/li>\n<li><strong>Soluci\u00f3n rentable:<\/strong> Reduce el trabajo manual y el uso de productos qu\u00edmicos.<\/li>\n<li><strong>Opciones personalizables:<\/strong> Soluciones personalizadas para necesidades de limpieza espec\u00edficas.<\/li>\n<\/ul>\n<div dir=\"auto\"><img fetchpriority=\"high\" decoding=\"async\" class=\"alignnone wp-image-6932 size-full\" src=\"https:\/\/www.nuoxutech.com\/wp-content\/uploads\/2024\/08\/Ultrasonic-Cleaner3.jpg\" alt=\"M\u00e1quina de limpieza ultras\u00f3nica de un solo tanque\" width=\"1051\" height=\"1074\" title=\"\" srcset=\"https:\/\/www.nuoxutech.com\/wp-content\/uploads\/2024\/08\/Ultrasonic-Cleaner3.jpg 1051w, https:\/\/www.nuoxutech.com\/wp-content\/uploads\/2024\/08\/Ultrasonic-Cleaner3-294x300.jpg 294w, https:\/\/www.nuoxutech.com\/wp-content\/uploads\/2024\/08\/Ultrasonic-Cleaner3-1002x1024.jpg 1002w, https:\/\/www.nuoxutech.com\/wp-content\/uploads\/2024\/08\/Ultrasonic-Cleaner3-768x785.jpg 768w, https:\/\/www.nuoxutech.com\/wp-content\/uploads\/2024\/08\/Ultrasonic-Cleaner3-300x307.jpg 300w, https:\/\/www.nuoxutech.com\/wp-content\/uploads\/2024\/08\/Ultrasonic-Cleaner3-512x523.jpg 512w\" sizes=\"(max-width: 1051px) 100vw, 1051px\" \/><\/div>\n<div dir=\"auto\">\n<hr \/>\n<p>Para m\u00e1s informaci\u00f3n sobre la m\u00e1quina de <a href=\"https:\/\/www.nuoxutech.com\/single-tank-ultrasonic-cleaning-machine\/\">limpieza ultras\u00f3nica<\/a> de un solo tanque, contacte con NuoXuTech.<\/p>\n<\/div>\n<div dir=\"auto\"><strong>Correo:<span style=\"color: #3366ff;\"><a style=\"color: #3366ff;\" href=\"mailto:contact@nuoxutech.com\" target=\"_blank\" rel=\"nofollow noopener sponsored\">contact@nuoxutech.com<\/a><\/span><\/strong><\/div>\n<div dir=\"auto\"><strong>WhatsApp: <span style=\"color: #3366ff;\"><a style=\"color: #3366ff;\" href=\"https:\/\/wa.me\/message\/Z6LWLVZDXHWFD1\" target=\"_blank\" rel=\"nofollow noopener\">+86 13849062209<\/a><\/span><\/strong><\/div>\n<div dir=\"auto\">\n<div dir=\"auto\"><strong>Nuestro equipo est\u00e1 listo para brindarle servicio y soporte profesional.<\/strong><\/div>\n<div dir=\"auto\">\n<hr \/>\n<h4 class=\"wp-block-heading\">Palabras Clave<\/h4>\n<p>sistema de vac\u00edo, nuoxutech, bomba de vac\u00edo, sistema de vac\u00edo, m\u00e1quina de limpieza ultras\u00f3nica de tanque \u00fanico, limpiador ultras\u00f3nico, limpiador ultras\u00f3nico personalizado, m\u00e1quina de limpieza industrial, equipo de limpieza ultras\u00f3nica.<\/p>\n<\/div>\n<\/div>\n","protected":false},"excerpt":{"rendered":"<p>La m\u00e1quina de limpieza ultras\u00f3nica de un solo tanque ofrece una limpieza ultras\u00f3nica potente y eficiente en un dise\u00f1o compacto y port\u00e1til. Disponible en modelos est\u00e1ndar y personalizados para satisfacer diversas necesidades. Ideal para aplicaciones electr\u00f3nicas, automotrices y m\u00e9dicas.<\/p>\n","protected":false},"featured_media":8466,"template":"","meta":{"_acf_changed":false,"site-sidebar-layout":"default","site-content-layout":"","ast-site-content-layout":"default","site-content-style":"default","site-sidebar-style":"default","ast-global-header-display":"","ast-banner-title-visibility":"","ast-main-header-display":"","ast-hfb-above-header-display":"","ast-hfb-below-header-display":"","ast-hfb-mobile-header-display":"","site-post-title":"","ast-breadcrumbs-content":"","ast-featured-img":"","footer-sml-layout":"","ast-disable-related-posts":"","theme-transparent-header-meta":"default","adv-header-id-meta":"","stick-header-meta":"default","header-above-stick-meta":"","header-main-stick-meta":"","header-below-stick-meta":"","astra-migrate-meta-layouts":"set","ast-page-background-enabled":"default","ast-page-background-meta":{"desktop":{"background-color":"","background-image":"","background-repeat":"repeat","background-position":"center center","background-size":"auto","background-attachment":"scroll","background-type":"","background-media":"","overlay-type":"","overlay-color":"","overlay-opacity":"","overlay-gradient":""},"tablet":{"background-color":"","background-image":"","background-repeat":"repeat","background-position":"center center","background-size":"auto","background-attachment":"scroll","background-type":"","background-media":"","overlay-type":"","overlay-color":"","overlay-opacity":"","overlay-gradient":""},"mobile":{"background-color":"","background-image":"","background-repeat":"repeat","background-position":"center center","background-size":"auto","background-attachment":"scroll","background-type":"","background-media":"","overlay-type":"","overlay-color":"","overlay-opacity":"","overlay-gradient":""}},"ast-content-background-meta":{"desktop":{"background-color":"var(--ast-global-color-5)","background-image":"","background-repeat":"repeat","background-position":"center center","background-size":"auto","background-attachment":"scroll","background-type":"","background-media":"","overlay-type":"","overlay-color":"","overlay-opacity":"","overlay-gradient":""},"tablet":{"background-color":"var(--ast-global-color-5)","background-image":"","background-repeat":"repeat","background-position":"center center","background-size":"auto","background-attachment":"scroll","background-type":"","background-media":"","overlay-type":"","overlay-color":"","overlay-opacity":"","overlay-gradient":""},"mobile":{"background-color":"var(--ast-global-color-5)","background-image":"","background-repeat":"repeat","background-position":"center center","background-size":"auto","background-attachment":"scroll","background-type":"","background-media":"","overlay-type":"","overlay-color":"","overlay-opacity":"","overlay-gradient":""}}},"product_brand":[],"product_cat":[223],"product_tag":[],"class_list":{"0":"post-10147","1":"product","2":"type-product","3":"status-publish","4":"has-post-thumbnail","6":"product_cat-vacuum-valves-and-spare-parts-es","7":"desktop-align-left","8":"tablet-align-left","9":"mobile-align-left","10":"ast-product-gallery-layout-horizontal","11":"ast-magnify-disabled","13":"first","14":"instock","15":"shipping-taxable","16":"product-type-simple"},"acf":[],"_links":{"self":[{"href":"https:\/\/www.nuoxutech.com\/es\/wp-json\/wp\/v2\/product\/10147","targetHints":{"allow":["GET"]}}],"collection":[{"href":"https:\/\/www.nuoxutech.com\/es\/wp-json\/wp\/v2\/product"}],"about":[{"href":"https:\/\/www.nuoxutech.com\/es\/wp-json\/wp\/v2\/types\/product"}],"version-history":[{"count":2,"href":"https:\/\/www.nuoxutech.com\/es\/wp-json\/wp\/v2\/product\/10147\/revisions"}],"predecessor-version":[{"id":10155,"href":"https:\/\/www.nuoxutech.com\/es\/wp-json\/wp\/v2\/product\/10147\/revisions\/10155"}],"wp:featuredmedia":[{"embeddable":true,"href":"https:\/\/www.nuoxutech.com\/es\/wp-json\/wp\/v2\/media\/8466"}],"wp:attachment":[{"href":"https:\/\/www.nuoxutech.com\/es\/wp-json\/wp\/v2\/media?parent=10147"}],"wp:term":[{"taxonomy":"product_brand","embeddable":true,"href":"https:\/\/www.nuoxutech.com\/es\/wp-json\/wp\/v2\/product_brand?post=10147"},{"taxonomy":"product_cat","embeddable":true,"href":"https:\/\/www.nuoxutech.com\/es\/wp-json\/wp\/v2\/product_cat?post=10147"},{"taxonomy":"product_tag","embeddable":true,"href":"https:\/\/www.nuoxutech.com\/es\/wp-json\/wp\/v2\/product_tag?post=10147"}],"curies":[{"name":"wp","href":"https:\/\/api.w.org\/{rel}","templated":true}]}}