{"id":10159,"date":"2024-09-11T16:42:46","date_gmt":"2024-09-11T08:42:46","guid":{"rendered":"https:\/\/www.nuoxutech.com\/bomba-de-vacio-de-piston-2h-30\/"},"modified":"2025-05-07T12:01:35","modified_gmt":"2025-05-07T04:01:35","slug":"2h-30-piston-vacuum-pump","status":"publish","type":"product","link":"https:\/\/www.nuoxutech.com\/es\/2h-30-piston-vacuum-pump\/","title":{"rendered":"Bomba de Vac\u00edo de Pist\u00f3n 2H-30"},"content":{"rendered":"<p>La <strong>bomba de vac\u00edo de pist\u00f3n 2H-30 <\/strong>es una bomba de vac\u00edo de paletas deslizantes robusta y eficiente, dise\u00f1ada con una estructura de dos etapas (tipo 2H) para lograr un mayor nivel de vac\u00edo que las bombas de una sola etapa (tipo H). Esta bomba es capaz de eliminar eficazmente gases no corrosivos, lo que la hace vers\u00e1til para diversas aplicaciones industriales. Equipada con una v\u00e1lvula de lastre de gas, la 2H-30 tambi\u00e9n puede manejar peque\u00f1as cantidades de vapores condensables, como el vapor de agua.<\/p>\n<p>La bomba de pist\u00f3n 2H-30 es apta para uso independiente o como bomba auxiliar para equipos de alto vac\u00edo, como bombas de difusi\u00f3n de aceite, bombas de chorro de vapor de aceite y bombas de vac\u00edo Roots. Se utiliza ampliamente en industrias como recubrimiento al vac\u00edo, tratamiento t\u00e9rmico al vac\u00edo, sinterizaci\u00f3n al vac\u00edo, metalurgia al vac\u00edo, secado al vac\u00edo, destilaci\u00f3n molecular, electr\u00f3nica, energ\u00eda solar, aeroespacial y pruebas de simulaci\u00f3n espacial.<\/p>\n<p><strong>Caracter\u00edsticas principales:<\/strong><\/p>\n<ul>\n<li><strong>Dise\u00f1o de doble etapa:<\/strong> proporciona una presi\u00f3n m\u00e1xima m\u00e1s baja en comparaci\u00f3n con los modelos de una sola etapa, logrando niveles de vac\u00edo m\u00e1s altos.<\/li>\n<li><strong>Aplicaciones vers\u00e1tiles: <\/strong>Se puede utilizar sola o como bomba de respaldo para sistemas de alto vac\u00edo.<\/li>\n<li><strong>V\u00e1lvula de lastre de gas:<\/strong> capaz de manejar peque\u00f1as cantidades de vapores condensables, como vapor de agua.<\/li>\n<li><strong>Durable y confiable:<\/strong> construido con materiales de alta calidad para una larga vida \u00fatil y un rendimiento estable.<\/li>\n<li><strong>Enfriamiento eficiente:<\/strong> Equipado con un sistema de enfriamiento para mantener temperaturas \u00f3ptimas de funcionamiento.<\/li>\n<\/ul>\n<p><strong>Especificaciones t\u00e9cnicas:<\/strong><\/p>\n<table>\n<thead>\n<tr>\n<th>Parameter<\/th>\n<th>Value<\/th>\n<\/tr>\n<\/thead>\n<tbody>\n<tr>\n<td>Model<\/td>\n<td>2H-30G<\/td>\n<\/tr>\n<tr>\n<td>Ultimate Pressure (Pa)<\/td>\n<td>0.6 Pa<\/td>\n<\/tr>\n<tr>\n<td>Ultimate Pressure (Torr)<\/td>\n<td>4.5 x 10&lt;sup&gt;-3&lt;\/sup&gt; Torr<\/td>\n<\/tr>\n<tr>\n<td>Pumping Speed<\/td>\n<td>30 L\/S<\/td>\n<\/tr>\n<tr>\n<td>Inlet Diameter<\/td>\n<td>63 mm<\/td>\n<\/tr>\n<tr>\n<td>Outlet Diameter<\/td>\n<td>50 mm<\/td>\n<\/tr>\n<tr>\n<td>Motor Power<\/td>\n<td>4 kW<\/td>\n<\/tr>\n<tr>\n<td>Cooling Water Flow<\/td>\n<td>100 L\/h<\/td>\n<\/tr>\n<tr>\n<td>Weight<\/td>\n<td>320 kg<\/td>\n<\/tr>\n<\/tbody>\n<\/table>\n<p><strong>Aplicaciones:<\/strong> La bomba de pist\u00f3n 2H-30 es ideal para diversas aplicaciones industriales, que incluyen:<\/p>\n<ul>\n<li><strong>Recubrimiento al vac\u00edo<\/strong><\/li>\n<li><strong>Tratamiento t\u00e9rmico al vac\u00edo<\/strong><\/li>\n<li><strong>Sinterizaci\u00f3n al vac\u00edo<\/strong><\/li>\n<li><strong>Metalurgia al vac\u00edo<\/strong><\/li>\n<li><strong>Secado al vac\u00edo<\/strong><\/li>\n<li><strong>Destilaci\u00f3n molecular<\/strong><\/li>\n<li><strong>Producci\u00f3n de electr\u00f3nica y energ\u00eda solar<\/strong><\/li>\n<li><strong>Pruebas de simulaci\u00f3n aeroespacial y espacial<\/strong><\/li>\n<\/ul>\n<h4><strong>\u00bfPor qu\u00e9 elegir la bomba de vac\u00edo de pist\u00f3n 2H-30?<\/strong><\/h4>\n<ul>\n<li><strong>Alta capacidad de vac\u00edo:<\/strong> logra niveles de vac\u00edo m\u00e1s altos con su dise\u00f1o de doble etapa.<\/li>\n<li><strong>Uso flexible: <\/strong>adecuado para diferentes configuraciones y puede funcionar con otros sistemas de alto vac\u00edo.<\/li>\n<li><strong>Rendimiento confiable: <\/strong>la construcci\u00f3n duradera garantiza un rendimiento constante en condiciones exigentes.<\/li>\n<li><strong>Eficiencia energ\u00e9tica: <\/strong>optimizado para un bajo consumo de energ\u00eda y costos operativos reducidos.<\/li>\n<\/ul>\n<p><img fetchpriority=\"high\" decoding=\"async\" class=\"alignnone wp-image-6959 size-full\" src=\"https:\/\/www.nuoxutech.com\/wp-content\/uploads\/2024\/09\/2h-30piston2.jpg\" alt=\"Bomba de Vac\u00edo de Pist\u00f3n 2H-30\" width=\"800\" height=\"800\" title=\"\" srcset=\"https:\/\/www.nuoxutech.com\/wp-content\/uploads\/2024\/09\/2h-30piston2.jpg 800w, https:\/\/www.nuoxutech.com\/wp-content\/uploads\/2024\/09\/2h-30piston2-300x300.jpg 300w, https:\/\/www.nuoxutech.com\/wp-content\/uploads\/2024\/09\/2h-30piston2-150x150.jpg 150w, https:\/\/www.nuoxutech.com\/wp-content\/uploads\/2024\/09\/2h-30piston2-768x768.jpg 768w, https:\/\/www.nuoxutech.com\/wp-content\/uploads\/2024\/09\/2h-30piston2-512x512.jpg 512w, https:\/\/www.nuoxutech.com\/wp-content\/uploads\/2024\/09\/2h-30piston2-100x100.jpg 100w\" sizes=\"(max-width: 800px) 100vw, 800px\" \/><\/p>\n<div dir=\"auto\">\n<hr \/>\n<p><strong>Para obtener m\u00e1s informaci\u00f3n sobre la bomba de vac\u00edo de pist\u00f3n <a href=\"https:\/\/www.nuoxutech.com\/2h-30-piston-vacuum-pump\/\" rel=\"sponsored\">2H-30<\/a>, comun\u00edquese con Nuoxutech<\/strong><\/p>\n<\/div>\n<div dir=\"auto\"><strong>Correo:<span style=\"color: #3366ff;\"><a style=\"color: #3366ff;\" href=\"mailto:contact@nuoxutech.com\">contact@nuoxutech.com<\/a><\/span><\/strong><\/div>\n<div dir=\"auto\"><strong>WhatsApp: <span style=\"color: #3366ff;\"><a style=\"color: #3366ff;\" href=\"https:\/\/wa.me\/8613849062209\" rel=\"nofollow noopener\" target=\"_blank\">+86 13849062209<\/a><\/span><\/strong><\/div>\n<div dir=\"auto\">\n<div dir=\"auto\"><strong>Nuestro equipo est\u00e1 listo para brindarle servicio y soporte profesional.<\/strong><\/div>\n<div dir=\"auto\">\n<hr \/>\n<h4 class=\"wp-block-heading\">Palabras Clave<\/h4>\n<p>sistema de vac\u00edo, nuoxutech, bomba de vac\u00edo, sistema de vac\u00edo, bomba de vac\u00edo de pist\u00f3n 2H-30, bomba de vac\u00edo de doble etapa, bomba de vac\u00edo industrial, bomba de alto vac\u00edo, bomba de vac\u00edo de paletas deslizantes<span class=\"HwtZe\" lang=\"es\"><span class=\"jCAhz ChMk0b\"><span class=\"ryNqvb\">, Bomba de vac\u00edo reciprocante con alta eficiencia de vac\u00edo y sellado con aceite, Bomba de vac\u00edo de pist\u00f3n de alta resistencia para secado, envasado y destilaci\u00f3n al vac\u00edo.<\/span><\/span><\/span><\/p>\n<\/div>\n<\/div>\n","protected":false},"excerpt":{"rendered":"<p>La bomba de vac\u00edo de pist\u00f3n 2H-30 es una bomba de vac\u00edo de doble etapa dise\u00f1ada para aplicaciones de alto rendimiento. Ofrece una generaci\u00f3n de vac\u00edo eficiente y fiable para industrias como el recubrimiento al vac\u00edo, el tratamiento t\u00e9rmico y la industria aeroespacial.<\/p>\n","protected":false},"featured_media":8487,"template":"","meta":{"_acf_changed":false,"site-sidebar-layout":"default","site-content-layout":"","ast-site-content-layout":"default","site-content-style":"default","site-sidebar-style":"default","ast-global-header-display":"","ast-banner-title-visibility":"","ast-main-header-display":"","ast-hfb-above-header-display":"","ast-hfb-below-header-display":"","ast-hfb-mobile-header-display":"","site-post-title":"","ast-breadcrumbs-content":"","ast-featured-img":"","footer-sml-layout":"","ast-disable-related-posts":"","theme-transparent-header-meta":"default","adv-header-id-meta":"","stick-header-meta":"default","header-above-stick-meta":"","header-main-stick-meta":"","header-below-stick-meta":"","astra-migrate-meta-layouts":"set","ast-page-background-enabled":"default","ast-page-background-meta":{"desktop":{"background-color":"","background-image":"","background-repeat":"repeat","background-position":"center center","background-size":"auto","background-attachment":"scroll","background-type":"","background-media":"","overlay-type":"","overlay-color":"","overlay-opacity":"","overlay-gradient":""},"tablet":{"background-color":"","background-image":"","background-repeat":"repeat","background-position":"center center","background-size":"auto","background-attachment":"scroll","background-type":"","background-media":"","overlay-type":"","overlay-color":"","overlay-opacity":"","overlay-gradient":""},"mobile":{"background-color":"","background-image":"","background-repeat":"repeat","background-position":"center center","background-size":"auto","background-attachment":"scroll","background-type":"","background-media":"","overlay-type":"","overlay-color":"","overlay-opacity":"","overlay-gradient":""}},"ast-content-background-meta":{"desktop":{"background-color":"var(--ast-global-color-5)","background-image":"","background-repeat":"repeat","background-position":"center center","background-size":"auto","background-attachment":"scroll","background-type":"","background-media":"","overlay-type":"","overlay-color":"","overlay-opacity":"","overlay-gradient":""},"tablet":{"background-color":"var(--ast-global-color-5)","background-image":"","background-repeat":"repeat","background-position":"center center","background-size":"auto","background-attachment":"scroll","background-type":"","background-media":"","overlay-type":"","overlay-color":"","overlay-opacity":"","overlay-gradient":""},"mobile":{"background-color":"var(--ast-global-color-5)","background-image":"","background-repeat":"repeat","background-position":"center center","background-size":"auto","background-attachment":"scroll","background-type":"","background-media":"","overlay-type":"","overlay-color":"","overlay-opacity":"","overlay-gradient":""}}},"product_brand":[],"product_cat":[220],"product_tag":[],"class_list":{"0":"post-10159","1":"product","2":"type-product","3":"status-publish","4":"has-post-thumbnail","6":"product_cat-rotary-piston-vacuum-pump-es","7":"desktop-align-left","8":"tablet-align-left","9":"mobile-align-left","10":"ast-product-gallery-layout-horizontal","11":"ast-magnify-disabled","13":"first","14":"instock","15":"shipping-taxable","16":"product-type-simple"},"acf":[],"_links":{"self":[{"href":"https:\/\/www.nuoxutech.com\/es\/wp-json\/wp\/v2\/product\/10159","targetHints":{"allow":["GET"]}}],"collection":[{"href":"https:\/\/www.nuoxutech.com\/es\/wp-json\/wp\/v2\/product"}],"about":[{"href":"https:\/\/www.nuoxutech.com\/es\/wp-json\/wp\/v2\/types\/product"}],"version-history":[{"count":3,"href":"https:\/\/www.nuoxutech.com\/es\/wp-json\/wp\/v2\/product\/10159\/revisions"}],"predecessor-version":[{"id":10166,"href":"https:\/\/www.nuoxutech.com\/es\/wp-json\/wp\/v2\/product\/10159\/revisions\/10166"}],"wp:featuredmedia":[{"embeddable":true,"href":"https:\/\/www.nuoxutech.com\/es\/wp-json\/wp\/v2\/media\/8487"}],"wp:attachment":[{"href":"https:\/\/www.nuoxutech.com\/es\/wp-json\/wp\/v2\/media?parent=10159"}],"wp:term":[{"taxonomy":"product_brand","embeddable":true,"href":"https:\/\/www.nuoxutech.com\/es\/wp-json\/wp\/v2\/product_brand?post=10159"},{"taxonomy":"product_cat","embeddable":true,"href":"https:\/\/www.nuoxutech.com\/es\/wp-json\/wp\/v2\/product_cat?post=10159"},{"taxonomy":"product_tag","embeddable":true,"href":"https:\/\/www.nuoxutech.com\/es\/wp-json\/wp\/v2\/product_tag?post=10159"}],"curies":[{"name":"wp","href":"https:\/\/api.w.org\/{rel}","templated":true}]}}