{"id":10259,"date":"2024-07-11T15:25:23","date_gmt":"2024-07-11T07:25:23","guid":{"rendered":"https:\/\/www.nuoxutech.com\/valvula-de-bola-de-presion-de-vacio-neumatica-guq-a\/"},"modified":"2025-05-09T15:03:37","modified_gmt":"2025-05-09T07:03:37","slug":"guq-a-pneumatic-vacuum-pressure-ball-valve","status":"publish","type":"product","link":"https:\/\/www.nuoxutech.com\/es\/guq-a-pneumatic-vacuum-pressure-ball-valve\/","title":{"rendered":"V\u00e1lvula de bola de presi\u00f3n de vac\u00edo neum\u00e1tica GUQ-A"},"content":{"rendered":"<h4>V\u00e1lvula de bola de presi\u00f3n de vac\u00edo neum\u00e1tica GUQ-A<\/h4>\n<p><strong>Nombre del producto:<\/strong> V\u00e1lvula de bola de presi\u00f3n de vac\u00edo neum\u00e1tica serie GUQ-A<br \/>\n<strong>Categor\u00eda: <\/strong>V\u00e1lvula de bola de alto vac\u00edo<\/p>\n<p>La v\u00e1lvula de bola neum\u00e1tica de vac\u00edo serie GUQ-A est\u00e1 dise\u00f1ada para regular el flujo de gases y l\u00edquidos en sistemas de vac\u00edo. Esta v\u00e1lvula funciona con aire comprimido, utilizando componentes neum\u00e1ticos para dirigir el flujo de aire, lo que a su vez impulsa el movimiento mec\u00e1nico de pistones, cremalleras y engranajes. Este mecanismo produce un par angular que facilita la apertura y el cierre de la v\u00e1lvula de bola. Su dise\u00f1o de paso recto y el sellado de la superficie de la bola permiten su uso tanto en entornos de vac\u00edo como de baja presi\u00f3n, y puede instalarse en cualquier orientaci\u00f3n.<\/p>\n<p><img fetchpriority=\"high\" decoding=\"async\" class=\"alignnone wp-image-6613 size-full\" src=\"https:\/\/www.nuoxutech.com\/wp-content\/uploads\/2024\/07\/ALL-e1727261163701.jpg\" alt=\"V\u00e1lvula de bola de presi\u00f3n de vac\u00edo neum\u00e1tica GUQ-A\" width=\"400\" height=\"600\" title=\"\"><\/p>\n<h3>Caracter\u00edsticas principales:<\/h3>\n<ol>\n<li><strong>Operaci\u00f3n neum\u00e1tica:<\/strong> utiliza aire comprimido para el accionamiento, lo que permite un control preciso sobre el funcionamiento de la v\u00e1lvula.<\/li>\n<li><strong>Cilindros de acci\u00f3n simple y doble:<\/strong> disponibles en configuraciones de acci\u00f3n simple y doble (retorno por resorte) para aplicaciones vers\u00e1tiles.<\/li>\n<li><strong>Retroalimentaci\u00f3n y posicionamiento:<\/strong> dispositivos de se\u00f1al de retroalimentaci\u00f3n opcionales y posicionadores de v\u00e1lvulas el\u00e9ctricas para un mejor control y monitoreo.<\/li>\n<li><strong>Sellado robusto: <\/strong>el sellado de la superficie de la bola garantiza un rendimiento confiable en condiciones de vac\u00edo y baja presi\u00f3n.<\/li>\n<li><strong>Instalaci\u00f3n vers\u00e1til:<\/strong> se puede instalar en cualquier orientaci\u00f3n para adaptarse a diversos dise\u00f1os de sistemas.<\/li>\n<\/ol>\n<h3>Aplicaciones:<\/h3>\n<ul>\n<li>Sistemas de vac\u00edo industriales<\/li>\n<li>Procesamiento qu\u00edmico<\/li>\n<li>Fabricaci\u00f3n farmac\u00e9utica<\/li>\n<li>Producci\u00f3n de semiconductores<\/li>\n<li>Cualquier aplicaci\u00f3n que requiera un control preciso del flujo de gases o l\u00edquidos corrosivos.<\/li>\n<\/ul>\n<h3>Especificaciones t\u00e9cnicas:<\/h3>\n<ul>\n<li><strong>Funcionamiento: <\/strong>Actuaci\u00f3n neum\u00e1tica con transmisi\u00f3n mec\u00e1nica.<\/li>\n<li><strong>Tipo de sellado: <\/strong>Sellado de superficie de bola<\/li>\n<li><strong>Medio de trabajo:<\/strong> Gases o l\u00edquidos \u00e1cidos y alcalinos.<\/li>\n<li><strong>Tipos de cilindros:<\/strong> de doble efecto y de simple efecto (retorno por resorte)<\/li>\n<\/ul>\n<h3>Ventajas:<\/h3>\n<ul>\n<li><strong>Rendimiento confiable:<\/strong> el accionamiento neum\u00e1tico garantiza un funcionamiento confiable y repetible.<\/li>\n<li><strong>Control flexible:<\/strong> Los dispositivos de retroalimentaci\u00f3n y posicionamiento opcionales permiten una integraci\u00f3n sofisticada del sistema.<\/li>\n<li><strong>Dise\u00f1o duradero: <\/strong>construido para soportar entornos corrosivos y mantener la integridad durante el uso a largo plazo.<\/li>\n<li><strong>F\u00e1cil instalaci\u00f3n: <\/strong>Compatible con varias orientaciones de instalaci\u00f3n para un dise\u00f1o de sistema flexible.<\/li>\n<\/ul>\n<div dir=\"auto\">\n<hr \/>\n<p>Para obtener m\u00e1s informaci\u00f3n sobre la v\u00e1lvula de bola de presi\u00f3n de vac\u00edo neum\u00e1tica <a href=\"https:\/\/www.nuoxutech.com\/guq-a-pneumatic-vacuum-pressure-ball-valve\/\" rel=\"nofollow sponsored\">GUQ-A<\/a>, comun\u00edquese con NuoXuTech<\/p>\n<\/div>\n<div dir=\"auto\"><strong>Correo:<span style=\"color: #3366ff;\"><a style=\"color: #3366ff;\" href=\"mailto:contact@nuoxutech.com\" target=\"_blank\" rel=\"nofollow noopener sponsored\">contact@nuoxutech.com<\/a><\/span><\/strong><\/div>\n<div dir=\"auto\"><strong>WhatsApp: <span style=\"color: #3366ff;\"><a style=\"color: #3366ff;\" href=\"https:\/\/wa.me\/message\/Z6LWLVZDXHWFD1\" target=\"_blank\" rel=\"nofollow noopener\">+86 13849062209<\/a><\/span><\/strong><\/div>\n<div dir=\"auto\">\n<div dir=\"auto\"><strong>Nuestro equipo est\u00e1 listo para brindarle servicio y soporte profesional.<\/strong><\/div>\n<div dir=\"auto\">\n<hr \/>\n<h4 class=\"wp-block-heading\">Palabras Clave<\/h4>\n<p>sistema de vac\u00edo, nuoxutech, bomba de vac\u00edo, VacuumSystem<span class=\"HwtZe\" lang=\"es\"><span class=\"jCAhz ChMk0b\"><span class=\"ryNqvb\">, v\u00e1lvula de bola de vac\u00edo neum\u00e1tica, v\u00e1lvula de bola de vac\u00edo neum\u00e1tica, v\u00e1lvula de bola de vac\u00edo GUQ-A para sistemas de vac\u00edo automatizados, v\u00e1lvula de bola de vac\u00edo neum\u00e1tica fabricada en China con sellado herm\u00e9tico<\/span><\/span><\/span>.<\/p>\n<\/div>\n<\/div>\n","protected":false},"excerpt":{"rendered":"<p>La v\u00e1lvula de bola neum\u00e1tica de vac\u00edo serie GUQ-A de NuoXuTech es ideal para regular el flujo de aire y gases o l\u00edquidos corrosivos en sistemas de vac\u00edo. Impulsada por aire comprimido, esta v\u00e1lvula ofrece un accionamiento neum\u00e1tico preciso, un sellado robusto de la superficie de la bola y vers\u00e1tiles opciones de instalaci\u00f3n. Con configuraciones para cilindros de doble y simple efecto, as\u00ed como dispositivos de retroalimentaci\u00f3n y posicionamiento opcionales, garantiza un rendimiento fiable en aplicaciones industriales exigentes.<\/p>\n<div class=\"notranslate\" style=\"all: initial;\"><\/div>\n","protected":false},"featured_media":8301,"template":"","meta":{"_acf_changed":false,"site-sidebar-layout":"default","site-content-layout":"","ast-site-content-layout":"default","site-content-style":"default","site-sidebar-style":"default","ast-global-header-display":"","ast-banner-title-visibility":"","ast-main-header-display":"","ast-hfb-above-header-display":"","ast-hfb-below-header-display":"","ast-hfb-mobile-header-display":"","site-post-title":"","ast-breadcrumbs-content":"","ast-featured-img":"","footer-sml-layout":"","ast-disable-related-posts":"","theme-transparent-header-meta":"default","adv-header-id-meta":"","stick-header-meta":"default","header-above-stick-meta":"","header-main-stick-meta":"","header-below-stick-meta":"","astra-migrate-meta-layouts":"set","ast-page-background-enabled":"default","ast-page-background-meta":{"desktop":{"background-color":"","background-image":"","background-repeat":"repeat","background-position":"center center","background-size":"auto","background-attachment":"scroll","background-type":"","background-media":"","overlay-type":"","overlay-color":"","overlay-opacity":"","overlay-gradient":""},"tablet":{"background-color":"","background-image":"","background-repeat":"repeat","background-position":"center center","background-size":"auto","background-attachment":"scroll","background-type":"","background-media":"","overlay-type":"","overlay-color":"","overlay-opacity":"","overlay-gradient":""},"mobile":{"background-color":"","background-image":"","background-repeat":"repeat","background-position":"center center","background-size":"auto","background-attachment":"scroll","background-type":"","background-media":"","overlay-type":"","overlay-color":"","overlay-opacity":"","overlay-gradient":""}},"ast-content-background-meta":{"desktop":{"background-color":"var(--ast-global-color-5)","background-image":"","background-repeat":"repeat","background-position":"center center","background-size":"auto","background-attachment":"scroll","background-type":"","background-media":"","overlay-type":"","overlay-color":"","overlay-opacity":"","overlay-gradient":""},"tablet":{"background-color":"var(--ast-global-color-5)","background-image":"","background-repeat":"repeat","background-position":"center center","background-size":"auto","background-attachment":"scroll","background-type":"","background-media":"","overlay-type":"","overlay-color":"","overlay-opacity":"","overlay-gradient":""},"mobile":{"background-color":"var(--ast-global-color-5)","background-image":"","background-repeat":"repeat","background-position":"center center","background-size":"auto","background-attachment":"scroll","background-type":"","background-media":"","overlay-type":"","overlay-color":"","overlay-opacity":"","overlay-gradient":""}}},"product_brand":[],"product_cat":[223],"product_tag":[271],"class_list":{"0":"post-10259","1":"product","2":"type-product","3":"status-publish","4":"has-post-thumbnail","6":"product_cat-vacuum-valves-and-spare-parts-es","7":"product_tag-ball-valve-es","8":"desktop-align-left","9":"tablet-align-left","10":"mobile-align-left","11":"ast-product-gallery-layout-horizontal","12":"ast-magnify-disabled","14":"first","15":"instock","16":"shipping-taxable","17":"product-type-simple"},"acf":[],"_links":{"self":[{"href":"https:\/\/www.nuoxutech.com\/es\/wp-json\/wp\/v2\/product\/10259","targetHints":{"allow":["GET"]}}],"collection":[{"href":"https:\/\/www.nuoxutech.com\/es\/wp-json\/wp\/v2\/product"}],"about":[{"href":"https:\/\/www.nuoxutech.com\/es\/wp-json\/wp\/v2\/types\/product"}],"version-history":[{"count":2,"href":"https:\/\/www.nuoxutech.com\/es\/wp-json\/wp\/v2\/product\/10259\/revisions"}],"predecessor-version":[{"id":10261,"href":"https:\/\/www.nuoxutech.com\/es\/wp-json\/wp\/v2\/product\/10259\/revisions\/10261"}],"wp:featuredmedia":[{"embeddable":true,"href":"https:\/\/www.nuoxutech.com\/es\/wp-json\/wp\/v2\/media\/8301"}],"wp:attachment":[{"href":"https:\/\/www.nuoxutech.com\/es\/wp-json\/wp\/v2\/media?parent=10259"}],"wp:term":[{"taxonomy":"product_brand","embeddable":true,"href":"https:\/\/www.nuoxutech.com\/es\/wp-json\/wp\/v2\/product_brand?post=10259"},{"taxonomy":"product_cat","embeddable":true,"href":"https:\/\/www.nuoxutech.com\/es\/wp-json\/wp\/v2\/product_cat?post=10259"},{"taxonomy":"product_tag","embeddable":true,"href":"https:\/\/www.nuoxutech.com\/es\/wp-json\/wp\/v2\/product_tag?post=10259"}],"curies":[{"name":"wp","href":"https:\/\/api.w.org\/{rel}","templated":true}]}}