{"id":10284,"date":"2024-07-11T11:26:23","date_gmt":"2024-07-11T03:26:23","guid":{"rendered":"https:\/\/www.nuoxutech.com\/valvula-de-aleta-electromagnetica-de-alto-vacio-para-mochila-gdc\/"},"modified":"2025-05-12T11:12:04","modified_gmt":"2025-05-12T03:12:04","slug":"gdc-high-vacuum-flap-valve","status":"publish","type":"product","link":"https:\/\/www.nuoxutech.com\/es\/gdc-high-vacuum-flap-valve\/","title":{"rendered":"V\u00e1lvula de aleta electromagn\u00e9tica de alto vac\u00edo para mochila GDC"},"content":{"rendered":"<h4>V\u00e1lvula de aleta electromagn\u00e9tica de alto vac\u00edo para mochila GDC<\/h4>\n<p><strong>Nombre del producto: <\/strong>V\u00e1lvula de aleta electromagn\u00e9tica de alto vac\u00edo tipo mochila serie GDC<br \/>\n<strong>Categor\u00eda: <\/strong>V\u00e1lvula de compuerta de alto vac\u00edo<\/p>\n<p>La v\u00e1lvula electromagn\u00e9tica de mochila para alto vac\u00edo serie GDC es un dispositivo de accionamiento electromagn\u00e9tico dise\u00f1ado para abrir y cerrar tuber\u00edas de vac\u00edo. Sirve como v\u00e1lvula de cierre de vac\u00edo o v\u00e1lvula de inflado en sistemas de vac\u00edo. Esta v\u00e1lvula es apta para aire y gases no corrosivos.<\/p>\n<p><img fetchpriority=\"high\" decoding=\"async\" class=\"alignnone wp-image-6613 size-full\" src=\"https:\/\/www.nuoxutech.com\/wp-content\/uploads\/2024\/07\/ALL-e1727261163701.jpg\" alt=\"V\u00e1lvula de aleta electromagn\u00e9tica de alto vac\u00edo para mochila GDC\" width=\"400\" height=\"600\" title=\"\"><\/p>\n<h3>Caracter\u00edsticas principales:<\/h3>\n<ol>\n<li><strong>Electromagnetic Operation:<\/strong> Efficient and reliable electromagnetic drive for valve actuation.<\/li>\n<li><strong>Alto rendimiento de sellado:<\/strong> garantiza un excelente sellado en entornos de alto vac\u00edo.<\/li>\n<li><strong>Dise\u00f1o compacto y duradero: <\/strong>tama\u00f1o reducido y construcci\u00f3n robusta para un rendimiento duradero.<\/li>\n<li><strong>Aplicaci\u00f3n vers\u00e1til: <\/strong>Adecuado tanto para el cierre de vac\u00edo como para el control de entrada de gas.<\/li>\n<li><strong>Facilidad de integraci\u00f3n: <\/strong>compatible con varias configuraciones de sistemas de vac\u00edo.<\/li>\n<\/ol>\n<h3>Aplicaciones:<\/h3>\n<ul>\n<li>Cierre por vac\u00edo en sistemas de vac\u00edo<\/li>\n<li>Entrada controlada de gas en tuber\u00edas de vac\u00edo<\/li>\n<li>Procesos de vac\u00edo industriales<\/li>\n<li>Laboratorios de investigaci\u00f3n<\/li>\n<li>Fabricaci\u00f3n de semiconductores<\/li>\n<\/ul>\n<h3>Especificaciones t\u00e9cnicas:<\/h3>\n<ul>\n<li><strong>Funcionamiento: <\/strong>Accionamiento electromagn\u00e9tico<\/li>\n<li><strong>Movimiento:<\/strong> Apertura y cierre r\u00e1pidos y eficientes.<\/li>\n<li><strong>Tipo de sellado:<\/strong> Sellado de alto rendimiento para entornos de vac\u00edo<\/li>\n<li><strong>Medio de trabajo:<\/strong> Aire y gases no corrosivos.<\/li>\n<li><strong>Instalaci\u00f3n:<\/strong> Adecuado para diversas configuraciones de sistemas de vac\u00edo.<\/li>\n<\/ul>\n<h3>Ventajas:<\/h3>\n<ul>\n<li><strong>Respuesta r\u00e1pida: <\/strong>El accionamiento electromagn\u00e9tico garantiza un funcionamiento r\u00e1pido de la v\u00e1lvula.<\/li>\n<li><strong>Alta confiabilidad: <\/strong>Dise\u00f1o robusto para un rendimiento consistente y confiable.<\/li>\n<li><strong>Dise\u00f1o compacto:<\/strong> f\u00e1cil de integrar en sistemas existentes.<\/li>\n<li><strong>Uso vers\u00e1til:<\/strong> funciona como v\u00e1lvula de cierre y como v\u00e1lvula de inflado.<\/li>\n<\/ul>\n<div dir=\"auto\">\n<hr \/>\n<p>Para obtener m\u00e1s informaci\u00f3n sobre la v\u00e1lvula de aleta electromagn\u00e9tica de alto vac\u00edo para mochila <a href=\"https:\/\/www.nuoxutech.com\/gdc-high-vacuum-flap-valve\/\" rel=\"nofollow sponsored\">GDC<\/a>, comun\u00edquese con NuoXuTech<\/p>\n<\/div>\n<div dir=\"auto\"><strong>Correo:<span style=\"color: #3366ff;\"><a style=\"color: #3366ff;\" href=\"mailto:contact@nuoxutech.com\" target=\"_blank\" rel=\"nofollow noopener sponsored\">contact@nuoxutech.com<\/a><\/span><\/strong><\/div>\n<div dir=\"auto\"><strong>WhatsApp: <span style=\"color: #3366ff;\"><a style=\"color: #3366ff;\" href=\"https:\/\/wa.me\/message\/Z6LWLVZDXHWFD1\" target=\"_blank\" rel=\"nofollow noopener\">+86 13849062209<\/a><\/span><\/strong><\/div>\n<div dir=\"auto\">\n<div dir=\"auto\"><strong>Nuestro equipo est\u00e1 listo para brindarle servicio y soporte profesional.<\/strong><\/div>\n<div dir=\"auto\">\n<hr \/>\n<h4 class=\"wp-block-heading\">Palabras Clave<\/h4>\n<p>sistema de vac\u00edo, nuoxutech, bomba de vac\u00edo, VacuumSystem<span class=\"HwtZe\" lang=\"es\"><span class=\"jCAhz ChMk0b\"><span class=\"ryNqvb\">, v\u00e1lvula de cierre de vac\u00edo electromagn\u00e9tica, v\u00e1lvula de vac\u00edo electromagn\u00e9tica de fabricaci\u00f3n china para sistemas de aislamiento de alto vac\u00edo, v\u00e1lvula de cierre de vac\u00edo electromagn\u00e9tica industrial para sistemas de recubrimiento y prueba de vac\u00edo.<\/span><\/span><\/span><\/p>\n<\/div>\n<\/div>\n","protected":false},"excerpt":{"rendered":"<p>La v\u00e1lvula electromagn\u00e9tica de solapa de alto vac\u00edo tipo mochila serie GDC de NuoXuTech es una soluci\u00f3n de ingenier\u00eda de precisi\u00f3n para sistemas de vac\u00edo. Con un eficiente accionamiento electromagn\u00e9tico, esta v\u00e1lvula proporciona un funcionamiento r\u00e1pido y fiable, lo que la hace ideal para aplicaciones de cierre de vac\u00edo y entrada controlada de gas. Su dise\u00f1o compacto y robusto garantiza un rendimiento duradero, lo que la hace ideal para procesos de vac\u00edo industriales y laboratorios de investigaci\u00f3n.<\/p>\n<p>teor\u00edas y fabricaci\u00f3n de semiconductores.<\/p>\n","protected":false},"featured_media":8283,"template":"","meta":{"_acf_changed":false,"site-sidebar-layout":"default","site-content-layout":"","ast-site-content-layout":"default","site-content-style":"default","site-sidebar-style":"default","ast-global-header-display":"","ast-banner-title-visibility":"","ast-main-header-display":"","ast-hfb-above-header-display":"","ast-hfb-below-header-display":"","ast-hfb-mobile-header-display":"","site-post-title":"","ast-breadcrumbs-content":"","ast-featured-img":"","footer-sml-layout":"","ast-disable-related-posts":"","theme-transparent-header-meta":"default","adv-header-id-meta":"","stick-header-meta":"default","header-above-stick-meta":"","header-main-stick-meta":"","header-below-stick-meta":"","astra-migrate-meta-layouts":"set","ast-page-background-enabled":"default","ast-page-background-meta":{"desktop":{"background-color":"","background-image":"","background-repeat":"repeat","background-position":"center center","background-size":"auto","background-attachment":"scroll","background-type":"","background-media":"","overlay-type":"","overlay-color":"","overlay-opacity":"","overlay-gradient":""},"tablet":{"background-color":"","background-image":"","background-repeat":"repeat","background-position":"center center","background-size":"auto","background-attachment":"scroll","background-type":"","background-media":"","overlay-type":"","overlay-color":"","overlay-opacity":"","overlay-gradient":""},"mobile":{"background-color":"","background-image":"","background-repeat":"repeat","background-position":"center center","background-size":"auto","background-attachment":"scroll","background-type":"","background-media":"","overlay-type":"","overlay-color":"","overlay-opacity":"","overlay-gradient":""}},"ast-content-background-meta":{"desktop":{"background-color":"var(--ast-global-color-5)","background-image":"","background-repeat":"repeat","background-position":"center center","background-size":"auto","background-attachment":"scroll","background-type":"","background-media":"","overlay-type":"","overlay-color":"","overlay-opacity":"","overlay-gradient":""},"tablet":{"background-color":"var(--ast-global-color-5)","background-image":"","background-repeat":"repeat","background-position":"center center","background-size":"auto","background-attachment":"scroll","background-type":"","background-media":"","overlay-type":"","overlay-color":"","overlay-opacity":"","overlay-gradient":""},"mobile":{"background-color":"var(--ast-global-color-5)","background-image":"","background-repeat":"repeat","background-position":"center center","background-size":"auto","background-attachment":"scroll","background-type":"","background-media":"","overlay-type":"","overlay-color":"","overlay-opacity":"","overlay-gradient":""}}},"product_brand":[],"product_cat":[223],"product_tag":[],"class_list":{"0":"post-10284","1":"product","2":"type-product","3":"status-publish","4":"has-post-thumbnail","6":"product_cat-vacuum-valves-and-spare-parts-es","7":"desktop-align-left","8":"tablet-align-left","9":"mobile-align-left","10":"ast-product-gallery-layout-horizontal","11":"ast-magnify-disabled","13":"first","14":"instock","15":"shipping-taxable","16":"product-type-simple"},"acf":[],"_links":{"self":[{"href":"https:\/\/www.nuoxutech.com\/es\/wp-json\/wp\/v2\/product\/10284","targetHints":{"allow":["GET"]}}],"collection":[{"href":"https:\/\/www.nuoxutech.com\/es\/wp-json\/wp\/v2\/product"}],"about":[{"href":"https:\/\/www.nuoxutech.com\/es\/wp-json\/wp\/v2\/types\/product"}],"version-history":[{"count":4,"href":"https:\/\/www.nuoxutech.com\/es\/wp-json\/wp\/v2\/product\/10284\/revisions"}],"predecessor-version":[{"id":10288,"href":"https:\/\/www.nuoxutech.com\/es\/wp-json\/wp\/v2\/product\/10284\/revisions\/10288"}],"wp:featuredmedia":[{"embeddable":true,"href":"https:\/\/www.nuoxutech.com\/es\/wp-json\/wp\/v2\/media\/8283"}],"wp:attachment":[{"href":"https:\/\/www.nuoxutech.com\/es\/wp-json\/wp\/v2\/media?parent=10284"}],"wp:term":[{"taxonomy":"product_brand","embeddable":true,"href":"https:\/\/www.nuoxutech.com\/es\/wp-json\/wp\/v2\/product_brand?post=10284"},{"taxonomy":"product_cat","embeddable":true,"href":"https:\/\/www.nuoxutech.com\/es\/wp-json\/wp\/v2\/product_cat?post=10284"},{"taxonomy":"product_tag","embeddable":true,"href":"https:\/\/www.nuoxutech.com\/es\/wp-json\/wp\/v2\/product_tag?post=10284"}],"curies":[{"name":"wp","href":"https:\/\/api.w.org\/{rel}","templated":true}]}}