{"id":10289,"date":"2024-07-11T11:03:50","date_gmt":"2024-07-11T03:03:50","guid":{"rendered":"https:\/\/www.nuoxutech.com\/valvula-de-compuerta-electrica-de-ultra-alto-vacio-serie-ccd\/"},"modified":"2025-05-12T11:38:29","modified_gmt":"2025-05-12T03:38:29","slug":"ccd-series-ultra-high-vacuum-gate-valve","status":"publish","type":"product","link":"https:\/\/www.nuoxutech.com\/es\/ccd-series-ultra-high-vacuum-gate-valve\/","title":{"rendered":"V\u00e1lvula de compuerta el\u00e9ctrica de ultra alto vac\u00edo serie CCD"},"content":{"rendered":"<h4>V\u00e1lvula de compuerta el\u00e9ctrica de ultra alto vac\u00edo serie CCD<\/h4>\n<p><strong>Nombre del producto:<\/strong> V\u00e1lvula de compuerta de ultra alto vac\u00edo el\u00e9ctrica serie CCD<br \/>\n<strong>Categor\u00eda: <\/strong>V\u00e1lvula de compuerta de ultra alto vac\u00edo<\/p>\n<p>La v\u00e1lvula de compuerta el\u00e9ctrica de ultra alto vac\u00edo serie CCD est\u00e1 dise\u00f1ada meticulosamente para controlar con precisi\u00f3n el flujo de aire en sistemas de ultra alto vac\u00edo. La v\u00e1lvula funciona mediante un actuador el\u00e9ctrico de tornillo, que garantiza un movimiento axial suave y preciso del eje de sellado (v\u00e1stago). Este mecanismo proporciona un funcionamiento fiable y eficiente, lo que la hace ideal para aplicaciones exigentes de ultra alto vac\u00edo.<\/p>\n<p><img fetchpriority=\"high\" decoding=\"async\" class=\"alignnone wp-image-6613 size-full\" src=\"https:\/\/www.nuoxutech.com\/wp-content\/uploads\/2024\/07\/ALL-e1727261163701.jpg\" alt=\"V\u00e1lvula de compuerta el\u00e9ctrica de ultra alto vac\u00edo serie CCD\" width=\"400\" height=\"600\" title=\"\"><\/p>\n<h3>Caracter\u00edsticas principales:<\/h3>\n<ol>\n<li><strong>Operaci\u00f3n el\u00e9ctrica: <\/strong>Actuador el\u00e9ctrico accionado por tornillo para un control preciso.<\/li>\n<li><strong>Alto rendimiento de sellado: <\/strong>garantiza un sellado excelente para entornos de vac\u00edo ultra alto.<\/li>\n<li><strong>Acci\u00f3n suave y estable:<\/strong> dise\u00f1ado para un funcionamiento suave y estable y un rendimiento confiable.<\/li>\n<li><strong>Dise\u00f1o compacto: <\/strong>tama\u00f1o reducido para una f\u00e1cil integraci\u00f3n en varios sistemas.<\/li>\n<li><strong>Alto caudal:<\/strong> gesti\u00f3n eficiente del flujo de gas en sistemas de vac\u00edo.<\/li>\n<li><strong>Construcci\u00f3n duradera:<\/strong> rendimiento duradero con alta confiabilidad.<\/li>\n<li><strong>Dise\u00f1o est\u00e9tico:<\/strong> apariencia moderna adecuada para entornos industriales avanzados.<\/li>\n<\/ol>\n<h3>Aplicaciones:<\/h3>\n<ul>\n<li>Sistemas de ultra alto vac\u00edo<\/li>\n<li>Laboratorios de investigaci\u00f3n<\/li>\n<li>Fabricaci\u00f3n de semiconductores<\/li>\n<li>Equipos de vac\u00edo industriales<\/li>\n<li>Cualquier sistema que requiera un control preciso de aire limpio y gases no corrosivos.<\/li>\n<\/ul>\n<h3>Especificaciones t\u00e9cnicas:<\/h3>\n<ul>\n<li><strong>Funcionamiento:<\/strong> Actuador el\u00e9ctrico accionado por tornillo.<\/li>\n<li><strong>Movimiento: <\/strong>Movimiento axial del eje de sellado (varilla)<\/li>\n<li><strong>Tipo de sellado:<\/strong> Sellado de alto rendimiento para ultra alto vac\u00edo<\/li>\n<li><strong>Medio de trabajo: <\/strong>Aire limpio y gases no corrosivos.<\/li>\n<li><strong>Instalaci\u00f3n: <\/strong>Adecuado para varios sistemas de ultra alto vac\u00edo.<\/li>\n<\/ul>\n<h3>Ventajas:<\/h3>\n<ul>\n<li><strong>Control preciso: <\/strong>el actuador el\u00e9ctrico garantiza un funcionamiento preciso y confiable.<\/li>\n<li><strong>Alta confiabilidad: <\/strong>Construcci\u00f3n robusta y larga vida \u00fatil.<\/li>\n<li><strong>Aplicaci\u00f3n vers\u00e1til:<\/strong> ideal para una amplia gama de aplicaciones de ultra alto vac\u00edo.<\/li>\n<li><strong>Facilidad de integraci\u00f3n:<\/strong> Dise\u00f1o compacto para una f\u00e1cil instalaci\u00f3n en sistemas existentes.<\/li>\n<\/ul>\n<div dir=\"auto\">\n<hr \/>\n<p>Para obtener m\u00e1s informaci\u00f3n sobre la v\u00e1lvula de compuerta de ultra alto vac\u00edo el\u00e9ctrica de la serie <a href=\"https:\/\/www.nuoxutech.com\/ccd-series-electric-ultra-high-vacuum-gate-valve\/\" rel=\"nofollow sponsored\">CCD<\/a>, comun\u00edquese con NuoXuTech<\/p>\n<\/div>\n<div dir=\"auto\"><strong>Correo:<span style=\"color: #3366ff;\"><a style=\"color: #3366ff;\" href=\"mailto:contact@nuoxutech.com\" target=\"_blank\" rel=\"nofollow noopener sponsored\">contact@nuoxutech.com<\/a><\/span><\/strong><\/div>\n<div dir=\"auto\"><strong>WhatsApp: <span style=\"color: #3366ff;\"><a style=\"color: #3366ff;\" href=\"https:\/\/wa.me\/message\/Z6LWLVZDXHWFD1\" target=\"_blank\" rel=\"nofollow noopener\">+86 13849062209<\/a><\/span><\/strong><\/div>\n<div dir=\"auto\">\n<div dir=\"auto\"><strong>Nuestro equipo est\u00e1 listo para brindarle servicio y soporte profesional.<\/strong><\/div>\n<div dir=\"auto\">\n<hr \/>\n<h4 class=\"wp-block-heading\">Palabras Clave<\/h4>\n<p>sistema de vac\u00edo, nuoxutech, bomba de vac\u00edo, VacuumSystem.<\/p>\n<\/div>\n<\/div>\n","protected":false},"excerpt":{"rendered":"<p>La v\u00e1lvula de compuerta el\u00e9ctrica de ultra alto vac\u00edo serie CCD de NuoXuTech es un componente de vanguardia para la gesti\u00f3n del flujo de aire en sistemas de ultra alto vac\u00edo. Mediante un actuador el\u00e9ctrico de tornillo, proporciona un movimiento axial preciso, garantizando un funcionamiento fiable y un sellado de alto rendimiento. Esta v\u00e1lvula es ideal para laboratorios de investigaci\u00f3n, fabricaci\u00f3n de semiconductores y diversas aplicaciones industriales de vac\u00edo. Su dise\u00f1o compacto y robusta construcci\u00f3n garantizan un rendimiento duradero, lo que la convierte en la mejor opci\u00f3n para entornos de ultra alto vac\u00edo.<\/p>\n","protected":false},"featured_media":8280,"template":"","meta":{"_acf_changed":false,"site-sidebar-layout":"default","site-content-layout":"","ast-site-content-layout":"default","site-content-style":"default","site-sidebar-style":"default","ast-global-header-display":"","ast-banner-title-visibility":"","ast-main-header-display":"","ast-hfb-above-header-display":"","ast-hfb-below-header-display":"","ast-hfb-mobile-header-display":"","site-post-title":"","ast-breadcrumbs-content":"","ast-featured-img":"","footer-sml-layout":"","ast-disable-related-posts":"","theme-transparent-header-meta":"default","adv-header-id-meta":"","stick-header-meta":"default","header-above-stick-meta":"","header-main-stick-meta":"","header-below-stick-meta":"","astra-migrate-meta-layouts":"set","ast-page-background-enabled":"default","ast-page-background-meta":{"desktop":{"background-color":"","background-image":"","background-repeat":"repeat","background-position":"center center","background-size":"auto","background-attachment":"scroll","background-type":"","background-media":"","overlay-type":"","overlay-color":"","overlay-opacity":"","overlay-gradient":""},"tablet":{"background-color":"","background-image":"","background-repeat":"repeat","background-position":"center center","background-size":"auto","background-attachment":"scroll","background-type":"","background-media":"","overlay-type":"","overlay-color":"","overlay-opacity":"","overlay-gradient":""},"mobile":{"background-color":"","background-image":"","background-repeat":"repeat","background-position":"center center","background-size":"auto","background-attachment":"scroll","background-type":"","background-media":"","overlay-type":"","overlay-color":"","overlay-opacity":"","overlay-gradient":""}},"ast-content-background-meta":{"desktop":{"background-color":"var(--ast-global-color-5)","background-image":"","background-repeat":"repeat","background-position":"center center","background-size":"auto","background-attachment":"scroll","background-type":"","background-media":"","overlay-type":"","overlay-color":"","overlay-opacity":"","overlay-gradient":""},"tablet":{"background-color":"var(--ast-global-color-5)","background-image":"","background-repeat":"repeat","background-position":"center center","background-size":"auto","background-attachment":"scroll","background-type":"","background-media":"","overlay-type":"","overlay-color":"","overlay-opacity":"","overlay-gradient":""},"mobile":{"background-color":"var(--ast-global-color-5)","background-image":"","background-repeat":"repeat","background-position":"center center","background-size":"auto","background-attachment":"scroll","background-type":"","background-media":"","overlay-type":"","overlay-color":"","overlay-opacity":"","overlay-gradient":""}}},"product_brand":[],"product_cat":[223],"product_tag":[],"class_list":{"0":"post-10289","1":"product","2":"type-product","3":"status-publish","4":"has-post-thumbnail","6":"product_cat-vacuum-valves-and-spare-parts-es","7":"desktop-align-left","8":"tablet-align-left","9":"mobile-align-left","10":"ast-product-gallery-layout-horizontal","11":"ast-magnify-disabled","13":"first","14":"instock","15":"shipping-taxable","16":"product-type-simple"},"acf":[],"_links":{"self":[{"href":"https:\/\/www.nuoxutech.com\/es\/wp-json\/wp\/v2\/product\/10289","targetHints":{"allow":["GET"]}}],"collection":[{"href":"https:\/\/www.nuoxutech.com\/es\/wp-json\/wp\/v2\/product"}],"about":[{"href":"https:\/\/www.nuoxutech.com\/es\/wp-json\/wp\/v2\/types\/product"}],"version-history":[{"count":2,"href":"https:\/\/www.nuoxutech.com\/es\/wp-json\/wp\/v2\/product\/10289\/revisions"}],"predecessor-version":[{"id":10293,"href":"https:\/\/www.nuoxutech.com\/es\/wp-json\/wp\/v2\/product\/10289\/revisions\/10293"}],"wp:featuredmedia":[{"embeddable":true,"href":"https:\/\/www.nuoxutech.com\/es\/wp-json\/wp\/v2\/media\/8280"}],"wp:attachment":[{"href":"https:\/\/www.nuoxutech.com\/es\/wp-json\/wp\/v2\/media?parent=10289"}],"wp:term":[{"taxonomy":"product_brand","embeddable":true,"href":"https:\/\/www.nuoxutech.com\/es\/wp-json\/wp\/v2\/product_brand?post=10289"},{"taxonomy":"product_cat","embeddable":true,"href":"https:\/\/www.nuoxutech.com\/es\/wp-json\/wp\/v2\/product_cat?post=10289"},{"taxonomy":"product_tag","embeddable":true,"href":"https:\/\/www.nuoxutech.com\/es\/wp-json\/wp\/v2\/product_tag?post=10289"}],"curies":[{"name":"wp","href":"https:\/\/api.w.org\/{rel}","templated":true}]}}