{"id":9642,"date":"2024-03-26T11:33:05","date_gmt":"2024-03-26T03:33:05","guid":{"rendered":"https:\/\/www.nuoxutech.com\/bomba-de-vacio-de-anillo-liquido-monobloque-2bv\/"},"modified":"2025-04-17T17:53:43","modified_gmt":"2025-04-17T09:53:43","slug":"2bv-monoblock-liquid-ring-vacuum-pump","status":"publish","type":"product","link":"https:\/\/www.nuoxutech.com\/es\/2bv-monoblock-liquid-ring-vacuum-pump\/","title":{"rendered":"Bomba de vac\u00edo de anillo l\u00edquido monobloque 2BV"},"content":{"rendered":"<h3>Bomba de vac\u00edo de anillo l\u00edquido monobloque 2BV<\/h3>\n<p><img fetchpriority=\"high\" decoding=\"async\" class=\"alignnone wp-image-6770 size-medium\" src=\"https:\/\/www.nuoxutech.com\/wp-content\/uploads\/2024\/03\/2bv3-300x263.jpg\" alt=\"Bomba de vac\u00edo de anillo l\u00edquido monobloque 2BV\" width=\"300\" height=\"263\" title=\"\" srcset=\"https:\/\/www.nuoxutech.com\/wp-content\/uploads\/2024\/03\/2bv3-300x263.jpg 300w, https:\/\/www.nuoxutech.com\/wp-content\/uploads\/2024\/03\/2bv3-768x672.jpg 768w, https:\/\/www.nuoxutech.com\/wp-content\/uploads\/2024\/03\/2bv3-512x448.jpg 512w, https:\/\/www.nuoxutech.com\/wp-content\/uploads\/2024\/03\/2bv3.jpg 800w\" sizes=\"(max-width: 300px) 100vw, 300px\" \/> <img decoding=\"async\" class=\"alignnone wp-image-6768 size-medium\" src=\"https:\/\/www.nuoxutech.com\/wp-content\/uploads\/2024\/03\/2bv1-300x263.jpg\" alt=\"Bomba de vac\u00edo de anillo l\u00edquido monobloque 2BV\" width=\"300\" height=\"263\" title=\"\" srcset=\"https:\/\/www.nuoxutech.com\/wp-content\/uploads\/2024\/03\/2bv1-300x263.jpg 300w, https:\/\/www.nuoxutech.com\/wp-content\/uploads\/2024\/03\/2bv1-768x672.jpg 768w, https:\/\/www.nuoxutech.com\/wp-content\/uploads\/2024\/03\/2bv1-512x448.jpg 512w, https:\/\/www.nuoxutech.com\/wp-content\/uploads\/2024\/03\/2bv1.jpg 800w\" sizes=\"(max-width: 300px) 100vw, 300px\" \/><\/p>\n<h4>Aplicaciones:<\/h4>\n<ul>\n<li>Se utiliza en diversas industrias, incluidas la extracci\u00f3n de agua, el moldeo de pl\u00e1stico (desgasificaci\u00f3n), la esterilizaci\u00f3n hospitalaria, los sistemas de succi\u00f3n central, las l\u00edneas de producci\u00f3n de llenado de bebidas, el petr\u00f3leo, la industria qu\u00edmica, la farmac\u00e9utica, la cer\u00e1mica, la energ\u00eda el\u00e9ctrica, la metalurgia y la soldadura fuerte al vac\u00edo.<\/li>\n<\/ul>\n<h4>Descripci\u00f3n general del producto:<\/h4>\n<p>La bomba de vac\u00edo de anillo de agua de la serie 2BV Monoblock representa la ingenier\u00eda de vanguardia, dise\u00f1ada para aplicaciones industriales de manejo de gases y vapores. Con una impresionante capacidad de presi\u00f3n de succi\u00f3n de hasta 33 mbar (presi\u00f3n absoluta) o un grado de vac\u00edo del 97 %, ofrece una eficiencia y fiabilidad excepcionales. En configuraciones que utilizan aceite de transformador como l\u00edquido de trabajo (bomba de vac\u00edo de anillo de aceite), alcanza una presi\u00f3n de succi\u00f3n inigualable de 6,7 mbar (presi\u00f3n absoluta) o un grado de vac\u00edo del 99,3 %, lo que la posiciona como una alternativa superior a las bombas de vac\u00edo reciprocantes tradicionales.<\/p>\n<h4>Caracter\u00edsticas principales:<\/h4>\n<ol>\n<li>Al emplear un dise\u00f1o de acoplamiento directo, se simplifica la instalaci\u00f3n y se optimiza el uso del espacio.<\/li>\n<li>Reforzada con un puerto de protecci\u00f3n contra cavitaci\u00f3n, la bomba garantiza la m\u00e1xima efectividad de succi\u00f3n al tiempo que mitiga el ruido de cavitaci\u00f3n, protegiendo as\u00ed la integridad operativa.<\/li>\n<li>Fabricado con un impulsor de bronce de aluminio reconocido por su excepcional resistencia y resistencia a la corrosi\u00f3n, con componentes de flujo de acero inoxidable disponibles para entornos que exigen una mayor durabilidad.<\/li>\n<li>Incorpora un puerto de escape flexible especialmente dise\u00f1ado para evitar la sobrepresurizaci\u00f3n, garantizando as\u00ed la m\u00e1xima eficiencia de rendimiento.<\/li>\n<li>Alimentado por motores de la serie Y2, con grado de protecci\u00f3n IP54 o IP55 y grado de aislamiento F para una confiabilidad incomparable.<\/li>\n<li>Equipado con piezas de sello blando fabricadas en PTFE, lo que proporciona una mayor longevidad operativa incluso en los entornos industriales m\u00e1s hostiles.<\/li>\n<li>Demostrando un funcionamiento estable con una emisi\u00f3n de ruido m\u00ednima, registrando tan solo 62 decibeles.<\/li>\n<\/ol>\n<h4>Conclusi\u00f3n:<\/h4>\n<p>La bomba de vac\u00edo de anillo de agua de la serie 2BV Monoblock se erige como un paradigma de soluciones energ\u00e9ticamente eficientes y tecnol\u00f3gicamente avanzadas, preparada para revolucionar las aplicaciones de vac\u00edo industriales. Su versatilidad y dise\u00f1o robusto la convierten en una opci\u00f3n superior a los modelos anteriores, prometiendo un rendimiento inigualable en una gran variedad de entornos industriales.<\/p>\n<h4>Cont\u00e1ctenos:<\/h4>\n<p>Para m\u00e1s informaci\u00f3n sobre la bomba de vac\u00edo de anillo de agua <a href=\"https:\/\/www.nuoxutech.com\/2bv-monoblock-liquid-ring-vacuum-pump\/\">monobloque 2BV<\/a> serie o para explorar nuestra amplia gama de soluciones industriales, visite nuestro sitio web o p\u00f3ngase en contacto directamente con nuestro equipo de expertos. Colaboraremos para dise\u00f1ar la soluci\u00f3n perfecta para sus necesidades industriales.<\/p>\n<div dir=\"auto\"><strong>Correo:<span style=\"color: #3366ff;\"><a style=\"color: #3366ff;\" href=\"mailto:contact@nuoxutech.com\">contact@nuoxutech.com<\/a><\/span><\/strong><\/div>\n<div dir=\"auto\"><strong>WhatsApp: <span style=\"color: #3366ff;\"><a style=\"color: #3366ff;\" href=\"https:\/\/wa.me\/message\/Z6LWLVZDXHWFD1\" rel=\"nofollow noopener\" target=\"_blank\">+86 13849062209<\/a><\/span><\/strong><\/div>\n<div dir=\"auto\"><strong>Nuestro equipo est\u00e1 listo para brindarle servicio y soporte profesional.<\/strong><\/div>\n","protected":false},"excerpt":{"rendered":"<p>Descubra el rendimiento superior y la versatilidad de la bomba de vac\u00edo de anillo l\u00edquido monobloque 2BV de NuoxuTech. Dise\u00f1ada para brindar eficiencia y confiabilidad, esta bomba es ideal para una amplia gama de aplicaciones industriales, como la extracci\u00f3n de agua, el moldeo de pl\u00e1stico, la esterilizaci\u00f3n hospitalaria y m\u00e1s. Con caracter\u00edsticas avanzadas como el dise\u00f1o de acoplamiento directo, la protecci\u00f3n contra la cavitaci\u00f3n y la construcci\u00f3n duradera, la bomba 2BV Monoblock ofrece resultados excepcionales en entornos exigentes. Explore el futuro de la tecnolog\u00eda de vac\u00edo con NuoxuTech hoy mismo.<\/p>\n","protected":false},"featured_media":12295,"template":"","meta":{"_acf_changed":false,"site-sidebar-layout":"default","site-content-layout":"","ast-site-content-layout":"default","site-content-style":"default","site-sidebar-style":"default","ast-global-header-display":"","ast-banner-title-visibility":"","ast-main-header-display":"","ast-hfb-above-header-display":"","ast-hfb-below-header-display":"","ast-hfb-mobile-header-display":"","site-post-title":"","ast-breadcrumbs-content":"","ast-featured-img":"","footer-sml-layout":"","ast-disable-related-posts":"","theme-transparent-header-meta":"default","adv-header-id-meta":"","stick-header-meta":"default","header-above-stick-meta":"","header-main-stick-meta":"","header-below-stick-meta":"","astra-migrate-meta-layouts":"set","ast-page-background-enabled":"default","ast-page-background-meta":{"desktop":{"background-color":"","background-image":"","background-repeat":"repeat","background-position":"center center","background-size":"auto","background-attachment":"scroll","background-type":"","background-media":"","overlay-type":"","overlay-color":"","overlay-opacity":"","overlay-gradient":""},"tablet":{"background-color":"","background-image":"","background-repeat":"repeat","background-position":"center center","background-size":"auto","background-attachment":"scroll","background-type":"","background-media":"","overlay-type":"","overlay-color":"","overlay-opacity":"","overlay-gradient":""},"mobile":{"background-color":"","background-image":"","background-repeat":"repeat","background-position":"center center","background-size":"auto","background-attachment":"scroll","background-type":"","background-media":"","overlay-type":"","overlay-color":"","overlay-opacity":"","overlay-gradient":""}},"ast-content-background-meta":{"desktop":{"background-color":"var(--ast-global-color-5)","background-image":"","background-repeat":"repeat","background-position":"center center","background-size":"auto","background-attachment":"scroll","background-type":"","background-media":"","overlay-type":"","overlay-color":"","overlay-opacity":"","overlay-gradient":""},"tablet":{"background-color":"var(--ast-global-color-5)","background-image":"","background-repeat":"repeat","background-position":"center center","background-size":"auto","background-attachment":"scroll","background-type":"","background-media":"","overlay-type":"","overlay-color":"","overlay-opacity":"","overlay-gradient":""},"mobile":{"background-color":"var(--ast-global-color-5)","background-image":"","background-repeat":"repeat","background-position":"center center","background-size":"auto","background-attachment":"scroll","background-type":"","background-media":"","overlay-type":"","overlay-color":"","overlay-opacity":"","overlay-gradient":""}}},"product_brand":[],"product_cat":[158],"product_tag":[198],"class_list":{"0":"post-9642","1":"product","2":"type-product","3":"status-publish","4":"has-post-thumbnail","6":"product_cat-liquid-ring-vacuum-pumps-es","7":"product_tag-2bv-es","8":"desktop-align-left","9":"tablet-align-left","10":"mobile-align-left","11":"ast-product-gallery-layout-horizontal","12":"ast-magnify-disabled","14":"first","15":"instock","16":"shipping-taxable","17":"product-type-simple"},"acf":[],"_links":{"self":[{"href":"https:\/\/www.nuoxutech.com\/es\/wp-json\/wp\/v2\/product\/9642","targetHints":{"allow":["GET"]}}],"collection":[{"href":"https:\/\/www.nuoxutech.com\/es\/wp-json\/wp\/v2\/product"}],"about":[{"href":"https:\/\/www.nuoxutech.com\/es\/wp-json\/wp\/v2\/types\/product"}],"version-history":[{"count":2,"href":"https:\/\/www.nuoxutech.com\/es\/wp-json\/wp\/v2\/product\/9642\/revisions"}],"predecessor-version":[{"id":9644,"href":"https:\/\/www.nuoxutech.com\/es\/wp-json\/wp\/v2\/product\/9642\/revisions\/9644"}],"wp:featuredmedia":[{"embeddable":true,"href":"https:\/\/www.nuoxutech.com\/es\/wp-json\/wp\/v2\/media\/12295"}],"wp:attachment":[{"href":"https:\/\/www.nuoxutech.com\/es\/wp-json\/wp\/v2\/media?parent=9642"}],"wp:term":[{"taxonomy":"product_brand","embeddable":true,"href":"https:\/\/www.nuoxutech.com\/es\/wp-json\/wp\/v2\/product_brand?post=9642"},{"taxonomy":"product_cat","embeddable":true,"href":"https:\/\/www.nuoxutech.com\/es\/wp-json\/wp\/v2\/product_cat?post=9642"},{"taxonomy":"product_tag","embeddable":true,"href":"https:\/\/www.nuoxutech.com\/es\/wp-json\/wp\/v2\/product_tag?post=9642"}],"curies":[{"name":"wp","href":"https:\/\/api.w.org\/{rel}","templated":true}]}}