{"id":9646,"date":"2024-03-26T11:39:53","date_gmt":"2024-03-26T03:39:53","guid":{"rendered":"https:\/\/www.nuoxutech.com\/bomba-de-vacio-de-anillo-liquido-de-dos-etapas-2sk\/"},"modified":"2025-04-17T18:04:37","modified_gmt":"2025-04-17T10:04:37","slug":"2sk-two-stage-liquid-ring-vacuum-pump","status":"publish","type":"product","link":"https:\/\/www.nuoxutech.com\/es\/2sk-two-stage-liquid-ring-vacuum-pump\/","title":{"rendered":"Bomba de vac\u00edo de anillo l\u00edquido de dos etapas 2SK"},"content":{"rendered":"<h3><strong>Bomba de vac\u00edo de anillo l\u00edquido de dos etapas 2SK<\/strong><\/h3>\n<p>Una bomba de vac\u00edo de anillo l\u00edquido es una bomba rotativa de desplazamiento positivo. Se utiliza t\u00edpicamente como bomba de vac\u00edo, pero tambi\u00e9n puede utilizarse como compresor de gas. Su funci\u00f3n es similar a la de una bomba de paletas rotativas, con la diferencia de que las paletas son parte integral del rotor y agitan un anillo giratorio de l\u00edquido para formar el sello de la c\u00e1mara de compresi\u00f3n. Presentan un dise\u00f1o inherentemente de baja fricci\u00f3n, siendo el rotor la \u00fanica pieza m\u00f3vil. La fricci\u00f3n por deslizamiento se limita a los sellos del eje. Las bombas de anillo l\u00edquido suelen estar accionadas por un motor de inducci\u00f3n.<\/p>\n<p><img fetchpriority=\"high\" decoding=\"async\" class=\"alignnone wp-image-6885 size-medium\" src=\"https:\/\/www.nuoxutech.com\/wp-content\/uploads\/2024\/03\/new2sk2-300x300.jpg\" alt=\"Bomba de vac\u00edo de anillo l\u00edquido de dos etapas 2SK\" width=\"300\" height=\"300\" title=\"\" srcset=\"https:\/\/www.nuoxutech.com\/wp-content\/uploads\/2024\/03\/new2sk2-300x300.jpg 300w, https:\/\/www.nuoxutech.com\/wp-content\/uploads\/2024\/03\/new2sk2-150x150.jpg 150w, https:\/\/www.nuoxutech.com\/wp-content\/uploads\/2024\/03\/new2sk2-768x768.jpg 768w, https:\/\/www.nuoxutech.com\/wp-content\/uploads\/2024\/03\/new2sk2-512x512.jpg 512w, https:\/\/www.nuoxutech.com\/wp-content\/uploads\/2024\/03\/new2sk2-100x100.jpg 100w, https:\/\/www.nuoxutech.com\/wp-content\/uploads\/2024\/03\/new2sk2.jpg 800w\" sizes=\"(max-width: 300px) 100vw, 300px\" \/><\/p>\n<h3>Aplicaciones t\u00edpicas:<\/h3>\n<p>Industria de hilatura, industria alimentaria y metal\u00fargica, industria qu\u00edmica y otras industrias para evaporaci\u00f3n al vac\u00edo, concentraci\u00f3n al vac\u00edo, resurgimiento al vac\u00edo, secado al vac\u00edo y fundici\u00f3n al vac\u00edo.<\/p>\n<p><img decoding=\"async\" class=\"alignnone wp-image-6514 size-medium\" src=\"https:\/\/www.nuoxutech.com\/wp-content\/uploads\/2024\/04\/Roots-Liquid-Ring-Vacuum-Pump-System1-300x300.jpg\" alt=\"Bomba de vac\u00edo de anillo l\u00edquido de dos etapas 2SK\" width=\"300\" height=\"300\" title=\"\" srcset=\"https:\/\/www.nuoxutech.com\/wp-content\/uploads\/2024\/04\/Roots-Liquid-Ring-Vacuum-Pump-System1-300x300.jpg 300w, https:\/\/www.nuoxutech.com\/wp-content\/uploads\/2024\/04\/Roots-Liquid-Ring-Vacuum-Pump-System1-150x150.jpg 150w, https:\/\/www.nuoxutech.com\/wp-content\/uploads\/2024\/04\/Roots-Liquid-Ring-Vacuum-Pump-System1-768x768.jpg 768w, https:\/\/www.nuoxutech.com\/wp-content\/uploads\/2024\/04\/Roots-Liquid-Ring-Vacuum-Pump-System1-512x512.jpg 512w, https:\/\/www.nuoxutech.com\/wp-content\/uploads\/2024\/04\/Roots-Liquid-Ring-Vacuum-Pump-System1-100x100.jpg 100w, https:\/\/www.nuoxutech.com\/wp-content\/uploads\/2024\/04\/Roots-Liquid-Ring-Vacuum-Pump-System1.jpg 800w\" sizes=\"(max-width: 300px) 100vw, 300px\" \/><\/p>\n<h4>Cont\u00e1ctenos:<\/h4>\n<p>Para m\u00e1s informaci\u00f3n sobre <a href=\"https:\/\/www.nuoxutech.com\/es\/liquid-ring-vacuum-pumps-es\/\">de dos etapas 2SK <\/a>o para explorar nuestra amplia gama de soluciones industriales, visite nuestro sitio web o p\u00f3ngase en contacto directamente con nuestro equipo de expertos. Colaboraremos para dise\u00f1ar la soluci\u00f3n perfecta para sus necesidades industriales.<\/p>\n<div dir=\"auto\"><strong>Correo:<span style=\"color: #0000ff;\"><a style=\"color: #0000ff;\" href=\"mailto:contact@nuoxutech.com\">contact@nuoxutech.com<\/a><\/span><\/strong><\/div>\n<div dir=\"auto\"><strong>WhatsApp: <span style=\"color: #0000ff;\"><a style=\"color: #0000ff;\" href=\"https:\/\/wa.me\/message\/Z6LWLVZDXHWFD1\" rel=\"nofollow noopener\" target=\"_blank\">+86 13849062209<\/a><\/span><\/strong><\/div>\n<div dir=\"auto\"><strong>Nuestro equipo est\u00e1 listo para brindarle servicio y soporte profesional.<\/strong><\/div>\n","protected":false},"excerpt":{"rendered":"<p>La bomba de vac\u00edo de anillo l\u00edquido qu\u00edmico 2sk tiene una estructura simple, no requiere alta precisi\u00f3n de fabricaci\u00f3n y es f\u00e1cil de procesar. En cuanto al dise\u00f1o de bombas de anillo de agua, nuestra bomba de vac\u00edo de anillo l\u00edquido ofrece una ventaja competitiva en precio.<\/p>\n","protected":false},"featured_media":12316,"template":"","meta":{"_acf_changed":false,"site-sidebar-layout":"default","site-content-layout":"","ast-site-content-layout":"default","site-content-style":"default","site-sidebar-style":"default","ast-global-header-display":"","ast-banner-title-visibility":"","ast-main-header-display":"","ast-hfb-above-header-display":"","ast-hfb-below-header-display":"","ast-hfb-mobile-header-display":"","site-post-title":"","ast-breadcrumbs-content":"","ast-featured-img":"","footer-sml-layout":"","ast-disable-related-posts":"","theme-transparent-header-meta":"default","adv-header-id-meta":"","stick-header-meta":"default","header-above-stick-meta":"","header-main-stick-meta":"","header-below-stick-meta":"","astra-migrate-meta-layouts":"set","ast-page-background-enabled":"default","ast-page-background-meta":{"desktop":{"background-color":"","background-image":"","background-repeat":"repeat","background-position":"center center","background-size":"auto","background-attachment":"scroll","background-type":"","background-media":"","overlay-type":"","overlay-color":"","overlay-opacity":"","overlay-gradient":""},"tablet":{"background-color":"","background-image":"","background-repeat":"repeat","background-position":"center center","background-size":"auto","background-attachment":"scroll","background-type":"","background-media":"","overlay-type":"","overlay-color":"","overlay-opacity":"","overlay-gradient":""},"mobile":{"background-color":"","background-image":"","background-repeat":"repeat","background-position":"center center","background-size":"auto","background-attachment":"scroll","background-type":"","background-media":"","overlay-type":"","overlay-color":"","overlay-opacity":"","overlay-gradient":""}},"ast-content-background-meta":{"desktop":{"background-color":"var(--ast-global-color-5)","background-image":"","background-repeat":"repeat","background-position":"center center","background-size":"auto","background-attachment":"scroll","background-type":"","background-media":"","overlay-type":"","overlay-color":"","overlay-opacity":"","overlay-gradient":""},"tablet":{"background-color":"var(--ast-global-color-5)","background-image":"","background-repeat":"repeat","background-position":"center center","background-size":"auto","background-attachment":"scroll","background-type":"","background-media":"","overlay-type":"","overlay-color":"","overlay-opacity":"","overlay-gradient":""},"mobile":{"background-color":"var(--ast-global-color-5)","background-image":"","background-repeat":"repeat","background-position":"center center","background-size":"auto","background-attachment":"scroll","background-type":"","background-media":"","overlay-type":"","overlay-color":"","overlay-opacity":"","overlay-gradient":""}}},"product_brand":[],"product_cat":[158],"product_tag":[],"class_list":{"0":"post-9646","1":"product","2":"type-product","3":"status-publish","4":"has-post-thumbnail","6":"product_cat-liquid-ring-vacuum-pumps-es","7":"desktop-align-left","8":"tablet-align-left","9":"mobile-align-left","10":"ast-product-gallery-layout-horizontal","11":"ast-magnify-disabled","13":"first","14":"instock","15":"shipping-taxable","16":"product-type-simple"},"acf":[],"_links":{"self":[{"href":"https:\/\/www.nuoxutech.com\/es\/wp-json\/wp\/v2\/product\/9646","targetHints":{"allow":["GET"]}}],"collection":[{"href":"https:\/\/www.nuoxutech.com\/es\/wp-json\/wp\/v2\/product"}],"about":[{"href":"https:\/\/www.nuoxutech.com\/es\/wp-json\/wp\/v2\/types\/product"}],"version-history":[{"count":3,"href":"https:\/\/www.nuoxutech.com\/es\/wp-json\/wp\/v2\/product\/9646\/revisions"}],"predecessor-version":[{"id":9649,"href":"https:\/\/www.nuoxutech.com\/es\/wp-json\/wp\/v2\/product\/9646\/revisions\/9649"}],"wp:featuredmedia":[{"embeddable":true,"href":"https:\/\/www.nuoxutech.com\/es\/wp-json\/wp\/v2\/media\/12316"}],"wp:attachment":[{"href":"https:\/\/www.nuoxutech.com\/es\/wp-json\/wp\/v2\/media?parent=9646"}],"wp:term":[{"taxonomy":"product_brand","embeddable":true,"href":"https:\/\/www.nuoxutech.com\/es\/wp-json\/wp\/v2\/product_brand?post=9646"},{"taxonomy":"product_cat","embeddable":true,"href":"https:\/\/www.nuoxutech.com\/es\/wp-json\/wp\/v2\/product_cat?post=9646"},{"taxonomy":"product_tag","embeddable":true,"href":"https:\/\/www.nuoxutech.com\/es\/wp-json\/wp\/v2\/product_tag?post=9646"}],"curies":[{"name":"wp","href":"https:\/\/api.w.org\/{rel}","templated":true}]}}