{"id":9661,"date":"2024-03-29T19:33:33","date_gmt":"2024-03-29T11:33:33","guid":{"rendered":"https:\/\/www.nuoxutech.com\/bomba-de-vacio-de-paletas-rotativas-sv\/"},"modified":"2025-04-18T09:26:23","modified_gmt":"2025-04-18T01:26:23","slug":"sv-rotary-vane-vacuum-pump","status":"publish","type":"product","link":"https:\/\/www.nuoxutech.com\/es\/sv-rotary-vane-vacuum-pump\/","title":{"rendered":"Bomba de vac\u00edo de paletas rotativas SV"},"content":{"rendered":"<h3>Bomba de vac\u00edo de paletas rotativas SV<\/h3>\n<p>Las bomba de vac\u00edo de paletas rotativas SV combinan a\u00f1os de experiencia en ingenier\u00eda de vac\u00edo con la tecnolog\u00eda de vac\u00edo internacional m\u00e1s avanzada, desarrollada para satisfacer las necesidades tanto de la industria como del medio ambiente. Se utilizan en todas las \u00e1reas de la ingenier\u00eda de vac\u00edo. Son igualmente adecuadas para aplicaciones de producci\u00f3n industrial e investigaci\u00f3n. Pueden utilizarse para generar vac\u00edo aproximado y medio, o como bombas de apoyo en combinaci\u00f3n con bombas Roots o bombas de alto vac\u00edo. Su amplia gama (con capacidades de bombeo de 8 a 750 m\u00b3\/h) permite a cada cliente seleccionar la bomba adecuada para sus necesidades espec\u00edficas.<\/p>\n<p><strong><a href=\"https:\/\/www.nuoxutech.com\/wp-content\/uploads\/2024\/06\/sv630small.jpg\"><img fetchpriority=\"high\" decoding=\"async\" class=\"wp-image-7480 size-medium aligncenter\" src=\"https:\/\/www.nuoxutech.com\/wp-content\/uploads\/2024\/06\/sv630small-300x225.jpg\" alt=\"Bomba de vac\u00edo de paletas rotativas SV\" width=\"300\" height=\"225\" title=\"\" srcset=\"https:\/\/www.nuoxutech.com\/wp-content\/uploads\/2024\/06\/sv630small-300x225.jpg 300w, https:\/\/www.nuoxutech.com\/wp-content\/uploads\/2024\/06\/sv630small-1024x768.jpg 1024w, https:\/\/www.nuoxutech.com\/wp-content\/uploads\/2024\/06\/sv630small-768x576.jpg 768w, https:\/\/www.nuoxutech.com\/wp-content\/uploads\/2024\/06\/sv630small-1536x1152.jpg 1536w, https:\/\/www.nuoxutech.com\/wp-content\/uploads\/2024\/06\/sv630small-512x384.jpg 512w, https:\/\/www.nuoxutech.com\/wp-content\/uploads\/2024\/06\/sv630small.jpg 1667w\" sizes=\"(max-width: 300px) 100vw, 300px\" \/><\/a>Ventajas<\/strong>:<\/p>\n<ul>\n<li>Escape limpio para el medio ambiente, sin contaminaci\u00f3n, equipado con niebla de aceite.<\/li>\n<li>El motor y la bomba son de accionamiento directo coaxial, compactos y<\/li>\n<li>Refrigeraci\u00f3n por aire eficiente (est\u00e1ndar), f\u00e1cil de instalar y de f\u00e1cil mantenimiento.<\/li>\n<li>Entrada con v\u00e1lvula de retenci\u00f3n para evitar que el aceite de vac\u00edo regrese al interior.<\/li>\n<li>Dise\u00f1o de paletas rotativas m\u00faltiples; eficiente y energ\u00e9ticamente eficiente.<\/li>\n<li>Peque\u00f1a vibraci\u00f3n, bajo ruido, trabajando en el plano horizontal.<\/li>\n<li>Funcionamiento continuo en todo el rango de presiones, desde la atmosf\u00e9rica hasta la m\u00e1xima.<\/li>\n<\/ul>\n<h3><a href=\"https:\/\/www.nuoxutech.com\/sv-rotary-vane-vacuum-pump\/\"><img decoding=\"async\" class=\"wp-image-6304 aligncenter\" src=\"https:\/\/www.nuoxutech.com\/wp-content\/uploads\/2024\/06\/SV3001-250x300.jpg\" alt=\"Bomba de vac\u00edo de paletas rotativas SV\" width=\"306\" height=\"367\" title=\"\" srcset=\"https:\/\/www.nuoxutech.com\/wp-content\/uploads\/2024\/06\/SV3001-250x300.jpg 250w, https:\/\/www.nuoxutech.com\/wp-content\/uploads\/2024\/06\/SV3001-300x360.jpg 300w, https:\/\/www.nuoxutech.com\/wp-content\/uploads\/2024\/06\/SV3001-512x615.jpg 512w, https:\/\/www.nuoxutech.com\/wp-content\/uploads\/2024\/06\/SV3001.jpg 728w\" sizes=\"(max-width: 306px) 100vw, 306px\" \/><\/a><\/h3>\n<div dir=\"auto\">Para obtener m\u00e1s informaci\u00f3n sobre la bomba de vac\u00edo de paletas rotativas SV, cont\u00e1ctenos<\/div>\n<div dir=\"auto\"><strong>Correo:<span style=\"color: #3366ff;\"><a style=\"color: #3366ff;\" href=\"mailto:contact@nuoxutech.com\">contact@nuoxutech.com<\/a><\/span><\/strong><\/div>\n<div dir=\"auto\"><strong>WhatsApp: <a href=\"https:\/\/wa.me\/message\/Z6LWLVZDXHWFD1\" rel=\"nofollow noopener\" target=\"_blank\"><span style=\"color: #3366ff;\">+86 13849062209<\/span><\/a><\/strong><\/div>\n<div dir=\"auto\"><strong>Nuestro equipo est\u00e1 listo para brindarle servicio y soporte profesional.<\/strong><\/div>\n<div class=\"notranslate\" style=\"all: initial;\"><\/div>\n","protected":false},"excerpt":{"rendered":"<p>La bomba de vac\u00edo de paletas rotativas SV se usa ampliamente en envasado al vac\u00edo, secado de materiales, concentraci\u00f3n, industria de destilaci\u00f3n, recubrimiento al vac\u00edo, carga al vac\u00edo, conformado al vac\u00edo y otros campos.<\/p>\n","protected":false},"featured_media":7914,"template":"","meta":{"_acf_changed":false,"site-sidebar-layout":"default","site-content-layout":"","ast-site-content-layout":"default","site-content-style":"default","site-sidebar-style":"default","ast-global-header-display":"","ast-banner-title-visibility":"","ast-main-header-display":"","ast-hfb-above-header-display":"","ast-hfb-below-header-display":"","ast-hfb-mobile-header-display":"","site-post-title":"","ast-breadcrumbs-content":"","ast-featured-img":"","footer-sml-layout":"","ast-disable-related-posts":"","theme-transparent-header-meta":"default","adv-header-id-meta":"","stick-header-meta":"default","header-above-stick-meta":"","header-main-stick-meta":"","header-below-stick-meta":"","astra-migrate-meta-layouts":"set","ast-page-background-enabled":"default","ast-page-background-meta":{"desktop":{"background-color":"","background-image":"","background-repeat":"repeat","background-position":"center center","background-size":"auto","background-attachment":"scroll","background-type":"","background-media":"","overlay-type":"","overlay-color":"","overlay-opacity":"","overlay-gradient":""},"tablet":{"background-color":"","background-image":"","background-repeat":"repeat","background-position":"center center","background-size":"auto","background-attachment":"scroll","background-type":"","background-media":"","overlay-type":"","overlay-color":"","overlay-opacity":"","overlay-gradient":""},"mobile":{"background-color":"","background-image":"","background-repeat":"repeat","background-position":"center center","background-size":"auto","background-attachment":"scroll","background-type":"","background-media":"","overlay-type":"","overlay-color":"","overlay-opacity":"","overlay-gradient":""}},"ast-content-background-meta":{"desktop":{"background-color":"var(--ast-global-color-5)","background-image":"","background-repeat":"repeat","background-position":"center center","background-size":"auto","background-attachment":"scroll","background-type":"","background-media":"","overlay-type":"","overlay-color":"","overlay-opacity":"","overlay-gradient":""},"tablet":{"background-color":"var(--ast-global-color-5)","background-image":"","background-repeat":"repeat","background-position":"center center","background-size":"auto","background-attachment":"scroll","background-type":"","background-media":"","overlay-type":"","overlay-color":"","overlay-opacity":"","overlay-gradient":""},"mobile":{"background-color":"var(--ast-global-color-5)","background-image":"","background-repeat":"repeat","background-position":"center center","background-size":"auto","background-attachment":"scroll","background-type":"","background-media":"","overlay-type":"","overlay-color":"","overlay-opacity":"","overlay-gradient":""}}},"product_brand":[],"product_cat":[218],"product_tag":[],"class_list":{"0":"post-9661","1":"product","2":"type-product","3":"status-publish","4":"has-post-thumbnail","6":"product_cat-oil-sealed-rotary-vane-vacuum-pumps-es","7":"desktop-align-left","8":"tablet-align-left","9":"mobile-align-left","10":"ast-product-gallery-layout-horizontal","11":"ast-magnify-disabled","13":"first","14":"instock","15":"featured","16":"shipping-taxable","17":"product-type-simple"},"acf":[],"_links":{"self":[{"href":"https:\/\/www.nuoxutech.com\/es\/wp-json\/wp\/v2\/product\/9661","targetHints":{"allow":["GET"]}}],"collection":[{"href":"https:\/\/www.nuoxutech.com\/es\/wp-json\/wp\/v2\/product"}],"about":[{"href":"https:\/\/www.nuoxutech.com\/es\/wp-json\/wp\/v2\/types\/product"}],"version-history":[{"count":2,"href":"https:\/\/www.nuoxutech.com\/es\/wp-json\/wp\/v2\/product\/9661\/revisions"}],"predecessor-version":[{"id":9663,"href":"https:\/\/www.nuoxutech.com\/es\/wp-json\/wp\/v2\/product\/9661\/revisions\/9663"}],"wp:featuredmedia":[{"embeddable":true,"href":"https:\/\/www.nuoxutech.com\/es\/wp-json\/wp\/v2\/media\/7914"}],"wp:attachment":[{"href":"https:\/\/www.nuoxutech.com\/es\/wp-json\/wp\/v2\/media?parent=9661"}],"wp:term":[{"taxonomy":"product_brand","embeddable":true,"href":"https:\/\/www.nuoxutech.com\/es\/wp-json\/wp\/v2\/product_brand?post=9661"},{"taxonomy":"product_cat","embeddable":true,"href":"https:\/\/www.nuoxutech.com\/es\/wp-json\/wp\/v2\/product_cat?post=9661"},{"taxonomy":"product_tag","embeddable":true,"href":"https:\/\/www.nuoxutech.com\/es\/wp-json\/wp\/v2\/product_tag?post=9661"}],"curies":[{"name":"wp","href":"https:\/\/api.w.org\/{rel}","templated":true}]}}