{"id":9668,"date":"2024-03-29T19:39:43","date_gmt":"2024-03-29T11:39:43","guid":{"rendered":"https:\/\/www.nuoxutech.com\/bomba-de-vacio-de-paletas-rotativas-de-dos-etapas-2x-a\/"},"modified":"2025-04-18T10:02:40","modified_gmt":"2025-04-18T02:02:40","slug":"2x-a-two-stage-rotary-vane-vacuum-pump","status":"publish","type":"product","link":"https:\/\/www.nuoxutech.com\/es\/2x-a-two-stage-rotary-vane-vacuum-pump\/","title":{"rendered":"Bomba de vac\u00edo de paletas rotativas de dos etapas 2X-A"},"content":{"rendered":"<h2>Bomba de vac\u00edo de paletas rotativas de dos etapas 2X-A<strong><br \/>\n<\/strong><\/h2>\n<p><a href=\"https:\/\/www.nuoxutech.com\/wp-content\/uploads\/2024\/03\/2X-30A-scaled.jpg\"><img fetchpriority=\"high\" decoding=\"async\" class=\"alignnone wp-image-7661 size-medium\" src=\"https:\/\/www.nuoxutech.com\/wp-content\/uploads\/2024\/03\/2X-30A-300x225.jpg\" alt=\"Bomba de vac\u00edo de paletas rotativas de dos etapas 2X-A\" width=\"300\" height=\"225\" title=\"\" srcset=\"https:\/\/www.nuoxutech.com\/wp-content\/uploads\/2024\/03\/2X-30A-300x225.jpg 300w, https:\/\/www.nuoxutech.com\/wp-content\/uploads\/2024\/03\/2X-30A-1024x768.jpg 1024w, https:\/\/www.nuoxutech.com\/wp-content\/uploads\/2024\/03\/2X-30A-768x576.jpg 768w, https:\/\/www.nuoxutech.com\/wp-content\/uploads\/2024\/03\/2X-30A-1536x1152.jpg 1536w, https:\/\/www.nuoxutech.com\/wp-content\/uploads\/2024\/03\/2X-30A-2048x1536.jpg 2048w, https:\/\/www.nuoxutech.com\/wp-content\/uploads\/2024\/03\/2X-30A-512x384.jpg 512w\" sizes=\"(max-width: 300px) 100vw, 300px\" \/><\/a><\/p>\n<h3><strong>Ventajas:<\/strong><\/h3>\n<ol>\n<li>Amplia gama de capacidades de aire libre para adaptarse a aplicaciones espec\u00edficas.<\/li>\n<li>El sistema de aceite de presi\u00f3n positiva garantiza una lubricaci\u00f3n adecuada y evita la falta de aceite bajo altas cargas de gas.<\/li>\n<li>La v\u00e1lvula de entrada de acci\u00f3n r\u00e1pida protege los componentes internos contra la contaminaci\u00f3n del aceite y el aire si la bomba se detiene mientras est\u00e1 bajo vac\u00edo.<\/li>\n<li>La v\u00e1lvula de lastre de gas limita la condensaci\u00f3n interna; permite utilizar la bomba cuando hay vapores condensables.<\/li>\n<\/ol>\n<p><img decoding=\"async\" class=\"alignnone wp-image-6413 size-medium\" src=\"https:\/\/www.nuoxutech.com\/wp-content\/uploads\/2024\/03\/new2XA3-300x300.jpg\" alt=\"Bomba de vac\u00edo de paletas rotativas de dos etapas 2X-A\" width=\"300\" height=\"300\" title=\"\" srcset=\"https:\/\/www.nuoxutech.com\/wp-content\/uploads\/2024\/03\/new2XA3-300x300.jpg 300w, https:\/\/www.nuoxutech.com\/wp-content\/uploads\/2024\/03\/new2XA3-150x150.jpg 150w, https:\/\/www.nuoxutech.com\/wp-content\/uploads\/2024\/03\/new2XA3-768x768.jpg 768w, https:\/\/www.nuoxutech.com\/wp-content\/uploads\/2024\/03\/new2XA3-512x512.jpg 512w, https:\/\/www.nuoxutech.com\/wp-content\/uploads\/2024\/03\/new2XA3-100x100.jpg 100w, https:\/\/www.nuoxutech.com\/wp-content\/uploads\/2024\/03\/new2XA3.jpg 800w\" sizes=\"(max-width: 300px) 100vw, 300px\" \/><\/p>\n<h4><strong>Aplicaciones industriales<\/strong><\/h4>\n<ol>\n<li><strong>Metalurgia<\/strong>: Hornos de tratamiento t\u00e9rmico al vac\u00edo<\/li>\n<li><strong>Procesamiento qu\u00edmico<\/strong>: Evacuaci\u00f3n del sistema de destilaci\u00f3n<\/li>\n<li><strong>Equipo m\u00e9dico<\/strong>: C\u00e1mara de esterilizaci\u00f3n al vac\u00edo<\/li>\n<li><strong>Envasado de alimentos<\/strong>: sistemas de atm\u00f3sfera modificada<\/li>\n<li><strong>Uso en laboratorio<\/strong>: Respaldo de instrumentos anal\u00edticos<\/li>\n<li><strong>Fabricaci\u00f3n de productos electr\u00f3nicos<\/strong>: Desgasificaci\u00f3n de aceite de transformadores<\/li>\n<\/ol>\n<div dir=\"auto\">Para obtener m\u00e1s informaci\u00f3n sobre la <a href=\"https:\/\/www.nuoxutech.com\/3-2x-a-two-stage-rotary-vane-vacuum-pump\/\">Bomba de vac\u00edo de paletas rotativas de dos etapas 2X-A<\/a>, cont\u00e1ctenos<\/div>\n<div dir=\"auto\"><strong>Correo:<span style=\"color: #3366ff;\"><a style=\"color: #3366ff;\" href=\"mailto:contact@nuoxutech.com\">contact@nuoxutech.com<\/a><\/span><\/strong><\/div>\n<div dir=\"auto\"><strong>WhatsApp: <span style=\"color: #3366ff;\"><a style=\"color: #3366ff;\" href=\"https:\/\/wa.me\/message\/Z6LWLVZDXHWFD1\" rel=\"nofollow noopener\" target=\"_blank\">+86 13849062209<\/a><\/span><\/strong><\/div>\n<div dir=\"auto\"><strong>Nuestro equipo est\u00e1 listo para brindarle servicio y soporte profesional.<\/strong><\/div>\n","protected":false},"excerpt":{"rendered":"<p>La bomba de vac\u00edo de paletas rotativas de dos etapas 2X-A tiene una estructura de dos etapas. Su par\u00e1metro t\u00e9cnico es 6X10-2 Pa. Seg\u00fan las necesidades del usuario, se utiliza como bomba auxiliar de la bomba de refuerzo de vac\u00edo.<\/p>\n","protected":false},"featured_media":7953,"template":"","meta":{"_acf_changed":false,"site-sidebar-layout":"default","site-content-layout":"","ast-site-content-layout":"default","site-content-style":"default","site-sidebar-style":"default","ast-global-header-display":"","ast-banner-title-visibility":"","ast-main-header-display":"","ast-hfb-above-header-display":"","ast-hfb-below-header-display":"","ast-hfb-mobile-header-display":"","site-post-title":"","ast-breadcrumbs-content":"","ast-featured-img":"","footer-sml-layout":"","ast-disable-related-posts":"","theme-transparent-header-meta":"default","adv-header-id-meta":"","stick-header-meta":"default","header-above-stick-meta":"","header-main-stick-meta":"","header-below-stick-meta":"","astra-migrate-meta-layouts":"set","ast-page-background-enabled":"default","ast-page-background-meta":{"desktop":{"background-color":"","background-image":"","background-repeat":"repeat","background-position":"center center","background-size":"auto","background-attachment":"scroll","background-type":"","background-media":"","overlay-type":"","overlay-color":"","overlay-opacity":"","overlay-gradient":""},"tablet":{"background-color":"","background-image":"","background-repeat":"repeat","background-position":"center center","background-size":"auto","background-attachment":"scroll","background-type":"","background-media":"","overlay-type":"","overlay-color":"","overlay-opacity":"","overlay-gradient":""},"mobile":{"background-color":"","background-image":"","background-repeat":"repeat","background-position":"center center","background-size":"auto","background-attachment":"scroll","background-type":"","background-media":"","overlay-type":"","overlay-color":"","overlay-opacity":"","overlay-gradient":""}},"ast-content-background-meta":{"desktop":{"background-color":"var(--ast-global-color-5)","background-image":"","background-repeat":"repeat","background-position":"center center","background-size":"auto","background-attachment":"scroll","background-type":"","background-media":"","overlay-type":"","overlay-color":"","overlay-opacity":"","overlay-gradient":""},"tablet":{"background-color":"var(--ast-global-color-5)","background-image":"","background-repeat":"repeat","background-position":"center center","background-size":"auto","background-attachment":"scroll","background-type":"","background-media":"","overlay-type":"","overlay-color":"","overlay-opacity":"","overlay-gradient":""},"mobile":{"background-color":"var(--ast-global-color-5)","background-image":"","background-repeat":"repeat","background-position":"center center","background-size":"auto","background-attachment":"scroll","background-type":"","background-media":"","overlay-type":"","overlay-color":"","overlay-opacity":"","overlay-gradient":""}}},"product_brand":[],"product_cat":[218],"product_tag":[175,193],"class_list":{"0":"post-9668","1":"product","2":"type-product","3":"status-publish","4":"has-post-thumbnail","6":"product_cat-oil-sealed-rotary-vane-vacuum-pumps-es","7":"product_tag-2x-a-es","8":"product_tag-oil-sealed-rotary-vane-vacuum-pumps-es","9":"desktop-align-left","10":"tablet-align-left","11":"mobile-align-left","12":"ast-product-gallery-layout-horizontal","13":"ast-magnify-disabled","15":"first","16":"instock","17":"shipping-taxable","18":"product-type-simple"},"acf":[],"_links":{"self":[{"href":"https:\/\/www.nuoxutech.com\/es\/wp-json\/wp\/v2\/product\/9668","targetHints":{"allow":["GET"]}}],"collection":[{"href":"https:\/\/www.nuoxutech.com\/es\/wp-json\/wp\/v2\/product"}],"about":[{"href":"https:\/\/www.nuoxutech.com\/es\/wp-json\/wp\/v2\/types\/product"}],"version-history":[{"count":2,"href":"https:\/\/www.nuoxutech.com\/es\/wp-json\/wp\/v2\/product\/9668\/revisions"}],"predecessor-version":[{"id":9670,"href":"https:\/\/www.nuoxutech.com\/es\/wp-json\/wp\/v2\/product\/9668\/revisions\/9670"}],"wp:featuredmedia":[{"embeddable":true,"href":"https:\/\/www.nuoxutech.com\/es\/wp-json\/wp\/v2\/media\/7953"}],"wp:attachment":[{"href":"https:\/\/www.nuoxutech.com\/es\/wp-json\/wp\/v2\/media?parent=9668"}],"wp:term":[{"taxonomy":"product_brand","embeddable":true,"href":"https:\/\/www.nuoxutech.com\/es\/wp-json\/wp\/v2\/product_brand?post=9668"},{"taxonomy":"product_cat","embeddable":true,"href":"https:\/\/www.nuoxutech.com\/es\/wp-json\/wp\/v2\/product_cat?post=9668"},{"taxonomy":"product_tag","embeddable":true,"href":"https:\/\/www.nuoxutech.com\/es\/wp-json\/wp\/v2\/product_tag?post=9668"}],"curies":[{"name":"wp","href":"https:\/\/api.w.org\/{rel}","templated":true}]}}