{"id":9685,"date":"2024-04-01T15:37:07","date_gmt":"2024-04-01T07:37:07","guid":{"rendered":"https:\/\/www.nuoxutech.com\/bombas-de-vacio-zjp-roots\/"},"modified":"2025-04-18T11:44:34","modified_gmt":"2025-04-18T03:44:34","slug":"zjp-roots-vacuum-pumps","status":"publish","type":"product","link":"https:\/\/www.nuoxutech.com\/es\/zjp-roots-vacuum-pumps\/","title":{"rendered":"Bombas de vac\u00edo Roots ZJP"},"content":{"rendered":"<div class=\"flex flex-grow flex-col max-w-full\">\n<div class=\"min-h-[20px] text-message flex flex-col items-start gap-3 whitespace-pre-wrap break-words [.text-message+&amp;]:mt-5 overflow-x-auto\" dir=\"auto\" data-message-author-role=\"assistant\" data-message-id=\"92eebc5b-29e4-4d47-9c82-f4296255a5e5\">\n<div class=\"markdown prose w-full break-words dark:prose-invert dark\">\n<h3>Mejore su sistema de vac\u00edo con las bomba de vac\u00edo Roots ZJP : ingenier\u00eda de precisi\u00f3n para un alto rendimiento<\/h3>\n<h4><a href=\"https:\/\/www.nuoxutech.com\/wp-content\/uploads\/2024\/08\/RootsVacuumPump1-.jpg\"><img fetchpriority=\"high\" decoding=\"async\" class=\"alignnone wp-image-7594 size-medium\" src=\"https:\/\/www.nuoxutech.com\/wp-content\/uploads\/2024\/08\/RootsVacuumPump1--300x225.jpg\" alt=\"bomba de vac\u00edo Roots ZJP\" width=\"300\" height=\"225\" title=\"\" srcset=\"https:\/\/www.nuoxutech.com\/wp-content\/uploads\/2024\/08\/RootsVacuumPump1--300x225.jpg 300w, https:\/\/www.nuoxutech.com\/wp-content\/uploads\/2024\/08\/RootsVacuumPump1--1024x768.jpg 1024w, https:\/\/www.nuoxutech.com\/wp-content\/uploads\/2024\/08\/RootsVacuumPump1--768x576.jpg 768w, https:\/\/www.nuoxutech.com\/wp-content\/uploads\/2024\/08\/RootsVacuumPump1--1536x1152.jpg 1536w, https:\/\/www.nuoxutech.com\/wp-content\/uploads\/2024\/08\/RootsVacuumPump1--512x384.jpg 512w, https:\/\/www.nuoxutech.com\/wp-content\/uploads\/2024\/08\/RootsVacuumPump1-.jpg 1706w\" sizes=\"(max-width: 300px) 100vw, 300px\" \/><\/a><\/h4>\n<p style=\"padding-left: 40px;\">La bomba de vac\u00edo Roots ZJP , tambi\u00e9n conocida como bomba de refuerzo mec\u00e1nica, ofrece una velocidad de bombeo de 150 a 2500 L\/s con una presi\u00f3n final de 5\u00d710\u207b\u00b2 Pa y es fundamental para alcanzar niveles de vac\u00edo medios y altos. Funciona con principios similares a los de una sopladora Roots y emplea la rotaci\u00f3n sincronizada de dos rotores en forma de 8 dentro de la carcasa de la bomba para facilitar los procesos de succi\u00f3n y escape.<\/p>\n<h4><strong>Ventajas:<\/strong><\/h4>\n<ol>\n<li><strong>Funcionamiento estable con reducci\u00f3n de vibraciones y ruido:<\/strong>\n<ul>\n<li>Garantiza un rendimiento estable con una vibraci\u00f3n m\u00ednima y bajos niveles de ruido, promoviendo un entorno de trabajo propicio.<\/li>\n<\/ul>\n<\/li>\n<li><strong>Consumo eficiente de energ\u00eda para ahorrar energ\u00eda:<\/strong>\n<ul>\n<li>Utiliza menos consumo de energ\u00eda, lo que contribuye a la eficiencia energ\u00e9tica y al ahorro de costes.<\/li>\n<\/ul>\n<\/li>\n<li><strong>Arranque r\u00e1pido y consecuci\u00f3n de la presi\u00f3n m\u00e1xima:<\/strong>\n<ul>\n<li>Ofrece capacidades de inicio r\u00e1pido, alcanzando niveles m\u00e1ximos de presi\u00f3n r\u00e1pidamente, mejorando la productividad.<\/li>\n<\/ul>\n<\/li>\n<li><strong>Cavidad de bomba sin aceite para un funcionamiento limpio:<\/strong>\n<ul>\n<li>Elimina la necesidad de aceite lubricante en la cavidad de la bomba, evitando la contaminaci\u00f3n por vapor de aceite y manteniendo la limpieza del sistema.<\/li>\n<li>Exhibe resistencia contra peque\u00f1as part\u00edculas de polvo, lo que garantiza un funcionamiento ininterrumpido.<\/li>\n<\/ul>\n<\/li>\n<li><strong>Antisobrecarga autom\u00e1tica con v\u00e1lvula de desbordamiento:<\/strong>\n<ul>\n<li>Equipado con una v\u00e1lvula de desbordamiento para anti-sobrecarga autom\u00e1tica, mejorando la seguridad y confiabilidad operativa.<\/li>\n<\/ul>\n<\/li>\n<\/ol>\n<h4><strong>Aplicaciones industriales<\/strong><\/h4>\n<ul>\n<li><strong>Metalurgia al vac\u00edo<\/strong>: sistemas de fundici\u00f3n de precisi\u00f3n y desgasificaci\u00f3n<\/li>\n<li><strong>Procesamiento qu\u00edmico<\/strong>: Plantas de recuperaci\u00f3n y destilaci\u00f3n de solventes<\/li>\n<li><strong>Recubrimiento de pel\u00edcula fina<\/strong>: sistemas de soporte de equipos PVD\/CVD<\/li>\n<li><strong>Farmac\u00e9utica<\/strong>: Liofilizaci\u00f3n y secado al vac\u00edo<\/li>\n<li><strong>Simulaci\u00f3n ambiental<\/strong>: C\u00e1maras de prueba del entorno espacial<\/li>\n<\/ul>\n<p><img decoding=\"async\" class=\"alignnone wp-image-6815 size-medium\" src=\"https:\/\/www.nuoxutech.com\/wp-content\/uploads\/2024\/08\/rootspiston1-300x300.jpg\" alt=\"bomba de vac\u00edo Roots ZJP\" width=\"300\" height=\"300\" title=\"\" srcset=\"https:\/\/www.nuoxutech.com\/wp-content\/uploads\/2024\/08\/rootspiston1-300x300.jpg 300w, https:\/\/www.nuoxutech.com\/wp-content\/uploads\/2024\/08\/rootspiston1-150x150.jpg 150w, https:\/\/www.nuoxutech.com\/wp-content\/uploads\/2024\/08\/rootspiston1-768x768.jpg 768w, https:\/\/www.nuoxutech.com\/wp-content\/uploads\/2024\/08\/rootspiston1-512x512.jpg 512w, https:\/\/www.nuoxutech.com\/wp-content\/uploads\/2024\/08\/rootspiston1-100x100.jpg 100w, https:\/\/www.nuoxutech.com\/wp-content\/uploads\/2024\/08\/rootspiston1.jpg 800w\" sizes=\"(max-width: 300px) 100vw, 300px\" \/><\/p>\n<h4><\/h4>\n<p>Experimente la ingenier\u00eda de precisi\u00f3n y el rendimiento superior de las bomba de vac\u00edo Roots ZJP, dise\u00f1adas para elevar su sistema de vac\u00edo a nuevos niveles de eficiencia y confiabilidad.<\/p>\n<div dir=\"auto\">Para obtener m\u00e1s informaci\u00f3n sobre las bomba de vac\u00edo <a href=\"https:\/\/www.nuoxutech.com\/zjp-roots-vacuum-pumps\/\">Roots <\/a><a href=\"https:\/\/www.nuoxutech.com\/zjp-roots-vacuum-pumps\/\">ZJP <\/a>, cont\u00e1ctenos<\/div>\n<div dir=\"auto\"><strong>Correo:<span style=\"color: #3366ff;\"><a style=\"color: #3366ff;\" href=\"mailto:contact@nuoxutech.com\">contact@nuoxutech.com<\/a><\/span><\/strong><\/div>\n<div dir=\"auto\"><strong>WhatsApp: <span style=\"color: #3366ff;\"><a style=\"color: #3366ff;\" href=\"https:\/\/wa.me\/message\/Z6LWLVZDXHWFD1\" rel=\"nofollow noopener\" target=\"_blank\">+86 13849062209<\/a><\/span><\/strong><\/div>\n<div dir=\"auto\"><strong>Nuestro equipo est\u00e1 listo para brindarle servicio y soporte profesional.<\/strong><\/div>\n<\/div>\n<\/div>\n<\/div>\n","protected":false},"excerpt":{"rendered":"<p>Las bombas de vac\u00edo Roots ZJP son bombas de desplazamiento positivo, tambi\u00e9n conocidas como bombas de refuerzo mec\u00e1nicas, y constituyen uno de los equipos principales para obtener vac\u00edos medios y altos. Su principio de funcionamiento es similar al de un soplador Roots, que utiliza dos rotores en forma de 8 con rotaci\u00f3n sincronizada en la carcasa de la bomba para completar el proceso de succi\u00f3n y descarga.<\/p>\n","protected":false},"featured_media":8598,"template":"","meta":{"_acf_changed":false,"site-sidebar-layout":"default","site-content-layout":"","ast-site-content-layout":"default","site-content-style":"default","site-sidebar-style":"default","ast-global-header-display":"","ast-banner-title-visibility":"","ast-main-header-display":"","ast-hfb-above-header-display":"","ast-hfb-below-header-display":"","ast-hfb-mobile-header-display":"","site-post-title":"","ast-breadcrumbs-content":"","ast-featured-img":"","footer-sml-layout":"","ast-disable-related-posts":"","theme-transparent-header-meta":"default","adv-header-id-meta":"","stick-header-meta":"default","header-above-stick-meta":"","header-main-stick-meta":"","header-below-stick-meta":"","astra-migrate-meta-layouts":"set","ast-page-background-enabled":"default","ast-page-background-meta":{"desktop":{"background-color":"","background-image":"","background-repeat":"repeat","background-position":"center center","background-size":"auto","background-attachment":"scroll","background-type":"","background-media":"","overlay-type":"","overlay-color":"","overlay-opacity":"","overlay-gradient":""},"tablet":{"background-color":"","background-image":"","background-repeat":"repeat","background-position":"center center","background-size":"auto","background-attachment":"scroll","background-type":"","background-media":"","overlay-type":"","overlay-color":"","overlay-opacity":"","overlay-gradient":""},"mobile":{"background-color":"","background-image":"","background-repeat":"repeat","background-position":"center center","background-size":"auto","background-attachment":"scroll","background-type":"","background-media":"","overlay-type":"","overlay-color":"","overlay-opacity":"","overlay-gradient":""}},"ast-content-background-meta":{"desktop":{"background-color":"var(--ast-global-color-5)","background-image":"","background-repeat":"repeat","background-position":"center center","background-size":"auto","background-attachment":"scroll","background-type":"","background-media":"","overlay-type":"","overlay-color":"","overlay-opacity":"","overlay-gradient":""},"tablet":{"background-color":"var(--ast-global-color-5)","background-image":"","background-repeat":"repeat","background-position":"center center","background-size":"auto","background-attachment":"scroll","background-type":"","background-media":"","overlay-type":"","overlay-color":"","overlay-opacity":"","overlay-gradient":""},"mobile":{"background-color":"var(--ast-global-color-5)","background-image":"","background-repeat":"repeat","background-position":"center center","background-size":"auto","background-attachment":"scroll","background-type":"","background-media":"","overlay-type":"","overlay-color":"","overlay-opacity":"","overlay-gradient":""}}},"product_brand":[],"product_cat":[219],"product_tag":[189],"class_list":{"0":"post-9685","1":"product","2":"type-product","3":"status-publish","4":"has-post-thumbnail","6":"product_cat-roots-vacuum-pump-es","7":"product_tag-roots-vacuum-pumps-es","8":"desktop-align-left","9":"tablet-align-left","10":"mobile-align-left","11":"ast-product-gallery-layout-horizontal","12":"ast-magnify-disabled","14":"first","15":"instock","16":"featured","17":"shipping-taxable","18":"product-type-simple"},"acf":[],"_links":{"self":[{"href":"https:\/\/www.nuoxutech.com\/es\/wp-json\/wp\/v2\/product\/9685","targetHints":{"allow":["GET"]}}],"collection":[{"href":"https:\/\/www.nuoxutech.com\/es\/wp-json\/wp\/v2\/product"}],"about":[{"href":"https:\/\/www.nuoxutech.com\/es\/wp-json\/wp\/v2\/types\/product"}],"version-history":[{"count":5,"href":"https:\/\/www.nuoxutech.com\/es\/wp-json\/wp\/v2\/product\/9685\/revisions"}],"predecessor-version":[{"id":9686,"href":"https:\/\/www.nuoxutech.com\/es\/wp-json\/wp\/v2\/product\/9685\/revisions\/9686"}],"wp:featuredmedia":[{"embeddable":true,"href":"https:\/\/www.nuoxutech.com\/es\/wp-json\/wp\/v2\/media\/8598"}],"wp:attachment":[{"href":"https:\/\/www.nuoxutech.com\/es\/wp-json\/wp\/v2\/media?parent=9685"}],"wp:term":[{"taxonomy":"product_brand","embeddable":true,"href":"https:\/\/www.nuoxutech.com\/es\/wp-json\/wp\/v2\/product_brand?post=9685"},{"taxonomy":"product_cat","embeddable":true,"href":"https:\/\/www.nuoxutech.com\/es\/wp-json\/wp\/v2\/product_cat?post=9685"},{"taxonomy":"product_tag","embeddable":true,"href":"https:\/\/www.nuoxutech.com\/es\/wp-json\/wp\/v2\/product_tag?post=9685"}],"curies":[{"name":"wp","href":"https:\/\/api.w.org\/{rel}","templated":true}]}}