{"id":9747,"date":"2024-04-01T15:48:12","date_gmt":"2024-04-01T07:48:12","guid":{"rendered":"https:\/\/www.nuoxutech.com\/bombas-de-vacio-de-tornillo-seco-lg\/"},"modified":"2025-04-22T14:32:15","modified_gmt":"2025-04-22T06:32:15","slug":"lg-dry-screw-vacuum-pump","status":"publish","type":"product","link":"https:\/\/www.nuoxutech.com\/es\/lg-dry-screw-vacuum-pump\/","title":{"rendered":"Bombas de vac\u00edo de tornillo seco LG"},"content":{"rendered":"<div class=\"flex flex-grow flex-col max-w-full\">\n<div class=\"min-h-[20px] text-message flex flex-col items-start gap-3 whitespace-pre-wrap break-words [.text-message+&amp;]:mt-5 overflow-x-auto\" dir=\"auto\" data-message-author-role=\"assistant\" data-message-id=\"4bc61042-dc6f-4207-bd80-0280c92dd58d\">\n<div class=\"markdown prose w-full break-words dark:prose-invert dark\">\n<h3>Descubra la superioridad de las bombas de vac\u00edo de tornillo seco LG: caracter\u00edsticas y aplicaciones avanzadas<\/h3>\n<h4><strong>Introducci\u00f3n:<\/strong><\/h4>\n<p style=\"padding-left: 40px;\">Las bombas de vac\u00edo de tornillo seco LG representan una innovaci\u00f3n revolucionaria en tecnolog\u00eda de bombas de vac\u00edo, ofreciendo un rendimiento inigualable y sostenibilidad ambiental. A diferencia de los dise\u00f1os tradicionales de bombas de vac\u00edo, las bombas de vac\u00edo de tornillo seco LG eliminan la necesidad de aceite o agua, lo que las hace ideales para el manejo de vapores y s\u00f3lidos condensables sin dejar residuos. Su funcionamiento limpio y dise\u00f1o ecol\u00f3gico las convierten en la opci\u00f3n preferida para diversas industrias.<\/p>\n<p><a href=\"https:\/\/www.nuoxutech.com\/lgb-dry-screw-vacuum-pump\/\"><img fetchpriority=\"high\" decoding=\"async\" class=\"alignnone wp-image-6966 size-medium\" src=\"https:\/\/www.nuoxutech.com\/wp-content\/uploads\/2024\/09\/LGBrongmei-300x300.jpg\" alt=\"dry-screw-vacuum-pump\" width=\"300\" height=\"300\" title=\"\" srcset=\"https:\/\/www.nuoxutech.com\/wp-content\/uploads\/2024\/09\/LGBrongmei-300x300.jpg 300w, https:\/\/www.nuoxutech.com\/wp-content\/uploads\/2024\/09\/LGBrongmei-150x150.jpg 150w, https:\/\/www.nuoxutech.com\/wp-content\/uploads\/2024\/09\/LGBrongmei-768x768.jpg 768w, https:\/\/www.nuoxutech.com\/wp-content\/uploads\/2024\/09\/LGBrongmei-512x512.jpg 512w, https:\/\/www.nuoxutech.com\/wp-content\/uploads\/2024\/09\/LGBrongmei-100x100.jpg 100w, https:\/\/www.nuoxutech.com\/wp-content\/uploads\/2024\/09\/LGBrongmei.jpg 800w\" sizes=\"(max-width: 300px) 100vw, 300px\" \/><\/a><\/p>\n<h4><strong>Ventajas:<\/strong><\/h4>\n<ol>\n<li><strong>Operaci\u00f3n sin aceite ni agua:<\/strong>\n<ul>\n<li>Vac\u00edo limpio logrado mediante operaci\u00f3n en seco, eliminando el riesgo de contaminaci\u00f3n de aceite o agua en el proceso.<\/li>\n<\/ul>\n<\/li>\n<li><strong>M\u00e1ximo rendimiento de vac\u00edo:<\/strong>\n<ul>\n<li>Capaz de alcanzar niveles de vac\u00edo m\u00e1ximos tan bajos como 2 Pa (50 Hz) y 1 Pa (60 Hz), lo que garantiza una extracci\u00f3n y procesamiento de vapor eficientes.<\/li>\n<\/ul>\n<\/li>\n<li><strong>Funcionamiento silencioso:<\/strong>\n<ul>\n<li>Equipadas con silenciadores especiales, las bombas de vac\u00edo de tornillo seco funcionan silenciosamente, minimizando los niveles de ruido y promoviendo un entorno de trabajo propicio.<\/li>\n<\/ul>\n<\/li>\n<li><strong>Larga vida \u00fatil de la bomba:<\/strong>\n<ul>\n<li>El dise\u00f1o sin contacto entre el tornillo y la carcasa evita el contacto de metal con metal, lo que garantiza una vida \u00fatil prolongada de la bomba y un rendimiento confiable.<\/li>\n<\/ul>\n<\/li>\n<li><strong>Mantenimiento sencillo:<\/strong>\n<ul>\n<li>Con un dise\u00f1o sencillo, las bombas de vac\u00edo de tornillo seco ofrecen procedimientos de mantenimiento f\u00e1ciles, lo que reduce el tiempo de inactividad y optimiza la productividad.<\/li>\n<\/ul>\n<\/li>\n<\/ol>\n<h4><strong>Aplicaciones:<\/strong><\/h4>\n<p style=\"padding-left: 40px;\">Las bombas de vac\u00edo de tornillo seco LG encuentran aplicaciones vers\u00e1tiles en diversas industrias, que incluyen:<\/p>\n<ul>\n<li style=\"list-style-type: none;\">\n<ul>\n<li>Procesamiento qu\u00edmico y farmac\u00e9utico<\/li>\n<li>Recuperaci\u00f3n de disolventes<\/li>\n<li>Cristalizaci\u00f3n<\/li>\n<li>Recubrimiento de vapor<\/li>\n<li>Procesamiento de petr\u00f3leo<\/li>\n<\/ul>\n<\/li>\n<\/ul>\n<p><strong>Esta es la aplicaci\u00f3n de nuestra unidad de vac\u00edo de tornillo Roots en plantas qu\u00edmicas.<\/strong><\/p>\n<p>La unidad se compone principalmente de una bomba de vac\u00edo Roots, una bomba de vac\u00edo de tornillo, un silenciador, etc. Pertenece a una bomba de vac\u00edo seca, que no genera contaminaci\u00f3n de aceite ni gas en la zona de contacto del sistema y es f\u00e1cil de tratar o reciclar centralizadamente por el cuerpo de escape.<\/p>\n<p><a href=\"https:\/\/www.nuoxutech.com\/lg-dry-screw-vacuum-pump\/\"><img decoding=\"async\" class=\"alignnone wp-image-6345 size-large\" src=\"https:\/\/www.nuoxutech.com\/wp-content\/uploads\/2024\/04\/LG2-768x1024.jpg\" alt=\"Bombas de vac\u00edo de tornillo seco LG\" width=\"768\" height=\"1024\" title=\"\" srcset=\"https:\/\/www.nuoxutech.com\/wp-content\/uploads\/2024\/04\/LG2-768x1024.jpg 768w, https:\/\/www.nuoxutech.com\/wp-content\/uploads\/2024\/04\/LG2-225x300.jpg 225w, https:\/\/www.nuoxutech.com\/wp-content\/uploads\/2024\/04\/LG2-300x400.jpg 300w, https:\/\/www.nuoxutech.com\/wp-content\/uploads\/2024\/04\/LG2-512x682.jpg 512w, https:\/\/www.nuoxutech.com\/wp-content\/uploads\/2024\/04\/LG2.jpg 1000w\" sizes=\"(max-width: 768px) 100vw, 768px\" \/><\/a><\/p>\n<p>Mejore sus procesos de vac\u00edo con las caracter\u00edsticas avanzadas y el rendimiento superior de las bombas de vac\u00edo de tornillo seco. Descubra las ventajas de unas operaciones de vac\u00edo limpias, eficientes y fiables, adaptadas a las exigencias de las aplicaciones industriales modernas.<\/p>\n<\/div>\n<\/div>\n<\/div>\n<div class=\"mt-1 flex gap-3 empty:hidden\">\n<div class=\"text-gray-400 flex self-end lg:self-center items-center justify-center lg:justify-start mt-0 -ml-1 h-7 gap-[2px] invisible\">\n<div dir=\"auto\">Para obtener m\u00e1s informaci\u00f3n sobre las <a href=\"https:\/\/www.nuoxutech.com\/lgb-dry-screw-vacuum-pump\/\">bombas de vac\u00edo de tornillo seco LG<\/a>, cont\u00e1ctenos<\/div>\n<div dir=\"auto\"><strong>Correo:<a href=\"mailto:contact@nuoxutech.com\"><span style=\"color: #3366ff;\">contact@nuoxutech.com<\/span><\/a><\/strong><\/div>\n<div dir=\"auto\"><strong>WhatsApp: <a href=\"https:\/\/wa.me\/message\/Z6LWLVZDXHWFD1\" rel=\"nofollow noopener\" target=\"_blank\"><span style=\"color: #3366ff;\">+86 13849062209<\/span><\/a><\/strong><\/div>\n<div dir=\"auto\"><strong>Nuestro equipo est\u00e1 listo para brindarle servicio y soporte profesional.<\/strong><\/div>\n<\/div>\n<\/div>\n","protected":false},"excerpt":{"rendered":"<p>Las bombas de vac\u00edo de tornillo seco LG pueden manejar vapores condensables y algunos s\u00f3lidos sin dejar residuos. Ofrecen diversas ventajas sobre los dise\u00f1os tradicionales de bombas de vac\u00edo. Al no haber contacto entre el aceite y el agua, se consideran ecol\u00f3gicas.<\/p>\n","protected":false},"featured_media":12330,"template":"","meta":{"_acf_changed":false,"site-sidebar-layout":"default","site-content-layout":"","ast-site-content-layout":"default","site-content-style":"default","site-sidebar-style":"default","ast-global-header-display":"","ast-banner-title-visibility":"","ast-main-header-display":"","ast-hfb-above-header-display":"","ast-hfb-below-header-display":"","ast-hfb-mobile-header-display":"","site-post-title":"","ast-breadcrumbs-content":"","ast-featured-img":"","footer-sml-layout":"","ast-disable-related-posts":"","theme-transparent-header-meta":"default","adv-header-id-meta":"","stick-header-meta":"default","header-above-stick-meta":"","header-main-stick-meta":"","header-below-stick-meta":"","astra-migrate-meta-layouts":"set","ast-page-background-enabled":"default","ast-page-background-meta":{"desktop":{"background-color":"","background-image":"","background-repeat":"repeat","background-position":"center center","background-size":"auto","background-attachment":"scroll","background-type":"","background-media":"","overlay-type":"","overlay-color":"","overlay-opacity":"","overlay-gradient":""},"tablet":{"background-color":"","background-image":"","background-repeat":"repeat","background-position":"center center","background-size":"auto","background-attachment":"scroll","background-type":"","background-media":"","overlay-type":"","overlay-color":"","overlay-opacity":"","overlay-gradient":""},"mobile":{"background-color":"","background-image":"","background-repeat":"repeat","background-position":"center center","background-size":"auto","background-attachment":"scroll","background-type":"","background-media":"","overlay-type":"","overlay-color":"","overlay-opacity":"","overlay-gradient":""}},"ast-content-background-meta":{"desktop":{"background-color":"var(--ast-global-color-5)","background-image":"","background-repeat":"repeat","background-position":"center center","background-size":"auto","background-attachment":"scroll","background-type":"","background-media":"","overlay-type":"","overlay-color":"","overlay-opacity":"","overlay-gradient":""},"tablet":{"background-color":"var(--ast-global-color-5)","background-image":"","background-repeat":"repeat","background-position":"center center","background-size":"auto","background-attachment":"scroll","background-type":"","background-media":"","overlay-type":"","overlay-color":"","overlay-opacity":"","overlay-gradient":""},"mobile":{"background-color":"var(--ast-global-color-5)","background-image":"","background-repeat":"repeat","background-position":"center center","background-size":"auto","background-attachment":"scroll","background-type":"","background-media":"","overlay-type":"","overlay-color":"","overlay-opacity":"","overlay-gradient":""}}},"product_brand":[],"product_cat":[217],"product_tag":[274],"class_list":{"0":"post-9747","1":"product","2":"type-product","3":"status-publish","4":"has-post-thumbnail","6":"product_cat-dry-vacuum-pumps-es","7":"product_tag-dry-vacuum-pumps-es","8":"desktop-align-left","9":"tablet-align-left","10":"mobile-align-left","11":"ast-product-gallery-layout-horizontal","12":"ast-magnify-disabled","14":"first","15":"instock","16":"shipping-taxable","17":"product-type-simple"},"acf":[],"_links":{"self":[{"href":"https:\/\/www.nuoxutech.com\/es\/wp-json\/wp\/v2\/product\/9747","targetHints":{"allow":["GET"]}}],"collection":[{"href":"https:\/\/www.nuoxutech.com\/es\/wp-json\/wp\/v2\/product"}],"about":[{"href":"https:\/\/www.nuoxutech.com\/es\/wp-json\/wp\/v2\/types\/product"}],"version-history":[{"count":2,"href":"https:\/\/www.nuoxutech.com\/es\/wp-json\/wp\/v2\/product\/9747\/revisions"}],"predecessor-version":[{"id":9749,"href":"https:\/\/www.nuoxutech.com\/es\/wp-json\/wp\/v2\/product\/9747\/revisions\/9749"}],"wp:featuredmedia":[{"embeddable":true,"href":"https:\/\/www.nuoxutech.com\/es\/wp-json\/wp\/v2\/media\/12330"}],"wp:attachment":[{"href":"https:\/\/www.nuoxutech.com\/es\/wp-json\/wp\/v2\/media?parent=9747"}],"wp:term":[{"taxonomy":"product_brand","embeddable":true,"href":"https:\/\/www.nuoxutech.com\/es\/wp-json\/wp\/v2\/product_brand?post=9747"},{"taxonomy":"product_cat","embeddable":true,"href":"https:\/\/www.nuoxutech.com\/es\/wp-json\/wp\/v2\/product_cat?post=9747"},{"taxonomy":"product_tag","embeddable":true,"href":"https:\/\/www.nuoxutech.com\/es\/wp-json\/wp\/v2\/product_tag?post=9747"}],"curies":[{"name":"wp","href":"https:\/\/api.w.org\/{rel}","templated":true}]}}