{"id":9750,"date":"2024-04-01T15:51:20","date_gmt":"2024-04-01T07:51:20","guid":{"rendered":"https:\/\/www.nuoxutech.com\/bomba-de-vacio-de-piston-de-dos-etapas-2h\/"},"modified":"2025-04-22T14:40:07","modified_gmt":"2025-04-22T06:40:07","slug":"2h-two-stage-piston-vacuum-pump","status":"publish","type":"product","link":"https:\/\/www.nuoxutech.com\/es\/2h-two-stage-piston-vacuum-pump\/","title":{"rendered":"Bomba de vac\u00edo de pist\u00f3n de dos etapas 2H"},"content":{"rendered":"<div class=\"flex flex-grow flex-col max-w-full\">\n<div class=\"min-h-[20px] text-message flex flex-col items-start gap-3 whitespace-pre-wrap break-words [.text-message+&amp;]:mt-5 overflow-x-auto\" dir=\"auto\" data-message-author-role=\"assistant\" data-message-id=\"8bdd99d3-87a6-4f93-9011-e9d683a95484\">\n<div class=\"markdown prose w-full break-words dark:prose-invert dark\">\n<h3>Explore las ventajas excepcionales de nuestra bomba de vac\u00edo de pist\u00f3n de dos etapas 2H: eficiencia, confiabilidad y versatilidad<\/h3>\n<h4><img fetchpriority=\"high\" decoding=\"async\" class=\"alignnone wp-image-6459 size-medium\" src=\"https:\/\/www.nuoxutech.com\/wp-content\/uploads\/2024\/04\/NuoXuRotaryPistonVacuumPumps2h-225x300.jpg\" alt=\"Bomba de vac\u00edo de pist\u00f3n de dos etapas 2H\" width=\"225\" height=\"300\" title=\"\"><\/h4>\n<h4><strong>Ventajas:<\/strong><\/h4>\n<ol>\n<li><strong>Baja gravedad y consumo de energ\u00eda:<\/strong>\n<ul>\n<li>Operaci\u00f3n eficiente con m\u00ednimo consumo energ\u00e9tico, garantizando ahorro energ\u00e9tico y sostenibilidad ambiental.<\/li>\n<li>Dise\u00f1o compacto con requisitos m\u00ednimos de espacio, ideal para instalaciones donde el espacio es limitado.<\/li>\n<li>Garantiza un rendimiento estable incluso en condiciones de funcionamiento dif\u00edciles.<\/li>\n<\/ul>\n<\/li>\n<li><strong>Mayor vida \u00fatil del aceite:<\/strong>\n<ul>\n<li>Reduce la expulsi\u00f3n de aceite en el puerto de descarga, prolongando la vida \u00fatil del aceite de la bomba de vac\u00edo y minimizando los requisitos de mantenimiento.<\/li>\n<\/ul>\n<\/li>\n<li><strong>Sistema avanzado de gesti\u00f3n de aceite:<\/strong>\n<ul>\n<li>Cuenta con un tanque de aceite sedimentado para evitar que el aceite regrese a la c\u00e1mara de la bomba, lo que garantiza un funcionamiento limpio y eficiente.<\/li>\n<li>El puerto de purga lateral en el tanque de aceite facilita la limpieza y el mantenimiento, mejorando la eficiencia operativa.<\/li>\n<\/ul>\n<\/li>\n<li><strong>Mantenimiento conveniente:<\/strong>\n<ul>\n<li>Equipado con juntas t\u00f3ricas para un f\u00e1cil desmontaje y mantenimiento, reduciendo el tiempo de inactividad y mejorando la comodidad del usuario.<\/li>\n<\/ul>\n<\/li>\n<li><strong>Mayor vida \u00fatil del rodamiento:<\/strong>\n<ul>\n<li>El nuevo sellado agregado entre la c\u00e1mara de la bomba y el cojinete extiende la vida \u00fatil de los cojinetes, lo que garantiza confiabilidad y rendimiento a largo plazo.<\/li>\n<\/ul>\n<\/li>\n<li><strong>Puertos de suministro de aceite separados:<\/strong>\n<ul>\n<li>Proporciona puertos de suministro separados para aceite y lubricantes de la bomba de vac\u00edo, optimizando la eficiencia de la lubricaci\u00f3n y el rendimiento de la bomba.<\/li>\n<\/ul>\n<\/li>\n<\/ol>\n<h4><strong>Aplicaciones:<\/strong><\/h4>\n<p style=\"padding-left: 40px;\">Nuestra bomba de vac\u00edo encuentra diversas aplicaciones en industrias que incluyen:<\/p>\n<ul>\n<li style=\"list-style-type: none;\">\n<ul>\n<li>Fusi\u00f3n al vac\u00edo<\/li>\n<li>Operaciones de hornos de vac\u00edo<\/li>\n<li>Procesamiento t\u00e9rmico<\/li>\n<li>Sinterizaci\u00f3n al vac\u00edo<\/li>\n<li>Metalurgia al vac\u00edo<\/li>\n<li>Desgasificaci\u00f3n al vac\u00edo<\/li>\n<li>Secado al vac\u00edo<\/li>\n<li>Recubrimiento al vac\u00edo<\/li>\n<li>Destilaci\u00f3n molecular<\/li>\n<li>Impregnaci\u00f3n al vac\u00edo<\/li>\n<li>Fabricaci\u00f3n de productos electr\u00f3nicos<\/li>\n<li>Industrias solares<\/li>\n<li>Pruebas de simulaci\u00f3n aeroespacial<\/li>\n<\/ul>\n<\/li>\n<\/ul>\n<p>Experimente la eficiencia, confiabilidad y versatilidad de nuestra bomba de vac\u00edo, dise\u00f1ada para satisfacer los exigentes requisitos de las aplicaciones industriales modernas con precisi\u00f3n y rendimiento.<\/p>\n<div dir=\"auto\"><img decoding=\"async\" class=\"alignnone wp-image-6959 size-full\" src=\"https:\/\/www.nuoxutech.com\/wp-content\/uploads\/2024\/09\/2h-30piston2.jpg\" alt=\"Bomba de vac\u00edo de pist\u00f3n de dos etapas 2H\" width=\"800\" height=\"800\" title=\"\" srcset=\"https:\/\/www.nuoxutech.com\/wp-content\/uploads\/2024\/09\/2h-30piston2.jpg 800w, https:\/\/www.nuoxutech.com\/wp-content\/uploads\/2024\/09\/2h-30piston2-300x300.jpg 300w, https:\/\/www.nuoxutech.com\/wp-content\/uploads\/2024\/09\/2h-30piston2-150x150.jpg 150w, https:\/\/www.nuoxutech.com\/wp-content\/uploads\/2024\/09\/2h-30piston2-768x768.jpg 768w, https:\/\/www.nuoxutech.com\/wp-content\/uploads\/2024\/09\/2h-30piston2-512x512.jpg 512w, https:\/\/www.nuoxutech.com\/wp-content\/uploads\/2024\/09\/2h-30piston2-100x100.jpg 100w\" sizes=\"(max-width: 800px) 100vw, 800px\" \/><\/div>\n<div dir=\"auto\">Para obtener m\u00e1s informaci\u00f3n sobre la bomba de vac\u00edo de pist\u00f3n de dos etapas <a href=\"https:\/\/www.nuoxutech.com\/2h-two-stage-piston-vacuum-pump\/\">2H<\/a>, cont\u00e1ctenos<\/div>\n<div dir=\"auto\"><strong>Correo:<span style=\"color: #3366ff;\"><a style=\"color: #3366ff;\" href=\"mailto:contact@nuoxutech.com\">contact@nuoxutech.com<\/a><\/span><\/strong><\/div>\n<div dir=\"auto\"><strong>WhatsApp: <span style=\"color: #3366ff;\"><a style=\"color: #3366ff;\" href=\"https:\/\/wa.me\/message\/Z6LWLVZDXHWFD1\" rel=\"nofollow noopener\" target=\"_blank\">+86 13849062209<\/a><\/span><\/strong><\/div>\n<div dir=\"auto\"><strong>Nuestro equipo est\u00e1 listo para brindarle servicio y soporte profesional.<\/strong><\/div>\n<\/div>\n<\/div>\n<\/div>\n<div class=\"mt-1 flex gap-3 empty:hidden\">\n<div class=\"text-gray-400 flex self-end lg:self-center items-center justify-center lg:justify-start mt-0 -ml-1 h-7 gap-[2px] invisible\"><\/div>\n<\/div>\n","protected":false},"excerpt":{"rendered":"<p>La bomba de vac\u00edo de pist\u00f3n de dos etapas 2H debe estar equipada con los accesorios adecuados si el gas es rico en ox\u00edgeno, explosivo, corrosivo para metales ferrosos o reactivo qu\u00edmicamente con el aceite de la bomba de vac\u00edo. La bomba puede funcionar individualmente.<\/p>\n","protected":false},"featured_media":8376,"template":"","meta":{"_acf_changed":false,"site-sidebar-layout":"default","site-content-layout":"","ast-site-content-layout":"default","site-content-style":"default","site-sidebar-style":"default","ast-global-header-display":"","ast-banner-title-visibility":"","ast-main-header-display":"","ast-hfb-above-header-display":"","ast-hfb-below-header-display":"","ast-hfb-mobile-header-display":"","site-post-title":"","ast-breadcrumbs-content":"","ast-featured-img":"","footer-sml-layout":"","ast-disable-related-posts":"","theme-transparent-header-meta":"default","adv-header-id-meta":"","stick-header-meta":"default","header-above-stick-meta":"","header-main-stick-meta":"","header-below-stick-meta":"","astra-migrate-meta-layouts":"set","ast-page-background-enabled":"default","ast-page-background-meta":{"desktop":{"background-color":"","background-image":"","background-repeat":"repeat","background-position":"center center","background-size":"auto","background-attachment":"scroll","background-type":"","background-media":"","overlay-type":"","overlay-color":"","overlay-opacity":"","overlay-gradient":""},"tablet":{"background-color":"","background-image":"","background-repeat":"repeat","background-position":"center center","background-size":"auto","background-attachment":"scroll","background-type":"","background-media":"","overlay-type":"","overlay-color":"","overlay-opacity":"","overlay-gradient":""},"mobile":{"background-color":"","background-image":"","background-repeat":"repeat","background-position":"center center","background-size":"auto","background-attachment":"scroll","background-type":"","background-media":"","overlay-type":"","overlay-color":"","overlay-opacity":"","overlay-gradient":""}},"ast-content-background-meta":{"desktop":{"background-color":"var(--ast-global-color-5)","background-image":"","background-repeat":"repeat","background-position":"center center","background-size":"auto","background-attachment":"scroll","background-type":"","background-media":"","overlay-type":"","overlay-color":"","overlay-opacity":"","overlay-gradient":""},"tablet":{"background-color":"var(--ast-global-color-5)","background-image":"","background-repeat":"repeat","background-position":"center center","background-size":"auto","background-attachment":"scroll","background-type":"","background-media":"","overlay-type":"","overlay-color":"","overlay-opacity":"","overlay-gradient":""},"mobile":{"background-color":"var(--ast-global-color-5)","background-image":"","background-repeat":"repeat","background-position":"center center","background-size":"auto","background-attachment":"scroll","background-type":"","background-media":"","overlay-type":"","overlay-color":"","overlay-opacity":"","overlay-gradient":""}}},"product_brand":[],"product_cat":[220],"product_tag":[278],"class_list":{"0":"post-9750","1":"product","2":"type-product","3":"status-publish","4":"has-post-thumbnail","6":"product_cat-rotary-piston-vacuum-pump-es","7":"product_tag-bomba-de-vacio-de-piston","8":"desktop-align-left","9":"tablet-align-left","10":"mobile-align-left","11":"ast-product-gallery-layout-horizontal","12":"ast-magnify-disabled","14":"first","15":"instock","16":"shipping-taxable","17":"product-type-simple"},"acf":[],"_links":{"self":[{"href":"https:\/\/www.nuoxutech.com\/es\/wp-json\/wp\/v2\/product\/9750","targetHints":{"allow":["GET"]}}],"collection":[{"href":"https:\/\/www.nuoxutech.com\/es\/wp-json\/wp\/v2\/product"}],"about":[{"href":"https:\/\/www.nuoxutech.com\/es\/wp-json\/wp\/v2\/types\/product"}],"version-history":[{"count":2,"href":"https:\/\/www.nuoxutech.com\/es\/wp-json\/wp\/v2\/product\/9750\/revisions"}],"predecessor-version":[{"id":9752,"href":"https:\/\/www.nuoxutech.com\/es\/wp-json\/wp\/v2\/product\/9750\/revisions\/9752"}],"wp:featuredmedia":[{"embeddable":true,"href":"https:\/\/www.nuoxutech.com\/es\/wp-json\/wp\/v2\/media\/8376"}],"wp:attachment":[{"href":"https:\/\/www.nuoxutech.com\/es\/wp-json\/wp\/v2\/media?parent=9750"}],"wp:term":[{"taxonomy":"product_brand","embeddable":true,"href":"https:\/\/www.nuoxutech.com\/es\/wp-json\/wp\/v2\/product_brand?post=9750"},{"taxonomy":"product_cat","embeddable":true,"href":"https:\/\/www.nuoxutech.com\/es\/wp-json\/wp\/v2\/product_cat?post=9750"},{"taxonomy":"product_tag","embeddable":true,"href":"https:\/\/www.nuoxutech.com\/es\/wp-json\/wp\/v2\/product_tag?post=9750"}],"curies":[{"name":"wp","href":"https:\/\/api.w.org\/{rel}","templated":true}]}}