{"id":9756,"date":"2024-04-01T16:00:17","date_gmt":"2024-04-01T08:00:17","guid":{"rendered":"https:\/\/www.nuoxutech.com\/bomba-de-vacio-de-difusion-de-aceite-serie-kt\/"},"modified":"2025-04-22T14:50:45","modified_gmt":"2025-04-22T06:50:45","slug":"kt-series-oil-diffusion-vacuum-pump","status":"publish","type":"product","link":"https:\/\/www.nuoxutech.com\/es\/kt-series-oil-diffusion-vacuum-pump\/","title":{"rendered":"Bomba de vac\u00edo de difusi\u00f3n de aceite serie KT"},"content":{"rendered":"<h3>Explore la potencia y precisi\u00f3n de la bomba de vac\u00edo de difusi\u00f3n de aceite de la serie KT: Habilitaci\u00f3n de sistemas de alto vac\u00edo<\/h3>\n<p><img fetchpriority=\"high\" decoding=\"async\" class=\"alignnone wp-image-6331 size-full\" src=\"https:\/\/www.nuoxutech.com\/wp-content\/uploads\/2024\/06\/KT_PVD3.jpg\" alt=\"Bomba de vac\u00edo de difusi\u00f3n de aceite serie KT\" width=\"800\" height=\"600\" title=\"\" srcset=\"https:\/\/www.nuoxutech.com\/wp-content\/uploads\/2024\/06\/KT_PVD3.jpg 800w, https:\/\/www.nuoxutech.com\/wp-content\/uploads\/2024\/06\/KT_PVD3-300x225.jpg 300w, https:\/\/www.nuoxutech.com\/wp-content\/uploads\/2024\/06\/KT_PVD3-768x576.jpg 768w, https:\/\/www.nuoxutech.com\/wp-content\/uploads\/2024\/06\/KT_PVD3-512x384.jpg 512w\" sizes=\"(max-width: 800px) 100vw, 800px\" \/><\/p>\n<h4><strong>Descripci\u00f3n general:<\/strong><\/h4>\n<p style=\"padding-left: 40px;\">La bomba de vac\u00edo de difusi\u00f3n de aceite de la serie KT, junto con la bomba de difusi\u00f3n de aceite de la serie K y la bomba de refuerzo de aceite de la serie Z, sirve como piedra angular para lograr altos niveles de vac\u00edo (2 ~ 10*<em>10^-6 Pa). Estas bombas se pueden integrar con placas refrigeradas por agua, v\u00e1lvulas y bombas de vac\u00edo mec\u00e1nicas para crear sistemas de alto vac\u00edo, con capacidades de presi\u00f3n m\u00e1xima que alcanzan (2 ~ 10* <\/em>10^-4 Pa). Caracterizadas por una robusta capacidad de bombeo, estas bombas ofrecen grandes capacidades de bombeo que van desde 480 a 60000 l\/s, lo que las hace adecuadas para una amplia gama de aplicaciones.<\/p>\n<h4><strong>Caracter\u00edsticas principales:<\/strong><\/h4>\n<ol>\n<li><strong>Fuerte capacidad de bombeo:<\/strong>\n<ul>\n<li>Capaz de alcanzar y mantener altos niveles de vac\u00edo de manera eficiente, garantizando un rendimiento confiable en entornos exigentes.<\/li>\n<\/ul>\n<\/li>\n<li><strong>Gran capacidad de bombeo:<\/strong>\n<ul>\n<li>Ofrece una amplia gama de capacidades de bombeo, desde 480 a 60000 l\/s, satisfaciendo diversas necesidades de aplicaci\u00f3n con precisi\u00f3n y versatilidad.<\/li>\n<\/ul>\n<\/li>\n<li><strong>Flexibilidad de integraci\u00f3n:<\/strong>\n<ul>\n<li>Se puede integrar perfectamente con placas refrigeradas por agua, v\u00e1lvulas y bombas de vac\u00edo mec\u00e1nicas para crear sistemas de alto vac\u00edo personalizados adaptados a requisitos espec\u00edficos.<\/li>\n<\/ul>\n<\/li>\n<li><strong>Capacidades de presi\u00f3n m\u00e1xima:<\/strong>\n<ul>\n<li>Permite alcanzar niveles de presi\u00f3n m\u00e1xima tan bajos como (2 ~ 10*10^-4 Pa), satisfaciendo las estrictas demandas de las aplicaciones de alto vac\u00edo.<\/li>\n<\/ul>\n<\/li>\n<\/ol>\n<h4><strong>Aplicaciones:<\/strong><\/h4>\n<p style=\"padding-left: 40px;\">La bomba de vac\u00edo de difusi\u00f3n de aceite de la serie KT se utiliza ampliamente en diversas industrias para diversas aplicaciones, que incluyen:<\/p>\n<ul>\n<li style=\"list-style-type: none;\">\n<ul>\n<li>Fabricaci\u00f3n de semiconductores<\/li>\n<li>Recubrimiento al vac\u00edo<\/li>\n<li>Tecnolog\u00eda aeroespacial<\/li>\n<li>Laboratorios de investigaci\u00f3n<\/li>\n<li>Ciencia de los materiales<\/li>\n<li>Deposici\u00f3n de pel\u00edcula delgada<\/li>\n<li>Aceleradores de part\u00edculas<\/li>\n<li>Microscop\u00eda electr\u00f3nica<\/li>\n<li>C\u00e1maras de simulaci\u00f3n espacial<\/li>\n<\/ul>\n<\/li>\n<\/ul>\n<p>Experimente la potencia, la precisi\u00f3n y la confiabilidad de la bomba de vac\u00edo de difusi\u00f3n de aceite de la serie KT, dise\u00f1ada para brindar un rendimiento excepcional para lograr y mantener altos niveles de vac\u00edo para aplicaciones cr\u00edticas.<\/p>\n<div dir=\"auto\">Para obtener m\u00e1s informaci\u00f3n sobre la bomba de vac\u00edo de difusi\u00f3n de aceite de la <a href=\"https:\/\/www.nuoxutech.com\/kt-series-oil-diffusion-vacuum-pump\/\">serie KT,<\/a> cont\u00e1ctenos.<\/div>\n<div dir=\"auto\"><strong>Correo:<a href=\"mailto:contact@nuoxutech.com\">contact@nuoxutech.com<\/a><\/strong><\/div>\n<div dir=\"auto\"><strong>WhatsApp: <a href=\"https:\/\/wa.me\/message\/Z6LWLVZDXHWFD1\" rel=\"nofollow noopener\" target=\"_blank\">+86 13849062209<\/a><\/strong><\/div>\n<div dir=\"auto\"><strong>Nuestro equipo est\u00e1 listo para brindarle servicio y soporte profesional.<\/strong><\/div>\n","protected":false},"excerpt":{"rendered":"<p>La bomba de vac\u00edo de difusi\u00f3n de aceite de la serie KT se usa ampliamente en recubrimiento al vac\u00edo, hornos de vac\u00edo, electr\u00f3nica, industria qu\u00edmica, metalurgia y otros campos de alta tecnolog\u00eda, y tambi\u00e9n se ha utilizado ampliamente en el campo de la esponja de titanio con grandes elogios.<\/p>\n","protected":false},"featured_media":7992,"template":"","meta":{"_acf_changed":false,"site-sidebar-layout":"default","site-content-layout":"","ast-site-content-layout":"default","site-content-style":"default","site-sidebar-style":"default","ast-global-header-display":"","ast-banner-title-visibility":"","ast-main-header-display":"","ast-hfb-above-header-display":"","ast-hfb-below-header-display":"","ast-hfb-mobile-header-display":"","site-post-title":"","ast-breadcrumbs-content":"","ast-featured-img":"","footer-sml-layout":"","ast-disable-related-posts":"","theme-transparent-header-meta":"default","adv-header-id-meta":"","stick-header-meta":"default","header-above-stick-meta":"","header-main-stick-meta":"","header-below-stick-meta":"","astra-migrate-meta-layouts":"set","ast-page-background-enabled":"default","ast-page-background-meta":{"desktop":{"background-color":"","background-image":"","background-repeat":"repeat","background-position":"center center","background-size":"auto","background-attachment":"scroll","background-type":"","background-media":"","overlay-type":"","overlay-color":"","overlay-opacity":"","overlay-gradient":""},"tablet":{"background-color":"","background-image":"","background-repeat":"repeat","background-position":"center center","background-size":"auto","background-attachment":"scroll","background-type":"","background-media":"","overlay-type":"","overlay-color":"","overlay-opacity":"","overlay-gradient":""},"mobile":{"background-color":"","background-image":"","background-repeat":"repeat","background-position":"center center","background-size":"auto","background-attachment":"scroll","background-type":"","background-media":"","overlay-type":"","overlay-color":"","overlay-opacity":"","overlay-gradient":""}},"ast-content-background-meta":{"desktop":{"background-color":"var(--ast-global-color-5)","background-image":"","background-repeat":"repeat","background-position":"center center","background-size":"auto","background-attachment":"scroll","background-type":"","background-media":"","overlay-type":"","overlay-color":"","overlay-opacity":"","overlay-gradient":""},"tablet":{"background-color":"var(--ast-global-color-5)","background-image":"","background-repeat":"repeat","background-position":"center center","background-size":"auto","background-attachment":"scroll","background-type":"","background-media":"","overlay-type":"","overlay-color":"","overlay-opacity":"","overlay-gradient":""},"mobile":{"background-color":"var(--ast-global-color-5)","background-image":"","background-repeat":"repeat","background-position":"center center","background-size":"auto","background-attachment":"scroll","background-type":"","background-media":"","overlay-type":"","overlay-color":"","overlay-opacity":"","overlay-gradient":""}}},"product_brand":[],"product_cat":[216],"product_tag":[279],"class_list":{"0":"post-9756","1":"product","2":"type-product","3":"status-publish","4":"has-post-thumbnail","6":"product_cat-diffusion-vacuum-pumps-oil-booster-es","7":"product_tag-bomba-de-difusion-de-aceite","8":"desktop-align-left","9":"tablet-align-left","10":"mobile-align-left","11":"ast-product-gallery-layout-horizontal","12":"ast-magnify-disabled","14":"first","15":"instock","16":"shipping-taxable","17":"product-type-simple"},"acf":[],"_links":{"self":[{"href":"https:\/\/www.nuoxutech.com\/es\/wp-json\/wp\/v2\/product\/9756","targetHints":{"allow":["GET"]}}],"collection":[{"href":"https:\/\/www.nuoxutech.com\/es\/wp-json\/wp\/v2\/product"}],"about":[{"href":"https:\/\/www.nuoxutech.com\/es\/wp-json\/wp\/v2\/types\/product"}],"version-history":[{"count":2,"href":"https:\/\/www.nuoxutech.com\/es\/wp-json\/wp\/v2\/product\/9756\/revisions"}],"predecessor-version":[{"id":9758,"href":"https:\/\/www.nuoxutech.com\/es\/wp-json\/wp\/v2\/product\/9756\/revisions\/9758"}],"wp:featuredmedia":[{"embeddable":true,"href":"https:\/\/www.nuoxutech.com\/es\/wp-json\/wp\/v2\/media\/7992"}],"wp:attachment":[{"href":"https:\/\/www.nuoxutech.com\/es\/wp-json\/wp\/v2\/media?parent=9756"}],"wp:term":[{"taxonomy":"product_brand","embeddable":true,"href":"https:\/\/www.nuoxutech.com\/es\/wp-json\/wp\/v2\/product_brand?post=9756"},{"taxonomy":"product_cat","embeddable":true,"href":"https:\/\/www.nuoxutech.com\/es\/wp-json\/wp\/v2\/product_cat?post=9756"},{"taxonomy":"product_tag","embeddable":true,"href":"https:\/\/www.nuoxutech.com\/es\/wp-json\/wp\/v2\/product_tag?post=9756"}],"curies":[{"name":"wp","href":"https:\/\/api.w.org\/{rel}","templated":true}]}}