{"id":9843,"date":"2024-04-07T14:25:31","date_gmt":"2024-04-07T06:25:31","guid":{"rendered":"https:\/\/www.nuoxutech.com\/valvula-de-compuerta-de-ultra-alto-vacio-ccq\/"},"modified":"2025-04-23T11:55:04","modified_gmt":"2025-04-23T03:55:04","slug":"ccq-ultra-high-vacuum-gate-valve","status":"publish","type":"product","link":"https:\/\/www.nuoxutech.com\/es\/ccq-ultra-high-vacuum-gate-valve\/","title":{"rendered":"V\u00e1lvula de compuerta de ultra alto vac\u00edo CCQ"},"content":{"rendered":"<div class=\"flex flex-grow flex-col max-w-full\">\n<div class=\"min-h-[20px] text-message flex flex-col items-start gap-3 whitespace-pre-wrap break-words [.text-message+&amp;]:mt-5 overflow-x-auto\" dir=\"auto\" data-message-author-role=\"assistant\" data-message-id=\"ab40489e-b315-4cd7-a81b-ca110c78ff94\">\n<div class=\"markdown prose w-full break-words dark:prose-invert dark\">\n<h3>V\u00e1lvula de compuerta de ultra alto vac\u00edo CCQ<\/h3>\n<p><img fetchpriority=\"high\" decoding=\"async\" class=\"alignnone wp-image-7193 size-medium\" src=\"https:\/\/www.nuoxutech.com\/wp-content\/uploads\/2024\/04\/CCQ1-300x300.jpg\" alt=\"V\u00e1lvula de compuerta de ultra alto vac\u00edo CCQ\" width=\"300\" height=\"300\" title=\"\" srcset=\"https:\/\/www.nuoxutech.com\/wp-content\/uploads\/2024\/04\/CCQ1-300x300.jpg 300w, https:\/\/www.nuoxutech.com\/wp-content\/uploads\/2024\/04\/CCQ1-150x150.jpg 150w, https:\/\/www.nuoxutech.com\/wp-content\/uploads\/2024\/04\/CCQ1-768x768.jpg 768w, https:\/\/www.nuoxutech.com\/wp-content\/uploads\/2024\/04\/CCQ1-512x512.jpg 512w, https:\/\/www.nuoxutech.com\/wp-content\/uploads\/2024\/04\/CCQ1-100x100.jpg 100w, https:\/\/www.nuoxutech.com\/wp-content\/uploads\/2024\/04\/CCQ1.jpg 800w\" sizes=\"(max-width: 300px) 100vw, 300px\" \/><\/p>\n<p style=\"padding-left: 40px;\"><span class=\"HwtZe\" lang=\"en\"><span class=\"jCAhz JxVs2d ChMk0b C1N51c\"><span class=\"ryNqvb\">La v\u00e1lvula de compuerta de ultra alto vac\u00edo CCQ utiliza aire comprimido como fuente de energ\u00eda, cambia la direcci\u00f3n del flujo de gas a trav\u00e9s de la v\u00e1lvula electromagn\u00e9tica de inversi\u00f3n, empuja el pist\u00f3n del cilindro, empuja (tira) el mecanismo de biela a trav\u00e9s de la biela de transmisi\u00f3n, impulsa el plato de la v\u00e1lvula para que se mueva axialmente, lo que permite su apertura o cierre, logrando as\u00ed conectar o cortar el flujo de aire en el sistema de ultra alto vac\u00edo. Su dise\u00f1o estructural es razonable, su apariencia atractiva y sus ventajas son: movimiento suave, tama\u00f1o compacto, amplio canal de flujo, uso confiable, buen sellado y larga vida \u00fatil, lo que la hace ampliamente utilizada en equipos de ultra alto vac\u00edo. El fluido de trabajo aplicable es aire limpio y gases no corrosivos. <\/span><\/span><\/span><\/p>\n<h4><strong>Caracter\u00edsticas principales:<\/strong><\/h4>\n<ol>\n<li><strong>Operaci\u00f3n con aire comprimido<\/strong>: Alimentado por aire comprimido, proporciona un accionamiento confiable y eficiente para el funcionamiento de la v\u00e1lvula.<\/li>\n<li><strong>Funcionamiento suave<\/strong>: La v\u00e1lvula funciona suavemente, lo que garantiza un control preciso sobre el flujo de aire en sistemas de ultra alto vac\u00edo.<\/li>\n<li><strong>Dise\u00f1o compacto<\/strong>: con un dise\u00f1o compacto, la v\u00e1lvula ahorra espacio y se puede integrar f\u00e1cilmente en sistemas de vac\u00edo.<\/li>\n<li><strong>Alto caudal<\/strong>: capaz de manejar altos caudales, lo que lo hace adecuado para diversas aplicaciones en equipos de ultra alto vac\u00edo.<\/li>\n<li><strong>Rendimiento de sellado confiable<\/strong>: la v\u00e1lvula ofrece un excelente rendimiento de sellado, lo que garantiza una fuga m\u00ednima y mantiene la integridad del sistema de vac\u00edo.<\/li>\n<li><strong>Larga vida \u00fatil<\/strong>: Dise\u00f1ada para durar, la v\u00e1lvula cuenta con una larga vida \u00fatil, lo que reduce los requisitos de mantenimiento y garantiza un funcionamiento ininterrumpido.<\/li>\n<li><strong>Amplia aplicaci\u00f3n<\/strong>: adecuado para una amplia gama de equipos y sistemas de ultra alto vac\u00edo, proporcionando un rendimiento vers\u00e1til y confiable.<\/li>\n<\/ol>\n<h4><strong>Presupuesto:<\/strong><\/h4>\n<p style=\"padding-left: 40px;\">Proporcione el di\u00e1metro de la v\u00e1lvula de compuerta requerida y r\u00e1pidamente le enviaremos una cotizaci\u00f3n detallada adaptada a sus necesidades espec\u00edficas.<\/p>\n<p>La v\u00e1lvula de compuerta CCQ para ultra alto vac\u00edo ofrece una soluci\u00f3n fiable, eficiente y precisa para controlar el flujo de aire en sistemas de ultra alto vac\u00edo. Su dise\u00f1o compacto, su funcionamiento suave y su excelente rendimiento de sellado la convierten en la opci\u00f3n ideal para diversas aplicaciones en equipos de ultra alto vac\u00edo.<\/p>\n<p><img decoding=\"async\" class=\"alignnone wp-image-6613 size-full\" src=\"https:\/\/www.nuoxutech.com\/wp-content\/uploads\/2024\/07\/ALL-e1727261163701.jpg\" alt=\"V\u00e1lvula de compuerta de ultra alto vac\u00edo CCQ\" width=\"400\" height=\"600\" title=\"\"><\/p>\n<div dir=\"auto\">\n<hr \/>\n<p>Para obtener m\u00e1s informaci\u00f3n sobre la v\u00e1lvula de compuerta de ultra alto vac\u00edo <a href=\"https:\/\/www.nuoxutech.com\/ccq-ultra-high-vacuum-gate-valve\/\">CCQ<\/a>, cont\u00e1ctenos<\/p>\n<\/div>\n<div dir=\"auto\"><strong>Correo:<span style=\"color: #3366ff;\"><a style=\"color: #3366ff;\" href=\"mailto:contact@nuoxutech.com\">contact@nuoxutech.com<\/a><\/span><\/strong><\/div>\n<div dir=\"auto\"><strong>WhatsApp: <span style=\"color: #3366ff;\"><a style=\"color: #3366ff;\" href=\"https:\/\/wa.me\/message\/Z6LWLVZDXHWFD1\" rel=\"nofollow noopener\" target=\"_blank\">+86 13849062209<\/a><\/span><\/strong><\/div>\n<div dir=\"auto\"><strong>Nuestro equipo est\u00e1 listo para brindarle servicio y soporte profesional.<\/strong><\/div>\n<div dir=\"auto\">\n<hr \/>\n<\/div>\n<div dir=\"auto\">\n<h4 class=\"wp-block-heading\">Palabras Clave<\/h4>\n<p>sistema de vac\u00edo, nuoxutech, bomba de vac\u00edo, VacuumSystem, v\u00e1lvula de compuerta de ultra alto vac\u00edo de bajo mantenimiento para las industrias de electr\u00f3nica aeroespacial y recubrimiento, v\u00e1lvula de compuerta de vac\u00edo duradera y de alta eficiencia para procesamiento de ultra alto vac\u00edo, v\u00e1lvula de compuerta de vac\u00edo CCQ de alto rendimiento.<\/p>\n<\/div>\n<\/div>\n<\/div>\n<\/div>\n","protected":false},"excerpt":{"rendered":"<p>La v\u00e1lvula de compuerta CCQ de ultra alto vac\u00edo es una soluci\u00f3n sofisticada accionada por aire comprimido. Utiliza una v\u00e1lvula solenoide para cambiar la direcci\u00f3n del paso del aire, lo que a su vez activa el pist\u00f3n del cilindro. Mediante un mecanismo de palanca de transmisi\u00f3n, el plato de la v\u00e1lvula se acciona axialmente para abrir o cerrar la v\u00e1lvula, lo que facilita el control preciso del flujo de aire en sistemas de ultra alto vac\u00edo.<\/p>\n","protected":false},"featured_media":8127,"template":"","meta":{"_acf_changed":false,"site-sidebar-layout":"default","site-content-layout":"","ast-site-content-layout":"default","site-content-style":"default","site-sidebar-style":"default","ast-global-header-display":"","ast-banner-title-visibility":"","ast-main-header-display":"","ast-hfb-above-header-display":"","ast-hfb-below-header-display":"","ast-hfb-mobile-header-display":"","site-post-title":"","ast-breadcrumbs-content":"","ast-featured-img":"","footer-sml-layout":"","ast-disable-related-posts":"","theme-transparent-header-meta":"default","adv-header-id-meta":"","stick-header-meta":"default","header-above-stick-meta":"","header-main-stick-meta":"","header-below-stick-meta":"","astra-migrate-meta-layouts":"set","ast-page-background-enabled":"default","ast-page-background-meta":{"desktop":{"background-color":"","background-image":"","background-repeat":"repeat","background-position":"center center","background-size":"auto","background-attachment":"scroll","background-type":"","background-media":"","overlay-type":"","overlay-color":"","overlay-opacity":"","overlay-gradient":""},"tablet":{"background-color":"","background-image":"","background-repeat":"repeat","background-position":"center center","background-size":"auto","background-attachment":"scroll","background-type":"","background-media":"","overlay-type":"","overlay-color":"","overlay-opacity":"","overlay-gradient":""},"mobile":{"background-color":"","background-image":"","background-repeat":"repeat","background-position":"center center","background-size":"auto","background-attachment":"scroll","background-type":"","background-media":"","overlay-type":"","overlay-color":"","overlay-opacity":"","overlay-gradient":""}},"ast-content-background-meta":{"desktop":{"background-color":"var(--ast-global-color-5)","background-image":"","background-repeat":"repeat","background-position":"center center","background-size":"auto","background-attachment":"scroll","background-type":"","background-media":"","overlay-type":"","overlay-color":"","overlay-opacity":"","overlay-gradient":""},"tablet":{"background-color":"var(--ast-global-color-5)","background-image":"","background-repeat":"repeat","background-position":"center center","background-size":"auto","background-attachment":"scroll","background-type":"","background-media":"","overlay-type":"","overlay-color":"","overlay-opacity":"","overlay-gradient":""},"mobile":{"background-color":"var(--ast-global-color-5)","background-image":"","background-repeat":"repeat","background-position":"center center","background-size":"auto","background-attachment":"scroll","background-type":"","background-media":"","overlay-type":"","overlay-color":"","overlay-opacity":"","overlay-gradient":""}}},"product_brand":[],"product_cat":[223],"product_tag":[],"class_list":{"0":"post-9843","1":"product","2":"type-product","3":"status-publish","4":"has-post-thumbnail","6":"product_cat-vacuum-valves-and-spare-parts-es","7":"desktop-align-left","8":"tablet-align-left","9":"mobile-align-left","10":"ast-product-gallery-layout-horizontal","11":"ast-magnify-disabled","13":"first","14":"instock","15":"shipping-taxable","16":"product-type-simple"},"acf":[],"_links":{"self":[{"href":"https:\/\/www.nuoxutech.com\/es\/wp-json\/wp\/v2\/product\/9843","targetHints":{"allow":["GET"]}}],"collection":[{"href":"https:\/\/www.nuoxutech.com\/es\/wp-json\/wp\/v2\/product"}],"about":[{"href":"https:\/\/www.nuoxutech.com\/es\/wp-json\/wp\/v2\/types\/product"}],"version-history":[{"count":4,"href":"https:\/\/www.nuoxutech.com\/es\/wp-json\/wp\/v2\/product\/9843\/revisions"}],"predecessor-version":[{"id":9847,"href":"https:\/\/www.nuoxutech.com\/es\/wp-json\/wp\/v2\/product\/9843\/revisions\/9847"}],"wp:featuredmedia":[{"embeddable":true,"href":"https:\/\/www.nuoxutech.com\/es\/wp-json\/wp\/v2\/media\/8127"}],"wp:attachment":[{"href":"https:\/\/www.nuoxutech.com\/es\/wp-json\/wp\/v2\/media?parent=9843"}],"wp:term":[{"taxonomy":"product_brand","embeddable":true,"href":"https:\/\/www.nuoxutech.com\/es\/wp-json\/wp\/v2\/product_brand?post=9843"},{"taxonomy":"product_cat","embeddable":true,"href":"https:\/\/www.nuoxutech.com\/es\/wp-json\/wp\/v2\/product_cat?post=9843"},{"taxonomy":"product_tag","embeddable":true,"href":"https:\/\/www.nuoxutech.com\/es\/wp-json\/wp\/v2\/product_tag?post=9843"}],"curies":[{"name":"wp","href":"https:\/\/api.w.org\/{rel}","templated":true}]}}