{"id":9851,"date":"2024-04-07T15:56:04","date_gmt":"2024-04-07T07:56:04","guid":{"rendered":"https:\/\/www.nuoxutech.com\/valvulas-angulares-neumaticas-de-alto-vacio-gdq\/"},"modified":"2025-04-23T12:07:28","modified_gmt":"2025-04-23T04:07:28","slug":"gdq-pneumatic-high-vacuum-angle-valves","status":"publish","type":"product","link":"https:\/\/www.nuoxutech.com\/es\/gdq-pneumatic-high-vacuum-angle-valves\/","title":{"rendered":"V\u00e1lvulas angulares neum\u00e1ticas de alto vac\u00edo GDQ"},"content":{"rendered":"<h3>V\u00e1lvulas angulares neum\u00e1ticas de alto vac\u00edo GDQ (v\u00e1lvulas deflectoras)<\/h3>\n<p><img fetchpriority=\"high\" decoding=\"async\" class=\"alignnone wp-image-6550 size-medium\" src=\"https:\/\/www.nuoxutech.com\/wp-content\/uploads\/2024\/04\/newGDQnew-183x300.jpg\" alt=\"V\u00e1lvulas angulares neum\u00e1ticas de alto vac\u00edo GDQ\" width=\"183\" height=\"300\" title=\"\" srcset=\"https:\/\/www.nuoxutech.com\/wp-content\/uploads\/2024\/04\/newGDQnew-183x300.jpg 183w, https:\/\/www.nuoxutech.com\/wp-content\/uploads\/2024\/04\/newGDQnew-624x1024.jpg 624w, https:\/\/www.nuoxutech.com\/wp-content\/uploads\/2024\/04\/newGDQnew-768x1261.jpg 768w, https:\/\/www.nuoxutech.com\/wp-content\/uploads\/2024\/04\/newGDQnew-935x1536.jpg 935w, https:\/\/www.nuoxutech.com\/wp-content\/uploads\/2024\/04\/newGDQnew-300x493.jpg 300w, https:\/\/www.nuoxutech.com\/wp-content\/uploads\/2024\/04\/newGDQnew-512x841.jpg 512w, https:\/\/www.nuoxutech.com\/wp-content\/uploads\/2024\/04\/newGDQnew.jpg 1039w\" sizes=\"(max-width: 183px) 100vw, 183px\" \/><\/p>\n<h4>Introducci\u00f3n a la v\u00e1lvula \u00e1ngel de alto vac\u00edo neum\u00e1tica GDQ:<\/h4>\n<p style=\"padding-left: 40px;\">La v\u00e1lvula neum\u00e1tica de \u00e1ngel de alto vac\u00edo GDQ, tambi\u00e9n conocida como v\u00e1lvula de \u00e1ngulo, est\u00e1 dise\u00f1ada para abrir o cerrar la placa de la v\u00e1lvula moviendo el v\u00e1stago hacia arriba y hacia abajo. Esta acci\u00f3n permite que la v\u00e1lvula conecte o desconecte el flujo dentro de un sistema de vac\u00edo. El modelo GDQ-j presenta un dise\u00f1o de paso angular, mientras que el modelo GDQ-s est\u00e1 equipado con una boca para conexiones de prebombeo. Esta v\u00e1lvula es apta para aire y gases no corrosivos.<\/p>\n<h4>V\u00e1lvula \u00e1ngel de alto vac\u00edo neum\u00e1tica GDQ Aplicaciones:<\/h4>\n<ul>\n<li><strong>Sistemas de vac\u00edo<\/strong>: se utilizan en sistemas de alto vac\u00edo para conectar o desconectar el flujo, manteniendo la integridad del vac\u00edo durante el funcionamiento del sistema.<\/li>\n<li><strong>Equipo de laboratorio<\/strong>: Se aplica en configuraciones de laboratorio para controlar el flujo de gas en c\u00e1maras de vac\u00edo, aparatos experimentales e instrumentos anal\u00edticos.<\/li>\n<li><strong>Fabricaci\u00f3n de semiconductores<\/strong>: se utiliza en procesos de fabricaci\u00f3n de semiconductores donde el control preciso del vac\u00edo es esencial para mantener entornos limpios y controlados.<\/li>\n<li><strong>Deposici\u00f3n de pel\u00edcula fina<\/strong>: se utiliza en procesos de deposici\u00f3n f\u00edsica de vapor (PVD) y deposici\u00f3n qu\u00edmica de vapor (CVD) para aplicaciones de recubrimiento de pel\u00edcula fina.<\/li>\n<li><strong>Investigaci\u00f3n y desarrollo<\/strong>: Se emplea en instalaciones de investigaci\u00f3n y laboratorios de I+D para experimentaci\u00f3n y pruebas que requieren condiciones de alto vac\u00edo.<\/li>\n<\/ul>\n<div class=\"flex flex-grow flex-col max-w-full\">\n<div class=\"min-h-[20px] text-message flex flex-col items-start gap-3 whitespace-pre-wrap break-words [.text-message+&amp;]:mt-5 overflow-x-auto\" dir=\"auto\" data-message-author-role=\"assistant\" data-message-id=\"385394fa-9ef0-4eae-a895-09353e84a80e\">\n<div class=\"markdown prose w-full break-words dark:prose-invert dark\">\n<p>La v\u00e1lvula de \u00e1ngel neum\u00e1tica de alto vac\u00edo GDQ ofrece un control preciso y un rendimiento fiable en entornos de alto vac\u00edo. Su robusta construcci\u00f3n, dise\u00f1o herm\u00e9tico y compatibilidad con diversos medios la convierten en un componente valioso en una amplia gama de aplicaciones industriales y cient\u00edficas.<\/p>\n<p><img decoding=\"async\" class=\"alignnone wp-image-6613 size-full\" src=\"https:\/\/www.nuoxutech.com\/wp-content\/uploads\/2024\/07\/ALL-e1727261163701.jpg\" alt=\"V\u00e1lvulas angulares neum\u00e1ticas de alto vac\u00edo GDQ\" width=\"400\" height=\"600\" title=\"\"><\/p>\n<\/div>\n<\/div>\n<\/div>\n<div class=\"mt-1 flex gap-3 empty:hidden\">\n<div class=\"text-gray-400 flex self-end lg:self-center items-center justify-center lg:justify-start mt-0 -ml-1 h-7 gap-[2px] invisible\">\n<div dir=\"auto\">\n<hr \/>\n<p>Para obtener m\u00e1s informaci\u00f3n sobre las v\u00e1lvulas angulares neum\u00e1ticas de alto vac\u00edo <a href=\"https:\/\/www.nuoxutech.com\/gdq-pneumatic-high-vacuum-angle-valves\/\">GDQ<\/a>, cont\u00e1ctenos<\/p>\n<\/div>\n<div dir=\"auto\"><strong>Correo:<span style=\"color: #3366ff;\"><a style=\"color: #3366ff;\" href=\"mailto:contact@nuoxutech.com\">contact@nuoxutech.com<\/a><\/span><\/strong><\/div>\n<div dir=\"auto\"><strong>WhatsApp: <span style=\"color: #3366ff;\"><a style=\"color: #3366ff;\" href=\"https:\/\/wa.me\/message\/Z6LWLVZDXHWFD1\" rel=\"nofollow noopener\" target=\"_blank\">+86 13849062209<\/a><\/span><\/strong><\/div>\n<div dir=\"auto\"><strong>Nuestro equipo est\u00e1 listo para brindarle servicio y soporte profesional.<\/strong><\/div>\n<div dir=\"auto\">\n<hr \/>\n<h4 class=\"wp-block-heading\">Palabras Clave<\/h4>\n<p>sistema de vac\u00edo, nuoxutech, bomba de vac\u00edo, VacuumSystem, v\u00e1lvulas angulares neum\u00e1ticas de alto vac\u00edo GDQ.<\/p>\n<\/div>\n<\/div>\n<\/div>\n","protected":false},"excerpt":{"rendered":"<p>Las v\u00e1lvulas angulares neum\u00e1ticas de alto vac\u00edo GDQ son aire comprimido impulsado a trav\u00e9s de la v\u00e1lvula solenoide Gaibian que dirige la direcci\u00f3n neum\u00e1tica promoviendo los movimientos del pist\u00f3n hacia arriba y hacia abajo.<\/p>\n","protected":false},"featured_media":8139,"template":"","meta":{"_acf_changed":false,"site-sidebar-layout":"default","site-content-layout":"","ast-site-content-layout":"default","site-content-style":"default","site-sidebar-style":"default","ast-global-header-display":"","ast-banner-title-visibility":"","ast-main-header-display":"","ast-hfb-above-header-display":"","ast-hfb-below-header-display":"","ast-hfb-mobile-header-display":"","site-post-title":"","ast-breadcrumbs-content":"","ast-featured-img":"","footer-sml-layout":"","ast-disable-related-posts":"","theme-transparent-header-meta":"default","adv-header-id-meta":"","stick-header-meta":"default","header-above-stick-meta":"","header-main-stick-meta":"","header-below-stick-meta":"","astra-migrate-meta-layouts":"set","ast-page-background-enabled":"default","ast-page-background-meta":{"desktop":{"background-color":"","background-image":"","background-repeat":"repeat","background-position":"center center","background-size":"auto","background-attachment":"scroll","background-type":"","background-media":"","overlay-type":"","overlay-color":"","overlay-opacity":"","overlay-gradient":""},"tablet":{"background-color":"","background-image":"","background-repeat":"repeat","background-position":"center center","background-size":"auto","background-attachment":"scroll","background-type":"","background-media":"","overlay-type":"","overlay-color":"","overlay-opacity":"","overlay-gradient":""},"mobile":{"background-color":"","background-image":"","background-repeat":"repeat","background-position":"center center","background-size":"auto","background-attachment":"scroll","background-type":"","background-media":"","overlay-type":"","overlay-color":"","overlay-opacity":"","overlay-gradient":""}},"ast-content-background-meta":{"desktop":{"background-color":"var(--ast-global-color-5)","background-image":"","background-repeat":"repeat","background-position":"center center","background-size":"auto","background-attachment":"scroll","background-type":"","background-media":"","overlay-type":"","overlay-color":"","overlay-opacity":"","overlay-gradient":""},"tablet":{"background-color":"var(--ast-global-color-5)","background-image":"","background-repeat":"repeat","background-position":"center center","background-size":"auto","background-attachment":"scroll","background-type":"","background-media":"","overlay-type":"","overlay-color":"","overlay-opacity":"","overlay-gradient":""},"mobile":{"background-color":"var(--ast-global-color-5)","background-image":"","background-repeat":"repeat","background-position":"center center","background-size":"auto","background-attachment":"scroll","background-type":"","background-media":"","overlay-type":"","overlay-color":"","overlay-opacity":"","overlay-gradient":""}}},"product_brand":[],"product_cat":[223],"product_tag":[],"class_list":{"0":"post-9851","1":"product","2":"type-product","3":"status-publish","4":"has-post-thumbnail","6":"product_cat-vacuum-valves-and-spare-parts-es","7":"desktop-align-left","8":"tablet-align-left","9":"mobile-align-left","10":"ast-product-gallery-layout-horizontal","11":"ast-magnify-disabled","13":"first","14":"instock","15":"shipping-taxable","16":"product-type-simple"},"acf":[],"_links":{"self":[{"href":"https:\/\/www.nuoxutech.com\/es\/wp-json\/wp\/v2\/product\/9851","targetHints":{"allow":["GET"]}}],"collection":[{"href":"https:\/\/www.nuoxutech.com\/es\/wp-json\/wp\/v2\/product"}],"about":[{"href":"https:\/\/www.nuoxutech.com\/es\/wp-json\/wp\/v2\/types\/product"}],"version-history":[{"count":2,"href":"https:\/\/www.nuoxutech.com\/es\/wp-json\/wp\/v2\/product\/9851\/revisions"}],"predecessor-version":[{"id":9853,"href":"https:\/\/www.nuoxutech.com\/es\/wp-json\/wp\/v2\/product\/9851\/revisions\/9853"}],"wp:featuredmedia":[{"embeddable":true,"href":"https:\/\/www.nuoxutech.com\/es\/wp-json\/wp\/v2\/media\/8139"}],"wp:attachment":[{"href":"https:\/\/www.nuoxutech.com\/es\/wp-json\/wp\/v2\/media?parent=9851"}],"wp:term":[{"taxonomy":"product_brand","embeddable":true,"href":"https:\/\/www.nuoxutech.com\/es\/wp-json\/wp\/v2\/product_brand?post=9851"},{"taxonomy":"product_cat","embeddable":true,"href":"https:\/\/www.nuoxutech.com\/es\/wp-json\/wp\/v2\/product_cat?post=9851"},{"taxonomy":"product_tag","embeddable":true,"href":"https:\/\/www.nuoxutech.com\/es\/wp-json\/wp\/v2\/product_tag?post=9851"}],"curies":[{"name":"wp","href":"https:\/\/api.w.org\/{rel}","templated":true}]}}