{"id":9921,"date":"2024-04-07T16:01:38","date_gmt":"2024-04-07T08:01:38","guid":{"rendered":"https:\/\/www.nuoxutech.com\/valvula-de-diafragma-de-alto-vacio-serie-gm\/"},"modified":"2025-04-24T10:45:26","modified_gmt":"2025-04-24T02:45:26","slug":"gm-series-high-vacuum-diaphragm-valve","status":"publish","type":"product","link":"https:\/\/www.nuoxutech.com\/es\/gm-series-high-vacuum-diaphragm-valve\/","title":{"rendered":"V\u00e1lvula de diafragma de alto vac\u00edo serie GM"},"content":{"rendered":"<div class=\"flex flex-grow flex-col max-w-full\">\n<div class=\"min-h-[20px] text-message flex flex-col items-start gap-3 whitespace-pre-wrap break-words [.text-message+&amp;]:mt-5 overflow-x-auto\" dir=\"auto\" data-message-author-role=\"assistant\" data-message-id=\"038e3448-5ce3-4a6a-a43c-0a269f3a54d3\">\n<div class=\"markdown prose w-full break-words dark:prose-invert dark\">\n<h3>V\u00e1lvula de diafragma de alto vac\u00edo GM<\/h3>\n<p><img fetchpriority=\"high\" decoding=\"async\" class=\"alignnone wp-image-6566 size-medium\" src=\"https:\/\/www.nuoxutech.com\/wp-content\/uploads\/2024\/04\/newGM2-231x300.jpg\" alt=\"V\u00e1lvula de diafragma de alto vac\u00edo serie GM\" width=\"231\" height=\"300\" title=\"\" srcset=\"https:\/\/www.nuoxutech.com\/wp-content\/uploads\/2024\/04\/newGM2-231x300.jpg 231w, https:\/\/www.nuoxutech.com\/wp-content\/uploads\/2024\/04\/newGM2-789x1024.jpg 789w, https:\/\/www.nuoxutech.com\/wp-content\/uploads\/2024\/04\/newGM2-768x997.jpg 768w, https:\/\/www.nuoxutech.com\/wp-content\/uploads\/2024\/04\/newGM2-1184x1536.jpg 1184w, https:\/\/www.nuoxutech.com\/wp-content\/uploads\/2024\/04\/newGM2-1578x2048.jpg 1578w, https:\/\/www.nuoxutech.com\/wp-content\/uploads\/2024\/04\/newGM2-300x389.jpg 300w, https:\/\/www.nuoxutech.com\/wp-content\/uploads\/2024\/04\/newGM2-512x664.jpg 512w, https:\/\/www.nuoxutech.com\/wp-content\/uploads\/2024\/04\/newGM2-scaled.jpg 1973w\" sizes=\"(max-width: 231px) 100vw, 231px\" \/><\/p>\n<h4>Descripci\u00f3n del Producto:<\/h4>\n<p style=\"padding-left: 40px;\">La v\u00e1lvula de diafragma de vac\u00edo GM est\u00e1 dise\u00f1ada para cortar o conectar el sistema de vac\u00edo mediante un v\u00e1stago que presiona una pel\u00edcula de caucho directamente sobre el asiento de la v\u00e1lvula. Ofrece un rendimiento fiable y un control preciso en aplicaciones de alto vac\u00edo. La v\u00e1lvula est\u00e1 disponible con diferentes tipos de conexi\u00f3n, incluyendo brida de uni\u00f3n solapada, brida de descarga r\u00e1pida y conexi\u00f3n soldada (tipos I y II). Es apta para aire y gases no corrosivos.<\/p>\n<h4>Dimensiones b\u00e1sicas:<\/h4>\n<\/div>\n<\/div>\n<\/div>\n<p>&nbsp;<\/p>\n<table style=\"height: 199px;\" width=\"1659\" cellspacing=\"0\" cellpadding=\"0\">\n<tbody>\n<tr class=\"firstRow\">\n<td width=\"257\">Applicable Scope(Pa)<\/td>\n<td width=\"393\">2\u00d7105\uff5e1.3\u00d710-4<\/td>\n<\/tr>\n<tr>\n<td width=\"257\">Valve Leak Rate(Pa.L\/S)<\/td>\n<td width=\"393\">\u22641.3\u00d710-6<\/td>\n<\/tr>\n<tr>\n<td width=\"257\">Medium Temperature\uff08\u2103\uff09<\/td>\n<td width=\"393\">-25\uff5e+80(Seal Material: chemigum)<br \/>\n-30\uff5e+150(Seal Material: viton)<\/td>\n<\/tr>\n<tr>\n<td width=\"257\">Install Position<\/td>\n<td width=\"393\">arbitrary<\/td>\n<\/tr>\n<\/tbody>\n<\/table>\n<h4>Formularios de conexi\u00f3n:<\/h4>\n<ol>\n<li><strong>Conexi\u00f3n de brida con junta traslapada: <\/strong>permite una conexi\u00f3n segura y herm\u00e9tica mediante bridas con junta traslapada.<\/li>\n<li><strong>Conexi\u00f3n de brida de descarga r\u00e1pida:<\/strong> proporciona una instalaci\u00f3n y extracci\u00f3n r\u00e1pida y sencilla mediante bridas de descarga r\u00e1pida.<\/li>\n<li><strong>Conexi\u00f3n tipo soldadura:<\/strong>\n<ul>\n<li><strong>Conexi\u00f3n tipo soldadura I (soldadura en ambos extremos):<\/strong> Ambos extremos de la v\u00e1lvula est\u00e1n soldados al sistema, lo que garantiza la estabilidad y la integridad.<\/li>\n<li><strong>Conexi\u00f3n tipo soldadura II (un extremo soldado, otro extremo insertado):<\/strong> Un extremo de la v\u00e1lvula est\u00e1 soldado al sistema, mientras que el otro extremo se inserta, lo que ofrece flexibilidad en la instalaci\u00f3n.<\/li>\n<\/ul>\n<\/li>\n<\/ol>\n<h4>Aplicaciones:<\/h4>\n<ul>\n<li><strong>Sistemas de vac\u00edo: <\/strong>se utilizan para cortar o conectar sistemas de vac\u00edo en diversas aplicaciones industriales y cient\u00edficas que requieren altos niveles de vac\u00edo.<\/li>\n<li><strong>Fabricaci\u00f3n de semiconductores: <\/strong>ideal para procesos de fabricaci\u00f3n de semiconductores donde el control preciso del vac\u00edo es crucial para garantizar la calidad y el rendimiento del producto.<\/li>\n<li><strong>Deposici\u00f3n de pel\u00edcula fina:<\/strong> adecuada para t\u00e9cnicas de deposici\u00f3n de pel\u00edcula fina, como la deposici\u00f3n f\u00edsica de vapor (PVD) y la deposici\u00f3n qu\u00edmica de vapor (CVD).<\/li>\n<li><strong>Investigaci\u00f3n y desarrollo:<\/strong> Se aplica en laboratorios de investigaci\u00f3n y configuraciones experimentales para crear entornos de vac\u00edo controlados.<\/li>\n<\/ul>\n<p>La v\u00e1lvula de diafragma de alto vac\u00edo GM ofrece un rendimiento superior, sellado herm\u00e9tico y opciones de instalaci\u00f3n vers\u00e1tiles, lo que la convierte en una opci\u00f3n confiable para aplicaciones de alto vac\u00edo en diferentes industrias.<\/p>\n<div dir=\"auto\"><img decoding=\"async\" class=\"alignnone wp-image-6613 size-full\" src=\"https:\/\/www.nuoxutech.com\/wp-content\/uploads\/2024\/07\/ALL-e1727261163701.jpg\" alt=\"V\u00e1lvula de diafragma de alto vac\u00edo GM\" width=\"400\" height=\"600\" title=\"\"><\/div>\n<div dir=\"auto\">\n<hr \/>\n<p>Para obtener m\u00e1s informaci\u00f3n sobre la v\u00e1lvula de diafragma de alto vac\u00edo de la <a href=\"https:\/\/www.nuoxutech.com\/gm-series-high-vacuum-diaphragm-valve\/\">serie GM<\/a>, cont\u00e1ctenos<\/p>\n<\/div>\n<div dir=\"auto\"><strong>Correo:<span style=\"color: #3366ff;\"><a style=\"color: #3366ff;\" href=\"mailto:contact@nuoxutech.com\">contact@nuoxutech.com<\/a><\/span><\/strong><\/div>\n<div dir=\"auto\"><strong>WhatsApp: <span style=\"color: #3366ff;\"><a style=\"color: #3366ff;\" href=\"https:\/\/wa.me\/message\/Z6LWLVZDXHWFD1\" rel=\"nofollow noopener\" target=\"_blank\">+86 13849062209<\/a><\/span><\/strong><\/div>\n<div dir=\"auto\"><strong>Nuestro equipo est\u00e1 listo para brindarle servicio y soporte profesional.<\/strong><\/div>\n<div dir=\"auto\">\n<hr \/>\n<h4 class=\"wp-block-heading\">Palabras Clave<\/h4>\n<p>Sistema de vac\u00edo, nuoxutech, bomba de vac\u00edo, VacuumSystem, V\u00e1lvula de diafragma de vac\u00edo, v\u00e1lvula de diafragma industrial de alto vac\u00edo, v\u00e1lvula de diafragma de vac\u00edo serie GM para aplicaciones de precisi\u00f3n, v\u00e1lvula de diafragma de alto vac\u00edo serie GM fabricada en China para control preciso del flujo de gas, v\u00e1lvula de diafragma de alto vac\u00edo de grado industrial con excelente sellado herm\u00e9tico.<\/p>\n<\/div>\n","protected":false},"excerpt":{"rendered":"<p>La v\u00e1lvula de diafragma de alto vac\u00edo GM utiliza una varilla de v\u00e1lvula para presionar la pel\u00edcula de goma directamente sobre el asiento de la v\u00e1lvula y se utiliza para cortar o conectar el sistema de vac\u00edo.<\/p>\n","protected":false},"featured_media":8160,"template":"","meta":{"_acf_changed":false,"site-sidebar-layout":"default","site-content-layout":"","ast-site-content-layout":"default","site-content-style":"default","site-sidebar-style":"default","ast-global-header-display":"","ast-banner-title-visibility":"","ast-main-header-display":"","ast-hfb-above-header-display":"","ast-hfb-below-header-display":"","ast-hfb-mobile-header-display":"","site-post-title":"","ast-breadcrumbs-content":"","ast-featured-img":"","footer-sml-layout":"","ast-disable-related-posts":"","theme-transparent-header-meta":"default","adv-header-id-meta":"","stick-header-meta":"default","header-above-stick-meta":"","header-main-stick-meta":"","header-below-stick-meta":"","astra-migrate-meta-layouts":"set","ast-page-background-enabled":"default","ast-page-background-meta":{"desktop":{"background-color":"","background-image":"","background-repeat":"repeat","background-position":"center center","background-size":"auto","background-attachment":"scroll","background-type":"","background-media":"","overlay-type":"","overlay-color":"","overlay-opacity":"","overlay-gradient":""},"tablet":{"background-color":"","background-image":"","background-repeat":"repeat","background-position":"center center","background-size":"auto","background-attachment":"scroll","background-type":"","background-media":"","overlay-type":"","overlay-color":"","overlay-opacity":"","overlay-gradient":""},"mobile":{"background-color":"","background-image":"","background-repeat":"repeat","background-position":"center center","background-size":"auto","background-attachment":"scroll","background-type":"","background-media":"","overlay-type":"","overlay-color":"","overlay-opacity":"","overlay-gradient":""}},"ast-content-background-meta":{"desktop":{"background-color":"var(--ast-global-color-5)","background-image":"","background-repeat":"repeat","background-position":"center center","background-size":"auto","background-attachment":"scroll","background-type":"","background-media":"","overlay-type":"","overlay-color":"","overlay-opacity":"","overlay-gradient":""},"tablet":{"background-color":"var(--ast-global-color-5)","background-image":"","background-repeat":"repeat","background-position":"center center","background-size":"auto","background-attachment":"scroll","background-type":"","background-media":"","overlay-type":"","overlay-color":"","overlay-opacity":"","overlay-gradient":""},"mobile":{"background-color":"var(--ast-global-color-5)","background-image":"","background-repeat":"repeat","background-position":"center center","background-size":"auto","background-attachment":"scroll","background-type":"","background-media":"","overlay-type":"","overlay-color":"","overlay-opacity":"","overlay-gradient":""}}},"product_brand":[],"product_cat":[223],"product_tag":[],"class_list":{"0":"post-9921","1":"product","2":"type-product","3":"status-publish","4":"has-post-thumbnail","6":"product_cat-vacuum-valves-and-spare-parts-es","7":"desktop-align-left","8":"tablet-align-left","9":"mobile-align-left","10":"ast-product-gallery-layout-horizontal","11":"ast-magnify-disabled","13":"first","14":"instock","15":"shipping-taxable","16":"product-type-simple"},"acf":[],"_links":{"self":[{"href":"https:\/\/www.nuoxutech.com\/es\/wp-json\/wp\/v2\/product\/9921","targetHints":{"allow":["GET"]}}],"collection":[{"href":"https:\/\/www.nuoxutech.com\/es\/wp-json\/wp\/v2\/product"}],"about":[{"href":"https:\/\/www.nuoxutech.com\/es\/wp-json\/wp\/v2\/types\/product"}],"version-history":[{"count":3,"href":"https:\/\/www.nuoxutech.com\/es\/wp-json\/wp\/v2\/product\/9921\/revisions"}],"predecessor-version":[{"id":9924,"href":"https:\/\/www.nuoxutech.com\/es\/wp-json\/wp\/v2\/product\/9921\/revisions\/9924"}],"wp:featuredmedia":[{"embeddable":true,"href":"https:\/\/www.nuoxutech.com\/es\/wp-json\/wp\/v2\/media\/8160"}],"wp:attachment":[{"href":"https:\/\/www.nuoxutech.com\/es\/wp-json\/wp\/v2\/media?parent=9921"}],"wp:term":[{"taxonomy":"product_brand","embeddable":true,"href":"https:\/\/www.nuoxutech.com\/es\/wp-json\/wp\/v2\/product_brand?post=9921"},{"taxonomy":"product_cat","embeddable":true,"href":"https:\/\/www.nuoxutech.com\/es\/wp-json\/wp\/v2\/product_cat?post=9921"},{"taxonomy":"product_tag","embeddable":true,"href":"https:\/\/www.nuoxutech.com\/es\/wp-json\/wp\/v2\/product_tag?post=9921"}],"curies":[{"name":"wp","href":"https:\/\/api.w.org\/{rel}","templated":true}]}}