{"id":9927,"date":"2024-04-07T16:07:06","date_gmt":"2024-04-07T08:07:06","guid":{"rendered":"https:\/\/www.nuoxutech.com\/valvula-de-ajuste-fino-de-alto-vacio-serie-gw-j-t\/"},"modified":"2025-04-24T11:11:00","modified_gmt":"2025-04-24T03:11:00","slug":"gw-j-t-series-high-vacuum-fine-tuning-valve","status":"publish","type":"product","link":"https:\/\/www.nuoxutech.com\/es\/gw-j-t-series-high-vacuum-fine-tuning-valve\/","title":{"rendered":"V\u00e1lvula de ajuste fino de alto vac\u00edo serie Gw-j-t"},"content":{"rendered":"<h3>V\u00e1lvula de ajuste fino de alto vac\u00edo serie GW-J-T (v\u00e1lvula de aguja de vac\u00edo)<\/h3>\n<p><img fetchpriority=\"high\" decoding=\"async\" class=\"alignnone wp-image-6563 size-medium\" src=\"https:\/\/www.nuoxutech.com\/wp-content\/uploads\/2024\/04\/newGW-J-T2-230x300.jpg\" alt=\"V\u00e1lvula de ajuste fino de alto vac\u00edo serie Gw-j-t\" width=\"230\" height=\"300\" title=\"\" srcset=\"https:\/\/www.nuoxutech.com\/wp-content\/uploads\/2024\/04\/newGW-J-T2-230x300.jpg 230w, https:\/\/www.nuoxutech.com\/wp-content\/uploads\/2024\/04\/newGW-J-T2-300x391.jpg 300w, https:\/\/www.nuoxutech.com\/wp-content\/uploads\/2024\/04\/newGW-J-T2.jpg 450w\" sizes=\"(max-width: 230px) 100vw, 230px\" \/><\/p>\n<p>La v\u00e1lvula de ajuste fino de alto vac\u00edo serie GW-J-T, tambi\u00e9n conocida como v\u00e1lvula de aguja de vac\u00edo, est\u00e1 dise\u00f1ada para ajustar con precisi\u00f3n la separaci\u00f3n entre una aguja c\u00f3nica y un orificio. Al girar el tornillo, se modifica la conductividad del flujo del asiento de la v\u00e1lvula, lo que permite un control y ajuste precisos del grado de vac\u00edo dentro del sistema. Esta v\u00e1lvula se utiliza principalmente para cargar sistemas de vac\u00edo y ajustar con precisi\u00f3n el flujo de admisi\u00f3n para mantener niveles de vac\u00edo precisos.<\/p>\n<h4>Caracter\u00edsticas principales:<\/h4>\n<ol>\n<li><strong>Capacidad de ajuste fino:<\/strong> permite un ajuste preciso de la longitud del espacio entre la aguja c\u00f3nica y el orificio, lo que permite un control preciso sobre el flujo de admisi\u00f3n y el grado de vac\u00edo.<\/li>\n<li><strong>Operaci\u00f3n de rotaci\u00f3n de tornillo: <\/strong>La v\u00e1lvula se ajusta girando el tornillo, lo que ofrece facilidad de operaci\u00f3n y un control preciso sobre la conductividad del flujo.<\/li>\n<li><strong>Carga del sistema de vac\u00edo:<\/strong> dise\u00f1ado espec\u00edficamente para cargar sistemas de vac\u00edo, garantizando un flujo de admisi\u00f3n eficiente y controlado.<\/li>\n<li><strong>Rendimiento herm\u00e9tico:<\/strong> presenta una baja tasa de fuga de v\u00e1lvula, lo que mantiene la integridad del sistema y evita la p\u00e9rdida de vac\u00edo.<\/li>\n<li><strong>Amplia aplicabilidad: <\/strong>adecuado para usar con aire sin part\u00edculas de polvo y gases no corrosivos, adapt\u00e1ndose a una variedad de aplicaciones industriales y cient\u00edficas.<\/li>\n<\/ol>\n<h4>Aplicaciones:<\/h4>\n<ul>\n<li><strong>Sistemas de vac\u00edo:<\/strong> esenciales para el control y ajuste preciso de los niveles de vac\u00edo en diversos sistemas de vac\u00edo utilizados en entornos industriales y cient\u00edficos.<\/li>\n<li><strong>Equipo de laboratorio:<\/strong> Adecuado para su uso en configuraciones de laboratorio y aparatos experimentales que requieren un control de vac\u00edo preciso y capacidades de ajuste fino.<\/li>\n<li><strong>Deposici\u00f3n de pel\u00edcula fina: <\/strong>se utiliza en procesos de deposici\u00f3n de pel\u00edcula fina, como la deposici\u00f3n f\u00edsica de vapor (PVD) y la deposici\u00f3n qu\u00edmica de vapor (CVD), para controlar el flujo de gas y las tasas de deposici\u00f3n.<\/li>\n<li><strong>Fabricaci\u00f3n de semiconductores: <\/strong>se aplica en procesos de fabricaci\u00f3n de semiconductores donde el control preciso del vac\u00edo es crucial para garantizar la calidad y el rendimiento del producto.<\/li>\n<\/ul>\n<p>La v\u00e1lvula de ajuste fino de alto vac\u00edo de la serie GW-J-T proporciona un control preciso y confiable sobre los niveles de vac\u00edo, lo que la convierte en un componente valioso en una amplia gama de sistemas y aplicaciones de vac\u00edo.<\/p>\n<div dir=\"auto\"><img decoding=\"async\" class=\"alignnone wp-image-6613 size-full\" src=\"https:\/\/www.nuoxutech.com\/wp-content\/uploads\/2024\/07\/ALL-e1727261163701.jpg\" alt=\"V\u00e1lvula de ajuste fino de alto vac\u00edo\" width=\"400\" height=\"600\" title=\"\"><\/div>\n<div dir=\"auto\">\n<hr \/>\n<p>Para obtener m\u00e1s informaci\u00f3n sobre la v\u00e1lvula de ajuste fino de alto vac\u00edo de la serie <a href=\"https:\/\/www.nuoxutech.com\/gw-j-t-series-high-vacuum-fine-tuning-valve\/\">GW-J-T<\/a>, cont\u00e1ctenos.<\/p>\n<\/div>\n<div dir=\"auto\"><strong>Correo:<span style=\"color: #3366ff;\"><a style=\"color: #3366ff;\" href=\"mailto:contact@nuoxutech.com\">contact@nuoxutech.com<\/a><\/span><\/strong><\/div>\n<div dir=\"auto\"><strong>WhatsApp: <span style=\"color: #3366ff;\"><a style=\"color: #3366ff;\" href=\"https:\/\/wa.me\/message\/Z6LWLVZDXHWFD1\" rel=\"nofollow noopener\" target=\"_blank\">+86 13849062209<\/a><\/span><\/strong><\/div>\n<div dir=\"auto\">\n<div dir=\"auto\"><strong>Nuestro equipo est\u00e1 listo para brindarle servicio y soporte profesional.<\/strong><\/div>\n<div dir=\"auto\">\n<hr \/>\n<h4 class=\"wp-block-heading\">Palabras Clave<\/h4>\n<p>Sistema de vac\u00edo, Nuoxutech, bomba de vac\u00edo, VacuumSystem, v\u00e1lvula de ajuste fino de alto vac\u00edo serie Gw-j-t.<\/p>\n<\/div>\n<\/div>\n","protected":false},"excerpt":{"rendered":"<p>La v\u00e1lvula de ajuste fino de alto vac\u00edo de la serie Gw-j-t (tambi\u00e9n conocida como v\u00e1lvula de aguja de vac\u00edo) sirve para ajustar la longitud del espacio entre la aguja c\u00f3nica y el orificio y cambiar la conductividad del flujo del asiento de la v\u00e1lvula girando el tornillo.<\/p>\n","protected":false},"featured_media":8154,"template":"","meta":{"_acf_changed":false,"site-sidebar-layout":"default","site-content-layout":"","ast-site-content-layout":"default","site-content-style":"default","site-sidebar-style":"default","ast-global-header-display":"","ast-banner-title-visibility":"","ast-main-header-display":"","ast-hfb-above-header-display":"","ast-hfb-below-header-display":"","ast-hfb-mobile-header-display":"","site-post-title":"","ast-breadcrumbs-content":"","ast-featured-img":"","footer-sml-layout":"","ast-disable-related-posts":"","theme-transparent-header-meta":"default","adv-header-id-meta":"","stick-header-meta":"default","header-above-stick-meta":"","header-main-stick-meta":"","header-below-stick-meta":"","astra-migrate-meta-layouts":"set","ast-page-background-enabled":"default","ast-page-background-meta":{"desktop":{"background-color":"","background-image":"","background-repeat":"repeat","background-position":"center center","background-size":"auto","background-attachment":"scroll","background-type":"","background-media":"","overlay-type":"","overlay-color":"","overlay-opacity":"","overlay-gradient":""},"tablet":{"background-color":"","background-image":"","background-repeat":"repeat","background-position":"center center","background-size":"auto","background-attachment":"scroll","background-type":"","background-media":"","overlay-type":"","overlay-color":"","overlay-opacity":"","overlay-gradient":""},"mobile":{"background-color":"","background-image":"","background-repeat":"repeat","background-position":"center center","background-size":"auto","background-attachment":"scroll","background-type":"","background-media":"","overlay-type":"","overlay-color":"","overlay-opacity":"","overlay-gradient":""}},"ast-content-background-meta":{"desktop":{"background-color":"var(--ast-global-color-5)","background-image":"","background-repeat":"repeat","background-position":"center center","background-size":"auto","background-attachment":"scroll","background-type":"","background-media":"","overlay-type":"","overlay-color":"","overlay-opacity":"","overlay-gradient":""},"tablet":{"background-color":"var(--ast-global-color-5)","background-image":"","background-repeat":"repeat","background-position":"center center","background-size":"auto","background-attachment":"scroll","background-type":"","background-media":"","overlay-type":"","overlay-color":"","overlay-opacity":"","overlay-gradient":""},"mobile":{"background-color":"var(--ast-global-color-5)","background-image":"","background-repeat":"repeat","background-position":"center center","background-size":"auto","background-attachment":"scroll","background-type":"","background-media":"","overlay-type":"","overlay-color":"","overlay-opacity":"","overlay-gradient":""}}},"product_brand":[],"product_cat":[223],"product_tag":[],"class_list":{"0":"post-9927","1":"product","2":"type-product","3":"status-publish","4":"has-post-thumbnail","6":"product_cat-vacuum-valves-and-spare-parts-es","7":"desktop-align-left","8":"tablet-align-left","9":"mobile-align-left","10":"ast-product-gallery-layout-horizontal","11":"ast-magnify-disabled","13":"first","14":"instock","15":"shipping-taxable","16":"product-type-simple"},"acf":[],"_links":{"self":[{"href":"https:\/\/www.nuoxutech.com\/es\/wp-json\/wp\/v2\/product\/9927","targetHints":{"allow":["GET"]}}],"collection":[{"href":"https:\/\/www.nuoxutech.com\/es\/wp-json\/wp\/v2\/product"}],"about":[{"href":"https:\/\/www.nuoxutech.com\/es\/wp-json\/wp\/v2\/types\/product"}],"version-history":[{"count":3,"href":"https:\/\/www.nuoxutech.com\/es\/wp-json\/wp\/v2\/product\/9927\/revisions"}],"predecessor-version":[{"id":9930,"href":"https:\/\/www.nuoxutech.com\/es\/wp-json\/wp\/v2\/product\/9927\/revisions\/9930"}],"wp:featuredmedia":[{"embeddable":true,"href":"https:\/\/www.nuoxutech.com\/es\/wp-json\/wp\/v2\/media\/8154"}],"wp:attachment":[{"href":"https:\/\/www.nuoxutech.com\/es\/wp-json\/wp\/v2\/media?parent=9927"}],"wp:term":[{"taxonomy":"product_brand","embeddable":true,"href":"https:\/\/www.nuoxutech.com\/es\/wp-json\/wp\/v2\/product_brand?post=9927"},{"taxonomy":"product_cat","embeddable":true,"href":"https:\/\/www.nuoxutech.com\/es\/wp-json\/wp\/v2\/product_cat?post=9927"},{"taxonomy":"product_tag","embeddable":true,"href":"https:\/\/www.nuoxutech.com\/es\/wp-json\/wp\/v2\/product_tag?post=9927"}],"curies":[{"name":"wp","href":"https:\/\/api.w.org\/{rel}","templated":true}]}}