{"id":9931,"date":"2024-04-07T16:29:19","date_gmt":"2024-04-07T08:29:19","guid":{"rendered":"https:\/\/www.nuoxutech.com\/fuelle-de-acero-inoxidable\/"},"modified":"2025-04-24T11:19:44","modified_gmt":"2025-04-24T03:19:44","slug":"stainless-steel-bellows","status":"publish","type":"product","link":"https:\/\/www.nuoxutech.com\/es\/stainless-steel-bellows\/","title":{"rendered":"Fuelles de acero inoxidable"},"content":{"rendered":"<div class=\"flex flex-grow flex-col max-w-full\">\n<div class=\"min-h-[20px] text-message flex flex-col items-start gap-3 whitespace-pre-wrap break-words [.text-message+&amp;]:mt-5 overflow-x-auto\" dir=\"auto\" data-message-author-role=\"assistant\" data-message-id=\"1aa401ea-c273-4a26-aaa2-da973848fee6\">\n<div class=\"markdown prose w-full break-words dark:prose-invert dark\">\n<h3>Fuelles de acero inoxidable para aplicaciones de vac\u00edo<\/h3>\n<p><img fetchpriority=\"high\" decoding=\"async\" class=\"alignnone wp-image-6571 size-medium\" src=\"https:\/\/www.nuoxutech.com\/wp-content\/uploads\/2024\/04\/NewSpareParts-300x218.jpg\" alt=\"Fuelles de acero inoxidable\" width=\"300\" height=\"218\" title=\"\" srcset=\"https:\/\/www.nuoxutech.com\/wp-content\/uploads\/2024\/04\/NewSpareParts-300x218.jpg 300w, https:\/\/www.nuoxutech.com\/wp-content\/uploads\/2024\/04\/NewSpareParts-512x372.jpg 512w, https:\/\/www.nuoxutech.com\/wp-content\/uploads\/2024\/04\/NewSpareParts.jpg 734w\" sizes=\"(max-width: 300px) 100vw, 300px\" \/><\/p>\n<p>Los fuelles de acero inoxidable son la soluci\u00f3n ideal para situaciones donde la tuber\u00eda de vac\u00edo est\u00e1ndar en l\u00ednea recta resulta impr\u00e1ctica o donde se requiere aislamiento de vibraciones. Ofrecemos dos tipos de fuelles: mangueras flexibles y conexiones flexibles.<\/p>\n<p style=\"padding-left: 40px;\"><strong>1. Mangueras flexibles:<\/strong> Nuestra gama de mangueras flexibles de vac\u00edo incluye varios tipos de mangueras met\u00e1licas flexibles dise\u00f1adas para diferentes aplicaciones:<\/p>\n<ul>\n<li style=\"list-style-type: none;\">\n<ul>\n<li>Tipo de brida KF \/ CF \/ ISO: Compatible con sistemas de brida KF, CF e ISO, lo que proporciona versatilidad en configuraciones de sistemas de vac\u00edo.<\/li>\n<li>Cubierta trenzada: cuenta con una cubierta trenzada para una mayor durabilidad y protecci\u00f3n contra da\u00f1os mec\u00e1nicos.<\/li>\n<li>Una brida giratoria: dise\u00f1ado con una brida giratoria para facilitar la instalaci\u00f3n y alineaci\u00f3n en l\u00edneas de tuber\u00edas de vac\u00edo.<\/li>\n<\/ul>\n<\/li>\n<\/ul>\n<p style=\"padding-left: 40px;\">Estas mangueras flexibles de vac\u00edo son adecuadas para su uso en l\u00edneas de tuber\u00edas de bombas mec\u00e1nicas, ofreciendo flexibilidad y confiabilidad en configuraciones de sistemas de vac\u00edo.<\/p>\n<p style=\"padding-left: 40px;\"><strong>2. Conexiones de fuelle flexibles: <\/strong>Ofrecemos conexiones de fuelle compresibles KF, que se pueden doblar y comprimir para adaptarse a diversos requisitos de instalaci\u00f3n. Estas conexiones de fuelle se utilizan com\u00fanmente para tuber\u00edas de vac\u00edo frontales y puertos simples de c\u00e1mara de alto vac\u00edo (HV). Son el est\u00e1ndar de la industria para aplicaciones de ultra alto vac\u00edo, proporcionando flexibilidad y fiabilidad en entornos de vac\u00edo exigentes.<\/p>\n<h4>Aplicaciones:<\/h4>\n<ul>\n<li><strong>Tuber\u00eda de vac\u00edo frontal: <\/strong>se utiliza para conectar bombas de vac\u00edo a c\u00e1maras de proceso u otros componentes en sistemas de vac\u00edo.<\/li>\n<li><strong>Puertos de c\u00e1mara de alto vac\u00edo (HV):<\/strong> se instalan en c\u00e1maras de vac\u00edo para proporcionar una conexi\u00f3n flexible para equipos de vac\u00edo.<\/li>\n<li><strong>Aplicaciones de ultra alto vac\u00edo:<\/strong> adecuado para su uso en entornos de ultra alto vac\u00edo donde el control preciso del vac\u00edo y la confiabilidad son esenciales.<\/li>\n<\/ul>\n<p>Nuestros fuelles de acero inoxidable ofrecen durabilidad, flexibilidad y confiabilidad en aplicaciones de vac\u00edo, proporcionando una soluci\u00f3n eficaz para configuraciones y entornos de sistemas de vac\u00edo desafiantes.<\/p>\n<div dir=\"auto\">\n<hr \/>\n<p>Para obtener m\u00e1s informaci\u00f3n sobre los <a href=\"https:\/\/www.nuoxutech.com\/stainless-steel-bellows\/\">fuelles de acero inoxidable<\/a>, cont\u00e1ctenos.<\/p>\n<\/div>\n<div dir=\"auto\"><strong>Correo:<span style=\"color: #3366ff;\"><a style=\"color: #3366ff;\" href=\"mailto:contact@nuoxutech.com\">contact@nuoxutech.com<\/a><\/span><\/strong><\/div>\n<div dir=\"auto\"><strong>WhatsApp: <span style=\"color: #3366ff;\"><a style=\"color: #3366ff;\" href=\"https:\/\/wa.me\/message\/Z6LWLVZDXHWFD1\" rel=\"nofollow noopener\" target=\"_blank\">+86 13849062209<\/a><\/span><\/strong><\/div>\n<div dir=\"auto\">\n<div dir=\"auto\"><strong>Nuestro equipo est\u00e1 listo para brindarle servicio y soporte profesional.<\/strong><\/div>\n<div dir=\"auto\">\n<hr \/>\n<h4 class=\"wp-block-heading\">Palabras Clave<\/h4>\n<p>sistema de vac\u00edo, nuoxutech, bomba de vac\u00edo, sistema de vac\u00edo, fuelles de acero inoxidable.<\/p>\n<\/div>\n<\/div>\n<\/div>\n<\/div>\n<\/div>\n","protected":false},"excerpt":{"rendered":"<p>Fuelles de acero inoxidable Mangueras flexibles de acero inoxidable y conexi\u00f3n de fuelle flexible<\/p>\n","protected":false},"featured_media":8172,"template":"","meta":{"_acf_changed":false,"site-sidebar-layout":"default","site-content-layout":"","ast-site-content-layout":"default","site-content-style":"default","site-sidebar-style":"default","ast-global-header-display":"","ast-banner-title-visibility":"","ast-main-header-display":"","ast-hfb-above-header-display":"","ast-hfb-below-header-display":"","ast-hfb-mobile-header-display":"","site-post-title":"","ast-breadcrumbs-content":"","ast-featured-img":"","footer-sml-layout":"","ast-disable-related-posts":"","theme-transparent-header-meta":"default","adv-header-id-meta":"","stick-header-meta":"default","header-above-stick-meta":"","header-main-stick-meta":"","header-below-stick-meta":"","astra-migrate-meta-layouts":"set","ast-page-background-enabled":"default","ast-page-background-meta":{"desktop":{"background-color":"","background-image":"","background-repeat":"repeat","background-position":"center center","background-size":"auto","background-attachment":"scroll","background-type":"","background-media":"","overlay-type":"","overlay-color":"","overlay-opacity":"","overlay-gradient":""},"tablet":{"background-color":"","background-image":"","background-repeat":"repeat","background-position":"center center","background-size":"auto","background-attachment":"scroll","background-type":"","background-media":"","overlay-type":"","overlay-color":"","overlay-opacity":"","overlay-gradient":""},"mobile":{"background-color":"","background-image":"","background-repeat":"repeat","background-position":"center center","background-size":"auto","background-attachment":"scroll","background-type":"","background-media":"","overlay-type":"","overlay-color":"","overlay-opacity":"","overlay-gradient":""}},"ast-content-background-meta":{"desktop":{"background-color":"var(--ast-global-color-5)","background-image":"","background-repeat":"repeat","background-position":"center center","background-size":"auto","background-attachment":"scroll","background-type":"","background-media":"","overlay-type":"","overlay-color":"","overlay-opacity":"","overlay-gradient":""},"tablet":{"background-color":"var(--ast-global-color-5)","background-image":"","background-repeat":"repeat","background-position":"center center","background-size":"auto","background-attachment":"scroll","background-type":"","background-media":"","overlay-type":"","overlay-color":"","overlay-opacity":"","overlay-gradient":""},"mobile":{"background-color":"var(--ast-global-color-5)","background-image":"","background-repeat":"repeat","background-position":"center center","background-size":"auto","background-attachment":"scroll","background-type":"","background-media":"","overlay-type":"","overlay-color":"","overlay-opacity":"","overlay-gradient":""}}},"product_brand":[],"product_cat":[223],"product_tag":[],"class_list":{"0":"post-9931","1":"product","2":"type-product","3":"status-publish","4":"has-post-thumbnail","6":"product_cat-vacuum-valves-and-spare-parts-es","7":"desktop-align-left","8":"tablet-align-left","9":"mobile-align-left","10":"ast-product-gallery-layout-horizontal","11":"ast-magnify-disabled","13":"first","14":"instock","15":"shipping-taxable","16":"product-type-simple"},"acf":[],"_links":{"self":[{"href":"https:\/\/www.nuoxutech.com\/es\/wp-json\/wp\/v2\/product\/9931","targetHints":{"allow":["GET"]}}],"collection":[{"href":"https:\/\/www.nuoxutech.com\/es\/wp-json\/wp\/v2\/product"}],"about":[{"href":"https:\/\/www.nuoxutech.com\/es\/wp-json\/wp\/v2\/types\/product"}],"version-history":[{"count":3,"href":"https:\/\/www.nuoxutech.com\/es\/wp-json\/wp\/v2\/product\/9931\/revisions"}],"predecessor-version":[{"id":9936,"href":"https:\/\/www.nuoxutech.com\/es\/wp-json\/wp\/v2\/product\/9931\/revisions\/9936"}],"wp:featuredmedia":[{"embeddable":true,"href":"https:\/\/www.nuoxutech.com\/es\/wp-json\/wp\/v2\/media\/8172"}],"wp:attachment":[{"href":"https:\/\/www.nuoxutech.com\/es\/wp-json\/wp\/v2\/media?parent=9931"}],"wp:term":[{"taxonomy":"product_brand","embeddable":true,"href":"https:\/\/www.nuoxutech.com\/es\/wp-json\/wp\/v2\/product_brand?post=9931"},{"taxonomy":"product_cat","embeddable":true,"href":"https:\/\/www.nuoxutech.com\/es\/wp-json\/wp\/v2\/product_cat?post=9931"},{"taxonomy":"product_tag","embeddable":true,"href":"https:\/\/www.nuoxutech.com\/es\/wp-json\/wp\/v2\/product_tag?post=9931"}],"curies":[{"name":"wp","href":"https:\/\/api.w.org\/{rel}","templated":true}]}}