{"id":9942,"date":"2024-04-07T19:02:59","date_gmt":"2024-04-07T11:02:59","guid":{"rendered":"https:\/\/www.nuoxutech.com\/codos-tes-cruces-etc-accesorios-de-vacio\/"},"modified":"2025-04-24T11:36:52","modified_gmt":"2025-04-24T03:36:52","slug":"lbows-tees-and-crosses-etc-vacuum-fitting","status":"publish","type":"product","link":"https:\/\/www.nuoxutech.com\/es\/lbows-tees-and-crosses-etc-vacuum-fitting\/","title":{"rendered":"Codos, tes, cruces, etc. Accesorios de vac\u00edo"},"content":{"rendered":"<div class=\"flex flex-grow flex-col max-w-full\">\n<div class=\"min-h-[20px] text-message flex flex-col items-start gap-3 whitespace-pre-wrap break-words [.text-message+&amp;]:mt-5 overflow-x-auto\" dir=\"auto\" data-message-author-role=\"assistant\" data-message-id=\"39822901-3b24-4ba5-a1c0-13ba826bcf91\">\n<div class=\"markdown prose w-full break-words dark:prose-invert dark\">\n<h3>Accesorios de vac\u00edo: codos, tes, cruces y cubos<\/h3>\n<p><img fetchpriority=\"high\" decoding=\"async\" class=\"alignnone wp-image-6571 size-medium\" src=\"https:\/\/www.nuoxutech.com\/wp-content\/uploads\/2024\/04\/NewSpareParts-300x218.jpg\" alt=\"Codos, tes, cruces, etc. Accesorios de vac\u00edo\" width=\"300\" height=\"218\" title=\"\" srcset=\"https:\/\/www.nuoxutech.com\/wp-content\/uploads\/2024\/04\/NewSpareParts-300x218.jpg 300w, https:\/\/www.nuoxutech.com\/wp-content\/uploads\/2024\/04\/NewSpareParts-512x372.jpg 512w, https:\/\/www.nuoxutech.com\/wp-content\/uploads\/2024\/04\/NewSpareParts.jpg 734w\" sizes=\"(max-width: 300px) 100vw, 300px\" \/><\/p>\n<p>Los accesorios para c\u00e1maras de vac\u00edo, como codos, tes, cruces y cubos, son componentes esenciales en sistemas de tuber\u00edas de vac\u00edo para conectar secciones rectas de tuber\u00eda o tubo. Estos accesorios est\u00e1n meticulosamente dise\u00f1ados y fabricados para cumplir con los estrictos requisitos de las normas de ultra alto vac\u00edo (UHV) y son compatibles con bridas de sellado frontal ISO, CF y KF.<\/p>\n<h4>Tipos de accesorios de vac\u00edo:<\/h4>\n<ol>\n<li><strong>Codos:<\/strong>\n<ul>\n<li>Los codos de vac\u00edo generalmente tienen una curva de 45 o 90 grados, lo que permite un cambio en la direcci\u00f3n de un sistema de tuber\u00edas de vac\u00edo.<\/li>\n<li>Se utiliza com\u00fanmente con bridas de soldadura al vac\u00edo KF, ISO y CF para una conectividad perfecta.<\/li>\n<li>Ejemplo: El codo se extiende desde los accesorios de las tuber\u00edas de vac\u00edo de la c\u00e1mara, facilitando los procesos de bombeo.<\/li>\n<\/ul>\n<\/li>\n<li><strong>Camisetas:<\/strong>\n<ul>\n<li>Los accesorios en T de vac\u00edo tienen una entrada y dos salidas (o viceversa), que se intersecan en \u00e1ngulos de 90 grados.<\/li>\n<li>Disponible en dise\u00f1os est\u00e1ndar donde todas las salidas\/entradas tienen el mismo di\u00e1metro, as\u00ed como dise\u00f1os reductores con tama\u00f1os variables.<\/li>\n<li>Se utiliza para ramificar una tuber\u00eda de vac\u00edo o para unir varias tuber\u00edas.<\/li>\n<\/ul>\n<\/li>\n<li><strong>Cruces:<\/strong>\n<ul>\n<li>Los accesorios cruzados de vac\u00edo tienen una entrada y tres o m\u00e1s salidas que se intersecan en \u00e1ngulos de 90 grados.<\/li>\n<li>Disponible principalmente en configuraciones de 4 v\u00edas, 5 v\u00edas y 6 v\u00edas.<\/li>\n<li>Se utiliza para conectar tuber\u00edas en varios \u00e1ngulos con la l\u00ednea principal, proporcionando opciones de enrutamiento vers\u00e1tiles.<\/li>\n<\/ul>\n<\/li>\n<li><strong>Cubo:<\/strong>\n<ul>\n<li>Los cubos CF para sistemas de ultra alto vac\u00edo est\u00e1n construidos con material de acero inoxidable 304, formando un bloque de una pieza con bridas CF para conexiones de tuber\u00edas.<\/li>\n<li>Los accesorios cruzados de cubo de seis v\u00edas tienen una entrada y cinco salidas y sirven como l\u00edneas cruzadas en sistemas de plomer\u00eda de vac\u00edo complejos.<\/li>\n<li>Se utiliza com\u00fanmente en sistemas de proceso de c\u00e1mara de vac\u00edo para construir configuraciones de plomer\u00eda de vac\u00edo robustas y eficientes.<\/li>\n<\/ul>\n<\/li>\n<\/ol>\n<h4>Materiales y compatibilidad:<\/h4>\n<ul>\n<li>Los accesorios de vac\u00edo est\u00e1n disponibles en materiales como acero inoxidable 304 y 316, lo que garantiza durabilidad y compatibilidad con diversos requisitos del sistema de vac\u00edo.<\/li>\n<li>El mecanizado de precisi\u00f3n garantiza una compatibilidad con vac\u00edo alto y ultra alto, satisfaciendo las estrictas demandas de las operaciones de la c\u00e1mara de vac\u00edo.<\/li>\n<\/ul>\n<h4>Aplicaciones:<\/h4>\n<ul>\n<li>Los accesorios de vac\u00edo son indispensables en diversas aplicaciones, incluidos laboratorios de investigaci\u00f3n, procesos industriales y fabricaci\u00f3n de semiconductores.<\/li>\n<li>Facilitan la construcci\u00f3n de sistemas de plomer\u00eda de vac\u00edo, proporcionando conexiones confiables y enrutamiento preciso para un rendimiento de vac\u00edo \u00f3ptimo.<\/li>\n<\/ul>\n<p>Los accesorios para c\u00e1maras de vac\u00edo, incluidos codos, tes, cruces y cubos, son componentes esenciales en los sistemas de vac\u00edo y ofrecen versatilidad, confiabilidad y compatibilidad con una amplia gama de configuraciones de bridas de vac\u00edo.<\/p>\n<div dir=\"auto\">\n<hr \/>\n<p>Para obtener m\u00e1s informaci\u00f3n sobre codos, tes, <a href=\"https:\/\/www.nuoxutech.com\/lbows-tees-and-crosses-etc-vacuum-fitting\/\">cruces<\/a>, etc., accesorios de vac\u00edo, cont\u00e1ctenos.<\/p>\n<\/div>\n<div dir=\"auto\"><strong>Correo:<span style=\"color: #3366ff;\"><a style=\"color: #3366ff;\" href=\"mailto:contact@nuoxutech.com\">contact@nuoxutech.com<\/a><\/span><\/strong><\/div>\n<div dir=\"auto\"><strong>WhatsApp: <span style=\"color: #3366ff;\"><a style=\"color: #3366ff;\" href=\"https:\/\/wa.me\/message\/Z6LWLVZDXHWFD1\" rel=\"nofollow noopener\" target=\"_blank\">+86 13849062209<\/a><\/span><\/strong><\/div>\n<div dir=\"auto\">\n<div dir=\"auto\"><strong>Nuestro equipo est\u00e1 listo para brindarle servicio y soporte profesional.<\/strong><\/div>\n<div dir=\"auto\">\n<hr \/>\n<h4 class=\"wp-block-heading\">Palabras Clave<\/h4>\n<p>Sistema de vac\u00edo, Nuoxutech, bomba de vac\u00edo, sistema de vac\u00edo, codos, tes y cruces, etc. Accesorios de vac\u00edo.<\/p>\n<\/div>\n<\/div>\n<\/div>\n<\/div>\n<\/div>\n","protected":false},"excerpt":{"rendered":"<p>Codos, tes y cruces est\u00e1n disponibles para todos los accesorios de c\u00e1mara de vac\u00edo, se utilizan en sistemas de tuber\u00edas de vac\u00edo para conectar secciones rectas de tuber\u00edas o tubos.<\/p>\n","protected":false},"featured_media":8178,"template":"","meta":{"_acf_changed":false,"site-sidebar-layout":"default","site-content-layout":"","ast-site-content-layout":"default","site-content-style":"default","site-sidebar-style":"default","ast-global-header-display":"","ast-banner-title-visibility":"","ast-main-header-display":"","ast-hfb-above-header-display":"","ast-hfb-below-header-display":"","ast-hfb-mobile-header-display":"","site-post-title":"","ast-breadcrumbs-content":"","ast-featured-img":"","footer-sml-layout":"","ast-disable-related-posts":"","theme-transparent-header-meta":"default","adv-header-id-meta":"","stick-header-meta":"default","header-above-stick-meta":"","header-main-stick-meta":"","header-below-stick-meta":"","astra-migrate-meta-layouts":"set","ast-page-background-enabled":"default","ast-page-background-meta":{"desktop":{"background-color":"","background-image":"","background-repeat":"repeat","background-position":"center center","background-size":"auto","background-attachment":"scroll","background-type":"","background-media":"","overlay-type":"","overlay-color":"","overlay-opacity":"","overlay-gradient":""},"tablet":{"background-color":"","background-image":"","background-repeat":"repeat","background-position":"center center","background-size":"auto","background-attachment":"scroll","background-type":"","background-media":"","overlay-type":"","overlay-color":"","overlay-opacity":"","overlay-gradient":""},"mobile":{"background-color":"","background-image":"","background-repeat":"repeat","background-position":"center center","background-size":"auto","background-attachment":"scroll","background-type":"","background-media":"","overlay-type":"","overlay-color":"","overlay-opacity":"","overlay-gradient":""}},"ast-content-background-meta":{"desktop":{"background-color":"var(--ast-global-color-5)","background-image":"","background-repeat":"repeat","background-position":"center center","background-size":"auto","background-attachment":"scroll","background-type":"","background-media":"","overlay-type":"","overlay-color":"","overlay-opacity":"","overlay-gradient":""},"tablet":{"background-color":"var(--ast-global-color-5)","background-image":"","background-repeat":"repeat","background-position":"center center","background-size":"auto","background-attachment":"scroll","background-type":"","background-media":"","overlay-type":"","overlay-color":"","overlay-opacity":"","overlay-gradient":""},"mobile":{"background-color":"var(--ast-global-color-5)","background-image":"","background-repeat":"repeat","background-position":"center center","background-size":"auto","background-attachment":"scroll","background-type":"","background-media":"","overlay-type":"","overlay-color":"","overlay-opacity":"","overlay-gradient":""}}},"product_brand":[],"product_cat":[223],"product_tag":[],"class_list":{"0":"post-9942","1":"product","2":"type-product","3":"status-publish","4":"has-post-thumbnail","6":"product_cat-vacuum-valves-and-spare-parts-es","7":"desktop-align-left","8":"tablet-align-left","9":"mobile-align-left","10":"ast-product-gallery-layout-horizontal","11":"ast-product-gallery-with-no-image","12":"ast-magnify-disabled","14":"first","15":"instock","16":"shipping-taxable","17":"product-type-simple"},"acf":[],"_links":{"self":[{"href":"https:\/\/www.nuoxutech.com\/es\/wp-json\/wp\/v2\/product\/9942","targetHints":{"allow":["GET"]}}],"collection":[{"href":"https:\/\/www.nuoxutech.com\/es\/wp-json\/wp\/v2\/product"}],"about":[{"href":"https:\/\/www.nuoxutech.com\/es\/wp-json\/wp\/v2\/types\/product"}],"version-history":[{"count":2,"href":"https:\/\/www.nuoxutech.com\/es\/wp-json\/wp\/v2\/product\/9942\/revisions"}],"predecessor-version":[{"id":9944,"href":"https:\/\/www.nuoxutech.com\/es\/wp-json\/wp\/v2\/product\/9942\/revisions\/9944"}],"wp:featuredmedia":[{"embeddable":true,"href":"https:\/\/www.nuoxutech.com\/es\/wp-json\/wp\/v2\/media\/8178"}],"wp:attachment":[{"href":"https:\/\/www.nuoxutech.com\/es\/wp-json\/wp\/v2\/media?parent=9942"}],"wp:term":[{"taxonomy":"product_brand","embeddable":true,"href":"https:\/\/www.nuoxutech.com\/es\/wp-json\/wp\/v2\/product_brand?post=9942"},{"taxonomy":"product_cat","embeddable":true,"href":"https:\/\/www.nuoxutech.com\/es\/wp-json\/wp\/v2\/product_cat?post=9942"},{"taxonomy":"product_tag","embeddable":true,"href":"https:\/\/www.nuoxutech.com\/es\/wp-json\/wp\/v2\/product_tag?post=9942"}],"curies":[{"name":"wp","href":"https:\/\/api.w.org\/{rel}","templated":true}]}}