{"id":9945,"date":"2024-04-07T19:18:16","date_gmt":"2024-04-07T11:18:16","guid":{"rendered":"https:\/\/www.nuoxutech.com\/transmisor-de-precision-de-resistencia-apg-500-pirani\/"},"modified":"2025-04-24T11:45:04","modified_gmt":"2025-04-24T03:45:04","slug":"apg-500-resistance-precision-transmitter","status":"publish","type":"product","link":"https:\/\/www.nuoxutech.com\/es\/apg-500-resistance-precision-transmitter\/","title":{"rendered":"Transmisor de precisi\u00f3n de resistencia APG-500 (Pirani)"},"content":{"rendered":"<div class=\"flex flex-grow flex-col max-w-full\">\n<div class=\"min-h-[20px] text-message flex flex-col items-start gap-3 whitespace-pre-wrap break-words [.text-message+&amp;]:mt-5 overflow-x-auto\" dir=\"auto\" data-message-author-role=\"assistant\" data-message-id=\"065272bc-8e02-4515-b713-f085ea906fcd\">\n<div class=\"markdown prose w-full break-words dark:prose-invert dark\">\n<h3>Transmisor de precisi\u00f3n de resistencia APG-500 (Pirani)<\/h3>\n<p><img fetchpriority=\"high\" decoding=\"async\" class=\"alignnone wp-image-6585 size-medium\" src=\"https:\/\/www.nuoxutech.com\/wp-content\/uploads\/2024\/04\/newAPG-500-2-300x300.jpg\" alt=\"Transmisor de precisi\u00f3n de resistencia APG-500 (Pirani)\" width=\"300\" height=\"300\" title=\"\" srcset=\"https:\/\/www.nuoxutech.com\/wp-content\/uploads\/2024\/04\/newAPG-500-2-300x300.jpg 300w, https:\/\/www.nuoxutech.com\/wp-content\/uploads\/2024\/04\/newAPG-500-2-150x150.jpg 150w, https:\/\/www.nuoxutech.com\/wp-content\/uploads\/2024\/04\/newAPG-500-2-768x768.jpg 768w, https:\/\/www.nuoxutech.com\/wp-content\/uploads\/2024\/04\/newAPG-500-2-512x512.jpg 512w, https:\/\/www.nuoxutech.com\/wp-content\/uploads\/2024\/04\/newAPG-500-2-100x100.jpg 100w, https:\/\/www.nuoxutech.com\/wp-content\/uploads\/2024\/04\/newAPG-500-2.jpg 800w\" sizes=\"(max-width: 300px) 100vw, 300px\" \/><\/p>\n<h4>Finalidad de uso:<\/h4>\n<ul>\n<li>El transmisor de precisi\u00f3n de resistencia APG500 (Pirani) est\u00e1 dise\u00f1ado para la medici\u00f3n de vac\u00edo de gases dentro de un rango de vac\u00edo de 3\u00d710^-2 a 1,0\u00d710^5 Pa.<\/li>\n<li>No debe utilizarse para medir gases inflamables o explosivos que puedan reaccionar en determinadas atm\u00f3sferas.<\/li>\n<li>El transmisor debe utilizarse con el instrumento de control y visualizaci\u00f3n de EVP u otros instrumentos de control y visualizaci\u00f3n compatibles.<\/li>\n<\/ul>\n<h4>Informaci\u00f3n t\u00e9cnica:<\/h4>\n<ul>\n<li>Principio de medici\u00f3n: Basado en las propiedades f\u00edsicas de la conductividad t\u00e9rmica de la resistencia (Pirani).<\/li>\n<li>Interfaz regulatoria: DN 16 ISO.<\/li>\n<li>Rango de medici\u00f3n: Adecuado para aire, nitr\u00f3geno, ox\u00edgeno y mon\u00f3xido de carbono dentro del rango de 3\u00d710^-2 a 1,0\u00d710^5 Pa.<\/li>\n<li>Precisi\u00f3n: Var\u00eda seg\u00fan el rango de presi\u00f3n, con una precisi\u00f3n m\u00e1xima de \u00b130% de la lectura.<\/li>\n<li>Repetibilidad: 5% de la lectura dentro de ciertos rangos de presi\u00f3n.<\/li>\n<\/ul>\n<h4>Se\u00f1al de salida (se\u00f1al de medici\u00f3n):<\/h4>\n<ul>\n<li>Rango de voltaje: 0 a +9,5 VCC.<\/li>\n<li>Voltaje de salida: +2,5 a +9,0 VCC.<\/li>\n<li>Logaritmo de relaci\u00f3n de vac\u00edo de voltaje: 1,0 V por nivel.<\/li>\n<li>Se\u00f1al de error: 0 a +0,5 VCC (filamento roto).<\/li>\n<li>Impedancia de salida: 2\u00d75,1 \u03a9.<\/li>\n<li>Tiempo de respuesta: 100ms.<\/li>\n<li>Rango de control: 1\u00d710^-1 a 5,0\u00d710^3 Pa.<\/li>\n<li>Salida de control: 1 salida de transistor de colector abierto (DC 30 V\/100 mA).<\/li>\n<li>Identificaci\u00f3n del transmisor: 27,0 k\u03a9.<\/li>\n<\/ul>\n<h4>Fuerza:<\/h4>\n<ul>\n<li>Voltaje de entrada del transmisor: +13,5 a +30 VCC.<\/li>\n<li>Ondulaci\u00f3n: \u22645% Vpp.<\/li>\n<li>Corriente: &lt;300 mA (corriente de inicio).<\/li>\n<li>Consumo de energ\u00eda: \u22642 W.<\/li>\n<li>Conexi\u00f3n del cable: Conector el\u00e9ctrico FCC 68 \/ RJ45, electrodo de 8 pines.<\/li>\n<li>Cable transmisor: cable de 8 n\u00facleos, longitud \u2264100 metros.<\/li>\n<\/ul>\n<h4>Seguridad e instalaci\u00f3n:<\/h4>\n<ul>\n<li>El transmisor solo debe conectarse a una fuente de alimentaci\u00f3n, instrumento o instrumento de control que cumpla con los requisitos de voltaje ultra bajo conectado a tierra.<\/li>\n<li>La conexi\u00f3n el\u00e9ctrica debe estar equipada con un fusible.<\/li>\n<li>Direcci\u00f3n de instalaci\u00f3n: Instalaci\u00f3n vertical.<\/li>\n<\/ul>\n<h4>Materiales y medio ambiente:<\/h4>\n<ul>\n<li>Los materiales expuestos al vac\u00edo incluyen tungsteno, n\u00edquel, acero inoxidable y caucho de nitrilo.<\/li>\n<li>Presi\u00f3n admisible: 0,3 MPa (presi\u00f3n absoluta), limitada a gas inerte.<\/li>\n<li>Temperatura admisible para la medici\u00f3n de vac\u00edo: +5 a +45 \u00b0C; Conector de vac\u00edo: 80 \u00b0C; Cable sensor: 120 \u00b0C; Almacenamiento: -5 a +60 \u00b0C.<\/li>\n<li>Humedad relativa:&lt;80% a temperaturas de hasta +31\u00b0C, reducida al 50% a +40\u00b0C.<\/li>\n<li>Destinado \u00fanicamente para uso en interiores.<\/li>\n<\/ul>\n<h4>Peligro:<\/h4>\n<ul>\n<li>Aseg\u00farese de que haya una conexi\u00f3n a tierra adecuada y respete las pautas de seguridad para evitar riesgos asociados con las conexiones y el funcionamiento el\u00e9ctrico.<\/li>\n<\/ul>\n<div dir=\"auto\">\n<hr \/>\n<p>Para obtener m\u00e1s informaci\u00f3n sobre el transmisor de precisi\u00f3n <a href=\"https:\/\/www.nuoxutech.com\/apg-500-resistance-pirani-precision-transmitter\/\">APG-500<\/a> Resistance (Pirani), cont\u00e1ctenos<\/p>\n<\/div>\n<div dir=\"auto\"><strong>Correo:<span style=\"color: #3366ff;\"><a style=\"color: #3366ff;\" href=\"mailto:contact@nuoxutech.com\">contact@nuoxutech.com<\/a><\/span><\/strong><\/div>\n<div dir=\"auto\"><strong>WhatsApp: <span style=\"color: #3366ff;\"><a style=\"color: #3366ff;\" href=\"https:\/\/wa.me\/message\/Z6LWLVZDXHWFD1\" rel=\"nofollow noopener\" target=\"_blank\">+86 13849062209<\/a><\/span><\/strong><\/div>\n<div dir=\"auto\">\n<div dir=\"auto\"><strong>Nuestro equipo est\u00e1 listo para brindarle servicio y soporte profesional.<\/strong><\/div>\n<div dir=\"auto\">\n<hr \/>\n<h4 class=\"wp-block-heading\">Palabras Clave<\/h4>\n<p>sistema de vac\u00edo, nuoxutech, bomba de vac\u00edo, VacuumSystem, transmisor de precisi\u00f3n de resistencia APG-500 (Pirani).<\/p>\n<\/div>\n<\/div>\n<\/div>\n<\/div>\n<\/div>\n","protected":false},"excerpt":{"rendered":"<p>El transmisor de precisi\u00f3n de resistencia APG500 (Pirani) est\u00e1 dise\u00f1ado para la medici\u00f3n de vac\u00edo de gas con un rango de vac\u00edo de 3\u00d710 -2\u2026 1,0\u00d710 5 Pa.<\/p>\n","protected":false},"featured_media":8190,"template":"","meta":{"_acf_changed":false,"site-sidebar-layout":"default","site-content-layout":"","ast-site-content-layout":"default","site-content-style":"default","site-sidebar-style":"default","ast-global-header-display":"","ast-banner-title-visibility":"","ast-main-header-display":"","ast-hfb-above-header-display":"","ast-hfb-below-header-display":"","ast-hfb-mobile-header-display":"","site-post-title":"","ast-breadcrumbs-content":"","ast-featured-img":"","footer-sml-layout":"","ast-disable-related-posts":"","theme-transparent-header-meta":"default","adv-header-id-meta":"","stick-header-meta":"default","header-above-stick-meta":"","header-main-stick-meta":"","header-below-stick-meta":"","astra-migrate-meta-layouts":"set","ast-page-background-enabled":"default","ast-page-background-meta":{"desktop":{"background-color":"","background-image":"","background-repeat":"repeat","background-position":"center center","background-size":"auto","background-attachment":"scroll","background-type":"","background-media":"","overlay-type":"","overlay-color":"","overlay-opacity":"","overlay-gradient":""},"tablet":{"background-color":"","background-image":"","background-repeat":"repeat","background-position":"center center","background-size":"auto","background-attachment":"scroll","background-type":"","background-media":"","overlay-type":"","overlay-color":"","overlay-opacity":"","overlay-gradient":""},"mobile":{"background-color":"","background-image":"","background-repeat":"repeat","background-position":"center center","background-size":"auto","background-attachment":"scroll","background-type":"","background-media":"","overlay-type":"","overlay-color":"","overlay-opacity":"","overlay-gradient":""}},"ast-content-background-meta":{"desktop":{"background-color":"var(--ast-global-color-5)","background-image":"","background-repeat":"repeat","background-position":"center center","background-size":"auto","background-attachment":"scroll","background-type":"","background-media":"","overlay-type":"","overlay-color":"","overlay-opacity":"","overlay-gradient":""},"tablet":{"background-color":"var(--ast-global-color-5)","background-image":"","background-repeat":"repeat","background-position":"center center","background-size":"auto","background-attachment":"scroll","background-type":"","background-media":"","overlay-type":"","overlay-color":"","overlay-opacity":"","overlay-gradient":""},"mobile":{"background-color":"var(--ast-global-color-5)","background-image":"","background-repeat":"repeat","background-position":"center center","background-size":"auto","background-attachment":"scroll","background-type":"","background-media":"","overlay-type":"","overlay-color":"","overlay-opacity":"","overlay-gradient":""}}},"product_brand":[],"product_cat":[221],"product_tag":[],"class_list":{"0":"post-9945","1":"product","2":"type-product","3":"status-publish","4":"has-post-thumbnail","6":"product_cat-vacuum-gauges-and-leak-detector-es","7":"desktop-align-left","8":"tablet-align-left","9":"mobile-align-left","10":"ast-product-gallery-layout-horizontal","11":"ast-magnify-disabled","13":"first","14":"instock","15":"shipping-taxable","16":"product-type-simple"},"acf":[],"_links":{"self":[{"href":"https:\/\/www.nuoxutech.com\/es\/wp-json\/wp\/v2\/product\/9945","targetHints":{"allow":["GET"]}}],"collection":[{"href":"https:\/\/www.nuoxutech.com\/es\/wp-json\/wp\/v2\/product"}],"about":[{"href":"https:\/\/www.nuoxutech.com\/es\/wp-json\/wp\/v2\/types\/product"}],"version-history":[{"count":2,"href":"https:\/\/www.nuoxutech.com\/es\/wp-json\/wp\/v2\/product\/9945\/revisions"}],"predecessor-version":[{"id":9947,"href":"https:\/\/www.nuoxutech.com\/es\/wp-json\/wp\/v2\/product\/9945\/revisions\/9947"}],"wp:featuredmedia":[{"embeddable":true,"href":"https:\/\/www.nuoxutech.com\/es\/wp-json\/wp\/v2\/media\/8190"}],"wp:attachment":[{"href":"https:\/\/www.nuoxutech.com\/es\/wp-json\/wp\/v2\/media?parent=9945"}],"wp:term":[{"taxonomy":"product_brand","embeddable":true,"href":"https:\/\/www.nuoxutech.com\/es\/wp-json\/wp\/v2\/product_brand?post=9945"},{"taxonomy":"product_cat","embeddable":true,"href":"https:\/\/www.nuoxutech.com\/es\/wp-json\/wp\/v2\/product_cat?post=9945"},{"taxonomy":"product_tag","embeddable":true,"href":"https:\/\/www.nuoxutech.com\/es\/wp-json\/wp\/v2\/product_tag?post=9945"}],"curies":[{"name":"wp","href":"https:\/\/api.w.org\/{rel}","templated":true}]}}