{"id":9955,"date":"2024-04-08T11:46:47","date_gmt":"2024-04-08T03:46:47","guid":{"rendered":"https:\/\/www.nuoxutech.com\/controlador-de-vacuometro-digital\/"},"modified":"2025-04-24T12:16:01","modified_gmt":"2025-04-24T04:16:01","slug":"digital-vacuum-gauge-controller","status":"publish","type":"product","link":"https:\/\/www.nuoxutech.com\/es\/digital-vacuum-gauge-controller\/","title":{"rendered":"Controlador de vacu\u00f3metro digital"},"content":{"rendered":"<div class=\"flex flex-grow flex-col max-w-full\">\n<div class=\"min-h-[20px] text-message flex flex-col items-start gap-3 whitespace-pre-wrap break-words [.text-message+&amp;]:mt-5 overflow-x-auto\" dir=\"auto\" data-message-author-role=\"assistant\" data-message-id=\"9b50817a-b5dc-44c0-9ab6-681e8913994b\">\n<div class=\"markdown prose w-full break-words dark:prose-invert dark\">\n<h3>Controlador de vacu\u00f3metro digital<\/h3>\n<p><img fetchpriority=\"high\" decoding=\"async\" class=\"alignnone wp-image-6593 size-medium\" src=\"https:\/\/www.nuoxutech.com\/wp-content\/uploads\/2024\/04\/newRGC-101-300x300.jpg\" alt=\"Controlador de vacu\u00f3metro digital\" width=\"300\" height=\"300\" title=\"\" srcset=\"https:\/\/www.nuoxutech.com\/wp-content\/uploads\/2024\/04\/newRGC-101-300x300.jpg 300w, https:\/\/www.nuoxutech.com\/wp-content\/uploads\/2024\/04\/newRGC-101-150x150.jpg 150w, https:\/\/www.nuoxutech.com\/wp-content\/uploads\/2024\/04\/newRGC-101-768x768.jpg 768w, https:\/\/www.nuoxutech.com\/wp-content\/uploads\/2024\/04\/newRGC-101-512x512.jpg 512w, https:\/\/www.nuoxutech.com\/wp-content\/uploads\/2024\/04\/newRGC-101-100x100.jpg 100w, https:\/\/www.nuoxutech.com\/wp-content\/uploads\/2024\/04\/newRGC-101.jpg 800w\" sizes=\"(max-width: 300px) 100vw, 300px\" \/><\/p>\n<p>El controlador digital de vacu\u00f3metros es un indicador de vac\u00edo vers\u00e1til, dise\u00f1ado para complementar la gama de vacu\u00f3metros de transmisi\u00f3n de la compa\u00f1\u00eda. Ofrece identificaci\u00f3n autom\u00e1tica de los vacu\u00f3metros de transmisi\u00f3n conectados, brindando un amplio rango de medici\u00f3n efectivo e integrando diversas funciones avanzadas, como control de contactos de rel\u00e9, comunicaci\u00f3n y capacidades anal\u00f3gicas de vac\u00edo.<\/p>\n<h4>Par\u00e1metros t\u00e9cnicos:<\/h4>\n<ul>\n<li><strong>Configuraci\u00f3n y Regulaci\u00f3n de Transmisi\u00f3n:<\/strong> Compatible con toda la gama de regulaciones de transmisi\u00f3n por vac\u00edo.<\/li>\n<li><strong>Rango de medici\u00f3n:<\/strong> Rango ajustable de 1\u00d710^5 a 1\u00d710^-8 Pa seg\u00fan el medidor de transmisi\u00f3n conectado.<\/li>\n<li><strong>N\u00famero de canales de medici\u00f3n:<\/strong> Disponible en 1, 2 o 4 canales.<\/li>\n<li><strong>N\u00famero de canales de control:<\/strong> Inicialmente 2 canales, ampliable a 4 u 8 canales.<\/li>\n<li><strong>Rango de control: <\/strong>Rango ajustable de 1\u00d710^4 a 5\u00d710^-8 Pa seg\u00fan las regulaciones de transmisi\u00f3n conectadas.<\/li>\n<li><strong>Modo de control:<\/strong> Salida de contacto de rel\u00e9 con una capacidad de carga de CA 220 V\/3 A (o CC 28 V\/3 A) para cargas no inductivas.<\/li>\n<li><strong>Fuente de alimentaci\u00f3n: <\/strong>Compatible con 90-260 V\/50 Hz o 220 V \u00b1 10 % 50 Hz.<\/li>\n<li><strong>Consumo de energ\u00eda:<\/strong> Disponible en opciones de 10 W o 2 W.<\/li>\n<li><strong>Peso: <\/strong>Var\u00eda seg\u00fan el tama\u00f1o del chasis, desde 0,5 kg hasta 4 kg.<\/li>\n<li><strong>Tama\u00f1o del chasis: <\/strong>Disponible en dimensiones de 96 \u00d7 96 \u00d7 120 mm, 240 \u00d7 88 \u00d7 280 mm o 480 \u00d7 88 \u00d7 280 mm.<\/li>\n<\/ul>\n<h4>Caracter\u00edsticas de rendimiento:<\/h4>\n<ul>\n<li><strong>Pantalla LED:<\/strong> cuenta con una pantalla digital de pantalla verde para una visibilidad clara.<\/li>\n<li><strong>Amplio rango de medici\u00f3n:<\/strong> ofrece una amplia gama de capacidades de medici\u00f3n.<\/li>\n<li><strong>Velocidad de respuesta r\u00e1pida:<\/strong> garantiza una respuesta r\u00e1pida a los cambios en las condiciones de vac\u00edo.<\/li>\n<li><strong>Antiinterferencia mejorada:<\/strong> incorpora aislamiento fotoel\u00e9ctrico, filtrado digital y capacidades antiinterferencia mejoradas para un funcionamiento confiable.<\/li>\n<li><strong>Opciones de control: <\/strong>Admite control de puntos o salida de control de rel\u00e9 regional, con funci\u00f3n de memoria de protecci\u00f3n de apagado para puntos de control.<\/li>\n<li><strong>Panel de color PVC:<\/strong> cuenta con un panel de color PVC para una apariencia atractiva.<\/li>\n<\/ul>\n<h4>Funciones y opciones extendidas opcionales:<\/h4>\n<ul>\n<li><strong>Salida anal\u00f3gica:<\/strong> Las funciones de salida anal\u00f3gica opcionales incluyen 0-5\/10 V, 0\/4-10\/20 mA y otras.<\/li>\n<li><strong>Impresora e interfaz:<\/strong> funcionalidades opcionales de impresora e interfaz.<\/li>\n<li><strong>Opciones de interfaz:<\/strong> elija entre varias opciones de interfaz, como RS232, RS485, RS485 MODBUS\/RTU y m\u00e1s.<\/li>\n<li><strong>Opciones de interfaz reguladora: <\/strong>seleccione entre una variedad de opciones de interfaz reguladora, incluidas DN16\/25\/35CF, DN10\/16\/25\/40KF, NPT, VCR, rosca de tuber\u00eda G y otras.<\/li>\n<li><strong>Opciones de longitud de cable: <\/strong>Varias opciones de longitud de cable disponibles, desde 3 m hasta 100 m, para adaptarse a diferentes requisitos de instalaci\u00f3n.<\/li>\n<\/ul>\n<div dir=\"auto\">Para obtener m\u00e1s informaci\u00f3n sobre el controlador de<a href=\"https:\/\/www.nuoxutech.com\/digital-vacuum-gauge-controller\/\"> vacu\u00f3metro digital<\/a>, cont\u00e1ctenos<\/div>\n<div dir=\"auto\"><strong>Correo:<span style=\"color: #3366ff;\"><a style=\"color: #3366ff;\" href=\"mailto:contact@nuoxutech.com\">contact@nuoxutech.com<\/a><\/span><\/strong><\/div>\n<div dir=\"auto\"><strong>WhatsApp: <span style=\"color: #3366ff;\"><a style=\"color: #3366ff;\" href=\"https:\/\/wa.me\/message\/Z6LWLVZDXHWFD1\" rel=\"nofollow noopener\" target=\"_blank\">+86 13849062209<\/a><\/span><\/strong><\/div>\n<div dir=\"auto\">\n<div dir=\"auto\"><strong>Nuestro equipo est\u00e1 listo para brindarle servicio y soporte profesional.<\/strong><\/div>\n<div dir=\"auto\">\n<hr \/>\n<h4 class=\"wp-block-heading\">Palabras Clave<\/h4>\n<p>sistema de vac\u00edo, nuoxutech, bomba de vac\u00edo, sistema de vac\u00edo, Controlador de vacu\u00f3metro, controlador de vacu\u00f3metro digital, sistema de control de vac\u00edo digital inteligente, controlador de presi\u00f3n de vac\u00edo de alta precisi\u00f3n con pantalla digital en tiempo real, controlador de vacu\u00f3metro multirango con configuraciones programables para procesos industriales..<\/p>\n<\/div>\n<\/div>\n<\/div>\n<\/div>\n<\/div>\n","protected":false},"excerpt":{"rendered":"<p>El controlador de vacu\u00f3metro digital es un indicador de vac\u00edo de uso general, que combina con la gama completa de vacu\u00f3metros de transmisi\u00f3n de vac\u00edo de la empresa.<\/p>\n","protected":false},"featured_media":8211,"template":"","meta":{"_acf_changed":false,"site-sidebar-layout":"default","site-content-layout":"","ast-site-content-layout":"default","site-content-style":"default","site-sidebar-style":"default","ast-global-header-display":"","ast-banner-title-visibility":"","ast-main-header-display":"","ast-hfb-above-header-display":"","ast-hfb-below-header-display":"","ast-hfb-mobile-header-display":"","site-post-title":"","ast-breadcrumbs-content":"","ast-featured-img":"","footer-sml-layout":"","ast-disable-related-posts":"","theme-transparent-header-meta":"default","adv-header-id-meta":"","stick-header-meta":"default","header-above-stick-meta":"","header-main-stick-meta":"","header-below-stick-meta":"","astra-migrate-meta-layouts":"set","ast-page-background-enabled":"default","ast-page-background-meta":{"desktop":{"background-color":"","background-image":"","background-repeat":"repeat","background-position":"center center","background-size":"auto","background-attachment":"scroll","background-type":"","background-media":"","overlay-type":"","overlay-color":"","overlay-opacity":"","overlay-gradient":""},"tablet":{"background-color":"","background-image":"","background-repeat":"repeat","background-position":"center center","background-size":"auto","background-attachment":"scroll","background-type":"","background-media":"","overlay-type":"","overlay-color":"","overlay-opacity":"","overlay-gradient":""},"mobile":{"background-color":"","background-image":"","background-repeat":"repeat","background-position":"center center","background-size":"auto","background-attachment":"scroll","background-type":"","background-media":"","overlay-type":"","overlay-color":"","overlay-opacity":"","overlay-gradient":""}},"ast-content-background-meta":{"desktop":{"background-color":"var(--ast-global-color-5)","background-image":"","background-repeat":"repeat","background-position":"center center","background-size":"auto","background-attachment":"scroll","background-type":"","background-media":"","overlay-type":"","overlay-color":"","overlay-opacity":"","overlay-gradient":""},"tablet":{"background-color":"var(--ast-global-color-5)","background-image":"","background-repeat":"repeat","background-position":"center center","background-size":"auto","background-attachment":"scroll","background-type":"","background-media":"","overlay-type":"","overlay-color":"","overlay-opacity":"","overlay-gradient":""},"mobile":{"background-color":"var(--ast-global-color-5)","background-image":"","background-repeat":"repeat","background-position":"center center","background-size":"auto","background-attachment":"scroll","background-type":"","background-media":"","overlay-type":"","overlay-color":"","overlay-opacity":"","overlay-gradient":""}}},"product_brand":[],"product_cat":[221],"product_tag":[],"class_list":{"0":"post-9955","1":"product","2":"type-product","3":"status-publish","4":"has-post-thumbnail","6":"product_cat-vacuum-gauges-and-leak-detector-es","7":"desktop-align-left","8":"tablet-align-left","9":"mobile-align-left","10":"ast-product-gallery-layout-horizontal","11":"ast-magnify-disabled","13":"first","14":"instock","15":"shipping-taxable","16":"product-type-simple"},"acf":[],"_links":{"self":[{"href":"https:\/\/www.nuoxutech.com\/es\/wp-json\/wp\/v2\/product\/9955","targetHints":{"allow":["GET"]}}],"collection":[{"href":"https:\/\/www.nuoxutech.com\/es\/wp-json\/wp\/v2\/product"}],"about":[{"href":"https:\/\/www.nuoxutech.com\/es\/wp-json\/wp\/v2\/types\/product"}],"version-history":[{"count":3,"href":"https:\/\/www.nuoxutech.com\/es\/wp-json\/wp\/v2\/product\/9955\/revisions"}],"predecessor-version":[{"id":9958,"href":"https:\/\/www.nuoxutech.com\/es\/wp-json\/wp\/v2\/product\/9955\/revisions\/9958"}],"wp:featuredmedia":[{"embeddable":true,"href":"https:\/\/www.nuoxutech.com\/es\/wp-json\/wp\/v2\/media\/8211"}],"wp:attachment":[{"href":"https:\/\/www.nuoxutech.com\/es\/wp-json\/wp\/v2\/media?parent=9955"}],"wp:term":[{"taxonomy":"product_brand","embeddable":true,"href":"https:\/\/www.nuoxutech.com\/es\/wp-json\/wp\/v2\/product_brand?post=9955"},{"taxonomy":"product_cat","embeddable":true,"href":"https:\/\/www.nuoxutech.com\/es\/wp-json\/wp\/v2\/product_cat?post=9955"},{"taxonomy":"product_tag","embeddable":true,"href":"https:\/\/www.nuoxutech.com\/es\/wp-json\/wp\/v2\/product_tag?post=9955"}],"curies":[{"name":"wp","href":"https:\/\/api.w.org\/{rel}","templated":true}]}}