{"id":9960,"date":"2024-04-08T11:50:09","date_gmt":"2024-04-08T03:50:09","guid":{"rendered":"https:\/\/www.nuoxutech.com\/transmisor-de-vacio-de-pelicula-de-capacitancia\/"},"modified":"2025-04-24T14:37:24","modified_gmt":"2025-04-24T06:37:24","slug":"capacitance-film-vacuum-transmitter","status":"publish","type":"product","link":"https:\/\/www.nuoxutech.com\/es\/capacitance-film-vacuum-transmitter\/","title":{"rendered":"Transmisor de vac\u00edo de pel\u00edcula de capacitancia"},"content":{"rendered":"<div class=\"flex flex-grow flex-col max-w-full\">\n<div class=\"min-h-[20px] text-message flex flex-col items-start gap-3 whitespace-pre-wrap break-words [.text-message+&amp;]:mt-5 overflow-x-auto\" dir=\"auto\" data-message-author-role=\"assistant\" data-message-id=\"9a5bbba2-bcb1-44e8-a828-570fa7d813fc\">\n<div class=\"markdown prose w-full break-words dark:prose-invert dark\">\n<h3>Transmisor de vac\u00edo de pel\u00edcula de capacitancia RBM350<\/h3>\n<p><img fetchpriority=\"high\" decoding=\"async\" class=\"alignnone size-medium wp-image-6587\" src=\"https:\/\/www.nuoxutech.com\/wp-content\/uploads\/2024\/04\/newRMB350-300x300.jpg\" alt=\"Transmisor de vac\u00edo de pel\u00edcula de capacitancia RBM350\" width=\"300\" height=\"300\" title=\"\" srcset=\"https:\/\/www.nuoxutech.com\/wp-content\/uploads\/2024\/04\/newRMB350-300x300.jpg 300w, https:\/\/www.nuoxutech.com\/wp-content\/uploads\/2024\/04\/newRMB350-150x150.jpg 150w, https:\/\/www.nuoxutech.com\/wp-content\/uploads\/2024\/04\/newRMB350-768x768.jpg 768w, https:\/\/www.nuoxutech.com\/wp-content\/uploads\/2024\/04\/newRMB350-512x512.jpg 512w, https:\/\/www.nuoxutech.com\/wp-content\/uploads\/2024\/04\/newRMB350-100x100.jpg 100w, https:\/\/www.nuoxutech.com\/wp-content\/uploads\/2024\/04\/newRMB350.jpg 800w\" sizes=\"(max-width: 300px) 100vw, 300px\" \/><\/p>\n<h4>Introducci\u00f3n:<\/h4>\n<p style=\"padding-left: 40px;\">El transmisor de vac\u00edo de pel\u00edcula capacitiva RBM350 es un vacu\u00f3metro de alta precisi\u00f3n con compensaci\u00f3n de temperatura, dise\u00f1ado para un rendimiento estable incluso en entornos de producci\u00f3n exigentes. Su electr\u00f3nica digital avanzada optimiza el rendimiento del vacu\u00f3metro y su facilidad de uso, con funciones como la puesta a cero con un solo bot\u00f3n y el ajuste del punto de consigna. El transmisor est\u00e1 equipado con un sensor cer\u00e1mico ultrapuro resistente a la corrosi\u00f3n, conocido por su excelente estabilidad del cero y larga vida \u00fatil, incluso bajo millones de ciclos de presi\u00f3n, incluyendo la exposici\u00f3n a la intemperie. La exclusiva tecnolog\u00eda de blindaje del sensor, patentada por nuestra empresa, garantiza la protecci\u00f3n contra la contaminaci\u00f3n del proceso.<\/p>\n<p style=\"padding-left: 40px;\">El vacu\u00f3metro RBM350 cuenta con una robusta construcci\u00f3n mec\u00e1nica, electr\u00f3nica digital, compatibilidad electromagn\u00e9tica (EMC), estabilidad a largo plazo y compensaci\u00f3n de temperatura, estableciendo nuevos est\u00e1ndares de estabilidad r\u00e1pida desde el encendido y recuperaci\u00f3n r\u00e1pida tras la exposici\u00f3n a la presi\u00f3n atmosf\u00e9rica.<\/p>\n<h4>Ventajas:<\/h4>\n<ol>\n<li><strong>Amplio rango de vac\u00edo:<\/strong> cubre rangos de vac\u00edo de 13 Pa a 133 322 Pa, satisfaciendo diversas necesidades de aplicaci\u00f3n.<\/li>\n<li><strong>Estabilidad r\u00e1pida: <\/strong>logra una estabilidad r\u00e1pida poco despu\u00e9s de conectar la energ\u00eda, lo que garantiza un funcionamiento eficiente.<\/li>\n<li><strong>Resistencia a la corrosi\u00f3n: <\/strong>Cuenta con un elemento sensor de cer\u00e1mica conocido por su resistencia a la corrosi\u00f3n, lo que garantiza durabilidad en entornos hostiles.<\/li>\n<li><strong>Compensaci\u00f3n de temperatura:<\/strong> incorpora tecnolog\u00eda de compensaci\u00f3n de temperatura para mantener lecturas precisas en distintas temperaturas.<\/li>\n<li><strong>Protecci\u00f3n contra la contaminaci\u00f3n:<\/strong> utiliza tecnolog\u00eda de protecci\u00f3n de sensores para proteger el medidor de la contaminaci\u00f3n del proceso, lo que garantiza mediciones confiables y precisas.<\/li>\n<li><strong>Recuperaci\u00f3n r\u00e1pida:<\/strong> demuestra una recuperaci\u00f3n r\u00e1pida despu\u00e9s de la exposici\u00f3n a la presi\u00f3n atmosf\u00e9rica, minimizando el tiempo de inactividad y garantizando un funcionamiento continuo.<\/li>\n<li><strong>Funci\u00f3n cero con una sola tecla:<\/strong> ofrece una pr\u00e1ctica funci\u00f3n cero con una sola tecla, simplificando la calibraci\u00f3n y garantizando mediciones precisas con el m\u00ednimo esfuerzo.<\/li>\n<\/ol>\n<p>El transmisor de vac\u00edo de pel\u00edcula de capacitancia RBM350 combina tecnolog\u00eda avanzada, construcci\u00f3n robusta y funciones f\u00e1ciles de usar para brindar mediciones de vac\u00edo precisas y confiables, lo que lo convierte en una opci\u00f3n ideal para diversas aplicaciones industriales.<\/p>\n<div dir=\"auto\">\n<hr \/>\n<p>Para obtener m\u00e1s informaci\u00f3n sobre el transmisor de vac\u00edo de pel\u00edcula de capacitancia <a href=\"https:\/\/www.nuoxutech.com\/capacitance-film-vacuum-transmitter\/\">RMB-350<\/a>, cont\u00e1ctenos<\/p>\n<\/div>\n<div dir=\"auto\"><strong>Correo:<span style=\"color: #3366ff;\"><a style=\"color: #3366ff;\" href=\"mailto:contact@nuoxutech.com\">contact@nuoxutech.com<\/a><\/span><\/strong><\/div>\n<div dir=\"auto\"><strong>WhatsApp: <span style=\"color: #3366ff;\"><a style=\"color: #3366ff;\" href=\"https:\/\/wa.me\/message\/Z6LWLVZDXHWFD1\" rel=\"nofollow noopener\" target=\"_blank\">+86 13849062209<\/a><\/span><\/strong><\/div>\n<div dir=\"auto\">\n<div dir=\"auto\"><strong>Nuestro equipo est\u00e1 listo para brindarle servicio y soporte profesional.<\/strong><\/div>\n<div dir=\"auto\">\n<hr \/>\n<h4 class=\"wp-block-heading\">Palabras Clave<\/h4>\n<p>sistema de vac\u00edo, nuoxutech, bomba de vac\u00edo, sistema de vac\u00edo, transmisor de vac\u00edo de pel\u00edcula de capacitancia.<\/p>\n<\/div>\n<\/div>\n<\/div>\n<\/div>\n<\/div>\n","protected":false},"excerpt":{"rendered":"<p>El transmisor de vac\u00edo de pel\u00edcula de capacitancia RBM350 es un medidor de vac\u00edo con compensaci\u00f3n de temperatura de alta precisi\u00f3n con un rendimiento estable en entornos de producci\u00f3n exigentes.<\/p>\n","protected":false},"featured_media":8196,"template":"","meta":{"_acf_changed":false,"site-sidebar-layout":"default","site-content-layout":"","ast-site-content-layout":"default","site-content-style":"default","site-sidebar-style":"default","ast-global-header-display":"","ast-banner-title-visibility":"","ast-main-header-display":"","ast-hfb-above-header-display":"","ast-hfb-below-header-display":"","ast-hfb-mobile-header-display":"","site-post-title":"","ast-breadcrumbs-content":"","ast-featured-img":"","footer-sml-layout":"","ast-disable-related-posts":"","theme-transparent-header-meta":"default","adv-header-id-meta":"","stick-header-meta":"default","header-above-stick-meta":"","header-main-stick-meta":"","header-below-stick-meta":"","astra-migrate-meta-layouts":"set","ast-page-background-enabled":"default","ast-page-background-meta":{"desktop":{"background-color":"","background-image":"","background-repeat":"repeat","background-position":"center center","background-size":"auto","background-attachment":"scroll","background-type":"","background-media":"","overlay-type":"","overlay-color":"","overlay-opacity":"","overlay-gradient":""},"tablet":{"background-color":"","background-image":"","background-repeat":"repeat","background-position":"center center","background-size":"auto","background-attachment":"scroll","background-type":"","background-media":"","overlay-type":"","overlay-color":"","overlay-opacity":"","overlay-gradient":""},"mobile":{"background-color":"","background-image":"","background-repeat":"repeat","background-position":"center center","background-size":"auto","background-attachment":"scroll","background-type":"","background-media":"","overlay-type":"","overlay-color":"","overlay-opacity":"","overlay-gradient":""}},"ast-content-background-meta":{"desktop":{"background-color":"var(--ast-global-color-5)","background-image":"","background-repeat":"repeat","background-position":"center center","background-size":"auto","background-attachment":"scroll","background-type":"","background-media":"","overlay-type":"","overlay-color":"","overlay-opacity":"","overlay-gradient":""},"tablet":{"background-color":"var(--ast-global-color-5)","background-image":"","background-repeat":"repeat","background-position":"center center","background-size":"auto","background-attachment":"scroll","background-type":"","background-media":"","overlay-type":"","overlay-color":"","overlay-opacity":"","overlay-gradient":""},"mobile":{"background-color":"var(--ast-global-color-5)","background-image":"","background-repeat":"repeat","background-position":"center center","background-size":"auto","background-attachment":"scroll","background-type":"","background-media":"","overlay-type":"","overlay-color":"","overlay-opacity":"","overlay-gradient":""}}},"product_brand":[],"product_cat":[221],"product_tag":[],"class_list":{"0":"post-9960","1":"product","2":"type-product","3":"status-publish","4":"has-post-thumbnail","6":"product_cat-vacuum-gauges-and-leak-detector-es","7":"desktop-align-left","8":"tablet-align-left","9":"mobile-align-left","10":"ast-product-gallery-layout-horizontal","11":"ast-product-gallery-with-no-image","12":"ast-magnify-disabled","14":"first","15":"instock","16":"shipping-taxable","17":"product-type-simple"},"acf":[],"_links":{"self":[{"href":"https:\/\/www.nuoxutech.com\/es\/wp-json\/wp\/v2\/product\/9960","targetHints":{"allow":["GET"]}}],"collection":[{"href":"https:\/\/www.nuoxutech.com\/es\/wp-json\/wp\/v2\/product"}],"about":[{"href":"https:\/\/www.nuoxutech.com\/es\/wp-json\/wp\/v2\/types\/product"}],"version-history":[{"count":3,"href":"https:\/\/www.nuoxutech.com\/es\/wp-json\/wp\/v2\/product\/9960\/revisions"}],"predecessor-version":[{"id":9963,"href":"https:\/\/www.nuoxutech.com\/es\/wp-json\/wp\/v2\/product\/9960\/revisions\/9963"}],"wp:featuredmedia":[{"embeddable":true,"href":"https:\/\/www.nuoxutech.com\/es\/wp-json\/wp\/v2\/media\/8196"}],"wp:attachment":[{"href":"https:\/\/www.nuoxutech.com\/es\/wp-json\/wp\/v2\/media?parent=9960"}],"wp:term":[{"taxonomy":"product_brand","embeddable":true,"href":"https:\/\/www.nuoxutech.com\/es\/wp-json\/wp\/v2\/product_brand?post=9960"},{"taxonomy":"product_cat","embeddable":true,"href":"https:\/\/www.nuoxutech.com\/es\/wp-json\/wp\/v2\/product_cat?post=9960"},{"taxonomy":"product_tag","embeddable":true,"href":"https:\/\/www.nuoxutech.com\/es\/wp-json\/wp\/v2\/product_tag?post=9960"}],"curies":[{"name":"wp","href":"https:\/\/api.w.org\/{rel}","templated":true}]}}