{"id":9977,"date":"2024-06-17T15:13:20","date_gmt":"2024-06-17T07:13:20","guid":{"rendered":"https:\/\/www.nuoxutech.com\/bomba-de-vacio-de-tornillo-seco-lgb\/"},"modified":"2025-04-24T15:29:19","modified_gmt":"2025-04-24T07:29:19","slug":"lgb-dry-screw-vacuum-pump","status":"publish","type":"product","link":"https:\/\/www.nuoxutech.com\/es\/lgb-dry-screw-vacuum-pump\/","title":{"rendered":"Bomba de vac\u00edo de tornillo seco LGB"},"content":{"rendered":"<div class=\"flex flex-grow flex-col max-w-full\">\n<div class=\"min-h-[20px] text-message flex flex-col items-start gap-3 whitespace-pre-wrap break-words [.text-message+&amp;]:mt-5 overflow-x-auto\" dir=\"auto\" data-message-author-role=\"assistant\" data-message-id=\"4bc61042-dc6f-4207-bd80-0280c92dd58d\">\n<div class=\"markdown prose w-full break-words dark:prose-invert dark\">\n<h3>Descubra la superioridad de las bombas de vac\u00edo de tornillo seco LGB: caracter\u00edsticas y aplicaciones avanzadas<\/h3>\n<h4>Introducci\u00f3n:<\/h4>\n<p>La bomba de vac\u00edo de tornillo LG es una bomba de tornillo de paso constante; la bomba de vac\u00edo de tornillo LGB es una bomba de tornillo de paso variable. Las bombas de tornillo seco LGB representan una innovaci\u00f3n revolucionaria en la tecnolog\u00eda de bombas de vac\u00edo, ofreciendo un rendimiento inigualable y sostenibilidad ambiental. A diferencia de los dise\u00f1os tradicionales de bombas de vac\u00edo, las bombas de tornillo seco LGB eliminan la necesidad de aceite o agua, lo que las hace ideales para el manejo de vapores y s\u00f3lidos condensables sin dejar residuos. Su funcionamiento limpio y dise\u00f1o ecol\u00f3gico las convierten en la opci\u00f3n preferida para diversas industrias.<\/p>\n<h4>Ventajas:<\/h4>\n<ol>\n<li><strong>Operaci\u00f3n sin aceite ni agua:<\/strong>\n<ul>\n<li>Vac\u00edo limpio logrado mediante operaci\u00f3n en seco, eliminando el riesgo de contaminaci\u00f3n de aceite o agua en el proceso.<\/li>\n<\/ul>\n<\/li>\n<li><strong>M\u00e1ximo rendimiento de vac\u00edo:<\/strong>\n<ul>\n<li>Capaz de alcanzar niveles de vac\u00edo m\u00e1ximos tan bajos como 2 Pa (50 Hz) y 1 Pa (60 Hz), lo que garantiza una extracci\u00f3n y procesamiento de vapor eficientes.<\/li>\n<\/ul>\n<\/li>\n<li><strong>Funcionamiento silencioso:<\/strong>\n<ul>\n<li>Equipadas con silenciadores especiales, las bombas de tornillo seco funcionan silenciosamente, minimizando los niveles de ruido y promoviendo un entorno de trabajo propicio.<\/li>\n<\/ul>\n<\/li>\n<li><strong>Larga vida \u00fatil de la bomba:<\/strong>\n<ul>\n<li>El dise\u00f1o sin contacto entre el tornillo y la carcasa evita el contacto de metal con metal, lo que garantiza una vida \u00fatil prolongada de la bomba y un rendimiento confiable.<\/li>\n<\/ul>\n<\/li>\n<li><strong>Mantenimiento sencillo:<\/strong>\n<ul>\n<li>Con un dise\u00f1o sencillo, las bombas de tornillo seco ofrecen procedimientos de mantenimiento f\u00e1ciles, lo que reduce el tiempo de inactividad y optimiza la productividad.<\/li>\n<\/ul>\n<\/li>\n<\/ol>\n<h4>Aplicaciones:<\/h4>\n<p>Las bombas de tornillo seco LGB encuentran aplicaciones vers\u00e1tiles en diversas industrias, que incluyen:<\/p>\n<ul>\n<li style=\"list-style-type: none;\">\n<ul>\n<li>Procesamiento qu\u00edmico y farmac\u00e9utico<\/li>\n<li>Recuperaci\u00f3n de disolventes<\/li>\n<li>Cristalizaci\u00f3n<\/li>\n<li>Recubrimiento de vapor<\/li>\n<li>Procesamiento de petr\u00f3leo<\/li>\n<\/ul>\n<\/li>\n<\/ul>\n<p><strong>Esta es la aplicaci\u00f3n de nuestra unidad de vac\u00edo de tornillo Roots en plantas qu\u00edmicas.<\/strong><\/p>\n<p>La unidad se compone principalmente de una bomba de vac\u00edo Roots, una bomba de tornillo, un silenciador, etc. Pertenece a una bomba de vac\u00edo seca, que no genera contaminaci\u00f3n de aceite ni gas en la zona de contacto del sistema y es f\u00e1cil de tratar o reciclar centralizadamente por el cuerpo de escape.<\/p>\n<p><a href=\"https:\/\/www.nuoxutech.com\/lg-dry-screw-vacuum-pump\/\"><img fetchpriority=\"high\" decoding=\"async\" class=\"alignnone wp-image-6345 size-large\" src=\"https:\/\/www.nuoxutech.com\/wp-content\/uploads\/2024\/04\/LG2-768x1024.jpg\" alt=\"Bomba de vac\u00edo de tornillo seco LGB\" width=\"768\" height=\"1024\" title=\"\" srcset=\"https:\/\/www.nuoxutech.com\/wp-content\/uploads\/2024\/04\/LG2-768x1024.jpg 768w, https:\/\/www.nuoxutech.com\/wp-content\/uploads\/2024\/04\/LG2-225x300.jpg 225w, https:\/\/www.nuoxutech.com\/wp-content\/uploads\/2024\/04\/LG2-300x400.jpg 300w, https:\/\/www.nuoxutech.com\/wp-content\/uploads\/2024\/04\/LG2-512x682.jpg 512w, https:\/\/www.nuoxutech.com\/wp-content\/uploads\/2024\/04\/LG2.jpg 1000w\" sizes=\"(max-width: 768px) 100vw, 768px\" \/><\/a><\/p>\n<p>Mejore sus procesos de vac\u00edo con las caracter\u00edsticas avanzadas y el rendimiento superior de las bombas de vac\u00edo de tornillo seco. Descubra las ventajas de unas operaciones de vac\u00edo limpias, eficientes y fiables, adaptadas a las exigencias de las aplicaciones industriales modernas.<\/p>\n<\/div>\n<\/div>\n<\/div>\n<div class=\"mt-1 flex gap-3 empty:hidden\">\n<div class=\"text-gray-400 flex self-end lg:self-center items-center justify-center lg:justify-start mt-0 -ml-1 h-7 gap-[2px] invisible\">\n<div dir=\"auto\">\n<hr \/>\n<p>Para obtener m\u00e1s informaci\u00f3n sobre las bombas de vac\u00edo de tornillo seco LGB, cont\u00e1ctenos<\/p>\n<\/div>\n<div dir=\"auto\"><strong>Correo:<a href=\"mailto:contact@nuoxutech.com\">contact@nuoxutech.com<\/a><\/strong><\/div>\n<div dir=\"auto\"><strong>WhatsApp: <a href=\"https:\/\/wa.me\/message\/Z6LWLVZDXHWFD1\" rel=\"nofollow noopener\" target=\"_blank\">+86 13849062209<\/a><\/strong><\/div>\n<div dir=\"auto\">\n<div dir=\"auto\"><strong>Nuestro equipo est\u00e1 listo para brindarle servicio y soporte profesional.<\/strong><\/div>\n<div dir=\"auto\">\n<hr \/>\n<h4 class=\"wp-block-heading\">Palabras Clave<\/h4>\n<p>sistema de vac\u00edo, nuoxutech, bomba de vac\u00edo, VacuumSystem, Bomba de vac\u00edo de tornillo, bomba de vac\u00edo de tornillo LG\/LGB, tecnolog\u00eda de vac\u00edo de tornillo seco de ahorro de energ\u00eda, bomba de vac\u00edo de tornillo seco confiable y sin aceite para entornos de fabricaci\u00f3n limpios, bomba de vac\u00edo de tornillo seco fabricada en China para aplicaciones de semiconductores y farmac\u00e9uticas, bomba de vac\u00edo seco de grado industrial con tecnolog\u00eda avanzada de ahorro de energ\u00eda<\/p>\n<\/div>\n<\/div>\n<\/div>\n<\/div>\n","protected":false},"excerpt":{"rendered":"<p>Bombas de vac\u00edo de tornillo seco LGB Caracter\u00edsticas de la bomba de vac\u00edo de tornillo de avance variable: la estructura del rotor es m\u00e1s compleja, los requisitos de precisi\u00f3n son mayores, el procesamiento del rotor es m\u00e1s dif\u00edcil, el tiempo de procesamiento es m\u00e1s largo; al mismo tiempo, la bomba de vac\u00edo de tornillo de avance variable tiene menor potencia de funcionamiento, menor ruido y menor temperatura de funcionamiento de la bomba.<\/p>\n","protected":false},"featured_media":12342,"template":"","meta":{"_acf_changed":false,"site-sidebar-layout":"default","site-content-layout":"","ast-site-content-layout":"default","site-content-style":"default","site-sidebar-style":"default","ast-global-header-display":"","ast-banner-title-visibility":"","ast-main-header-display":"","ast-hfb-above-header-display":"","ast-hfb-below-header-display":"","ast-hfb-mobile-header-display":"","site-post-title":"","ast-breadcrumbs-content":"","ast-featured-img":"","footer-sml-layout":"","ast-disable-related-posts":"","theme-transparent-header-meta":"default","adv-header-id-meta":"","stick-header-meta":"default","header-above-stick-meta":"","header-main-stick-meta":"","header-below-stick-meta":"","astra-migrate-meta-layouts":"set","ast-page-background-enabled":"default","ast-page-background-meta":{"desktop":{"background-color":"","background-image":"","background-repeat":"repeat","background-position":"center center","background-size":"auto","background-attachment":"scroll","background-type":"","background-media":"","overlay-type":"","overlay-color":"","overlay-opacity":"","overlay-gradient":""},"tablet":{"background-color":"","background-image":"","background-repeat":"repeat","background-position":"center center","background-size":"auto","background-attachment":"scroll","background-type":"","background-media":"","overlay-type":"","overlay-color":"","overlay-opacity":"","overlay-gradient":""},"mobile":{"background-color":"","background-image":"","background-repeat":"repeat","background-position":"center center","background-size":"auto","background-attachment":"scroll","background-type":"","background-media":"","overlay-type":"","overlay-color":"","overlay-opacity":"","overlay-gradient":""}},"ast-content-background-meta":{"desktop":{"background-color":"var(--ast-global-color-5)","background-image":"","background-repeat":"repeat","background-position":"center center","background-size":"auto","background-attachment":"scroll","background-type":"","background-media":"","overlay-type":"","overlay-color":"","overlay-opacity":"","overlay-gradient":""},"tablet":{"background-color":"var(--ast-global-color-5)","background-image":"","background-repeat":"repeat","background-position":"center center","background-size":"auto","background-attachment":"scroll","background-type":"","background-media":"","overlay-type":"","overlay-color":"","overlay-opacity":"","overlay-gradient":""},"mobile":{"background-color":"var(--ast-global-color-5)","background-image":"","background-repeat":"repeat","background-position":"center center","background-size":"auto","background-attachment":"scroll","background-type":"","background-media":"","overlay-type":"","overlay-color":"","overlay-opacity":"","overlay-gradient":""}}},"product_brand":[],"product_cat":[217],"product_tag":[],"class_list":{"0":"post-9977","1":"product","2":"type-product","3":"status-publish","4":"has-post-thumbnail","6":"product_cat-dry-vacuum-pumps-es","7":"desktop-align-left","8":"tablet-align-left","9":"mobile-align-left","10":"ast-product-gallery-layout-horizontal","11":"ast-magnify-disabled","13":"first","14":"instock","15":"featured","16":"shipping-taxable","17":"product-type-simple"},"acf":[],"_links":{"self":[{"href":"https:\/\/www.nuoxutech.com\/es\/wp-json\/wp\/v2\/product\/9977","targetHints":{"allow":["GET"]}}],"collection":[{"href":"https:\/\/www.nuoxutech.com\/es\/wp-json\/wp\/v2\/product"}],"about":[{"href":"https:\/\/www.nuoxutech.com\/es\/wp-json\/wp\/v2\/types\/product"}],"version-history":[{"count":3,"href":"https:\/\/www.nuoxutech.com\/es\/wp-json\/wp\/v2\/product\/9977\/revisions"}],"predecessor-version":[{"id":9980,"href":"https:\/\/www.nuoxutech.com\/es\/wp-json\/wp\/v2\/product\/9977\/revisions\/9980"}],"wp:featuredmedia":[{"embeddable":true,"href":"https:\/\/www.nuoxutech.com\/es\/wp-json\/wp\/v2\/media\/12342"}],"wp:attachment":[{"href":"https:\/\/www.nuoxutech.com\/es\/wp-json\/wp\/v2\/media?parent=9977"}],"wp:term":[{"taxonomy":"product_brand","embeddable":true,"href":"https:\/\/www.nuoxutech.com\/es\/wp-json\/wp\/v2\/product_brand?post=9977"},{"taxonomy":"product_cat","embeddable":true,"href":"https:\/\/www.nuoxutech.com\/es\/wp-json\/wp\/v2\/product_cat?post=9977"},{"taxonomy":"product_tag","embeddable":true,"href":"https:\/\/www.nuoxutech.com\/es\/wp-json\/wp\/v2\/product_tag?post=9977"}],"curies":[{"name":"wp","href":"https:\/\/api.w.org\/{rel}","templated":true}]}}