{"id":10000,"date":"2024-04-07T19:02:59","date_gmt":"2024-04-07T11:02:59","guid":{"rendered":"https:\/\/www.nuoxutech.com\/lbows-tees-ve-crosses-vb-vakum-baglantisi\/"},"modified":"2025-04-27T10:32:53","modified_gmt":"2025-04-27T02:32:53","slug":"lbows-tees-and-crosses-etc-vacuum-fitting","status":"publish","type":"product","link":"https:\/\/www.nuoxutech.com\/tr\/lbows-tees-and-crosses-etc-vacuum-fitting\/","title":{"rendered":"lbows, Tees ve Crosses vb. Vakum Ba\u011flant\u0131s\u0131"},"content":{"rendered":"<div class=\"flex flex-grow flex-col max-w-full\">\n<div class=\"min-h-[20px] text-message flex flex-col items-start gap-3 whitespace-pre-wrap break-words [.text-message+&amp;]:mt-5 overflow-x-auto\" dir=\"auto\" data-message-author-role=\"assistant\" data-message-id=\"39822901-3b24-4ba5-a1c0-13ba826bcf91\">\n<div class=\"markdown prose w-full break-words dark:prose-invert dark\">\n<h3>Vakum Ba\u011flant\u0131 Par\u00e7alar\u0131: Dirsekler, T&#8217;ler, \u00c7aprazlar ve K\u00fcpler<\/h3>\n<p><img fetchpriority=\"high\" decoding=\"async\" class=\"alignnone wp-image-6571 size-medium\" src=\"https:\/\/www.nuoxutech.com\/wp-content\/uploads\/2024\/04\/NewSpareParts-300x218.jpg\" alt=\"Vakum Ba\u011flant\u0131 Par\u00e7alar\u0131\" width=\"300\" height=\"218\" title=\"\" srcset=\"https:\/\/www.nuoxutech.com\/wp-content\/uploads\/2024\/04\/NewSpareParts-300x218.jpg 300w, https:\/\/www.nuoxutech.com\/wp-content\/uploads\/2024\/04\/NewSpareParts-512x372.jpg 512w, https:\/\/www.nuoxutech.com\/wp-content\/uploads\/2024\/04\/NewSpareParts.jpg 734w\" sizes=\"(max-width: 300px) 100vw, 300px\" \/><\/p>\n<p>Dirsekler, T&#8217;ler, \u00e7aprazlar ve k\u00fcpler dahil olmak \u00fczere vakum odas\u0131 ba\u011flant\u0131 par\u00e7alar\u0131, d\u00fcz boru veya boru b\u00f6l\u00fcmlerini ba\u011flamak i\u00e7in vakum boru sistemlerinde kullan\u0131lan temel bile\u015fenlerdir. Bu ba\u011flant\u0131 par\u00e7alar\u0131, ultra y\u00fcksek vakum (UHV) standartlar\u0131n\u0131n kat\u0131 gereksinimlerini kar\u015f\u0131lamak i\u00e7in titizlikle tasarlanm\u0131\u015f ve \u00fcretilmi\u015ftir ve ISO, CF ve KF y\u00fcz conta flan\u015flar\u0131yla uyumludur.<\/p>\n<h4>Vakum Ba\u011flant\u0131 Par\u00e7alar\u0131n\u0131n \u00c7e\u015fitleri:<\/h4>\n<ol>\n<li><strong>Dirsekler:<\/strong>\n<ul>\n<li>Vakum dirsekleri genellikle 45 derecelik veya 90 derecelik bir e\u011fime sahiptir ve vakum boru sisteminin y\u00f6n\u00fcnde de\u011fi\u015fiklik yap\u0131lmas\u0131na olanak tan\u0131r.<\/li>\n<li>Genellikle kaynak vakumlu KF, ISO ve CF flan\u015flar\u0131nda kusursuz ba\u011flant\u0131 i\u00e7in kullan\u0131l\u0131r.<\/li>\n<li>\u00d6rnek: Dirsek ba\u011flant\u0131 par\u00e7as\u0131 haznenin vakum boru ba\u011flant\u0131 par\u00e7alar\u0131ndan uzanarak pompalama i\u015flemlerini kolayla\u015ft\u0131r\u0131r.<\/li>\n<\/ul>\n<\/li>\n<li><strong>Ti\u015f\u00f6rtler:<\/strong>\n<ul>\n<li>Vakum T ba\u011flant\u0131 par\u00e7alar\u0131n\u0131n bir giri\u015fi ve iki \u00e7\u0131k\u0131\u015f\u0131 vard\u0131r (veya tam tersi) ve bunlar 90 derecelik a\u00e7\u0131larla kesi\u015fir.<\/li>\n<li>T\u00fcm \u00e7\u0131k\u0131\u015f\/giri\u015flerin ayn\u0131 \u00e7apta oldu\u011fu standart tasar\u0131mlar\u0131n yan\u0131 s\u0131ra, farkl\u0131 boyutlarda k\u00fc\u00e7\u00fclt\u00fclm\u00fc\u015f tasar\u0131mlar da mevcuttur.<\/li>\n<li>Vakum boru hatt\u0131n\u0131 ay\u0131rmak veya birden fazla boruyu birle\u015ftirmek i\u00e7in kullan\u0131l\u0131r.<\/li>\n<\/ul>\n<\/li>\n<li><strong>Ha\u00e7lar:<\/strong>\n<ul>\n<li>Vakum \u00e7apraz ba\u011flant\u0131 elemanlar\u0131n\u0131n bir giri\u015fi ve 90 derecelik a\u00e7\u0131larla kesi\u015fen \u00fc\u00e7 veya daha fazla \u00e7\u0131k\u0131\u015f\u0131 vard\u0131r.<\/li>\n<li>Genellikle 4 yollu, 5 yollu ve 6 yollu konfig\u00fcrasyonlarda mevcuttur.<\/li>\n<li>Boru hatlar\u0131n\u0131 \u00e7e\u015fitli a\u00e7\u0131larda ana hatta ba\u011flamak i\u00e7in kullan\u0131l\u0131r, \u00e7ok y\u00f6nl\u00fc y\u00f6nlendirme se\u00e7enekleri sa\u011flar.<\/li>\n<\/ul>\n<\/li>\n<li><strong>K\u00fcp:<\/strong>\n<ul>\n<li>Ultra y\u00fcksek vakum sistemleri i\u00e7in CF k\u00fcpleri, boru ba\u011flant\u0131lar\u0131 i\u00e7in CF flan\u015flar\u0131 olan tek par\u00e7a bir blok olu\u015fturan 304 paslanmaz \u00e7elik malzemeden \u00fcretilir.<\/li>\n<li>Alt\u0131 yollu k\u00fcp \u00e7apraz ba\u011flant\u0131 elemanlar\u0131, karma\u015f\u0131k vakum tesisat sistemlerinde \u00e7apraz dal hatlar\u0131 olarak g\u00f6rev yapan bir giri\u015f ve be\u015f \u00e7\u0131k\u0131\u015fa sahiptir.<\/li>\n<li>Vakum odas\u0131 proses sistemlerinde sa\u011flam ve verimli vakum tesisat\u0131 yap\u0131land\u0131rmalar\u0131 olu\u015fturmak i\u00e7in yayg\u0131n olarak kullan\u0131l\u0131r.<\/li>\n<\/ul>\n<\/li>\n<\/ol>\n<h4>Malzemeler ve Uyumluluk:<\/h4>\n<ul>\n<li>Vakum ba\u011flant\u0131 par\u00e7alar\u0131, dayan\u0131kl\u0131l\u0131k ve farkl\u0131 vakum sistemi gereksinimlerine uyumluluk sa\u011flayan 304 ve 316 paslanmaz \u00e7elik gibi malzemelerden \u00fcretilmektedir.<\/li>\n<li>Hassas i\u015fleme, vakum odas\u0131 i\u015flemlerinin zorlu taleplerini kar\u015f\u0131layarak y\u00fcksek ve ultra y\u00fcksek vakum uyumlulu\u011funu garanti eder.<\/li>\n<\/ul>\n<h4>Uygulamalar:<\/h4>\n<ul>\n<li>Vakum ba\u011flant\u0131 par\u00e7alar\u0131 ara\u015ft\u0131rma laboratuvarlar\u0131, end\u00fcstriyel prosesler ve yar\u0131 iletken \u00fcretimi gibi \u00e7e\u015fitli uygulamalarda vazge\u00e7ilmezdir.<\/li>\n<li>Vakum tesisat sistemlerinin yap\u0131m\u0131n\u0131 kolayla\u015ft\u0131r\u0131r, optimum vakum performans\u0131 i\u00e7in g\u00fcvenilir ba\u011flant\u0131lar ve hassas y\u00f6nlendirme sa\u011flarlar.<\/li>\n<\/ul>\n<p>Dirsekler, T&#8217;ler, \u00e7aprazlar ve k\u00fcpler dahil olmak \u00fczere vakum odas\u0131 ba\u011flant\u0131 par\u00e7alar\u0131, vakum sistemlerinde \u00e7ok y\u00f6nl\u00fcl\u00fck, g\u00fcvenilirlik ve \u00e7ok \u00e7e\u015fitli vakum flan\u015f konfig\u00fcrasyonlar\u0131yla uyumluluk sunan temel bile\u015fenlerdir.<\/p>\n<div dir=\"auto\">\n<hr \/>\n<p>Lbows, Tees ve Crosses vb. <a href=\"https:\/\/www.nuoxutech.com\/lbows-tees-and-crosses-etc-vacuum-fitting\/\">Vakum Ba\u011flant\u0131lar<\/a>\u0131 hakk\u0131nda daha fazla bilgi i\u00e7in bizimle ileti\u015fime ge\u00e7in.<\/p>\n<\/div>\n<div dir=\"auto\"><strong>Posta:<span style=\"color: #3366ff;\"><a style=\"color: #3366ff;\" href=\"mailto:contact@nuoxutech.com\">contact@nuoxutech.com<\/a><\/span><\/strong><\/div>\n<div dir=\"auto\"><strong>WhatsApp: <span style=\"color: #3366ff;\"><a style=\"color: #3366ff;\" href=\"https:\/\/wa.me\/message\/Z6LWLVZDXHWFD1\" rel=\"nofollow noopener\" target=\"_blank\">+86 13849062209<\/a><\/span><\/strong><\/div>\n<div dir=\"auto\">\n<div dir=\"auto\"><strong>Ekibimiz size profesyonel hizmet ve destek sa\u011flamak i\u00e7in haz\u0131r.<\/strong><\/div>\n<div dir=\"auto\">\n<hr \/>\n<h4 class=\"wp-block-heading\">Anahtar kelimeler<\/h4>\n<p>vakum sistemi, nuoxutech, vakum pompas\u0131, VacuumSystem, lbows, T&#8217;ler ve Cross&#8217;lar vb. Vakum Ba\u011flant\u0131 Par\u00e7alar\u0131.<\/p>\n<\/div>\n<\/div>\n<\/div>\n<\/div>\n<\/div>\n","protected":false},"excerpt":{"rendered":"<p>lbows, T&#8217;ler ve Cross&#8217;lar t\u00fcm vakum odas\u0131 ba\u011flant\u0131 par\u00e7alar\u0131 i\u00e7in mevcuttur, vakum boru sistemlerinde d\u00fcz boru veya boru b\u00f6l\u00fcmlerini ba\u011flamak i\u00e7in kullan\u0131l\u0131r.<\/p>\n","protected":false},"featured_media":8179,"template":"","meta":{"_acf_changed":false,"site-sidebar-layout":"default","site-content-layout":"","ast-site-content-layout":"default","site-content-style":"default","site-sidebar-style":"default","ast-global-header-display":"","ast-banner-title-visibility":"","ast-main-header-display":"","ast-hfb-above-header-display":"","ast-hfb-below-header-display":"","ast-hfb-mobile-header-display":"","site-post-title":"","ast-breadcrumbs-content":"","ast-featured-img":"","footer-sml-layout":"","ast-disable-related-posts":"","theme-transparent-header-meta":"default","adv-header-id-meta":"","stick-header-meta":"default","header-above-stick-meta":"","header-main-stick-meta":"","header-below-stick-meta":"","astra-migrate-meta-layouts":"set","ast-page-background-enabled":"default","ast-page-background-meta":{"desktop":{"background-color":"","background-image":"","background-repeat":"repeat","background-position":"center center","background-size":"auto","background-attachment":"scroll","background-type":"","background-media":"","overlay-type":"","overlay-color":"","overlay-opacity":"","overlay-gradient":""},"tablet":{"background-color":"","background-image":"","background-repeat":"repeat","background-position":"center center","background-size":"auto","background-attachment":"scroll","background-type":"","background-media":"","overlay-type":"","overlay-color":"","overlay-opacity":"","overlay-gradient":""},"mobile":{"background-color":"","background-image":"","background-repeat":"repeat","background-position":"center center","background-size":"auto","background-attachment":"scroll","background-type":"","background-media":"","overlay-type":"","overlay-color":"","overlay-opacity":"","overlay-gradient":""}},"ast-content-background-meta":{"desktop":{"background-color":"var(--ast-global-color-5)","background-image":"","background-repeat":"repeat","background-position":"center center","background-size":"auto","background-attachment":"scroll","background-type":"","background-media":"","overlay-type":"","overlay-color":"","overlay-opacity":"","overlay-gradient":""},"tablet":{"background-color":"var(--ast-global-color-5)","background-image":"","background-repeat":"repeat","background-position":"center center","background-size":"auto","background-attachment":"scroll","background-type":"","background-media":"","overlay-type":"","overlay-color":"","overlay-opacity":"","overlay-gradient":""},"mobile":{"background-color":"var(--ast-global-color-5)","background-image":"","background-repeat":"repeat","background-position":"center center","background-size":"auto","background-attachment":"scroll","background-type":"","background-media":"","overlay-type":"","overlay-color":"","overlay-opacity":"","overlay-gradient":""}}},"product_brand":[],"product_cat":[231],"product_tag":[],"class_list":{"0":"post-10000","1":"product","2":"type-product","3":"status-publish","4":"has-post-thumbnail","6":"product_cat-vacuum-valves-and-spare-parts-tr","7":"desktop-align-left","8":"tablet-align-left","9":"mobile-align-left","10":"ast-product-gallery-layout-horizontal","11":"ast-product-gallery-with-no-image","12":"ast-magnify-disabled","14":"first","15":"instock","16":"shipping-taxable","17":"product-type-simple"},"acf":[],"_links":{"self":[{"href":"https:\/\/www.nuoxutech.com\/tr\/wp-json\/wp\/v2\/product\/10000","targetHints":{"allow":["GET"]}}],"collection":[{"href":"https:\/\/www.nuoxutech.com\/tr\/wp-json\/wp\/v2\/product"}],"about":[{"href":"https:\/\/www.nuoxutech.com\/tr\/wp-json\/wp\/v2\/types\/product"}],"version-history":[{"count":3,"href":"https:\/\/www.nuoxutech.com\/tr\/wp-json\/wp\/v2\/product\/10000\/revisions"}],"predecessor-version":[{"id":10003,"href":"https:\/\/www.nuoxutech.com\/tr\/wp-json\/wp\/v2\/product\/10000\/revisions\/10003"}],"wp:featuredmedia":[{"embeddable":true,"href":"https:\/\/www.nuoxutech.com\/tr\/wp-json\/wp\/v2\/media\/8179"}],"wp:attachment":[{"href":"https:\/\/www.nuoxutech.com\/tr\/wp-json\/wp\/v2\/media?parent=10000"}],"wp:term":[{"taxonomy":"product_brand","embeddable":true,"href":"https:\/\/www.nuoxutech.com\/tr\/wp-json\/wp\/v2\/product_brand?post=10000"},{"taxonomy":"product_cat","embeddable":true,"href":"https:\/\/www.nuoxutech.com\/tr\/wp-json\/wp\/v2\/product_cat?post=10000"},{"taxonomy":"product_tag","embeddable":true,"href":"https:\/\/www.nuoxutech.com\/tr\/wp-json\/wp\/v2\/product_tag?post=10000"}],"curies":[{"name":"wp","href":"https:\/\/api.w.org\/{rel}","templated":true}]}}