{"id":10009,"date":"2024-04-07T19:32:01","date_gmt":"2024-04-07T11:32:01","guid":{"rendered":"https:\/\/www.nuoxutech.com\/rbf181-kompozit-vakum-vericisi\/"},"modified":"2025-04-27T14:23:24","modified_gmt":"2025-04-27T06:23:24","slug":"rbf181-composite-vacuum-transmitter","status":"publish","type":"product","link":"https:\/\/www.nuoxutech.com\/tr\/rbf181-composite-vacuum-transmitter\/","title":{"rendered":"RBF181 kompozit vakum vericisi"},"content":{"rendered":"<h3>RBF181 kompozit vakum vericisi<\/h3>\n<p><img fetchpriority=\"high\" decoding=\"async\" class=\"alignnone wp-image-6582 size-medium\" src=\"https:\/\/www.nuoxutech.com\/wp-content\/uploads\/2024\/04\/newRBP-new-300x300.jpg\" alt=\"RBF181 kompozit vakum vericisi\" width=\"300\" height=\"300\" title=\"\" srcset=\"https:\/\/www.nuoxutech.com\/wp-content\/uploads\/2024\/04\/newRBP-new-300x300.jpg 300w, https:\/\/www.nuoxutech.com\/wp-content\/uploads\/2024\/04\/newRBP-new-150x150.jpg 150w, https:\/\/www.nuoxutech.com\/wp-content\/uploads\/2024\/04\/newRBP-new-768x768.jpg 768w, https:\/\/www.nuoxutech.com\/wp-content\/uploads\/2024\/04\/newRBP-new-512x512.jpg 512w, https:\/\/www.nuoxutech.com\/wp-content\/uploads\/2024\/04\/newRBP-new-100x100.jpg 100w, https:\/\/www.nuoxutech.com\/wp-content\/uploads\/2024\/04\/newRBP-new.jpg 800w\" sizes=\"(max-width: 300px) 100vw, 300px\" \/><\/p>\n<h4>Girii\u015f:<\/h4>\n<p>RBF181 kompozit vakum vericisi, hem Pirani hem de so\u011fuk katot iyonizasyon sens\u00f6rlerini tek bir kompakt \u00fcnitede birle\u015ftiren yenilik\u00e7i bir kompozit vakum vericisidir. Bu geli\u015fmi\u015f tasar\u0131m, vakum \u00f6l\u00e7\u00fcm uygulamalar\u0131 i\u00e7in geli\u015fmi\u015f i\u015flevsellik ve basitle\u015ftirilmi\u015f entegrasyon sunar.<\/p>\n<h4>\u00d6l\u00e7\u00fcm Aral\u0131\u011f\u0131:<\/h4>\n<ul>\n<li>RBF181, kompozit tasar\u0131m\u0131 sayesinde 5,0\u00d710^-6 Pa&#8217;dan atmosfer bas\u0131nc\u0131na (5,0\u00d710^-8 mbar&#8217;dan atmosfer bas\u0131nc\u0131na) kadar geni\u015f bir \u00f6l\u00e7\u00fcm aral\u0131\u011f\u0131 sunarak, farkl\u0131 vakum ko\u015fullar\u0131nda do\u011fru \u00f6l\u00e7\u00fcmler yap\u0131lmas\u0131n\u0131 sa\u011flar.<\/li>\n<\/ul>\n<h4>\u00d6zellikler:<\/h4>\n<ul>\n<li><strong>Kompozit Vakum \u00d6l\u00e7er: <\/strong>Ters magnetron ve Pirani teknolojilerini bir araya getiren RBF181, tek bir \u00fcnitede kapsaml\u0131 vakum \u00f6l\u00e7\u00fcm yetenekleri sa\u011flar.<\/li>\n<li><strong>Geni\u015f \u00d6l\u00e7\u00fcm Aral\u0131\u011f\u0131: <\/strong>Geni\u015f bir vakum bas\u0131nc\u0131 yelpazesini kapsayan RBF181, \u00e7e\u015fitli vakum uygulamalar\u0131 i\u00e7in \u00e7ok y\u00f6nl\u00fcl\u00fck ve uyarlanabilirlik sunar.<\/li>\n<li><strong>M\u00fckemmel Ate\u015fleme \u00d6zellikleri:<\/strong> M\u00fckemmel ate\u015fleme \u00f6zellikleriyle RBF181, zorlu vakum ortamlar\u0131nda bile g\u00fcvenilir performans ve ate\u015fleme sa\u011flar.<\/li>\n<li><strong>Kolay Temizlenir:<\/strong> Bak\u0131m\u0131 kolay olacak \u015fekilde tasarlanan RBF181 kompozit vakum vericisi, kolay temizlenir ve minimum \u00e7abayla tutarl\u0131 ve g\u00fcvenilir \u00e7al\u0131\u015fma sa\u011flar.<\/li>\n<li><strong>FPM veya Metal Conta Ge\u00e7i\u015fi:<\/strong> Esneklik sunan RBF181, farkl\u0131 sistem gereksinimlerini kar\u015f\u0131lamak i\u00e7in hem FPM hem de metal conta ge\u00e7i\u015fi se\u00e7eneklerini destekler.<\/li>\n<li><strong>Y\u00fcksek Voltajl\u0131 LED G\u00f6stergesi: <\/strong>Y\u00fcksek voltajl\u0131 LED g\u00f6stergesi ile donat\u0131lan RBF181, g\u00f6rsel geri bildirim sa\u011flayarak \u00e7al\u0131\u015fma s\u0131ras\u0131nda kullan\u0131c\u0131 fark\u0131ndal\u0131\u011f\u0131n\u0131 ve g\u00fcvenli\u011fini art\u0131r\u0131r.<\/li>\n<li><strong>Logaritmik Analog \u00c7\u0131k\u0131\u015f Sinyali:<\/strong> Logaritmik analog \u00e7\u0131k\u0131\u015f sinyaline sahip olan RBF181, veri yorumlamay\u0131 ve entegrasyonunu basitle\u015ftirerek kurulum ve ayarlama s\u0131ras\u0131nda karma\u015f\u0131kl\u0131\u011f\u0131 azalt\u0131r.<\/li>\n<\/ul>\n<h3>RBL100 So\u011fuk Katot \u0130yonizasyon Vakum Vericisi<\/h3>\n<p>&nbsp;<\/p>\n<h4>Girii\u015f:<\/h4>\n<p>RBL100, belirli bir aral\u0131ktaki vakum seviyelerini do\u011fru bir \u015fekilde \u00f6l\u00e7mek i\u00e7in tasarlanm\u0131\u015f, son teknoloji \u00fcr\u00fcn\u00fc y\u00fcksek vakum tipi so\u011fuk katot iyonizasyon vakum vericisidir. Geli\u015fmi\u015f teknolojisiyle, zorlu vakum ortamlar\u0131nda hassas okumalar sunar.<\/p>\n<h4>\u00d6l\u00e7\u00fcm Aral\u0131\u011f\u0131:<\/h4>\n<ul>\n<li>RBL100, 5,0\u00d710^-6 Pa ile 1,0 Pa (5,0\u00d710^-8 mbar ile 1,0\u00d710^-2 mbar) aral\u0131\u011f\u0131nda kapsaml\u0131 bir \u00f6l\u00e7\u00fcm aral\u0131\u011f\u0131na sahip olup, \u00e7e\u015fitli vakum ko\u015fullar\u0131na y\u00fcksek hassasiyetle cevap verir.<\/li>\n<\/ul>\n<h4>\u00d6zellikler:<\/h4>\n<ul>\n<li><strong>\u0130leri Teknoloji: <\/strong>So\u011fuk katot iyonizasyon sens\u00f6r teknolojisi ile donat\u0131lan RBL100, y\u00fcksek vakum ortamlar\u0131nda bile do\u011fru vakum \u00f6l\u00e7\u00fcmleri sa\u011flar.<\/li>\n<li><strong>Geni\u015f \u00d6l\u00e7\u00fcm Aral\u0131\u011f\u0131:<\/strong> Geni\u015f bir vakum bas\u0131nc\u0131 yelpazesini kapsayan RBL100, \u00e7ok y\u00f6nl\u00fcd\u00fcr ve \u00e7e\u015fitli uygulamalar i\u00e7in uygundur.<\/li>\n<li><strong>M\u00fckemmel Ate\u015fleme \u00d6zellikleri: <\/strong>Verici, zorlu ko\u015fullarda g\u00fcvenilir performans ve ate\u015flemeyi garanti eden \u00fcst\u00fcn ate\u015fleme \u00f6zellikleri sergiler.<\/li>\n<li><strong>Kolay Temizlenir: <\/strong>Rahatl\u0131k i\u00e7in tasarlanan RBL100, kolay temizlenir ve minimum \u00e7abayla optimum i\u015flevselli\u011fi korur.<\/li>\n<li><strong>FPM veya Metal Conta Ge\u00e7i\u015fi: <\/strong>Esneklik sunan RBL100, \u00e7e\u015fitli sistem gereksinimlerini kar\u015f\u0131layan FPM veya metal conta ge\u00e7i\u015fi se\u00e7enekleri sunar.<\/li>\n<li><strong>Y\u00fcksek Voltajl\u0131 LED G\u00f6stergesi: <\/strong>Y\u00fcksek voltajl\u0131 LED g\u00f6stergesi ile donat\u0131lan RBL100, g\u00f6rsel geri bildirim sa\u011flayarak kullan\u0131c\u0131 fark\u0131ndal\u0131\u011f\u0131n\u0131 ve g\u00fcvenli\u011fini art\u0131r\u0131r.<\/li>\n<li><strong>Logaritmik Analog \u00c7\u0131k\u0131\u015f Sinyali:<\/strong> Logaritmik analog \u00e7\u0131k\u0131\u015f sinyaline sahip olan RBL100, veri yorumlama ve entegrasyonunu basitle\u015ftirerek kurulum ve ayarlama s\u0131ras\u0131nda karma\u015f\u0131kl\u0131\u011f\u0131 azalt\u0131r.<\/li>\n<\/ul>\n<div dir=\"auto\">\n<hr \/>\n<p><a href=\"https:\/\/www.nuoxutech.com\/rbf181-composite-vacuum-transmitter\/\">RBF181<\/a> kompozit vakum vericisi hakk\u0131nda daha fazla bilgi i\u00e7in bizimle ileti\u015fime ge\u00e7in<\/p>\n<\/div>\n<div dir=\"auto\"><strong>Posta:<span style=\"color: #3366ff;\"><a style=\"color: #3366ff;\" href=\"mailto:contact@nuoxutech.com\">contact@nuoxutech.com<\/a><\/span><\/strong><\/div>\n<div dir=\"auto\"><strong>WhatsApp: <span style=\"color: #3366ff;\"><a style=\"color: #3366ff;\" href=\"https:\/\/wa.me\/message\/Z6LWLVZDXHWFD1\" rel=\"nofollow noopener\" target=\"_blank\">+86 13849062209<\/a><\/span><\/strong><\/div>\n<div dir=\"auto\">\n<div dir=\"auto\"><strong>Ekibimiz size profesyonel hizmet ve destek sa\u011flamak i\u00e7in haz\u0131r.<\/strong><\/div>\n<div dir=\"auto\">\n<hr \/>\n<h4 class=\"wp-block-heading\">Anahtar kelimeler<\/h4>\n<p>vakum sistemi,nuoxutech, vakum pompas\u0131, VacuumSystem, RBF181 kompozit vakum vericisi.<\/p>\n<\/div>\n<\/div>\n","protected":false},"excerpt":{"rendered":"<p>RBF181 kompozit vakum vericisi, entegre Pirani, so\u011fuk katot iyonizasyon sens\u00f6r\u00fcne sahip bir kompozit vakum vericisidir. \u00d6l\u00e7\u00fcm aral\u0131\u011f\u0131 5,0\u00d710-6Pa ila atmosferik bas\u0131n\u00e7t\u0131r (5,0 \u00d710-8mbr ila atmosferik bas\u0131n\u00e7)<\/p>\n","protected":false},"featured_media":8182,"template":"","meta":{"_acf_changed":false,"site-sidebar-layout":"default","site-content-layout":"","ast-site-content-layout":"default","site-content-style":"default","site-sidebar-style":"default","ast-global-header-display":"","ast-banner-title-visibility":"","ast-main-header-display":"","ast-hfb-above-header-display":"","ast-hfb-below-header-display":"","ast-hfb-mobile-header-display":"","site-post-title":"","ast-breadcrumbs-content":"","ast-featured-img":"","footer-sml-layout":"","ast-disable-related-posts":"","theme-transparent-header-meta":"default","adv-header-id-meta":"","stick-header-meta":"default","header-above-stick-meta":"","header-main-stick-meta":"","header-below-stick-meta":"","astra-migrate-meta-layouts":"set","ast-page-background-enabled":"default","ast-page-background-meta":{"desktop":{"background-color":"","background-image":"","background-repeat":"repeat","background-position":"center center","background-size":"auto","background-attachment":"scroll","background-type":"","background-media":"","overlay-type":"","overlay-color":"","overlay-opacity":"","overlay-gradient":""},"tablet":{"background-color":"","background-image":"","background-repeat":"repeat","background-position":"center center","background-size":"auto","background-attachment":"scroll","background-type":"","background-media":"","overlay-type":"","overlay-color":"","overlay-opacity":"","overlay-gradient":""},"mobile":{"background-color":"","background-image":"","background-repeat":"repeat","background-position":"center center","background-size":"auto","background-attachment":"scroll","background-type":"","background-media":"","overlay-type":"","overlay-color":"","overlay-opacity":"","overlay-gradient":""}},"ast-content-background-meta":{"desktop":{"background-color":"var(--ast-global-color-5)","background-image":"","background-repeat":"repeat","background-position":"center center","background-size":"auto","background-attachment":"scroll","background-type":"","background-media":"","overlay-type":"","overlay-color":"","overlay-opacity":"","overlay-gradient":""},"tablet":{"background-color":"var(--ast-global-color-5)","background-image":"","background-repeat":"repeat","background-position":"center center","background-size":"auto","background-attachment":"scroll","background-type":"","background-media":"","overlay-type":"","overlay-color":"","overlay-opacity":"","overlay-gradient":""},"mobile":{"background-color":"var(--ast-global-color-5)","background-image":"","background-repeat":"repeat","background-position":"center center","background-size":"auto","background-attachment":"scroll","background-type":"","background-media":"","overlay-type":"","overlay-color":"","overlay-opacity":"","overlay-gradient":""}}},"product_brand":[],"product_cat":[229],"product_tag":[],"class_list":{"0":"post-10009","1":"product","2":"type-product","3":"status-publish","4":"has-post-thumbnail","6":"product_cat-vacuum-gauges-and-leak-detector-tr","7":"desktop-align-left","8":"tablet-align-left","9":"mobile-align-left","10":"ast-product-gallery-layout-horizontal","11":"ast-magnify-disabled","13":"first","14":"instock","15":"shipping-taxable","16":"product-type-simple"},"acf":[],"_links":{"self":[{"href":"https:\/\/www.nuoxutech.com\/tr\/wp-json\/wp\/v2\/product\/10009","targetHints":{"allow":["GET"]}}],"collection":[{"href":"https:\/\/www.nuoxutech.com\/tr\/wp-json\/wp\/v2\/product"}],"about":[{"href":"https:\/\/www.nuoxutech.com\/tr\/wp-json\/wp\/v2\/types\/product"}],"version-history":[{"count":2,"href":"https:\/\/www.nuoxutech.com\/tr\/wp-json\/wp\/v2\/product\/10009\/revisions"}],"predecessor-version":[{"id":10011,"href":"https:\/\/www.nuoxutech.com\/tr\/wp-json\/wp\/v2\/product\/10009\/revisions\/10011"}],"wp:featuredmedia":[{"embeddable":true,"href":"https:\/\/www.nuoxutech.com\/tr\/wp-json\/wp\/v2\/media\/8182"}],"wp:attachment":[{"href":"https:\/\/www.nuoxutech.com\/tr\/wp-json\/wp\/v2\/media?parent=10009"}],"wp:term":[{"taxonomy":"product_brand","embeddable":true,"href":"https:\/\/www.nuoxutech.com\/tr\/wp-json\/wp\/v2\/product_brand?post=10009"},{"taxonomy":"product_cat","embeddable":true,"href":"https:\/\/www.nuoxutech.com\/tr\/wp-json\/wp\/v2\/product_cat?post=10009"},{"taxonomy":"product_tag","embeddable":true,"href":"https:\/\/www.nuoxutech.com\/tr\/wp-json\/wp\/v2\/product_tag?post=10009"}],"curies":[{"name":"wp","href":"https:\/\/api.w.org\/{rel}","templated":true}]}}