{"id":10015,"date":"2024-04-08T11:50:09","date_gmt":"2024-04-08T03:50:09","guid":{"rendered":"https:\/\/www.nuoxutech.com\/kapasitans-film-vakum-vericisi\/"},"modified":"2025-04-27T14:29:22","modified_gmt":"2025-04-27T06:29:22","slug":"capacitance-film-vacuum-transmitter","status":"publish","type":"product","link":"https:\/\/www.nuoxutech.com\/tr\/capacitance-film-vacuum-transmitter\/","title":{"rendered":"Kapasitans film vakum vericisi"},"content":{"rendered":"<div class=\"flex flex-grow flex-col max-w-full\">\n<div class=\"min-h-[20px] text-message flex flex-col items-start gap-3 whitespace-pre-wrap break-words [.text-message+&amp;]:mt-5 overflow-x-auto\" dir=\"auto\" data-message-author-role=\"assistant\" data-message-id=\"9a5bbba2-bcb1-44e8-a828-570fa7d813fc\">\n<div class=\"markdown prose w-full break-words dark:prose-invert dark\">\n<h3>RBM350 Kapasitans Film Vakum Vericisi<\/h3>\n<p><img fetchpriority=\"high\" decoding=\"async\" class=\"alignnone size-medium wp-image-6587\" src=\"https:\/\/www.nuoxutech.com\/wp-content\/uploads\/2024\/04\/newRMB350-300x300.jpg\" alt=\"RBM350 Kapasitans filmi Vakum vericisi\" width=\"300\" height=\"300\" title=\"\" srcset=\"https:\/\/www.nuoxutech.com\/wp-content\/uploads\/2024\/04\/newRMB350-300x300.jpg 300w, https:\/\/www.nuoxutech.com\/wp-content\/uploads\/2024\/04\/newRMB350-150x150.jpg 150w, https:\/\/www.nuoxutech.com\/wp-content\/uploads\/2024\/04\/newRMB350-768x768.jpg 768w, https:\/\/www.nuoxutech.com\/wp-content\/uploads\/2024\/04\/newRMB350-512x512.jpg 512w, https:\/\/www.nuoxutech.com\/wp-content\/uploads\/2024\/04\/newRMB350-100x100.jpg 100w, https:\/\/www.nuoxutech.com\/wp-content\/uploads\/2024\/04\/newRMB350.jpg 800w\" sizes=\"(max-width: 300px) 100vw, 300px\" \/><\/p>\n<h4>Girii\u015f:<\/h4>\n<p style=\"padding-left: 40px;\">RBM350 Kapasitans Film Vakum Vericisi, zorlu \u00fcretim ortamlar\u0131nda bile istikrarl\u0131 performans i\u00e7in tasarlanm\u0131\u015f y\u00fcksek hassasiyetli s\u0131cakl\u0131k telafili bir vakum g\u00f6stergesidir. Geli\u015fmi\u015f dijital elektroni\u011fi, tek tu\u015fla s\u0131f\u0131rlama ve ayar noktas\u0131 ayar\u0131 gibi i\u015flevler sunarak g\u00f6sterge performans\u0131n\u0131 ve kullan\u0131m kolayl\u0131\u011f\u0131n\u0131 art\u0131r\u0131r. Verici, milyonlarca bas\u0131n\u00e7 d\u00f6ng\u00fcs\u00fcnde bile atmosferik darbeye maruz kalma dahil olmak \u00fczere m\u00fckemmel s\u0131f\u0131r kararl\u0131l\u0131\u011f\u0131 ve uzun \u00f6mr\u00fc ile bilinen korozyona dayan\u0131kl\u0131 ultra saf seramik sens\u00f6rle donat\u0131lm\u0131\u015ft\u0131r. \u015eirketimiz taraf\u0131ndan patentli benzersiz sens\u00f6r koruma teknolojisi, proses kirlenmesine kar\u015f\u0131 koruma sa\u011flar. RBM350 vakum g\u00f6stergesi, g\u00fc\u00e7l\u00fc mekanik yap\u0131, dijital elektronik, EMC uyumlulu\u011fu, uzun vadeli kararl\u0131l\u0131k ve s\u0131cakl\u0131k telafisi ile g\u00fc\u00e7 a\u00e7\u0131ld\u0131ktan sonra h\u0131zl\u0131 kararl\u0131l\u0131k ve atmosferik bas\u0131nca maruz kald\u0131ktan sonra h\u0131zl\u0131 toparlanma i\u00e7in yeni standartlar belirler.<\/p>\n<h4>Avantajlar\u0131:<\/h4>\n<ol>\n<li><strong>Geni\u015f Vakum Aral\u0131\u011f\u0131: <\/strong>13Pa&#8217;dan 133.322Pa&#8217;ya kadar vakum aral\u0131klar\u0131n\u0131 kapsar ve \u00e7e\u015fitli uygulama ihtiya\u00e7lar\u0131n\u0131 kar\u015f\u0131lar.<\/li>\n<li><strong>H\u0131zl\u0131 Stabilite:<\/strong> G\u00fc\u00e7 ba\u011fland\u0131ktan k\u0131sa bir s\u00fcre sonra h\u0131zl\u0131 stabiliteye ula\u015farak verimli bir \u00e7al\u0131\u015fma sa\u011flar.<\/li>\n<li><strong>Korozyon Direnci:<\/strong> Zorlu ortamlarda dayan\u0131kl\u0131l\u0131\u011f\u0131 garanti eden, korozyona kar\u015f\u0131 dayan\u0131kl\u0131l\u0131\u011f\u0131yla bilinen seramik sens\u00f6r eleman\u0131na sahiptir.<\/li>\n<li><strong>S\u0131cakl\u0131k Telafisi:<\/strong> De\u011fi\u015fen s\u0131cakl\u0131klarda do\u011fru okumalar\u0131 korumak i\u00e7in s\u0131cakl\u0131k telafisi teknolojisini kullan\u0131r.<\/li>\n<li><strong>Kirlilik Korumas\u0131: <\/strong>\u00d6l\u00e7\u00fcm cihaz\u0131n\u0131 proses kirlili\u011finden korumak i\u00e7in sens\u00f6r koruma teknolojisini kullan\u0131r, g\u00fcvenilir ve do\u011fru \u00f6l\u00e7\u00fcmler sa\u011flar.<\/li>\n<li><strong>H\u0131zl\u0131 Kurtarma:<\/strong> Atmosferik bas\u0131nca maruz kald\u0131ktan sonra h\u0131zl\u0131 kurtarma g\u00f6stererek, duru\u015f s\u00fcresini en aza indirir ve kesintisiz \u00e7al\u0131\u015fmay\u0131 sa\u011flar.<\/li>\n<li><strong>Tek Tu\u015fla S\u0131f\u0131rlama Fonksiyonu:<\/strong> Kalibrasyonu basitle\u015ftiren ve minimum \u00e7abayla do\u011fru \u00f6l\u00e7\u00fcmler sa\u011flayan kullan\u0131\u015fl\u0131 tek tu\u015fla s\u0131f\u0131rlama fonksiyonu sunar.<\/li>\n<\/ol>\n<p>RBM350 Kapasitans Film Vakum Vericisi, hassas ve g\u00fcvenilir vakum \u00f6l\u00e7\u00fcmleri sunmak i\u00e7in geli\u015fmi\u015f teknoloji, sa\u011flam yap\u0131 ve kullan\u0131c\u0131 dostu \u00f6zellikleri bir araya getirerek \u00e7e\u015fitli end\u00fcstriyel uygulamalar i\u00e7in ideal bir se\u00e7imdir.<\/p>\n<div dir=\"auto\">\n<hr \/>\n<p><a href=\"https:\/\/www.nuoxutech.com\/capacitance-film-vacuum-transmitter\/\">RMB-350<\/a> Kapasitans film vakum vericisi hakk\u0131nda daha fazla bilgi i\u00e7in bizimle ileti\u015fime ge\u00e7in<\/p>\n<\/div>\n<div dir=\"auto\"><strong>Posta:<span style=\"color: #3366ff;\"><a style=\"color: #3366ff;\" href=\"mailto:contact@nuoxutech.com\">contact@nuoxutech.com<\/a><\/span><\/strong><\/div>\n<div dir=\"auto\"><strong>WhatsApp: <span style=\"color: #3366ff;\"><a style=\"color: #3366ff;\" href=\"https:\/\/wa.me\/message\/Z6LWLVZDXHWFD1\" rel=\"nofollow noopener\" target=\"_blank\">+86 13849062209<\/a><\/span><\/strong><\/div>\n<div dir=\"auto\">\n<div dir=\"auto\"><strong>Ekibimiz size profesyonel hizmet ve destek sa\u011flamak i\u00e7in haz\u0131r.<\/strong><\/div>\n<div dir=\"auto\">\n<hr \/>\n<h4 class=\"wp-block-heading\">Anahtar kelimeler<\/h4>\n<p>vakum sistemi,nuoxutech, vakum pompas\u0131, VakumSistemi, Kapasitans film vakum vericisi.<\/p>\n<\/div>\n<\/div>\n<\/div>\n<\/div>\n<\/div>\n","protected":false},"excerpt":{"rendered":"<p>RBM350 Kapasitans Film Vakum Vericisi, zorlu \u00fcretim ortamlar\u0131nda istikrarl\u0131 performansa sahip, y\u00fcksek hassasiyetli, s\u0131cakl\u0131k telafili bir vakum \u00f6l\u00e7erdir.<\/p>\n","protected":false},"featured_media":8197,"template":"","meta":{"_acf_changed":false,"site-sidebar-layout":"default","site-content-layout":"","ast-site-content-layout":"default","site-content-style":"default","site-sidebar-style":"default","ast-global-header-display":"","ast-banner-title-visibility":"","ast-main-header-display":"","ast-hfb-above-header-display":"","ast-hfb-below-header-display":"","ast-hfb-mobile-header-display":"","site-post-title":"","ast-breadcrumbs-content":"","ast-featured-img":"","footer-sml-layout":"","ast-disable-related-posts":"","theme-transparent-header-meta":"default","adv-header-id-meta":"","stick-header-meta":"default","header-above-stick-meta":"","header-main-stick-meta":"","header-below-stick-meta":"","astra-migrate-meta-layouts":"set","ast-page-background-enabled":"default","ast-page-background-meta":{"desktop":{"background-color":"","background-image":"","background-repeat":"repeat","background-position":"center center","background-size":"auto","background-attachment":"scroll","background-type":"","background-media":"","overlay-type":"","overlay-color":"","overlay-opacity":"","overlay-gradient":""},"tablet":{"background-color":"","background-image":"","background-repeat":"repeat","background-position":"center center","background-size":"auto","background-attachment":"scroll","background-type":"","background-media":"","overlay-type":"","overlay-color":"","overlay-opacity":"","overlay-gradient":""},"mobile":{"background-color":"","background-image":"","background-repeat":"repeat","background-position":"center center","background-size":"auto","background-attachment":"scroll","background-type":"","background-media":"","overlay-type":"","overlay-color":"","overlay-opacity":"","overlay-gradient":""}},"ast-content-background-meta":{"desktop":{"background-color":"var(--ast-global-color-5)","background-image":"","background-repeat":"repeat","background-position":"center center","background-size":"auto","background-attachment":"scroll","background-type":"","background-media":"","overlay-type":"","overlay-color":"","overlay-opacity":"","overlay-gradient":""},"tablet":{"background-color":"var(--ast-global-color-5)","background-image":"","background-repeat":"repeat","background-position":"center center","background-size":"auto","background-attachment":"scroll","background-type":"","background-media":"","overlay-type":"","overlay-color":"","overlay-opacity":"","overlay-gradient":""},"mobile":{"background-color":"var(--ast-global-color-5)","background-image":"","background-repeat":"repeat","background-position":"center center","background-size":"auto","background-attachment":"scroll","background-type":"","background-media":"","overlay-type":"","overlay-color":"","overlay-opacity":"","overlay-gradient":""}}},"product_brand":[],"product_cat":[229],"product_tag":[],"class_list":{"0":"post-10015","1":"product","2":"type-product","3":"status-publish","4":"has-post-thumbnail","6":"product_cat-vacuum-gauges-and-leak-detector-tr","7":"desktop-align-left","8":"tablet-align-left","9":"mobile-align-left","10":"ast-product-gallery-layout-horizontal","11":"ast-product-gallery-with-no-image","12":"ast-magnify-disabled","14":"first","15":"instock","16":"shipping-taxable","17":"product-type-simple"},"acf":[],"_links":{"self":[{"href":"https:\/\/www.nuoxutech.com\/tr\/wp-json\/wp\/v2\/product\/10015","targetHints":{"allow":["GET"]}}],"collection":[{"href":"https:\/\/www.nuoxutech.com\/tr\/wp-json\/wp\/v2\/product"}],"about":[{"href":"https:\/\/www.nuoxutech.com\/tr\/wp-json\/wp\/v2\/types\/product"}],"version-history":[{"count":2,"href":"https:\/\/www.nuoxutech.com\/tr\/wp-json\/wp\/v2\/product\/10015\/revisions"}],"predecessor-version":[{"id":10017,"href":"https:\/\/www.nuoxutech.com\/tr\/wp-json\/wp\/v2\/product\/10015\/revisions\/10017"}],"wp:featuredmedia":[{"embeddable":true,"href":"https:\/\/www.nuoxutech.com\/tr\/wp-json\/wp\/v2\/media\/8197"}],"wp:attachment":[{"href":"https:\/\/www.nuoxutech.com\/tr\/wp-json\/wp\/v2\/media?parent=10015"}],"wp:term":[{"taxonomy":"product_brand","embeddable":true,"href":"https:\/\/www.nuoxutech.com\/tr\/wp-json\/wp\/v2\/product_brand?post=10015"},{"taxonomy":"product_cat","embeddable":true,"href":"https:\/\/www.nuoxutech.com\/tr\/wp-json\/wp\/v2\/product_cat?post=10015"},{"taxonomy":"product_tag","embeddable":true,"href":"https:\/\/www.nuoxutech.com\/tr\/wp-json\/wp\/v2\/product_tag?post=10015"}],"curies":[{"name":"wp","href":"https:\/\/api.w.org\/{rel}","templated":true}]}}