{"id":10018,"date":"2024-04-08T12:03:22","date_gmt":"2024-04-08T04:03:22","guid":{"rendered":"https:\/\/www.nuoxutech.com\/kompozit-vakum-olcer\/"},"modified":"2025-04-27T14:44:07","modified_gmt":"2025-04-27T06:44:07","slug":"composite-vacuum-gauge","status":"publish","type":"product","link":"https:\/\/www.nuoxutech.com\/tr\/composite-vacuum-gauge\/","title":{"rendered":"Kompozit Vakum \u00d6l\u00e7er"},"content":{"rendered":"<div class=\"flex flex-grow flex-col max-w-full\">\n<div class=\"min-h-[20px] text-message flex flex-col items-start gap-3 whitespace-pre-wrap break-words [.text-message+&amp;]:mt-5 overflow-x-auto\" dir=\"auto\" data-message-author-role=\"assistant\" data-message-id=\"6a7288d4-7435-47b9-8b79-85ba2f9b83d9\">\n<div class=\"markdown prose w-full break-words dark:prose-invert dark\">\n<h3>Kompozit Vakum \u00d6l\u00e7er Serisi<\/h3>\n<p><img fetchpriority=\"high\" decoding=\"async\" class=\"alignnone wp-image-6590 size-medium\" src=\"https:\/\/www.nuoxutech.com\/wp-content\/uploads\/2024\/04\/newZDZ-52T1-300x300.jpg\" alt=\"Kompozit Vakum \u00d6l\u00e7er\" width=\"300\" height=\"300\" title=\"\" srcset=\"https:\/\/www.nuoxutech.com\/wp-content\/uploads\/2024\/04\/newZDZ-52T1-300x300.jpg 300w, https:\/\/www.nuoxutech.com\/wp-content\/uploads\/2024\/04\/newZDZ-52T1-150x150.jpg 150w, https:\/\/www.nuoxutech.com\/wp-content\/uploads\/2024\/04\/newZDZ-52T1-768x768.jpg 768w, https:\/\/www.nuoxutech.com\/wp-content\/uploads\/2024\/04\/newZDZ-52T1-512x512.jpg 512w, https:\/\/www.nuoxutech.com\/wp-content\/uploads\/2024\/04\/newZDZ-52T1-100x100.jpg 100w, https:\/\/www.nuoxutech.com\/wp-content\/uploads\/2024\/04\/newZDZ-52T1.jpg 800w\" sizes=\"(max-width: 300px) 100vw, 300px\" \/><\/p>\n<p>Vakum g\u00f6stergesi serisi bir veya iki Pirani diren\u00e7li vakum g\u00f6stergesinden (ZJ-52T) ve bir s\u0131cak katot iyonizasyon vakum g\u00f6stergesinden (ZJ-27 \\ ZJ-10 \\ ZJ-12) olu\u015fmaktad\u0131r.<\/p>\n<h4>Temel \u00d6zellikler:<\/h4>\n<ol>\n<li><strong>\u00c7ok Y\u00f6nl\u00fc Modeller:<\/strong> Seri, \u00e7e\u015fitli \u00f6l\u00e7\u00fcm ihtiya\u00e7lar\u0131n\u0131 kar\u015f\u0131layan dokuz adet kompozit vakum \u00f6l\u00e7er modeli sunar. Bunlara tek diren\u00e7 \u00f6l\u00e7\u00fcm\u00fc, \u00e7ift diren\u00e7 \u00f6l\u00e7\u00fcm\u00fc ve iyonizasyon kompleksi \u00f6l\u00e7\u00fcmleri i\u00e7eren yap\u0131land\u0131rmalar dahildir.<\/li>\n<li><strong>ARM Sistem Entegrasyonu:<\/strong> Do\u011frusal olmayan veri i\u015fleme ve hata d\u00fczeltme i\u00e7in bir ARM sistemi kullan\u0131r ve \u00f6l\u00e7\u00fcmlerde daha y\u00fcksek do\u011fruluk, tekrarlanabilirlik ve kararl\u0131l\u0131k sa\u011flar. Bu sistem ayr\u0131ca h\u0131zl\u0131 yan\u0131t s\u00fcreleri ve geli\u015fmi\u015f anti-parazit yetenekleri sa\u011flar.<\/li>\n<li><strong>Birinci S\u0131n\u0131f Tasar\u0131m:<\/strong> Kullan\u0131c\u0131 dostu \u00e7al\u0131\u015fma i\u00e7in l\u00fcks bir sprey \u015fasisi ve Omron dokunmatik anahtara sahiptir. Ye\u015fil veya k\u0131rm\u0131z\u0131 renkte mevcut olan LED ekran, \u00f6l\u00e7\u00fcm okumalar\u0131n\u0131n net bir \u015fekilde g\u00f6r\u00fclmesini sa\u011flar. \u015easi yap\u0131s\u0131, optimum titre\u015fim direnci ve estetik i\u00e7in tasarlanm\u0131\u015ft\u0131r.<\/li>\n<li><strong>Geli\u015fmi\u015f Teknoloji: <\/strong>\u00d6l\u00e7\u00fcm do\u011frulu\u011funu art\u0131rmak ve d\u0131\u015f kaynaklardan gelen paraziti azaltmak i\u00e7in dijital filtreleme ve optik izolasyon teknolojisini b\u00fcnyesinde bar\u0131nd\u0131r\u0131r.<\/li>\n<li><strong>Kontrol Sinyal \u00c7\u0131k\u0131\u015flar\u0131:<\/strong> Vakum proseslerinin kapsaml\u0131 bir \u015fekilde izlenmesi ve kontrol\u00fc i\u00e7in \u0131\u015f\u0131k g\u00f6stergesiyle birlikte alt\u0131 set kontrol sinyali \u00e7\u0131k\u0131\u015f\u0131 sunar.<\/li>\n<li><strong>Entegre Kontrol Sistemi: <\/strong>Birden fazla sinyali ayn\u0131 anda \u00f6l\u00e7ebilen, kontrol edebilen ve g\u00f6r\u00fcnt\u00fcleyebilen ayr\u0131 bir kontrol sistemi ile donat\u0131lm\u0131\u015f olup, operasyonel verimlili\u011fi ve \u00e7ok y\u00f6nl\u00fcl\u00fc\u011f\u00fc art\u0131r\u0131r.<\/li>\n<li><strong>Kalibrasyon Kolayl\u0131\u011f\u0131:<\/strong> Diren\u00e7 \u00f6l\u00e7\u00fcm b\u00f6l\u00fcm\u00fcn\u00fcn \u00f6n paneli, &#8220;s\u0131f\u0131r noktas\u0131+&#8221; ve &#8220;s\u0131f\u0131r noktas\u0131-&#8221; ayarlamalar\u0131 ve &#8220;tam \u00f6l\u00e7ek&#8221; kalibrasyonu gibi anahtar tipi kalibrasyon se\u00e7eneklerine sahiptir. Bu, do\u011fru d\u00fc\u015f\u00fck vakum \u00f6l\u00e7\u00fcmleri i\u00e7in hassas kalibrasyon ve kolay ayarlama sa\u011flar.<\/li>\n<\/ol>\n<p>Vakum \u00f6l\u00e7\u00fcm cihaz\u0131 serisi, geli\u015fmi\u015f teknoloji, hassas \u00f6l\u00e7\u00fcm yetenekleri ve kullan\u0131c\u0131 dostu tasar\u0131m \u00f6\u011felerini bir araya getirerek, onu \u00e7ok \u00e7e\u015fitli vakum \u00f6l\u00e7\u00fcm uygulamalar\u0131 i\u00e7in ideal bir cihaz haline getirir.<\/p>\n<div dir=\"auto\">\n<hr \/>\n<p><a href=\"https:\/\/www.nuoxutech.com\/composite-vacuum-gauge\/\">Kompozit Vakum \u00d6l\u00e7er<\/a> hakk\u0131nda daha fazla bilgi i\u00e7in bizimle ileti\u015fime ge\u00e7in<\/p>\n<\/div>\n<div dir=\"auto\"><strong>Posta:<span style=\"color: #3366ff;\"><a style=\"color: #3366ff;\" href=\"mailto:contact@nuoxutech.com\">contact@nuoxutech.com<\/a><\/span><\/strong><\/div>\n<div dir=\"auto\"><strong>WhatsApp: <span style=\"color: #3366ff;\"><a style=\"color: #3366ff;\" href=\"https:\/\/wa.me\/message\/Z6LWLVZDXHWFD1\" rel=\"nofollow noopener\" target=\"_blank\">+86 13849062209<\/a><\/span><\/strong><\/div>\n<div dir=\"auto\">\n<div dir=\"auto\"><strong>Ekibimiz size profesyonel hizmet ve destek sa\u011flamak i\u00e7in haz\u0131r.<\/strong><\/div>\n<div dir=\"auto\">\n<hr \/>\n<h4 class=\"wp-block-heading\">Anahtar kelimeler<\/h4>\n<p>vakum sistemi,nuoxutech, vakum pompas\u0131, VacuumSystem.<\/p>\n<\/div>\n<\/div>\n<\/div>\n<\/div>\n<\/div>\n","protected":false},"excerpt":{"rendered":"<p>D\u00fc\u015f\u00fck vakum \u00f6l\u00e7\u00fcm diren\u00e7 \u00fcnitesi (ZJ &#8211; 52T diren\u00e7 \u00f6l\u00e7\u00fcm borusu) ve y\u00fcksek vakum \u00f6l\u00e7\u00fcm iyonizasyon \u00fcnitesi (ZJ-27 iyonizasyon \u00f6l\u00e7\u00fcm borusu) teknolojisi kombinasyonuna dayanan diren\u00e7\/iyonizasyon kompozit vakum \u00f6l\u00e7er vakum \u00f6l\u00e7\u00fcmlerini ger\u00e7ekle\u015ftirir<\/p>\n","protected":false},"featured_media":8206,"template":"","meta":{"_acf_changed":false,"site-sidebar-layout":"default","site-content-layout":"","ast-site-content-layout":"default","site-content-style":"default","site-sidebar-style":"default","ast-global-header-display":"","ast-banner-title-visibility":"","ast-main-header-display":"","ast-hfb-above-header-display":"","ast-hfb-below-header-display":"","ast-hfb-mobile-header-display":"","site-post-title":"","ast-breadcrumbs-content":"","ast-featured-img":"","footer-sml-layout":"","ast-disable-related-posts":"","theme-transparent-header-meta":"default","adv-header-id-meta":"","stick-header-meta":"default","header-above-stick-meta":"","header-main-stick-meta":"","header-below-stick-meta":"","astra-migrate-meta-layouts":"set","ast-page-background-enabled":"default","ast-page-background-meta":{"desktop":{"background-color":"","background-image":"","background-repeat":"repeat","background-position":"center center","background-size":"auto","background-attachment":"scroll","background-type":"","background-media":"","overlay-type":"","overlay-color":"","overlay-opacity":"","overlay-gradient":""},"tablet":{"background-color":"","background-image":"","background-repeat":"repeat","background-position":"center center","background-size":"auto","background-attachment":"scroll","background-type":"","background-media":"","overlay-type":"","overlay-color":"","overlay-opacity":"","overlay-gradient":""},"mobile":{"background-color":"","background-image":"","background-repeat":"repeat","background-position":"center center","background-size":"auto","background-attachment":"scroll","background-type":"","background-media":"","overlay-type":"","overlay-color":"","overlay-opacity":"","overlay-gradient":""}},"ast-content-background-meta":{"desktop":{"background-color":"var(--ast-global-color-5)","background-image":"","background-repeat":"repeat","background-position":"center center","background-size":"auto","background-attachment":"scroll","background-type":"","background-media":"","overlay-type":"","overlay-color":"","overlay-opacity":"","overlay-gradient":""},"tablet":{"background-color":"var(--ast-global-color-5)","background-image":"","background-repeat":"repeat","background-position":"center center","background-size":"auto","background-attachment":"scroll","background-type":"","background-media":"","overlay-type":"","overlay-color":"","overlay-opacity":"","overlay-gradient":""},"mobile":{"background-color":"var(--ast-global-color-5)","background-image":"","background-repeat":"repeat","background-position":"center center","background-size":"auto","background-attachment":"scroll","background-type":"","background-media":"","overlay-type":"","overlay-color":"","overlay-opacity":"","overlay-gradient":""}}},"product_brand":[],"product_cat":[229],"product_tag":[],"class_list":{"0":"post-10018","1":"product","2":"type-product","3":"status-publish","4":"has-post-thumbnail","6":"product_cat-vacuum-gauges-and-leak-detector-tr","7":"desktop-align-left","8":"tablet-align-left","9":"mobile-align-left","10":"ast-product-gallery-layout-horizontal","11":"ast-magnify-disabled","13":"first","14":"instock","15":"shipping-taxable","16":"product-type-simple"},"acf":[],"_links":{"self":[{"href":"https:\/\/www.nuoxutech.com\/tr\/wp-json\/wp\/v2\/product\/10018","targetHints":{"allow":["GET"]}}],"collection":[{"href":"https:\/\/www.nuoxutech.com\/tr\/wp-json\/wp\/v2\/product"}],"about":[{"href":"https:\/\/www.nuoxutech.com\/tr\/wp-json\/wp\/v2\/types\/product"}],"version-history":[{"count":2,"href":"https:\/\/www.nuoxutech.com\/tr\/wp-json\/wp\/v2\/product\/10018\/revisions"}],"predecessor-version":[{"id":10020,"href":"https:\/\/www.nuoxutech.com\/tr\/wp-json\/wp\/v2\/product\/10018\/revisions\/10020"}],"wp:featuredmedia":[{"embeddable":true,"href":"https:\/\/www.nuoxutech.com\/tr\/wp-json\/wp\/v2\/media\/8206"}],"wp:attachment":[{"href":"https:\/\/www.nuoxutech.com\/tr\/wp-json\/wp\/v2\/media?parent=10018"}],"wp:term":[{"taxonomy":"product_brand","embeddable":true,"href":"https:\/\/www.nuoxutech.com\/tr\/wp-json\/wp\/v2\/product_brand?post=10018"},{"taxonomy":"product_cat","embeddable":true,"href":"https:\/\/www.nuoxutech.com\/tr\/wp-json\/wp\/v2\/product_cat?post=10018"},{"taxonomy":"product_tag","embeddable":true,"href":"https:\/\/www.nuoxutech.com\/tr\/wp-json\/wp\/v2\/product_tag?post=10018"}],"curies":[{"name":"wp","href":"https:\/\/api.w.org\/{rel}","templated":true}]}}