{"id":10024,"date":"2024-04-30T11:04:41","date_gmt":"2024-04-30T03:04:41","guid":{"rendered":"https:\/\/www.nuoxutech.com\/pvd-kaplamalar-puskurtme-hedefleri\/"},"modified":"2025-04-27T14:52:52","modified_gmt":"2025-04-27T06:52:52","slug":"pvd-coatings-sputtering-targets","status":"publish","type":"product","link":"https:\/\/www.nuoxutech.com\/tr\/pvd-coatings-sputtering-targets\/","title":{"rendered":"PVD kaplamalar P\u00fcsk\u00fcrtme hedefleri"},"content":{"rendered":"<h3>PVD kaplamalar P\u00fcsk\u00fcrtme hedefleri<\/h3>\n<p><img fetchpriority=\"high\" decoding=\"async\" class=\"alignnone wp-image-6827 size-full\" src=\"https:\/\/www.nuoxutech.com\/wp-content\/uploads\/2024\/04\/pvdTarget4.jpg\" alt=\"PVD kaplamalar P\u00fcsk\u00fcrtme hedefleri\" width=\"800\" height=\"800\" title=\"\" srcset=\"https:\/\/www.nuoxutech.com\/wp-content\/uploads\/2024\/04\/pvdTarget4.jpg 800w, https:\/\/www.nuoxutech.com\/wp-content\/uploads\/2024\/04\/pvdTarget4-300x300.jpg 300w, https:\/\/www.nuoxutech.com\/wp-content\/uploads\/2024\/04\/pvdTarget4-150x150.jpg 150w, https:\/\/www.nuoxutech.com\/wp-content\/uploads\/2024\/04\/pvdTarget4-768x768.jpg 768w, https:\/\/www.nuoxutech.com\/wp-content\/uploads\/2024\/04\/pvdTarget4-512x512.jpg 512w, https:\/\/www.nuoxutech.com\/wp-content\/uploads\/2024\/04\/pvdTarget4-100x100.jpg 100w\" sizes=\"(max-width: 800px) 100vw, 800px\" \/><\/p>\n<p>PVD kaplamalar P\u00fcsk\u00fcrtme hedefleri, PVD, lazer ve iyon \u0131\u015f\u0131n\u0131 teknolojileri de dahil olmak \u00fczere \u00e7e\u015fitli kaplama y\u00f6ntemleri i\u00e7in hayati malzemeler olarak hizmet eder. Bu hedeflerin kalitesi, yap\u0131, homojenlik ve safl\u0131k gibi fakt\u00f6rleri etkileyen y\u00fcksek kaliteli kaplamalar \u00fcretmek i\u00e7in \u00e7ok \u00f6nemlidir.<\/p>\n<h3>Uygulamalar:<\/h3>\n<ul>\n<li>Cam kaplamalar<\/li>\n<li>Otomotiv par\u00e7a kaplamalar\u0131<\/li>\n<li>Kesici tak\u0131m kaplamalar\u0131<\/li>\n<li>Sentetik bile\u015fen kaplamalar\u0131<\/li>\n<li>T\u0131bbi kaplamalar<\/li>\n<li>Yar\u0131 iletken kaplamalar<\/li>\n<li>Enerji teknolojisi kaplamalar\u0131<\/li>\n<li>Optik kaplamalar<\/li>\n<li>Metrolojik kaplamalar<\/li>\n<li>Dekoratif kaplamalar<\/li>\n<\/ul>\n<h3>PVD Kaplama Teknolojisi:<\/h3>\n<p>\u0130nce katmanlar\u0131n fiziksel birikimi, hem &#8220;Ark&#8221; prosed\u00fcrlerini hem de y\u00fcksek vakumlu ortamlarda katot p\u00fcsk\u00fcrtmeyi kullanan PVD i\u015flemiyle elde edilir. PVD kaplamalar, i\u015flevsellik ve estetik \u00e7ekicilik i\u00e7in titiz standartlar\u0131 kar\u015f\u0131larken \u00e7e\u015fitli ara\u00e7lar\u0131n \u00f6mr\u00fcn\u00fc uzat\u0131r.<\/p>\n<h3>Premium P\u00fcsk\u00fcrtme Hedeflerini Sat\u0131n Al\u0131n:<\/h3>\n<p>PVD kaplama teknolojisi i\u00e7in \u00f6zel olarak tasarlanm\u0131\u015f birinci s\u0131n\u0131f p\u00fcsk\u00fcrtme hedefleri, ARC katotlar\u0131 ve p\u00fcsk\u00fcrtme malzemelerinin kapsaml\u0131 bir se\u00e7imini sunuyoruz. Ultra ince kaplamalar\u0131m\u0131z a\u015f\u0131nma korumas\u0131, dekoratif katmanlar, cam, fotovoltaik ve yar\u0131 iletken end\u00fcstrilerinde uygulama bulmaktad\u0131r. Saf metallerden, ala\u015f\u0131mlardan ve oksitlerden \u00fcretilen, \u00f6zel boyutlarda bile mevcut olan ve ola\u011fan\u00fcst\u00fc maliyet verimlili\u011fi sa\u011flayan, ayr\u0131 ayr\u0131 \u00f6zelle\u015ftirilmi\u015f \u00fcr\u00fcn yelpazemizi ke\u015ffedin.<\/p>\n<div dir=\"auto\">\n<hr \/>\n<p><a href=\"https:\/\/www.nuoxutech.com\/pvd-coatings-sputtering-targets\/\">PVD <\/a>kaplamalar hakk\u0131nda daha fazla bilgi i\u00e7in Sputtering hedefleri, bizimle ileti\u015fime ge\u00e7in<\/p>\n<\/div>\n<div dir=\"auto\"><strong>Posta:<span style=\"color: #3366ff;\"><a style=\"color: #3366ff;\" href=\"mailto:contact@nuoxutech.com\">contact@nuoxutech.com<\/a><\/span><\/strong><\/div>\n<div dir=\"auto\"><strong>WhatsApp: <span style=\"color: #3366ff;\"><a style=\"color: #3366ff;\" href=\"https:\/\/wa.me\/message\/Z6LWLVZDXHWFD1\" rel=\"nofollow noopener\" target=\"_blank\">+86 13849062209<\/a><\/span><\/strong><\/div>\n<div dir=\"auto\">\n<div dir=\"auto\"><strong>Ekibimiz size profesyonel hizmet ve destek sa\u011flamak i\u00e7in haz\u0131r.<\/strong><\/div>\n<div dir=\"auto\">\n<hr \/>\n<h4 class=\"wp-block-heading\">Anahtar kelimeler<\/h4>\n<p>vakum sistemi,nuoxutech, vakum pompas\u0131, VacuumSystem, Yar\u0131 iletken uygulamalar\u0131 i\u00e7in y\u00fcksek safl\u0131kta PVD kaplamalar p\u00fcsk\u00fcrtme hedefleri, Y\u00fcksek hassasiyetli uygulamalar i\u00e7in d\u00fc\u015f\u00fck kontaminasyonlu PVD kaplama malzemeleri, End\u00fcstriyel PVD kaplama sistemleri i\u00e7in \u00c7in \u00fcretimi p\u00fcsk\u00fcrtme hedefleri, PVD Uygulamalar\u0131 i\u00e7in Vakum Kaplama Malzemeleri.<\/p>\n<\/div>\n<\/div>\n","protected":false},"excerpt":{"rendered":"<p>Hassas PVD kaplamalar\u0131m\u0131z\u0131 ke\u015ffedin P\u00fcsk\u00fcrtme hedefleri \u00fcretimi. Geli\u015fmi\u015f toz metalurjisi teknikleriyle \u00fcretilen hedeflerimiz, PVD, lazer ve iyon \u0131\u015f\u0131n\u0131 teknolojileri i\u00e7in \u00fcst\u00fcn kaliteli kaplamalar sa\u011flar. Cam kaplamalar, yar\u0131 iletken filmler ve dekoratif katmanlar dahil olmak \u00fczere \u00e7e\u015fitli uygulamalar i\u00e7in tasarlanm\u0131\u015f hedeflerimiz, ola\u011fan\u00fcst\u00fc performans ve dayan\u0131kl\u0131l\u0131k garanti eder.<\/p>\n","protected":false},"featured_media":8362,"template":"","meta":{"_acf_changed":false,"site-sidebar-layout":"default","site-content-layout":"","ast-site-content-layout":"default","site-content-style":"default","site-sidebar-style":"default","ast-global-header-display":"","ast-banner-title-visibility":"","ast-main-header-display":"","ast-hfb-above-header-display":"","ast-hfb-below-header-display":"","ast-hfb-mobile-header-display":"","site-post-title":"","ast-breadcrumbs-content":"","ast-featured-img":"","footer-sml-layout":"","ast-disable-related-posts":"","theme-transparent-header-meta":"default","adv-header-id-meta":"","stick-header-meta":"default","header-above-stick-meta":"","header-main-stick-meta":"","header-below-stick-meta":"","astra-migrate-meta-layouts":"set","ast-page-background-enabled":"default","ast-page-background-meta":{"desktop":{"background-color":"","background-image":"","background-repeat":"repeat","background-position":"center center","background-size":"auto","background-attachment":"scroll","background-type":"","background-media":"","overlay-type":"","overlay-color":"","overlay-opacity":"","overlay-gradient":""},"tablet":{"background-color":"","background-image":"","background-repeat":"repeat","background-position":"center center","background-size":"auto","background-attachment":"scroll","background-type":"","background-media":"","overlay-type":"","overlay-color":"","overlay-opacity":"","overlay-gradient":""},"mobile":{"background-color":"","background-image":"","background-repeat":"repeat","background-position":"center center","background-size":"auto","background-attachment":"scroll","background-type":"","background-media":"","overlay-type":"","overlay-color":"","overlay-opacity":"","overlay-gradient":""}},"ast-content-background-meta":{"desktop":{"background-color":"var(--ast-global-color-5)","background-image":"","background-repeat":"repeat","background-position":"center center","background-size":"auto","background-attachment":"scroll","background-type":"","background-media":"","overlay-type":"","overlay-color":"","overlay-opacity":"","overlay-gradient":""},"tablet":{"background-color":"var(--ast-global-color-5)","background-image":"","background-repeat":"repeat","background-position":"center center","background-size":"auto","background-attachment":"scroll","background-type":"","background-media":"","overlay-type":"","overlay-color":"","overlay-opacity":"","overlay-gradient":""},"mobile":{"background-color":"var(--ast-global-color-5)","background-image":"","background-repeat":"repeat","background-position":"center center","background-size":"auto","background-attachment":"scroll","background-type":"","background-media":"","overlay-type":"","overlay-color":"","overlay-opacity":"","overlay-gradient":""}}},"product_brand":[],"product_cat":[231],"product_tag":[],"class_list":{"0":"post-10024","1":"product","2":"type-product","3":"status-publish","4":"has-post-thumbnail","6":"product_cat-vacuum-valves-and-spare-parts-tr","7":"desktop-align-left","8":"tablet-align-left","9":"mobile-align-left","10":"ast-product-gallery-layout-horizontal","11":"ast-magnify-disabled","13":"first","14":"instock","15":"shipping-taxable","16":"product-type-simple"},"acf":[],"_links":{"self":[{"href":"https:\/\/www.nuoxutech.com\/tr\/wp-json\/wp\/v2\/product\/10024","targetHints":{"allow":["GET"]}}],"collection":[{"href":"https:\/\/www.nuoxutech.com\/tr\/wp-json\/wp\/v2\/product"}],"about":[{"href":"https:\/\/www.nuoxutech.com\/tr\/wp-json\/wp\/v2\/types\/product"}],"version-history":[{"count":3,"href":"https:\/\/www.nuoxutech.com\/tr\/wp-json\/wp\/v2\/product\/10024\/revisions"}],"predecessor-version":[{"id":10027,"href":"https:\/\/www.nuoxutech.com\/tr\/wp-json\/wp\/v2\/product\/10024\/revisions\/10027"}],"wp:featuredmedia":[{"embeddable":true,"href":"https:\/\/www.nuoxutech.com\/tr\/wp-json\/wp\/v2\/media\/8362"}],"wp:attachment":[{"href":"https:\/\/www.nuoxutech.com\/tr\/wp-json\/wp\/v2\/media?parent=10024"}],"wp:term":[{"taxonomy":"product_brand","embeddable":true,"href":"https:\/\/www.nuoxutech.com\/tr\/wp-json\/wp\/v2\/product_brand?post=10024"},{"taxonomy":"product_cat","embeddable":true,"href":"https:\/\/www.nuoxutech.com\/tr\/wp-json\/wp\/v2\/product_cat?post=10024"},{"taxonomy":"product_tag","embeddable":true,"href":"https:\/\/www.nuoxutech.com\/tr\/wp-json\/wp\/v2\/product_tag?post=10024"}],"curies":[{"name":"wp","href":"https:\/\/api.w.org\/{rel}","templated":true}]}}