{"id":10059,"date":"2024-06-20T15:51:40","date_gmt":"2024-06-20T07:51:40","guid":{"rendered":"https:\/\/www.nuoxutech.com\/bsv275-iki-kademeli-doner-vakum-pompasi\/"},"modified":"2025-04-29T11:18:51","modified_gmt":"2025-04-29T03:18:51","slug":"bsv275-two-stage-rotary-vacuum-pump","status":"publish","type":"product","link":"https:\/\/www.nuoxutech.com\/tr\/bsv275-two-stage-rotary-vacuum-pump\/","title":{"rendered":"BSV275 \u0130ki kademeli d\u00f6ner vakum pompas\u0131"},"content":{"rendered":"<h3>BSV275 \u0130ki kademeli d\u00f6ner vakum pompas\u0131 <strong>sevkiyata haz\u0131r<\/strong><\/h3>\n<p><img fetchpriority=\"high\" decoding=\"async\" class=\"alignnone wp-image-6416 size-large\" src=\"https:\/\/www.nuoxutech.com\/wp-content\/uploads\/2024\/03\/new_bsv-1024x768.jpg\" alt=\"BSV275 \u0130ki kademeli d\u00f6ner vakum pompas\u0131 sevkiyata haz\u0131r\" width=\"1024\" height=\"768\" title=\"\" srcset=\"https:\/\/www.nuoxutech.com\/wp-content\/uploads\/2024\/03\/new_bsv-1024x768.jpg 1024w, https:\/\/www.nuoxutech.com\/wp-content\/uploads\/2024\/03\/new_bsv-300x225.jpg 300w, https:\/\/www.nuoxutech.com\/wp-content\/uploads\/2024\/03\/new_bsv-768x576.jpg 768w, https:\/\/www.nuoxutech.com\/wp-content\/uploads\/2024\/03\/new_bsv-1536x1152.jpg 1536w, https:\/\/www.nuoxutech.com\/wp-content\/uploads\/2024\/03\/new_bsv-2048x1536.jpg 2048w, https:\/\/www.nuoxutech.com\/wp-content\/uploads\/2024\/03\/new_bsv-512x384.jpg 512w\" sizes=\"(max-width: 1024px) 100vw, 1024px\" \/><\/p>\n<ol>\n<li><strong>Yays\u0131z D\u00f6nen B\u0131\u00e7aklar:<\/strong> F\u0131s\u0131lt\u0131 Kadar Sessiz \u00c7al\u0131\u015fma ve Uzun \u00d6m\u00fcr\n<ul>\n<li>Huzurlu bir \u00e7al\u0131\u015fma ortam\u0131 i\u00e7in d\u00fc\u015f\u00fck ses ve titre\u015fim seviyelerine ula\u015f\u0131r.<\/li>\n<li>Dayan\u0131kl\u0131l\u0131k ve uzun \u00f6m\u00fcr sa\u011flar, bak\u0131m ihtiyac\u0131n\u0131 azalt\u0131r.<\/li>\n<\/ul>\n<\/li>\n<li><strong>Dahili Ya\u011f Kontrol Vanas\u0131: <\/strong>Ya\u011f Geri D\u00f6n\u00fc\u015f\u00fcn\u00fc Ortadan Kald\u0131r\u0131r, Pompa Verimlili\u011fini Art\u0131r\u0131r\n<ul>\n<li>Ya\u011f\u0131n geri ak\u0131\u015f\u0131n\u0131 \u00f6nleyerek optimum performans\u0131 korur.<\/li>\n<li>Tutarl\u0131 \u00e7al\u0131\u015fma i\u00e7in pompa g\u00fcvenilirli\u011fini ve verimlili\u011fini art\u0131r\u0131r.<\/li>\n<\/ul>\n<\/li>\n<li><strong>Dahili Pompa ile Zorunlu Ya\u011f Temini: <\/strong>Atmosferik Bas\u0131nc\u0131n Alt\u0131nda S\u00fcrekli ve Kararl\u0131 \u00c7al\u0131\u015fma\n<ul>\n<li>Zorlu ko\u015fullarda bile uzun vadeli stabilite sa\u011flar.<\/li>\n<li>Kesintisiz \u00e7al\u0131\u015fmay\u0131 kolayla\u015ft\u0131rarak verimlili\u011fi art\u0131r\u0131r.<\/li>\n<\/ul>\n<\/li>\n<li><strong>\u00c7oklu So\u011futma Y\u00f6ntemi Entegrasyonu: <\/strong>S\u00fcrd\u00fcr\u00fclebilir Performans i\u00e7in Geli\u015fmi\u015f So\u011futma Verimlili\u011fi\n<ul>\n<li>Optimum s\u0131cakl\u0131k reg\u00fclasyonu i\u00e7in hava, ya\u011f ve su so\u011futma y\u00f6ntemlerini kullan\u0131r.<\/li>\n<li>Uzun vadeli stabilite ve g\u00fcvenilir emi\u015f performans\u0131 sa\u011flar.<\/li>\n<\/ul>\n<\/li>\n<li><strong>Basitle\u015ftirilmi\u015f \u00dcr\u00fcn Yap\u0131s\u0131:<\/strong> Sorunsuz Kullan\u0131m i\u00e7in Kolay Bak\u0131m ve Montaj\n<ul>\n<li>H\u0131zl\u0131 bak\u0131m i\u00e7in s\u00f6kme ve takma i\u015flemlerini basitle\u015ftirir.<\/li>\n<li>Kolay bak\u0131m imk\u00e2n\u0131 sa\u011flar, duru\u015f s\u00fcresini azalt\u0131r ve \u00fcretkenli\u011fi art\u0131r\u0131r.<\/li>\n<\/ul>\n<\/li>\n<\/ol>\n<p>Kusursuz \u00e7al\u0131\u015fma ve uzun s\u00fcreli verimlilik i\u00e7in yenilik\u00e7i \u00f6zelliklerle tasarlanan vakum pompam\u0131z\u0131n \u00fcst\u00fcn performans\u0131n\u0131 ve g\u00fcvenilirli\u011fini ke\u015ffedin.<\/p>\n<div dir=\"auto\">\n<hr \/>\n<p><a href=\"https:\/\/www.nuoxutech.com\/bsv275-two-stage-rotary-vacuum-pump\/\">BSV275 <\/a>\u0130ki Kademeli D\u00f6ner Kanatl\u0131 Vakum Pompas\u0131 hakk\u0131nda daha fazla bilgi i\u00e7in bizimle ileti\u015fime ge\u00e7in<\/p>\n<\/div>\n<div dir=\"auto\"><strong>Posta:<span style=\"color: #3366ff;\"><a style=\"color: #3366ff;\" href=\"mailto:contact@nuoxutech.com\">contact@nuoxutech.com<\/a><\/span><\/strong><\/div>\n<div dir=\"auto\"><strong>WhatsApp: <span style=\"color: #3366ff;\"><a style=\"color: #3366ff;\" href=\"https:\/\/wa.me\/message\/Z6LWLVZDXHWFD1\" rel=\"nofollow noopener\" target=\"_blank\">+86 13849062209<\/a><\/span><\/strong><\/div>\n<div dir=\"auto\">\n<div dir=\"auto\"><strong>Ekibimiz size profesyonel hizmet ve destek sa\u011flamak i\u00e7in haz\u0131r.<\/strong><\/div>\n<div dir=\"auto\">\n<hr \/>\n<h4 class=\"wp-block-heading\">Anahtar kelimeler<\/h4>\n<p>vakum sistemi, nuoxutech, vakum pompas\u0131, VacuumSystem, BSV275 \u0130ki kademeli d\u00f6ner vakum pompas\u0131.<\/p>\n<\/div>\n<\/div>\n","protected":false},"excerpt":{"rendered":"<p>BSV275 \u0130ki kademeli d\u00f6ner vakum pompas\u0131 D\u00fc\u015f\u00fck g\u00fcr\u00fclt\u00fc, d\u00fc\u015f\u00fck titre\u015fim ve uzun kullan\u0131m \u00f6mr\u00fc elde etmek i\u00e7in yays\u0131z d\u00f6nen b\u0131\u00e7aklar kullan\u0131r<\/p>\n","protected":false},"featured_media":7975,"template":"","meta":{"_acf_changed":false,"site-sidebar-layout":"default","site-content-layout":"","ast-site-content-layout":"default","site-content-style":"default","site-sidebar-style":"default","ast-global-header-display":"","ast-banner-title-visibility":"","ast-main-header-display":"","ast-hfb-above-header-display":"","ast-hfb-below-header-display":"","ast-hfb-mobile-header-display":"","site-post-title":"","ast-breadcrumbs-content":"","ast-featured-img":"","footer-sml-layout":"","ast-disable-related-posts":"","theme-transparent-header-meta":"default","adv-header-id-meta":"","stick-header-meta":"default","header-above-stick-meta":"","header-main-stick-meta":"","header-below-stick-meta":"","astra-migrate-meta-layouts":"set","ast-page-background-enabled":"default","ast-page-background-meta":{"desktop":{"background-color":"","background-image":"","background-repeat":"repeat","background-position":"center center","background-size":"auto","background-attachment":"scroll","background-type":"","background-media":"","overlay-type":"","overlay-color":"","overlay-opacity":"","overlay-gradient":""},"tablet":{"background-color":"","background-image":"","background-repeat":"repeat","background-position":"center center","background-size":"auto","background-attachment":"scroll","background-type":"","background-media":"","overlay-type":"","overlay-color":"","overlay-opacity":"","overlay-gradient":""},"mobile":{"background-color":"","background-image":"","background-repeat":"repeat","background-position":"center center","background-size":"auto","background-attachment":"scroll","background-type":"","background-media":"","overlay-type":"","overlay-color":"","overlay-opacity":"","overlay-gradient":""}},"ast-content-background-meta":{"desktop":{"background-color":"var(--ast-global-color-5)","background-image":"","background-repeat":"repeat","background-position":"center center","background-size":"auto","background-attachment":"scroll","background-type":"","background-media":"","overlay-type":"","overlay-color":"","overlay-opacity":"","overlay-gradient":""},"tablet":{"background-color":"var(--ast-global-color-5)","background-image":"","background-repeat":"repeat","background-position":"center center","background-size":"auto","background-attachment":"scroll","background-type":"","background-media":"","overlay-type":"","overlay-color":"","overlay-opacity":"","overlay-gradient":""},"mobile":{"background-color":"var(--ast-global-color-5)","background-image":"","background-repeat":"repeat","background-position":"center center","background-size":"auto","background-attachment":"scroll","background-type":"","background-media":"","overlay-type":"","overlay-color":"","overlay-opacity":"","overlay-gradient":""}}},"product_brand":[],"product_cat":[226],"product_tag":[],"class_list":{"0":"post-10059","1":"product","2":"type-product","3":"status-publish","4":"has-post-thumbnail","6":"product_cat-oil-sealed-rotary-vane-vacuum-pumps-tr","7":"desktop-align-left","8":"tablet-align-left","9":"mobile-align-left","10":"ast-product-gallery-layout-horizontal","11":"ast-magnify-disabled","13":"first","14":"instock","15":"shipping-taxable","16":"product-type-simple"},"acf":[],"_links":{"self":[{"href":"https:\/\/www.nuoxutech.com\/tr\/wp-json\/wp\/v2\/product\/10059","targetHints":{"allow":["GET"]}}],"collection":[{"href":"https:\/\/www.nuoxutech.com\/tr\/wp-json\/wp\/v2\/product"}],"about":[{"href":"https:\/\/www.nuoxutech.com\/tr\/wp-json\/wp\/v2\/types\/product"}],"version-history":[{"count":2,"href":"https:\/\/www.nuoxutech.com\/tr\/wp-json\/wp\/v2\/product\/10059\/revisions"}],"predecessor-version":[{"id":10061,"href":"https:\/\/www.nuoxutech.com\/tr\/wp-json\/wp\/v2\/product\/10059\/revisions\/10061"}],"wp:featuredmedia":[{"embeddable":true,"href":"https:\/\/www.nuoxutech.com\/tr\/wp-json\/wp\/v2\/media\/7975"}],"wp:attachment":[{"href":"https:\/\/www.nuoxutech.com\/tr\/wp-json\/wp\/v2\/media?parent=10059"}],"wp:term":[{"taxonomy":"product_brand","embeddable":true,"href":"https:\/\/www.nuoxutech.com\/tr\/wp-json\/wp\/v2\/product_brand?post=10059"},{"taxonomy":"product_cat","embeddable":true,"href":"https:\/\/www.nuoxutech.com\/tr\/wp-json\/wp\/v2\/product_cat?post=10059"},{"taxonomy":"product_tag","embeddable":true,"href":"https:\/\/www.nuoxutech.com\/tr\/wp-json\/wp\/v2\/product_tag?post=10059"}],"curies":[{"name":"wp","href":"https:\/\/api.w.org\/{rel}","templated":true}]}}