{"id":10062,"date":"2024-07-05T16:41:50","date_gmt":"2024-07-05T08:41:50","guid":{"rendered":"https:\/\/www.nuoxutech.com\/gd-j-serisi-yuksek-vakum-aci-vanasi\/"},"modified":"2025-04-29T11:59:05","modified_gmt":"2025-04-29T03:59:05","slug":"gd-j-series-high-vacuum-angle-valve","status":"publish","type":"product","link":"https:\/\/www.nuoxutech.com\/tr\/gd-j-series-high-vacuum-angle-valve\/","title":{"rendered":"GD-J Serisi Y\u00fcksek Vakum A\u00e7\u0131 Vanas\u0131"},"content":{"rendered":"<h4>GD-J Serisi Y\u00fcksek Vakum A\u00e7\u0131 Vanas\u0131<\/h4>\n<p><strong>Modeli:<\/strong> GD-J(B)<br \/>\n<strong>Tip:<\/strong> Manuel Y\u00fcksek Vakum A\u00e7\u0131 Vanas\u0131<\/p>\n<p>GD-J serisi y\u00fcksek vakum a\u00e7\u0131l\u0131 vanalar vakum sistemlerinde olmazsa olmaz bile\u015fenlerdir. G\u00fcvenilir performans i\u00e7in tasarlanan bu vanalar, el \u00e7ark\u0131n\u0131 manuel olarak d\u00f6nd\u00fcrerek vana plakas\u0131n\u0131n a\u00e7\u0131l\u0131p kapat\u0131lmas\u0131na olanak tan\u0131yan di\u015fli bir mekanizmaya sahiptir. GD-J(B) modeli, hava ve a\u015f\u0131nd\u0131r\u0131c\u0131 olmayan gazlar\u0131 i\u00e7eren uygulamalar i\u00e7in \u00f6zel olarak tasarlanm\u0131\u015ft\u0131r ve \u00e7e\u015fitli end\u00fcstriyel proseslerle uyumlulu\u011fu garanti eder.<\/p>\n<p><img fetchpriority=\"high\" decoding=\"async\" class=\"alignnone wp-image-6613 size-full\" src=\"https:\/\/www.nuoxutech.com\/wp-content\/uploads\/2024\/07\/ALL-e1727261163701.jpg\" alt=\"GD-J Serisi Y\u00fcksek Vakum A\u00e7\u0131 Vanas\u0131\" width=\"400\" height=\"600\" title=\"\"><\/p>\n<p><strong>Temel \u00d6zellikler:<\/strong><\/p>\n<ul>\n<li><strong>Manuel \u00c7al\u0131\u015ft\u0131rma:<\/strong> Vana, bir el \u00e7ark\u0131 arac\u0131l\u0131\u011f\u0131yla \u00e7al\u0131\u015f\u0131r ve vana plakas\u0131n\u0131n konumu \u00fczerinde hassas kontrol sa\u011flar.<\/li>\n<li><strong>Di\u015fli Mekanizma:<\/strong> \u015eanz\u0131man bile\u015fenlerinin di\u015fli tasar\u0131m\u0131, valfin d\u00fczg\u00fcn ve verimli \u00e7al\u0131\u015fmas\u0131n\u0131 sa\u011flar.<\/li>\n<li><strong>Y\u00fcksek Vakum Kapasitesi:<\/strong> Y\u00fcksek vakum ortamlar\u0131nda etkili bir \u015fekilde \u00e7al\u0131\u015facak \u015fekilde tasarlanm\u0131\u015ft\u0131r.<\/li>\n<li><strong>Malzeme Uyumlulu\u011fu: <\/strong>Hava ve a\u015f\u0131nd\u0131r\u0131c\u0131 olmayan gazlarla kullan\u0131ma uygundur, bu da onu \u00e7ok \u00e7e\u015fitli uygulamalar i\u00e7in \u00e7ok y\u00f6nl\u00fc hale getirir.<\/li>\n<\/ul>\n<p><strong>Teknik \u00d6zellikler:<\/strong><\/p>\n<ul>\n<li><strong>T\u00fcr: <\/strong>Manuel<\/li>\n<li><strong>Modeller:<\/strong> HD-JB)<\/li>\n<li><strong>Uygulanabilir Ortam: <\/strong>Hava ve a\u015f\u0131nd\u0131r\u0131c\u0131 olmayan gazlar<\/li>\n<li><strong>\u00c7al\u0131\u015fma Mekanizmas\u0131:<\/strong> El \u00e7ark\u0131 ile \u00e7al\u0131\u015fan di\u015fli yap\u0131<\/li>\n<li><strong>Vakum Aral\u0131\u011f\u0131: <\/strong>Y\u00fcksek vakum ko\u015fullar\u0131 i\u00e7in uygundur<\/li>\n<\/ul>\n<p><strong>Uygulamalar:<\/strong><\/p>\n<ul>\n<li><strong>Vakum Sistemleri:<\/strong> Hava ve a\u015f\u0131nd\u0131r\u0131c\u0131 olmayan gazlar\u0131n hassas kontrol\u00fcn\u00fcn gerekti\u011fi \u00e7e\u015fitli vakum sistemlerinde kullan\u0131ma uygundur.<\/li>\n<li><strong>End\u00fcstriyel Prosesler:<\/strong> Y\u00fcksek vakum ko\u015fullar\u0131n\u0131n \u00f6nemli oldu\u011fu elektronik, havac\u0131l\u0131k ve bilimsel ara\u015ft\u0131rma gibi sekt\u00f6rlerdeki uygulamalara uygundur.<\/li>\n<\/ul>\n<p><strong>Avantajlar\u0131<\/strong>:<\/p>\n<ul>\n<li><strong>G\u00fcvenilirlik: <\/strong>Sa\u011flam tasar\u0131m, zorlu ortamlarda uzun s\u00fcreli performans sa\u011flar.<\/li>\n<li><strong>Kullan\u0131m Kolayl\u0131\u011f\u0131:<\/strong> Manuel kullan\u0131m, basit ve hassas kontrol sa\u011flar.<\/li>\n<li><strong>\u00c7ok Y\u00f6nl\u00fcl\u00fck: <\/strong>Hava ve a\u015f\u0131nd\u0131r\u0131c\u0131 olmayan gazlar\u0131 i\u00e7eren \u00e7ok \u00e7e\u015fitli uygulamalarla uyumludur.<\/li>\n<\/ul>\n<p><strong>Kurulum ve Bak\u0131m:<\/strong> GD-J serisi y\u00fcksek vakum a\u00e7\u0131l\u0131 vanalar\u0131 kurulumu kolayd\u0131r ve minimum bak\u0131m gerektirir. Manuel \u00e7al\u0131\u015fma ve di\u015fli mekanizma, dayan\u0131kl\u0131l\u0131k ve g\u00fcvenilirlik i\u00e7in tasarlanm\u0131\u015ft\u0131r ve zaman i\u00e7inde tutarl\u0131 performans sa\u011flar.<\/p>\n<div dir=\"auto\">\n<hr \/>\n<p><a href=\"https:\/\/www.nuoxutech.com\/gd-j-series-high-vacuum-angle-valve\/\">GD-J serisi <\/a>Y\u00fcksek vakum a\u00e7\u0131l\u0131 vana hakk\u0131nda daha fazla bilgi i\u00e7in bizimle ileti\u015fime ge\u00e7in<\/p>\n<\/div>\n<div dir=\"auto\"><strong>Posta:<span style=\"color: #3366ff;\"><a style=\"color: #3366ff;\" href=\"mailto:contact@nuoxutech.com\">contact@nuoxutech.com<\/a><\/span><\/strong><\/div>\n<div dir=\"auto\"><strong>WhatsApp: <span style=\"color: #3366ff;\"><a style=\"color: #3366ff;\" href=\"https:\/\/wa.me\/message\/Z6LWLVZDXHWFD1\" rel=\"nofollow noopener\" target=\"_blank\">+86 13849062209<\/a><\/span><\/strong><\/div>\n<div dir=\"auto\">\n<div dir=\"auto\"><strong>Ekibimiz size profesyonel hizmet ve destek sa\u011flamak i\u00e7in haz\u0131r.<\/strong><\/div>\n<div dir=\"auto\">\n<hr \/>\n<h4 class=\"wp-block-heading\">Anahtar kelimeler<\/h4>\n<p>vakum sistemi,nuoxutech, vakum pompas\u0131, VacuumSystem<span class=\"HwtZe\" lang=\"tr\"><span class=\"jCAhz ChMk0b\"><span class=\"ryNqvb\">, Y\u00fcksek Vakum A\u00e7\u0131 Vanas\u0131, Vakum Sistemleri i\u00e7in A\u00e7\u0131 Vanas\u0131, \u00c7in Y\u00fcksek Vakum Vanas\u0131 \u00dcreticisi, Yar\u0131 iletken ve laboratuvar kullan\u0131m\u0131 i\u00e7in y\u00fcksek vakum a\u00e7\u0131l\u0131 vanas\u0131<\/span><\/span><\/span>.<\/p>\n<\/div>\n<\/div>\n","protected":false},"excerpt":{"rendered":"<p>GD-J serisi y\u00fcksek vakum a\u00e7\u0131l\u0131 vanalar, bir el \u00e7ark\u0131 ve di\u015fli bir mekanizma kullan\u0131larak manuel olarak \u00e7al\u0131\u015ft\u0131r\u0131l\u0131r. Hava ve a\u015f\u0131nd\u0131r\u0131c\u0131 olmayan gazlar\u0131 i\u015fleyen y\u00fcksek vakum sistemleri i\u00e7in uygun olan bu vanalar, \u00e7e\u015fitli end\u00fcstriyel uygulamalarda hassas kontrol ve g\u00fcvenilir performans sa\u011flar.<\/p>\n","protected":false},"featured_media":8233,"template":"","meta":{"_acf_changed":false,"site-sidebar-layout":"default","site-content-layout":"","ast-site-content-layout":"default","site-content-style":"default","site-sidebar-style":"default","ast-global-header-display":"","ast-banner-title-visibility":"","ast-main-header-display":"","ast-hfb-above-header-display":"","ast-hfb-below-header-display":"","ast-hfb-mobile-header-display":"","site-post-title":"","ast-breadcrumbs-content":"","ast-featured-img":"","footer-sml-layout":"","ast-disable-related-posts":"","theme-transparent-header-meta":"default","adv-header-id-meta":"","stick-header-meta":"default","header-above-stick-meta":"","header-main-stick-meta":"","header-below-stick-meta":"","astra-migrate-meta-layouts":"set","ast-page-background-enabled":"default","ast-page-background-meta":{"desktop":{"background-color":"","background-image":"","background-repeat":"repeat","background-position":"center center","background-size":"auto","background-attachment":"scroll","background-type":"","background-media":"","overlay-type":"","overlay-color":"","overlay-opacity":"","overlay-gradient":""},"tablet":{"background-color":"","background-image":"","background-repeat":"repeat","background-position":"center center","background-size":"auto","background-attachment":"scroll","background-type":"","background-media":"","overlay-type":"","overlay-color":"","overlay-opacity":"","overlay-gradient":""},"mobile":{"background-color":"","background-image":"","background-repeat":"repeat","background-position":"center center","background-size":"auto","background-attachment":"scroll","background-type":"","background-media":"","overlay-type":"","overlay-color":"","overlay-opacity":"","overlay-gradient":""}},"ast-content-background-meta":{"desktop":{"background-color":"var(--ast-global-color-5)","background-image":"","background-repeat":"repeat","background-position":"center center","background-size":"auto","background-attachment":"scroll","background-type":"","background-media":"","overlay-type":"","overlay-color":"","overlay-opacity":"","overlay-gradient":""},"tablet":{"background-color":"var(--ast-global-color-5)","background-image":"","background-repeat":"repeat","background-position":"center center","background-size":"auto","background-attachment":"scroll","background-type":"","background-media":"","overlay-type":"","overlay-color":"","overlay-opacity":"","overlay-gradient":""},"mobile":{"background-color":"var(--ast-global-color-5)","background-image":"","background-repeat":"repeat","background-position":"center center","background-size":"auto","background-attachment":"scroll","background-type":"","background-media":"","overlay-type":"","overlay-color":"","overlay-opacity":"","overlay-gradient":""}}},"product_brand":[],"product_cat":[231],"product_tag":[],"class_list":{"0":"post-10062","1":"product","2":"type-product","3":"status-publish","4":"has-post-thumbnail","6":"product_cat-vacuum-valves-and-spare-parts-tr","7":"desktop-align-left","8":"tablet-align-left","9":"mobile-align-left","10":"ast-product-gallery-layout-horizontal","11":"ast-magnify-disabled","13":"first","14":"instock","15":"shipping-taxable","16":"product-type-simple"},"acf":[],"_links":{"self":[{"href":"https:\/\/www.nuoxutech.com\/tr\/wp-json\/wp\/v2\/product\/10062","targetHints":{"allow":["GET"]}}],"collection":[{"href":"https:\/\/www.nuoxutech.com\/tr\/wp-json\/wp\/v2\/product"}],"about":[{"href":"https:\/\/www.nuoxutech.com\/tr\/wp-json\/wp\/v2\/types\/product"}],"version-history":[{"count":2,"href":"https:\/\/www.nuoxutech.com\/tr\/wp-json\/wp\/v2\/product\/10062\/revisions"}],"predecessor-version":[{"id":10064,"href":"https:\/\/www.nuoxutech.com\/tr\/wp-json\/wp\/v2\/product\/10062\/revisions\/10064"}],"wp:featuredmedia":[{"embeddable":true,"href":"https:\/\/www.nuoxutech.com\/tr\/wp-json\/wp\/v2\/media\/8233"}],"wp:attachment":[{"href":"https:\/\/www.nuoxutech.com\/tr\/wp-json\/wp\/v2\/media?parent=10062"}],"wp:term":[{"taxonomy":"product_brand","embeddable":true,"href":"https:\/\/www.nuoxutech.com\/tr\/wp-json\/wp\/v2\/product_brand?post=10062"},{"taxonomy":"product_cat","embeddable":true,"href":"https:\/\/www.nuoxutech.com\/tr\/wp-json\/wp\/v2\/product_cat?post=10062"},{"taxonomy":"product_tag","embeddable":true,"href":"https:\/\/www.nuoxutech.com\/tr\/wp-json\/wp\/v2\/product_tag?post=10062"}],"curies":[{"name":"wp","href":"https:\/\/api.w.org\/{rel}","templated":true}]}}