{"id":10068,"date":"2024-07-10T17:54:29","date_gmt":"2024-07-10T09:54:29","guid":{"rendered":"https:\/\/www.nuoxutech.com\/gud-serisi-elektrikli-vakum-basinc-kuresel-vana\/"},"modified":"2025-04-29T15:03:53","modified_gmt":"2025-04-29T07:03:53","slug":"gud-electric-vacuum-pressure-ball-valve","status":"publish","type":"product","link":"https:\/\/www.nuoxutech.com\/tr\/gud-electric-vacuum-pressure-ball-valve\/","title":{"rendered":"GUD Serisi Elektrikli Vakum Bas\u0131n\u00e7 K\u00fcresel Vana"},"content":{"rendered":"<h4>GUD Serisi Elektrikli Vakum Bas\u0131n\u00e7 K\u00fcresel Vana<\/h4>\n<p><strong>\u00dcr\u00fcn Ad\u0131: <\/strong>GUD Serisi Elektrikli Vakum (Bas\u0131n\u00e7) K\u00fcresel Vana<br \/>\n<strong>Kategori:<\/strong> Y\u00fcksek Vakum K\u00fcresel Vana<\/p>\n<p>GUD Serisi Elektrikli Vakum Bas\u0131n\u00e7 K\u00fcresel Vanas\u0131, harici g\u00fc\u00e7 anahtarlar\u0131 veya bilgisayar sinyalleri arac\u0131l\u0131\u011f\u0131yla hassas kontrol sa\u011flayan d\u00f6ner elektrikli ve elektronik reg\u00fclasyon vanas\u0131 tahrik mekanizmas\u0131na sahiptir. Hem vakum hem de d\u00fc\u015f\u00fck bas\u0131n\u00e7l\u0131 ortamlar i\u00e7in uygundur, asidik ve alkali gazlar\u0131n veya s\u0131v\u0131lar\u0131n i\u015flenmesinde g\u00fcvenilir performans sa\u011flar.<\/p>\n<p><img fetchpriority=\"high\" decoding=\"async\" class=\"alignnone wp-image-6613 size-full\" src=\"https:\/\/www.nuoxutech.com\/wp-content\/uploads\/2024\/07\/ALL-e1727261163701.jpg\" alt=\"Elektrikli Vakum Bas\u0131n\u00e7 K\u00fcresel Vanas\u0131\" width=\"400\" height=\"600\" title=\"\"><\/p>\n<h3>Temel \u00d6zellikler:<\/h3>\n<ol>\n<li><strong>Elektrikli D\u00f6ner Tahrik Mekanizmas\u0131: <\/strong>Valf konumunun hassas elektronik d\u00fczenlenmesine ve kontrol\u00fcne olanak vererek operasyonel esnekli\u011fi art\u0131r\u0131r.<\/li>\n<li><strong>S\u0131zd\u0131rmazl\u0131k Performans\u0131: <\/strong>Vana, hem vakum hem de d\u00fc\u015f\u00fck bas\u0131n\u00e7 ko\u015fullar\u0131nda g\u00fcvenilir performans sa\u011flayan k\u00fcresel bir s\u0131zd\u0131rmazl\u0131k mekanizmas\u0131na sahiptir.<\/li>\n<li><strong>\u00c7ok Y\u00f6nl\u00fc Kurulum:<\/strong> D\u00fcz ge\u00e7i\u015fli tasar\u0131m, her y\u00f6nde kuruluma izin vererek \u00e7e\u015fitli sistem yap\u0131land\u0131rmalar\u0131na uyum sa\u011flar.<\/li>\n<li><strong>Malzeme Uyumlulu\u011fu: <\/strong>Vana, asidik veya alkali \u00f6zelliklere sahip gaz ve s\u0131v\u0131lar\u0131n ta\u015f\u0131nmas\u0131na uygundur ve bu sayede \u00e7ok \u00e7e\u015fitli uygulamalar i\u00e7in \u00e7ok y\u00f6nl\u00fcd\u00fcr.<\/li>\n<\/ol>\n<h3>Uygulamalar:<\/h3>\n<ul>\n<li>End\u00fcstriyel vakum sistemleri<\/li>\n<li>Kimyasal i\u015fleme tesisleri<\/li>\n<li>Ara\u015ft\u0131rma laboratuvarlar\u0131<\/li>\n<li>Yar\u0131 iletken \u00fcretimi<\/li>\n<li>Asidik veya alkali gazlar\u0131n ve s\u0131v\u0131lar\u0131n hassas kontrol\u00fcn\u00fc gerektiren herhangi bir sistem<\/li>\n<\/ul>\n<h3>Teknik \u00d6zellikler:<\/h3>\n<ul>\n<li><strong>Tahrik Mekanizmas\u0131:<\/strong> Elektrikli, d\u00f6ner tip<\/li>\n<li><strong>Kontrol:<\/strong> Harici g\u00fc\u00e7 anahtar\u0131, bilgisayar kontrol\u00fc veya harici giri\u015f sinyali<\/li>\n<li><strong>S\u0131zd\u0131rmazl\u0131k Tipi:<\/strong> K\u00fcresel<\/li>\n<li><strong>\u00c7al\u0131\u015fma Ortam\u0131:<\/strong> Asidik ve alkali gazlar veya s\u0131v\u0131lar<\/li>\n<li><strong>Kurulum: <\/strong>Herhangi bir pozisyon<\/li>\n<li><strong>Vakum Aral\u0131\u011f\u0131:<\/strong> Hem vakum hem de d\u00fc\u015f\u00fck bas\u0131n\u00e7l\u0131 ortamlar i\u00e7in uygundur<\/li>\n<\/ul>\n<h3>Avantajlar\u0131:<\/h3>\n<ul>\n<li><strong>Hassas Kontrol: <\/strong>Optimum sistem performans\u0131 i\u00e7in hassas vana konumland\u0131rmas\u0131 elde edin.<\/li>\n<li><strong>Dayan\u0131kl\u0131l\u0131k: <\/strong>Y\u00fcksek kaliteli malzemeler uzun \u00f6m\u00fcr ve a\u015f\u0131nd\u0131r\u0131c\u0131 ortamlara kar\u015f\u0131 diren\u00e7 sa\u011flar.<\/li>\n<li><strong>Kolay Entegrasyon:<\/strong> Mevcut kurulumlara kusursuz entegrasyon i\u00e7in \u00e7e\u015fitli kontrol sistemleriyle uyumludur.<\/li>\n<\/ul>\n<div dir=\"auto\">\n<hr \/>\n<p><a href=\"https:\/\/www.nuoxutech.com\/gud-series-electric-vacuum-pressure-ball-valve\/\" rel=\"nofollow\">GUD Serisi<\/a> Elektrikli Vakum Bas\u0131n\u00e7 K\u00fcresel Vanas\u0131 hakk\u0131nda daha fazla bilgi i\u00e7in bizimle ileti\u015fime ge\u00e7in<\/p>\n<\/div>\n<div dir=\"auto\"><strong>Posta:<span style=\"color: #3366ff;\"><a style=\"color: #3366ff;\" href=\"mailto:contact@nuoxutech.com\">contact@nuoxutech.com<\/a><\/span><\/strong><\/div>\n<div dir=\"auto\"><strong>WhatsApp: <span style=\"color: #3366ff;\"><a style=\"color: #3366ff;\" href=\"https:\/\/wa.me\/message\/Z6LWLVZDXHWFD1\" rel=\"nofollow noopener\" target=\"_blank\">+86 13849062209<\/a><\/span><\/strong><\/div>\n<div dir=\"auto\">\n<div dir=\"auto\"><strong>Ekibimiz size profesyonel hizmet ve destek sa\u011flamak i\u00e7in haz\u0131r.<\/strong><\/div>\n<div dir=\"auto\">\n<hr \/>\n<h4 class=\"wp-block-heading\">Anahtar kelimeler<\/h4>\n<p>vakum sistemi,nuoxutech, vakum pompas\u0131, VacuumSystem<span class=\"HwtZe\" lang=\"tr\"><span class=\"jCAhz ChMk0b\"><span class=\"ryNqvb\">, Y\u00fcksek bas\u0131n\u00e7 sistemleri i\u00e7in \u00c7in \u00fcretimi elektrikli vakum k\u00fcresel vanas\u0131, Verimli otomasyon i\u00e7in uzaktan kumandal\u0131 y\u00fcksek vakum k\u00fcresel vanas\u0131<\/span><\/span><\/span>.<\/p>\n<\/div>\n<\/div>\n","protected":false},"excerpt":{"rendered":"<p>NuoXuTech&#8217;in GUD Serisi Elektrikli Vakum Bas\u0131n\u00e7 K\u00fcresel Vanas\u0131, vakum sistemleri i\u00e7in hassas elektronik kontrol sunar. D\u00f6ner elektrikli tahrik mekanizmas\u0131na sahip olan bu vana, hem vakum hem de d\u00fc\u015f\u00fck bas\u0131n\u00e7l\u0131 ortamlarda g\u00fcvenilir bir \u00e7al\u0131\u015fma sa\u011flar. Asidik ve alkali gazlar\u0131 veya s\u0131v\u0131lar\u0131 i\u015flemek i\u00e7in ideal olan bu vana, end\u00fcstriyel uygulamalar, kimyasal i\u015fleme ve ara\u015ft\u0131rma laboratuvarlar\u0131 i\u00e7in m\u00fckemmeldir. GUD Serisinin geli\u015fmi\u015f kontrol yetenekleri ve \u00e7ok y\u00f6nl\u00fc kurulum se\u00e7enekleriyle sisteminizin performans\u0131n\u0131 art\u0131r\u0131n.<\/p>\n","protected":false},"featured_media":8266,"template":"","meta":{"_acf_changed":false,"site-sidebar-layout":"default","site-content-layout":"","ast-site-content-layout":"default","site-content-style":"default","site-sidebar-style":"default","ast-global-header-display":"","ast-banner-title-visibility":"","ast-main-header-display":"","ast-hfb-above-header-display":"","ast-hfb-below-header-display":"","ast-hfb-mobile-header-display":"","site-post-title":"","ast-breadcrumbs-content":"","ast-featured-img":"","footer-sml-layout":"","ast-disable-related-posts":"","theme-transparent-header-meta":"default","adv-header-id-meta":"","stick-header-meta":"default","header-above-stick-meta":"","header-main-stick-meta":"","header-below-stick-meta":"","astra-migrate-meta-layouts":"set","ast-page-background-enabled":"default","ast-page-background-meta":{"desktop":{"background-color":"","background-image":"","background-repeat":"repeat","background-position":"center center","background-size":"auto","background-attachment":"scroll","background-type":"","background-media":"","overlay-type":"","overlay-color":"","overlay-opacity":"","overlay-gradient":""},"tablet":{"background-color":"","background-image":"","background-repeat":"repeat","background-position":"center center","background-size":"auto","background-attachment":"scroll","background-type":"","background-media":"","overlay-type":"","overlay-color":"","overlay-opacity":"","overlay-gradient":""},"mobile":{"background-color":"","background-image":"","background-repeat":"repeat","background-position":"center center","background-size":"auto","background-attachment":"scroll","background-type":"","background-media":"","overlay-type":"","overlay-color":"","overlay-opacity":"","overlay-gradient":""}},"ast-content-background-meta":{"desktop":{"background-color":"var(--ast-global-color-5)","background-image":"","background-repeat":"repeat","background-position":"center center","background-size":"auto","background-attachment":"scroll","background-type":"","background-media":"","overlay-type":"","overlay-color":"","overlay-opacity":"","overlay-gradient":""},"tablet":{"background-color":"var(--ast-global-color-5)","background-image":"","background-repeat":"repeat","background-position":"center center","background-size":"auto","background-attachment":"scroll","background-type":"","background-media":"","overlay-type":"","overlay-color":"","overlay-opacity":"","overlay-gradient":""},"mobile":{"background-color":"var(--ast-global-color-5)","background-image":"","background-repeat":"repeat","background-position":"center center","background-size":"auto","background-attachment":"scroll","background-type":"","background-media":"","overlay-type":"","overlay-color":"","overlay-opacity":"","overlay-gradient":""}}},"product_brand":[],"product_cat":[231],"product_tag":[],"class_list":{"0":"post-10068","1":"product","2":"type-product","3":"status-publish","4":"has-post-thumbnail","6":"product_cat-vacuum-valves-and-spare-parts-tr","7":"desktop-align-left","8":"tablet-align-left","9":"mobile-align-left","10":"ast-product-gallery-layout-horizontal","11":"ast-magnify-disabled","13":"first","14":"instock","15":"shipping-taxable","16":"product-type-simple"},"acf":[],"_links":{"self":[{"href":"https:\/\/www.nuoxutech.com\/tr\/wp-json\/wp\/v2\/product\/10068","targetHints":{"allow":["GET"]}}],"collection":[{"href":"https:\/\/www.nuoxutech.com\/tr\/wp-json\/wp\/v2\/product"}],"about":[{"href":"https:\/\/www.nuoxutech.com\/tr\/wp-json\/wp\/v2\/types\/product"}],"version-history":[{"count":3,"href":"https:\/\/www.nuoxutech.com\/tr\/wp-json\/wp\/v2\/product\/10068\/revisions"}],"predecessor-version":[{"id":10071,"href":"https:\/\/www.nuoxutech.com\/tr\/wp-json\/wp\/v2\/product\/10068\/revisions\/10071"}],"wp:featuredmedia":[{"embeddable":true,"href":"https:\/\/www.nuoxutech.com\/tr\/wp-json\/wp\/v2\/media\/8266"}],"wp:attachment":[{"href":"https:\/\/www.nuoxutech.com\/tr\/wp-json\/wp\/v2\/media?parent=10068"}],"wp:term":[{"taxonomy":"product_brand","embeddable":true,"href":"https:\/\/www.nuoxutech.com\/tr\/wp-json\/wp\/v2\/product_brand?post=10068"},{"taxonomy":"product_cat","embeddable":true,"href":"https:\/\/www.nuoxutech.com\/tr\/wp-json\/wp\/v2\/product_cat?post=10068"},{"taxonomy":"product_tag","embeddable":true,"href":"https:\/\/www.nuoxutech.com\/tr\/wp-json\/wp\/v2\/product_tag?post=10068"}],"curies":[{"name":"wp","href":"https:\/\/api.w.org\/{rel}","templated":true}]}}