{"id":10132,"date":"2024-08-06T11:24:46","date_gmt":"2024-08-06T03:24:46","guid":{"rendered":"https:\/\/www.nuoxutech.com\/cl-konik-sivi-halka-vakum-pompasi\/"},"modified":"2025-04-30T12:07:52","modified_gmt":"2025-04-30T04:07:52","slug":"cl-cone-liquid-ring-vacuum-pump","status":"publish","type":"product","link":"https:\/\/www.nuoxutech.com\/tr\/cl-cone-liquid-ring-vacuum-pump\/","title":{"rendered":"CL Konik S\u0131v\u0131 Halka Vakum Pompas\u0131"},"content":{"rendered":"<h4>CL Konik S\u0131v\u0131 Halka Vakum Pompas\u0131<\/h4>\n<p>CL Konik S\u0131v\u0131 Halka Vakum Pompas\u0131, su halkal\u0131 vakum pompas\u0131 teknolojisindeki uluslararas\u0131 geli\u015fmeleri b\u00fcnyesinde bar\u0131nd\u0131ran, son teknoloji \u00fcr\u00fcn\u00fc, tek kademeli bir pompad\u0131r. Y\u00fcksek verimlili\u011fi ve enerji tasarrufu \u00f6zellikleriyle bilinen CL serisi, kimya, k\u00f6m\u00fcr madencili\u011fi, metalurji, ila\u00e7, ka\u011f\u0131t yap\u0131m\u0131, hafif sanayi, madencilik, g\u00fc\u00e7 \u00fcretimi ve g\u0131da i\u015fleme gibi \u00e7e\u015fitli end\u00fcstrilerde yayg\u0131n olarak kullan\u0131lmaktad\u0131r. Bu pompa, ka\u011f\u0131t end\u00fcstrisinde su giderme ve madencilik operasyonlar\u0131nda vakum filtrasyonu gibi zorlu ortamlarda m\u00fckemmeldir.<\/p>\n<p><img fetchpriority=\"high\" decoding=\"async\" class=\"alignnone wp-image-6786 size-medium\" src=\"https:\/\/www.nuoxutech.com\/wp-content\/uploads\/2024\/08\/CL2-300x300.jpg\" alt=\"CL Konik S\u0131v\u0131 Halka Vakum Pompas\u0131\" width=\"300\" height=\"300\" title=\"\" srcset=\"https:\/\/www.nuoxutech.com\/wp-content\/uploads\/2024\/08\/CL2-300x300.jpg 300w, https:\/\/www.nuoxutech.com\/wp-content\/uploads\/2024\/08\/CL2-150x150.jpg 150w, https:\/\/www.nuoxutech.com\/wp-content\/uploads\/2024\/08\/CL2-768x768.jpg 768w, https:\/\/www.nuoxutech.com\/wp-content\/uploads\/2024\/08\/CL2-512x512.jpg 512w, https:\/\/www.nuoxutech.com\/wp-content\/uploads\/2024\/08\/CL2-100x100.jpg 100w, https:\/\/www.nuoxutech.com\/wp-content\/uploads\/2024\/08\/CL2.jpg 800w\" sizes=\"(max-width: 300px) 100vw, 300px\" \/><\/p>\n<p><strong>\u00d6zellikler:<\/strong><\/p>\n<ol>\n<li><strong>Yenilik\u00e7i Tasar\u0131m:<\/strong> Geleneksel d\u00fcz d\u00fczlemli eksenel emme ve egzoz pompalar\u0131na k\u0131yasla daha b\u00fcy\u00fck kanal alan\u0131 ve daha d\u00fc\u015f\u00fck ak\u0131\u015f direnci sunan eksenel emme ve egzoz i\u00e7in koni bi\u00e7imli bir da\u011f\u0131t\u0131c\u0131 kullan\u0131r.<\/li>\n<li><strong>Enerji Verimlili\u011fi: <\/strong>Kuru havay\u0131 tahliye ederken yakla\u015f\u0131k %18, doymu\u015f buhar\u0131 i\u015flerken ise %28 enerji tasarrufu sa\u011flar.<\/li>\n<li><strong>Sa\u011flam Yap\u0131:<\/strong> M\u00fckemmel sertli\u011fe sahip tamamen kapal\u0131 bir pervaneye sahiptir, zorlu \u00e7al\u0131\u015fma ko\u015fullar\u0131nda dayan\u0131kl\u0131l\u0131k ve g\u00fcvenilirlik sa\u011flar.<\/li>\n<li><strong>\u00c7ok Y\u00f6nl\u00fc Uygulama:<\/strong> \u00d6zellikle zorlu ortamlarda olmak \u00fczere \u00e7ok \u00e7e\u015fitli end\u00fcstriyel uygulamalar i\u00e7in uygundur.<\/li>\n<\/ol>\n<p><strong>Uygulamalar:<\/strong><\/p>\n<ul>\n<li>Kimyasal \u0130\u015fleme<\/li>\n<li>K\u00f6m\u00fcr madencili\u011fi<\/li>\n<li>Metalurji<\/li>\n<li>\u0130la\u00e7lar<\/li>\n<li>Ka\u011f\u0131t Yap\u0131m\u0131<\/li>\n<li>Hafif Sanayi<\/li>\n<li>Madencilik<\/li>\n<li>G\u00fc\u00e7 \u00dcretimi<\/li>\n<li>G\u0131da \u0130\u015fleme<\/li>\n<\/ul>\n<p><strong>Teknik \u00d6zellikler:<\/strong><\/p>\n<ul>\n<li><strong>Model \u00c7e\u015fitleri:<\/strong> CL2000 (D\u00fc\u015f\u00fck Vakum), CL2001 (D\u00fc\u015f\u00fck Vakum), CL2002 (Orta Vakum), CL2003 (Y\u00fcksek Vakum)<\/li>\n<li><strong>Vakum Aral\u0131klar\u0131:<\/strong>\n<ul>\n<li><strong>D\u00fc\u015f\u00fck Vakum Pompas\u0131:<\/strong> 800-400 hPa (mutlak) emi\u015f bas\u0131n\u00e7 aral\u0131\u011f\u0131<\/li>\n<li><strong>Orta Vakum Pompas\u0131:<\/strong> 450-240 hPa (mutlak) emi\u015f bas\u0131n\u00e7 aral\u0131\u011f\u0131<\/li>\n<li><strong>Y\u00fcksek Vakum Pompas\u0131:<\/strong> 270-80 hPa (mutlak) emi\u015f bas\u0131n\u00e7 aral\u0131\u011f\u0131<\/li>\n<\/ul>\n<\/li>\n<li><strong>Performans Ko\u015fullar\u0131:<\/strong>\n<ul>\n<li>Atmosfer bas\u0131nc\u0131: 1013.25 mbar<\/li>\n<li>Hava s\u0131cakl\u0131\u011f\u0131: 20\u00b0C<\/li>\n<li>Ba\u011f\u0131l nem: %70<\/li>\n<li>Su besleme s\u0131cakl\u0131\u011f\u0131: 15\u00b0C<\/li>\n<li>Performans tolerans\u0131: \u00b110%<\/li>\n<\/ul>\n<\/li>\n<\/ul>\n<p><strong>Faydalar:<\/strong><\/p>\n<ul>\n<li><strong>Artt\u0131r\u0131lm\u0131\u015f Verimlilik:<\/strong> Hem kuru hava hem de doymu\u015f buhar ko\u015fullar\u0131nda azalt\u0131lm\u0131\u015f enerji t\u00fcketimi.<\/li>\n<li><strong>Dayan\u0131kl\u0131l\u0131k:<\/strong> Uzun \u00e7al\u0131\u015fma \u00f6mr\u00fc i\u00e7in y\u00fcksek rijitlikte pervane tasar\u0131m\u0131.<\/li>\n<li><strong>\u00c7ok Y\u00f6nl\u00fcl\u00fck: <\/strong>Bir\u00e7ok end\u00fcstride ve zorlu ortamlarda uygulanabilir.<\/li>\n<li><strong>Se\u00e7im Kolayl\u0131\u011f\u0131: <\/strong>Farkl\u0131 vakum aral\u0131klar\u0131na hitap edecek \u015fekilde tasarlanm\u0131\u015f modeller, belirli uygulamalar i\u00e7in optimum performans\u0131 garanti eder.<\/li>\n<\/ul>\n<div dir=\"auto\">\n<hr \/>\n<p><a href=\"https:\/\/www.nuoxutech.com\/cl-cone-liquid-ring-vacuum-pump\/\" rel=\"nofollow sponsored\">CL Konik<\/a> S\u0131v\u0131 Halka Vakum Pompas\u0131 hakk\u0131nda daha fazla bilgi i\u00e7in NuoXuTech ile ileti\u015fime ge\u00e7in<\/p>\n<\/div>\n<div dir=\"auto\"><strong>Posta:<span style=\"color: #3366ff;\"><a style=\"color: #3366ff;\" href=\"mailto:contact@nuoxutech.com\" target=\"_blank\" rel=\"nofollow noopener sponsored\">contact@nuoxutech.com<\/a><\/span><\/strong><\/div>\n<div dir=\"auto\"><strong>WhatsApp: <span style=\"color: #3366ff;\"><a style=\"color: #3366ff;\" href=\"https:\/\/wa.me\/message\/Z6LWLVZDXHWFD1\" target=\"_blank\" rel=\"nofollow noopener\">+86 13849062209<\/a><\/span><\/strong><\/div>\n<div dir=\"auto\">\n<div dir=\"auto\"><strong>Ekibimiz size profesyonel hizmet ve destek sa\u011flamak i\u00e7in haz\u0131r.<\/strong><\/div>\n<div dir=\"auto\">\n<hr \/>\n<h4 class=\"wp-block-heading\">Anahtar kelimeler<\/h4>\n<p>vakum sistemi,nuoxutech, vakum pompas\u0131, VacuumSystem, CL Konik S\u0131v\u0131 Halka Vakum Pompas\u0131.<\/p>\n<\/div>\n<\/div>\n<p>&nbsp;<\/p>\n","protected":false},"excerpt":{"rendered":"<p>Zorlu end\u00fcstriyel uygulamalar i\u00e7in tasarlanm\u0131\u015f CL Cone S\u0131v\u0131 Halka Vakum Pompas\u0131n\u0131n verimlili\u011fini ve dayan\u0131kl\u0131l\u0131\u011f\u0131n\u0131 deneyimleyin. Y\u00fcksek verimlili\u011fi ve enerji tasarrufu \u00f6zellikleriyle bilinen CL serisi, kimya, k\u00f6m\u00fcr madencili\u011fi, metalurji, ila\u00e7, ka\u011f\u0131t yap\u0131m\u0131, hafif sanayi, madencilik, g\u00fc\u00e7 \u00fcretimi ve g\u0131da i\u015fleme gibi \u00e7e\u015fitli end\u00fcstrilerde yayg\u0131n olarak kullan\u0131lmaktad\u0131r. Bu pompa, ka\u011f\u0131t end\u00fcstrisinde su giderme ve madencilik operasyonlar\u0131nda vakum filtrasyonu gibi zorlu ortamlarda m\u00fckemmeldir.<\/p>\n","protected":false},"featured_media":8329,"template":"","meta":{"_acf_changed":false,"site-sidebar-layout":"default","site-content-layout":"","ast-site-content-layout":"default","site-content-style":"default","site-sidebar-style":"default","ast-global-header-display":"","ast-banner-title-visibility":"","ast-main-header-display":"","ast-hfb-above-header-display":"","ast-hfb-below-header-display":"","ast-hfb-mobile-header-display":"","site-post-title":"","ast-breadcrumbs-content":"","ast-featured-img":"","footer-sml-layout":"","ast-disable-related-posts":"","theme-transparent-header-meta":"default","adv-header-id-meta":"","stick-header-meta":"default","header-above-stick-meta":"","header-main-stick-meta":"","header-below-stick-meta":"","astra-migrate-meta-layouts":"set","ast-page-background-enabled":"default","ast-page-background-meta":{"desktop":{"background-color":"","background-image":"","background-repeat":"repeat","background-position":"center center","background-size":"auto","background-attachment":"scroll","background-type":"","background-media":"","overlay-type":"","overlay-color":"","overlay-opacity":"","overlay-gradient":""},"tablet":{"background-color":"","background-image":"","background-repeat":"repeat","background-position":"center center","background-size":"auto","background-attachment":"scroll","background-type":"","background-media":"","overlay-type":"","overlay-color":"","overlay-opacity":"","overlay-gradient":""},"mobile":{"background-color":"","background-image":"","background-repeat":"repeat","background-position":"center center","background-size":"auto","background-attachment":"scroll","background-type":"","background-media":"","overlay-type":"","overlay-color":"","overlay-opacity":"","overlay-gradient":""}},"ast-content-background-meta":{"desktop":{"background-color":"var(--ast-global-color-5)","background-image":"","background-repeat":"repeat","background-position":"center center","background-size":"auto","background-attachment":"scroll","background-type":"","background-media":"","overlay-type":"","overlay-color":"","overlay-opacity":"","overlay-gradient":""},"tablet":{"background-color":"var(--ast-global-color-5)","background-image":"","background-repeat":"repeat","background-position":"center center","background-size":"auto","background-attachment":"scroll","background-type":"","background-media":"","overlay-type":"","overlay-color":"","overlay-opacity":"","overlay-gradient":""},"mobile":{"background-color":"var(--ast-global-color-5)","background-image":"","background-repeat":"repeat","background-position":"center center","background-size":"auto","background-attachment":"scroll","background-type":"","background-media":"","overlay-type":"","overlay-color":"","overlay-opacity":"","overlay-gradient":""}}},"product_brand":[],"product_cat":[159],"product_tag":[],"class_list":{"0":"post-10132","1":"product","2":"type-product","3":"status-publish","4":"has-post-thumbnail","6":"product_cat-liquid-ring-vacuum-pumps-tr","7":"desktop-align-left","8":"tablet-align-left","9":"mobile-align-left","10":"ast-product-gallery-layout-horizontal","11":"ast-magnify-disabled","13":"first","14":"instock","15":"shipping-taxable","16":"product-type-simple"},"acf":[],"_links":{"self":[{"href":"https:\/\/www.nuoxutech.com\/tr\/wp-json\/wp\/v2\/product\/10132","targetHints":{"allow":["GET"]}}],"collection":[{"href":"https:\/\/www.nuoxutech.com\/tr\/wp-json\/wp\/v2\/product"}],"about":[{"href":"https:\/\/www.nuoxutech.com\/tr\/wp-json\/wp\/v2\/types\/product"}],"version-history":[{"count":2,"href":"https:\/\/www.nuoxutech.com\/tr\/wp-json\/wp\/v2\/product\/10132\/revisions"}],"predecessor-version":[{"id":10134,"href":"https:\/\/www.nuoxutech.com\/tr\/wp-json\/wp\/v2\/product\/10132\/revisions\/10134"}],"wp:featuredmedia":[{"embeddable":true,"href":"https:\/\/www.nuoxutech.com\/tr\/wp-json\/wp\/v2\/media\/8329"}],"wp:attachment":[{"href":"https:\/\/www.nuoxutech.com\/tr\/wp-json\/wp\/v2\/media?parent=10132"}],"wp:term":[{"taxonomy":"product_brand","embeddable":true,"href":"https:\/\/www.nuoxutech.com\/tr\/wp-json\/wp\/v2\/product_brand?post=10132"},{"taxonomy":"product_cat","embeddable":true,"href":"https:\/\/www.nuoxutech.com\/tr\/wp-json\/wp\/v2\/product_cat?post=10132"},{"taxonomy":"product_tag","embeddable":true,"href":"https:\/\/www.nuoxutech.com\/tr\/wp-json\/wp\/v2\/product_tag?post=10132"}],"curies":[{"name":"wp","href":"https:\/\/api.w.org\/{rel}","templated":true}]}}