{"id":10138,"date":"2024-08-16T18:10:29","date_gmt":"2024-08-16T10:10:29","guid":{"rendered":"https:\/\/www.nuoxutech.com\/h-150-pistonlu-vakum-pompasi\/"},"modified":"2025-05-07T10:40:52","modified_gmt":"2025-05-07T02:40:52","slug":"h-150-piston-vacuum-pump","status":"publish","type":"product","link":"https:\/\/www.nuoxutech.com\/tr\/h-150-piston-vacuum-pump\/","title":{"rendered":"H-150 Pistonlu Vakum Pompas\u0131"},"content":{"rendered":"<p>H-150 Piston Vakum Pompas\u0131, tutarl\u0131 ve verimli vakum \u00fcretimi gerektiren end\u00fcstriyel uygulamalar\u0131n zorlu ihtiya\u00e7lar\u0131n\u0131 kar\u015f\u0131lamak \u00fczere tasarlanm\u0131\u015f sa\u011flam, y\u00fcksek performansl\u0131 bir \u00e7\u00f6z\u00fcmd\u00fcr. Hassasiyetle tasarlanm\u0131\u015f ve g\u00fcvenilirlik i\u00e7in \u00fcretilmi\u015f bu pompa, kimyasal i\u015fleme, metalurji, ila\u00e7 ve elektronik gibi sekt\u00f6rler i\u00e7in m\u00fckemmeldir.<\/p>\n<p><a href=\"https:\/\/www.nuoxutech.com\/roots-piston-vacuum-pump-system\/\"><img fetchpriority=\"high\" decoding=\"async\" class=\"alignnone wp-image-6815 size-full\" src=\"https:\/\/www.nuoxutech.com\/wp-content\/uploads\/2024\/08\/rootspiston1.jpg\" alt=\"H-150 Pistonlu Vakum Pompas\u0131\" width=\"800\" height=\"800\" title=\"\" srcset=\"https:\/\/www.nuoxutech.com\/wp-content\/uploads\/2024\/08\/rootspiston1.jpg 800w, https:\/\/www.nuoxutech.com\/wp-content\/uploads\/2024\/08\/rootspiston1-300x300.jpg 300w, https:\/\/www.nuoxutech.com\/wp-content\/uploads\/2024\/08\/rootspiston1-150x150.jpg 150w, https:\/\/www.nuoxutech.com\/wp-content\/uploads\/2024\/08\/rootspiston1-768x768.jpg 768w, https:\/\/www.nuoxutech.com\/wp-content\/uploads\/2024\/08\/rootspiston1-512x512.jpg 512w, https:\/\/www.nuoxutech.com\/wp-content\/uploads\/2024\/08\/rootspiston1-100x100.jpg 100w\" sizes=\"(max-width: 800px) 100vw, 800px\" \/><\/a><\/p>\n<h4>H-150 Piston Pompas\u0131n\u0131n Temel \u00d6zellikleri:<\/h4>\n<ol>\n<li><strong>Y\u00fcksek Vakum Seviyeleri:<\/strong> H-150, uzun \u00e7al\u0131\u015fma s\u00fcreleri boyunca istikrarl\u0131 performans\u0131n\u0131 koruyarak derin vakum seviyelerine ula\u015f\u0131r. Y\u00fcksek vakum derecesinin gerekli oldu\u011fu g\u00f6revler i\u00e7in idealdir.<\/li>\n<li><strong>Sa\u011flam Yap\u0131 ve Dayan\u0131kl\u0131l\u0131k:<\/strong> Birinci s\u0131n\u0131f malzemelerle \u00fcretilen pompa, uzun kullan\u0131m \u00f6mr\u00fc ve d\u00fc\u015f\u00fck bak\u0131m sa\u011flarken zorlu \u00e7al\u0131\u015fma ko\u015fullar\u0131na dayanacak \u015fekilde tasarlanm\u0131\u015ft\u0131r.<\/li>\n<li><strong>Verimli Performans:<\/strong> Geli\u015fmi\u015f piston mekanizmas\u0131 sayesinde pompa, daha az enerji t\u00fcketimiyle tutarl\u0131 emi\u015f g\u00fcc\u00fc sa\u011flayarak hem etkili hem de ekonomiktir.<\/li>\n<li><strong>\u00c7ok Y\u00f6nl\u00fc Uygulamalar: <\/strong>Vakumlu kurutma, dam\u0131tma veya kimyasal transfer i\u00e7in olsun, H-150 \u00e7e\u015fitli end\u00fcstriyel ortamlara zahmetsizce uyum sa\u011flar.<\/li>\n<li><strong>D\u00fc\u015f\u00fck G\u00fcr\u00fclt\u00fc ve Titre\u015fim:<\/strong> G\u00fcr\u00fclt\u00fc azaltma \u00f6zellikleriyle tasarlanan pompa sessiz \u00e7al\u0131\u015f\u0131r ve i\u015f yerindeki g\u00fcr\u00fclt\u00fc kirlili\u011fini azalt\u0131r.<\/li>\n<\/ol>\n<h4>Teknik \u00d6zellikler:<\/h4>\n<ul>\n<li>Pompalama H\u0131z\u0131: 150 L\/s<\/li>\n<li>Son Bas\u0131n\u00e7: 1Pa<\/li>\n<li>Motor G\u00fcc\u00fc: 11\/15Kw<\/li>\n<li>Giri\u015f\/\u00c7\u0131k\u0131\u015f Portu Boyutlar\u0131: 100\/80mm<\/li>\n<li>A\u011f\u0131rl\u0131k: 750kg<\/li>\n<\/ul>\n<h4>Neden H-150 Pistonlu Vakum Pompas\u0131n\u0131 Se\u00e7melisiniz?<\/h4>\n<p>H-150, g\u00fcvenilirlik ve verimlili\u011fin kritik \u00f6neme sahip oldu\u011fu end\u00fcstriyel ortamlar i\u00e7in tasarlanm\u0131\u015ft\u0131r. Enerji verimlili\u011fi, d\u00fc\u015f\u00fck i\u015fletme maliyetleri ve m\u00fckemmel vakum performans\u0131na vurgu yapan bu model, s\u00fcrd\u00fcr\u00fclebilir vakum \u00e7\u00f6z\u00fcmleri arayan i\u015fletmeler i\u00e7in g\u00fcvenilir bir se\u00e7imdir.<\/p>\n<div dir=\"auto\">\n<hr \/>\n<p>H-150 Pistonlu Vakum Pompas\u0131 hakk\u0131nda daha fazla bilgi i\u00e7in Nuoxutech ile ileti\u015fime ge\u00e7in<\/p>\n<\/div>\n<div dir=\"auto\"><strong>Posta:<span style=\"color: #0000ff;\"><a style=\"color: #0000ff;\" href=\"mailto:contact@nuoxutech.com\">contact@nuoxutech.com<\/a><\/span><\/strong><\/div>\n<div dir=\"auto\"><strong>WhatsApp: <span style=\"color: #0000ff;\"><a style=\"color: #0000ff;\" href=\"https:\/\/wa.me\/8613849062209\" rel=\"nofollow noopener\" target=\"_blank\">+86 13849062209<\/a><\/span><\/strong><\/div>\n<div dir=\"auto\">\n<div dir=\"auto\"><strong>Ekibimiz size profesyonel hizmet ve destek sa\u011flamak i\u00e7in haz\u0131r.<\/strong><\/div>\n<div dir=\"auto\">\n<hr \/>\n<h4 class=\"wp-block-heading\">Anahtar kelimeler<\/h4>\n<p>vakum sistemi,nuoxutech, vakum pompas\u0131, VacuumSystem.<\/p>\n<\/div>\n<\/div>\n","protected":false},"excerpt":{"rendered":"<p>H-150 Pistonlu Vakum Pompas\u0131, end\u00fcstriyel uygulamalar i\u00e7in a\u011f\u0131r hizmet tipi, y\u00fcksek verimli bir \u00e7\u00f6z\u00fcmd\u00fcr; derin vakum seviyeleri, g\u00fc\u00e7l\u00fc performans ve \u00e7e\u015fitli ortamlarda dayan\u0131kl\u0131l\u0131k sunar.<\/p>\n","protected":false},"featured_media":8074,"template":"","meta":{"_acf_changed":false,"site-sidebar-layout":"default","site-content-layout":"","ast-site-content-layout":"default","site-content-style":"default","site-sidebar-style":"default","ast-global-header-display":"","ast-banner-title-visibility":"","ast-main-header-display":"","ast-hfb-above-header-display":"","ast-hfb-below-header-display":"","ast-hfb-mobile-header-display":"","site-post-title":"","ast-breadcrumbs-content":"","ast-featured-img":"","footer-sml-layout":"","ast-disable-related-posts":"","theme-transparent-header-meta":"default","adv-header-id-meta":"","stick-header-meta":"default","header-above-stick-meta":"","header-main-stick-meta":"","header-below-stick-meta":"","astra-migrate-meta-layouts":"set","ast-page-background-enabled":"default","ast-page-background-meta":{"desktop":{"background-color":"","background-image":"","background-repeat":"repeat","background-position":"center center","background-size":"auto","background-attachment":"scroll","background-type":"","background-media":"","overlay-type":"","overlay-color":"","overlay-opacity":"","overlay-gradient":""},"tablet":{"background-color":"","background-image":"","background-repeat":"repeat","background-position":"center center","background-size":"auto","background-attachment":"scroll","background-type":"","background-media":"","overlay-type":"","overlay-color":"","overlay-opacity":"","overlay-gradient":""},"mobile":{"background-color":"","background-image":"","background-repeat":"repeat","background-position":"center center","background-size":"auto","background-attachment":"scroll","background-type":"","background-media":"","overlay-type":"","overlay-color":"","overlay-opacity":"","overlay-gradient":""}},"ast-content-background-meta":{"desktop":{"background-color":"var(--ast-global-color-5)","background-image":"","background-repeat":"repeat","background-position":"center center","background-size":"auto","background-attachment":"scroll","background-type":"","background-media":"","overlay-type":"","overlay-color":"","overlay-opacity":"","overlay-gradient":""},"tablet":{"background-color":"var(--ast-global-color-5)","background-image":"","background-repeat":"repeat","background-position":"center center","background-size":"auto","background-attachment":"scroll","background-type":"","background-media":"","overlay-type":"","overlay-color":"","overlay-opacity":"","overlay-gradient":""},"mobile":{"background-color":"var(--ast-global-color-5)","background-image":"","background-repeat":"repeat","background-position":"center center","background-size":"auto","background-attachment":"scroll","background-type":"","background-media":"","overlay-type":"","overlay-color":"","overlay-opacity":"","overlay-gradient":""}}},"product_brand":[],"product_cat":[228],"product_tag":[],"class_list":{"0":"post-10138","1":"product","2":"type-product","3":"status-publish","4":"has-post-thumbnail","6":"product_cat-doner-pistonlu-vakum-pompasi","7":"desktop-align-left","8":"tablet-align-left","9":"mobile-align-left","10":"ast-product-gallery-layout-horizontal","11":"ast-magnify-disabled","13":"first","14":"instock","15":"shipping-taxable","16":"product-type-simple"},"acf":[],"_links":{"self":[{"href":"https:\/\/www.nuoxutech.com\/tr\/wp-json\/wp\/v2\/product\/10138","targetHints":{"allow":["GET"]}}],"collection":[{"href":"https:\/\/www.nuoxutech.com\/tr\/wp-json\/wp\/v2\/product"}],"about":[{"href":"https:\/\/www.nuoxutech.com\/tr\/wp-json\/wp\/v2\/types\/product"}],"version-history":[{"count":3,"href":"https:\/\/www.nuoxutech.com\/tr\/wp-json\/wp\/v2\/product\/10138\/revisions"}],"predecessor-version":[{"id":10145,"href":"https:\/\/www.nuoxutech.com\/tr\/wp-json\/wp\/v2\/product\/10138\/revisions\/10145"}],"wp:featuredmedia":[{"embeddable":true,"href":"https:\/\/www.nuoxutech.com\/tr\/wp-json\/wp\/v2\/media\/8074"}],"wp:attachment":[{"href":"https:\/\/www.nuoxutech.com\/tr\/wp-json\/wp\/v2\/media?parent=10138"}],"wp:term":[{"taxonomy":"product_brand","embeddable":true,"href":"https:\/\/www.nuoxutech.com\/tr\/wp-json\/wp\/v2\/product_brand?post=10138"},{"taxonomy":"product_cat","embeddable":true,"href":"https:\/\/www.nuoxutech.com\/tr\/wp-json\/wp\/v2\/product_cat?post=10138"},{"taxonomy":"product_tag","embeddable":true,"href":"https:\/\/www.nuoxutech.com\/tr\/wp-json\/wp\/v2\/product_tag?post=10138"}],"curies":[{"name":"wp","href":"https:\/\/api.w.org\/{rel}","templated":true}]}}