{"id":10148,"date":"2024-08-30T14:26:05","date_gmt":"2024-08-30T06:26:05","guid":{"rendered":"https:\/\/www.nuoxutech.com\/tek-tankli-ultrasonik-temizleme-makinesi\/"},"modified":"2025-05-07T11:20:20","modified_gmt":"2025-05-07T03:20:20","slug":"single-tank-ultrasonic-cleaning-machine","status":"publish","type":"product","link":"https:\/\/www.nuoxutech.com\/tr\/single-tank-ultrasonic-cleaning-machine\/","title":{"rendered":"Tek Tankl\u0131 Ultrasonik Temizleme Makinesi"},"content":{"rendered":"<h4>Tek Tankl\u0131 Ultrasonik Temizleme Makinesi<\/h4>\n<p><strong>Tek Tankl\u0131 Ultrasonik Temizleme Makinesi<\/strong>, kompakt ve mobil bir formda g\u00fc\u00e7l\u00fc ve etkili temizlik sa\u011flamak \u00fczere tasarlanm\u0131\u015ft\u0131r. Bu makine, \u00e7e\u015fitli bile\u015fenlerin ultrasonik teknoloji kullan\u0131larak derinlemesine ve kapsaml\u0131 bir \u015fekilde temizlenmesini sa\u011flayarak \u00e7ok \u00e7e\u015fitli uygulamalar i\u00e7in idealdir. Temizleme tank\u0131n\u0131n boyutu, belirli \u00fcretim ihtiya\u00e7lar\u0131na g\u00f6re \u00f6zelle\u015ftirilebilir ve \u00e7e\u015fitli gereksinimleri kar\u015f\u0131lamak i\u00e7in hem standart hem de \u00f6zel modellerde gelir.<\/p>\n<p><strong>Temel \u00d6zellikler:<\/strong><\/p>\n<ul>\n<li><strong>Tek Tank Tasar\u0131m\u0131: <\/strong>Kompakt ve ta\u015f\u0131nabilir, \u00e7e\u015fitli ortamlara uygundur.<\/li>\n<li><strong>\u00d6zelle\u015ftirilebilir Boyut:<\/strong> Tank boyutu, m\u00fc\u015fterilerin \u00f6zel ihtiya\u00e7lar\u0131na uyacak \u015fekilde ayarlanabilir.<\/li>\n<li><strong>Kolay Bak\u0131m: <\/strong>\u00c7al\u0131\u015fma s\u00fcresini azaltmak i\u00e7in kolay bak\u0131m sa\u011flayacak \u015fekilde tasarlanm\u0131\u015ft\u0131r.<\/li>\n<li><strong>Mevcut Modeller:<\/strong> Standart modeller ve belirli uygulamalar i\u00e7in \u00f6zel modeller mevcuttur.<\/li>\n<\/ul>\n<p><strong>Teknolojik S\u00fcre\u00e7:<\/strong><\/p>\n<ol>\n<li><strong>\u015earj<\/strong><\/li>\n<li><strong>Ultrasonik Temizleme<\/strong><\/li>\n<li><strong>Bo\u015faltma<\/strong><\/li>\n<\/ol>\n<p><strong>Standart Makine Teknik Parametreleri:<\/strong><\/p>\n<table style=\"height: 319px;\" width=\"1759\">\n<thead>\n<tr>\n<th>Model<\/th>\n<th>Ultrasonik G\u00fc\u00e7<\/th>\n<th>Is\u0131tma G\u00fcc\u00fc<\/th>\n<th>Ultrasonik Frekans<\/th>\n<th>\u0130\u00e7 Tank Boyutu (mm)<\/th>\n<th>D\u0131\u015f Boyutlar (mm)<\/th>\n<\/tr>\n<\/thead>\n<tbody>\n<tr>\n<td>YX-1012BZC<\/td>\n<td>600W<\/td>\n<td>2000W<\/td>\n<td>25\/28KHz<\/td>\n<td>370 x 290 x 320<\/td>\n<td>560 x 480 x 550<\/td>\n<\/tr>\n<tr>\n<td>YX-1018BZC<\/td>\n<td>900W<\/td>\n<td>2000W<\/td>\n<td>25\/28KHz<\/td>\n<td>440 x 360 x 340<\/td>\n<td>630 x 550 x 570<\/td>\n<\/tr>\n<tr>\n<td>YX-102482C<\/td>\n<td>1200W<\/td>\n<td>4000W<\/td>\n<td>25\/28KHz<\/td>\n<td>550 x 400 x 360<\/td>\n<td>740 x 590 x 590<\/td>\n<\/tr>\n<tr>\n<td>YX-10308ZC<\/td>\n<td>1500W<\/td>\n<td>4000W<\/td>\n<td>25\/28KHz<\/td>\n<td>570 x 480 x 380<\/td>\n<td>760 x 670 x 610<\/td>\n<\/tr>\n<tr>\n<td>YX-1036BZC<\/td>\n<td>1800W<\/td>\n<td>6000W<\/td>\n<td>25\/28KHz<\/td>\n<td>600 x 530 x 400<\/td>\n<td>790 x 720 x 630<\/td>\n<\/tr>\n<\/tbody>\n<\/table>\n<p><strong>Uygulamalar: <\/strong>Bu ultrasonik temizleme makinesi a\u015fa\u011f\u0131dakiler de dahil olmak \u00fczere \u00e7e\u015fitli end\u00fcstriler i\u00e7in uygundur:<\/p>\n<ul>\n<li>Elektronik<\/li>\n<li>T\u0131bbi cihazlar<\/li>\n<li>Otomotiv par\u00e7alar\u0131<\/li>\n<li>M\u00fccevher ve saatler<\/li>\n<li>Laboratuvar ekipmanlar\u0131<\/li>\n<\/ul>\n<h6><strong>Neden Ultrasonik Temizleme Makinemizi Se\u00e7melisiniz?<\/strong><\/h6>\n<ul>\n<li><strong>\u00dcst\u00fcn Temizleme Performans\u0131:<\/strong> Kir, ya\u011f ve kirleticileri etkili bir \u015fekilde temizler.<\/li>\n<li><strong>Maliyet Etkin \u00c7\u00f6z\u00fcm:<\/strong> Manuel i\u015f g\u00fcc\u00fcn\u00fc ve kimyasal kullan\u0131m\u0131n\u0131 azalt\u0131r.<\/li>\n<li><strong>\u00d6zelle\u015ftirilebilir Se\u00e7enekler: <\/strong>Belirli temizlik ihtiya\u00e7lar\u0131na y\u00f6nelik \u00f6zel \u00e7\u00f6z\u00fcmler.<\/li>\n<\/ul>\n<div dir=\"auto\"><img fetchpriority=\"high\" decoding=\"async\" class=\"alignnone wp-image-6932 size-full\" src=\"https:\/\/www.nuoxutech.com\/wp-content\/uploads\/2024\/08\/Ultrasonic-Cleaner3.jpg\" alt=\"Tek Tankl\u0131 Ultrasonik Temizleme Makinesi\" width=\"1051\" height=\"1074\" title=\"\" srcset=\"https:\/\/www.nuoxutech.com\/wp-content\/uploads\/2024\/08\/Ultrasonic-Cleaner3.jpg 1051w, https:\/\/www.nuoxutech.com\/wp-content\/uploads\/2024\/08\/Ultrasonic-Cleaner3-294x300.jpg 294w, https:\/\/www.nuoxutech.com\/wp-content\/uploads\/2024\/08\/Ultrasonic-Cleaner3-1002x1024.jpg 1002w, https:\/\/www.nuoxutech.com\/wp-content\/uploads\/2024\/08\/Ultrasonic-Cleaner3-768x785.jpg 768w, https:\/\/www.nuoxutech.com\/wp-content\/uploads\/2024\/08\/Ultrasonic-Cleaner3-300x307.jpg 300w, https:\/\/www.nuoxutech.com\/wp-content\/uploads\/2024\/08\/Ultrasonic-Cleaner3-512x523.jpg 512w\" sizes=\"(max-width: 1051px) 100vw, 1051px\" \/><\/div>\n<div dir=\"auto\">\n<hr \/>\n<p>Tek Tankl\u0131 <a href=\"https:\/\/www.nuoxutech.com\/single-tank-ultrasonic-cleaning-machine\/\">Ultrasonik Temizleme <\/a>Makinesi hakk\u0131nda daha fazla bilgi i\u00e7in NuoXuTech ile ileti\u015fime ge\u00e7in<\/p>\n<\/div>\n<div dir=\"auto\"><strong>Posta:<span style=\"color: #3366ff;\"><a style=\"color: #3366ff;\" href=\"mailto:contact@nuoxutech.com\" target=\"_blank\" rel=\"nofollow noopener sponsored\">contact@nuoxutech.com<\/a><\/span><\/strong><\/div>\n<div dir=\"auto\"><strong>WhatsApp: <span style=\"color: #3366ff;\"><a style=\"color: #3366ff;\" href=\"https:\/\/wa.me\/message\/Z6LWLVZDXHWFD1\" target=\"_blank\" rel=\"nofollow noopener\">+86 13849062209<\/a><\/span><\/strong><\/div>\n<div dir=\"auto\">\n<div dir=\"auto\"><strong>Ekibimiz size profesyonel hizmet ve destek sa\u011flamak i\u00e7in haz\u0131r.<\/strong><\/div>\n<div dir=\"auto\">\n<hr \/>\n<h4 class=\"wp-block-heading\">Anahtar kelimeler<\/h4>\n<p>vakum sistemi, nuoxutech, vakum pompas\u0131, Vakum Sistemi, Ultrasonik Temizleyici, \u00d6zel Ultrasonik Temizleyici, End\u00fcstriyel Temizleme Makinesi.<\/p>\n<\/div>\n<\/div>\n","protected":false},"excerpt":{"rendered":"<p>Tek Tankl\u0131 Ultrasonik Temizleme Makinesi, kompakt, mobil bir tasar\u0131mda g\u00fc\u00e7l\u00fc ve etkili ultrasonik temizleme sunar. \u00c7e\u015fitli ihtiya\u00e7lar\u0131 kar\u015f\u0131lamak i\u00e7in standart ve \u00f6zel modellerde mevcuttur. Elektronik, otomotiv ve t\u0131bbi uygulamalar i\u00e7in idealdir.<\/p>\n","protected":false},"featured_media":8467,"template":"","meta":{"_acf_changed":false,"site-sidebar-layout":"default","site-content-layout":"","ast-site-content-layout":"default","site-content-style":"default","site-sidebar-style":"default","ast-global-header-display":"","ast-banner-title-visibility":"","ast-main-header-display":"","ast-hfb-above-header-display":"","ast-hfb-below-header-display":"","ast-hfb-mobile-header-display":"","site-post-title":"","ast-breadcrumbs-content":"","ast-featured-img":"","footer-sml-layout":"","ast-disable-related-posts":"","theme-transparent-header-meta":"default","adv-header-id-meta":"","stick-header-meta":"default","header-above-stick-meta":"","header-main-stick-meta":"","header-below-stick-meta":"","astra-migrate-meta-layouts":"set","ast-page-background-enabled":"default","ast-page-background-meta":{"desktop":{"background-color":"","background-image":"","background-repeat":"repeat","background-position":"center center","background-size":"auto","background-attachment":"scroll","background-type":"","background-media":"","overlay-type":"","overlay-color":"","overlay-opacity":"","overlay-gradient":""},"tablet":{"background-color":"","background-image":"","background-repeat":"repeat","background-position":"center center","background-size":"auto","background-attachment":"scroll","background-type":"","background-media":"","overlay-type":"","overlay-color":"","overlay-opacity":"","overlay-gradient":""},"mobile":{"background-color":"","background-image":"","background-repeat":"repeat","background-position":"center center","background-size":"auto","background-attachment":"scroll","background-type":"","background-media":"","overlay-type":"","overlay-color":"","overlay-opacity":"","overlay-gradient":""}},"ast-content-background-meta":{"desktop":{"background-color":"var(--ast-global-color-5)","background-image":"","background-repeat":"repeat","background-position":"center center","background-size":"auto","background-attachment":"scroll","background-type":"","background-media":"","overlay-type":"","overlay-color":"","overlay-opacity":"","overlay-gradient":""},"tablet":{"background-color":"var(--ast-global-color-5)","background-image":"","background-repeat":"repeat","background-position":"center center","background-size":"auto","background-attachment":"scroll","background-type":"","background-media":"","overlay-type":"","overlay-color":"","overlay-opacity":"","overlay-gradient":""},"mobile":{"background-color":"var(--ast-global-color-5)","background-image":"","background-repeat":"repeat","background-position":"center center","background-size":"auto","background-attachment":"scroll","background-type":"","background-media":"","overlay-type":"","overlay-color":"","overlay-opacity":"","overlay-gradient":""}}},"product_brand":[],"product_cat":[231],"product_tag":[],"class_list":{"0":"post-10148","1":"product","2":"type-product","3":"status-publish","4":"has-post-thumbnail","6":"product_cat-vacuum-valves-and-spare-parts-tr","7":"desktop-align-left","8":"tablet-align-left","9":"mobile-align-left","10":"ast-product-gallery-layout-horizontal","11":"ast-magnify-disabled","13":"first","14":"instock","15":"shipping-taxable","16":"product-type-simple"},"acf":[],"_links":{"self":[{"href":"https:\/\/www.nuoxutech.com\/tr\/wp-json\/wp\/v2\/product\/10148","targetHints":{"allow":["GET"]}}],"collection":[{"href":"https:\/\/www.nuoxutech.com\/tr\/wp-json\/wp\/v2\/product"}],"about":[{"href":"https:\/\/www.nuoxutech.com\/tr\/wp-json\/wp\/v2\/types\/product"}],"version-history":[{"count":3,"href":"https:\/\/www.nuoxutech.com\/tr\/wp-json\/wp\/v2\/product\/10148\/revisions"}],"predecessor-version":[{"id":10157,"href":"https:\/\/www.nuoxutech.com\/tr\/wp-json\/wp\/v2\/product\/10148\/revisions\/10157"}],"wp:featuredmedia":[{"embeddable":true,"href":"https:\/\/www.nuoxutech.com\/tr\/wp-json\/wp\/v2\/media\/8467"}],"wp:attachment":[{"href":"https:\/\/www.nuoxutech.com\/tr\/wp-json\/wp\/v2\/media?parent=10148"}],"wp:term":[{"taxonomy":"product_brand","embeddable":true,"href":"https:\/\/www.nuoxutech.com\/tr\/wp-json\/wp\/v2\/product_brand?post=10148"},{"taxonomy":"product_cat","embeddable":true,"href":"https:\/\/www.nuoxutech.com\/tr\/wp-json\/wp\/v2\/product_cat?post=10148"},{"taxonomy":"product_tag","embeddable":true,"href":"https:\/\/www.nuoxutech.com\/tr\/wp-json\/wp\/v2\/product_tag?post=10148"}],"curies":[{"name":"wp","href":"https:\/\/api.w.org\/{rel}","templated":true}]}}