{"id":10304,"date":"2024-07-11T10:33:53","date_gmt":"2024-07-11T02:33:53","guid":{"rendered":"https:\/\/www.nuoxutech.com\/cc-serisi-manuel-ultra-yuksek-vakumlu-surgulu-vana\/"},"modified":"2025-05-12T14:45:27","modified_gmt":"2025-05-12T06:45:27","slug":"cc-series-manual-ultra-high-vacuum-gate-valve","status":"publish","type":"product","link":"https:\/\/www.nuoxutech.com\/tr\/cc-series-manual-ultra-high-vacuum-gate-valve\/","title":{"rendered":"CC Serisi Manuel Ultra Y\u00fcksek Vakumlu S\u00fcrg\u00fcl\u00fc Vana"},"content":{"rendered":"<h4>CC Serisi Manuel Ultra Y\u00fcksek Vakumlu S\u00fcrg\u00fcl\u00fc Vana<\/h4>\n<p><strong>\u00dcr\u00fcn Ad\u0131:<\/strong> CC Serisi Manuel Ultra Y\u00fcksek Vakumlu S\u00fcrg\u00fcl\u00fc Vana<br \/>\n<strong>Kategori:<\/strong> Ultra Y\u00fcksek Vakumlu S\u00fcrg\u00fcl\u00fc Vana<\/p>\n<p>CC Serisi Manuel Ultra Y\u00fcksek Vakumlu S\u00fcrg\u00fcl\u00fc Vana, bir ba\u011flant\u0131 sistemini itmek (veya \u00e7ekmek) i\u00e7in bir tahrik \u00e7ubu\u011fu kullanan el \u00e7ark\u0131yla \u00e7al\u0131\u015fan bir vida mekanizmas\u0131yla \u00e7al\u0131\u015f\u0131r. Bu mekanizma, vana plakas\u0131n\u0131 eksenel olarak tahrik ederek vanay\u0131 a\u00e7ar veya kapat\u0131r ve ultra y\u00fcksek vakum sistemlerinde hava ak\u0131\u015f\u0131n\u0131 etkili bir \u015fekilde y\u00f6netir. \u0130yi tasarlanm\u0131\u015f bir tasar\u0131m, estetik g\u00f6r\u00fcn\u00fcm, sorunsuz \u00e7al\u0131\u015fma, kompakt boyut, y\u00fcksek ak\u0131\u015f h\u0131z\u0131, g\u00fcvenilir performans, m\u00fckemmel s\u0131zd\u0131rmazl\u0131k ve uzun hizmet \u00f6mr\u00fc ile bu vana ultra y\u00fcksek vakum ekipmanlar\u0131nda kullan\u0131m i\u00e7in idealdir. Temiz hava ve a\u015f\u0131nd\u0131r\u0131c\u0131 olmayan gazlar i\u00e7in uygundur.<\/p>\n<p><img fetchpriority=\"high\" decoding=\"async\" class=\"alignnone wp-image-6613 size-full\" src=\"https:\/\/www.nuoxutech.com\/wp-content\/uploads\/2024\/07\/ALL-e1727261163701.jpg\" alt=\"CC Serisi Manuel Ultra Y\u00fcksek Vakumlu S\u00fcrg\u00fcl\u00fc Vana\" width=\"400\" height=\"600\" title=\"\"><\/p>\n<h4><img decoding=\"async\" class=\"alignnone wp-image-6613 size-large\" src=\"https:\/\/www.nuoxutech.com\/wp-content\/uploads\/2024\/07\/ALL-683x1024.jpg\" alt=\"CC Serisi Manuel Ultra Y\u00fcksek Vakumlu S\u00fcrg\u00fcl\u00fc Vana\" width=\"683\" height=\"1024\" title=\"\"><\/h4>\n<h3>Temel \u00d6zellikler:<\/h3>\n<ol>\n<li><strong>Manuel \u00c7al\u0131\u015fma:<\/strong> Hassas kontrol i\u00e7in el \u00e7ark\u0131yla \u00e7al\u0131\u015fan vida mekanizmas\u0131.<\/li>\n<li><strong>Y\u00fcksek S\u0131zd\u0131rmazl\u0131k Performans\u0131:<\/strong> Ultra y\u00fcksek vakum uygulamalar\u0131 i\u00e7in m\u00fckemmel s\u0131zd\u0131rmazl\u0131k sa\u011flar.<\/li>\n<li><strong>P\u00fcr\u00fczs\u00fcz ve Kararl\u0131 Hareket: <\/strong>P\u00fcr\u00fczs\u00fcz ve kararl\u0131 \u00e7al\u0131\u015fma i\u00e7in tasarlanm\u0131\u015ft\u0131r.<\/li>\n<li><strong>Kompakt Tasar\u0131m:<\/strong> \u00c7e\u015fitli sistemlere kolay entegrasyon i\u00e7in k\u00fc\u00e7\u00fck boyutludur.<\/li>\n<li><strong>Y\u00fcksek Debi Oran\u0131: <\/strong>Vakum sistemlerinde gaz ak\u0131\u015f\u0131n\u0131n verimli y\u00f6netimi.<\/li>\n<li><strong>Dayan\u0131kl\u0131 Yap\u0131:<\/strong> Uzun kullan\u0131m \u00f6mr\u00fc ile g\u00fcvenilir performans.<\/li>\n<li><strong>Estetik Tasar\u0131m: <\/strong>Geli\u015fmi\u015f end\u00fcstriyel ortamlara uygun \u00e7ekici g\u00f6r\u00fcn\u00fcm.<\/li>\n<\/ol>\n<h3>Uygulamalar:<\/h3>\n<ul>\n<li>Ultra y\u00fcksek vakum sistemleri<\/li>\n<li>Ara\u015ft\u0131rma laboratuvarlar\u0131<\/li>\n<li>Yar\u0131 iletken \u00fcretimi<\/li>\n<li>End\u00fcstriyel vakum ekipmanlar\u0131<\/li>\n<li>Temiz hava ve a\u015f\u0131nd\u0131r\u0131c\u0131 olmayan gazlar\u0131n hassas bir \u015fekilde kontrol edilmesini gerektiren herhangi bir sistem<\/li>\n<\/ul>\n<h3>Teknik \u00d6zellikler:<\/h3>\n<ul>\n<li><strong>\u0130\u015flem:<\/strong> Manuel el \u00e7ark\u0131 tahrikli vida mekanizmas\u0131<\/li>\n<li><strong>Hareket: <\/strong>Valf plakas\u0131n\u0131n eksenel hareketi<\/li>\n<li><strong>S\u0131zd\u0131rmazl\u0131k T\u00fcr\u00fc:<\/strong> Ultra y\u00fcksek vakum i\u00e7in y\u00fcksek performansl\u0131 s\u0131zd\u0131rmazl\u0131k<\/li>\n<li><strong>\u00c7al\u0131\u015fma Ortam\u0131:<\/strong> Temiz hava ve a\u015f\u0131nd\u0131r\u0131c\u0131 olmayan gazlar<\/li>\n<li><strong>Kurulum: <\/strong>\u00c7e\u015fitli ultra y\u00fcksek vakum sistemleri i\u00e7in uygundur<\/li>\n<\/ul>\n<h3>Avantajlar\u0131:<\/h3>\n<ul>\n<li><strong>Hassas Kontrol: <\/strong>El \u00e7ark\u0131 mekanizmas\u0131 vanan\u0131n hassas a\u00e7\u0131l\u0131p kapanmas\u0131n\u0131 sa\u011flar.<\/li>\n<li><strong>Y\u00fcksek G\u00fcvenilirlik:<\/strong> Uzun s\u00fcreli kullan\u0131mlarda dayan\u0131kl\u0131 yap\u0131 ve g\u00fcvenilir performans.<\/li>\n<li><strong>\u00c7ok Y\u00f6nl\u00fc Uygulama: <\/strong>\u00c7ok \u00e7e\u015fitli ultra y\u00fcksek vakum uygulamalar\u0131 i\u00e7in uygundur.<\/li>\n<li><strong>Kolay Entegrasyon:<\/strong> Kompakt tasar\u0131m\u0131 sayesinde mevcut sistemlere kolay kurulum ve entegrasyon imkan\u0131 sa\u011flar.<\/li>\n<\/ul>\n<div dir=\"auto\">\n<hr \/>\n<p><a href=\"https:\/\/www.nuoxutech.com\/cc-series-manual-ultra-high-vacuum-gate-valve\/\" rel=\"nofollow\">CC Serisi<\/a> Manuel Ultra Y\u00fcksek Vakumlu S\u00fcrg\u00fcl\u00fc Vana hakk\u0131nda daha fazla bilgi i\u00e7in NuoXuTech ile ileti\u015fime ge\u00e7in<\/p>\n<\/div>\n<div dir=\"auto\"><strong>Posta:<span style=\"color: #3366ff;\"><a style=\"color: #3366ff;\" href=\"mailto:contact@nuoxutech.com\" target=\"_blank\" rel=\"nofollow noopener sponsored\">contact@nuoxutech.com<\/a><\/span><\/strong><\/div>\n<div dir=\"auto\"><strong>WhatsApp: <span style=\"color: #3366ff;\"><a style=\"color: #3366ff;\" href=\"https:\/\/wa.me\/message\/Z6LWLVZDXHWFD1\" rel=\"nofollow noopener\" target=\"_blank\">+86 13849062209<\/a><\/span><\/strong><\/div>\n<div dir=\"auto\">\n<div dir=\"auto\"><strong>Ekibimiz size profesyonel hizmet ve destek sa\u011flamak i\u00e7in haz\u0131r.<\/strong><\/div>\n<div dir=\"auto\">\n<hr \/>\n<h4 class=\"wp-block-heading\">Anahtar kelimeler<\/h4>\n<p>vakum sistemi,nuoxutech, vakum pompas\u0131, VacuumSystem.<\/p>\n<\/div>\n<\/div>\n","protected":false},"excerpt":{"rendered":"<p>NuoXuTech&#8217;in CC Serisi Manuel Ultra Y\u00fcksek Vakumlu S\u00fcrg\u00fcl\u00fc Vana, ultra y\u00fcksek vakum sistemlerinde hava ak\u0131\u015f\u0131n\u0131 y\u00f6netmek i\u00e7in hayati bir bile\u015fendir. El \u00e7ark\u0131yla \u00e7al\u0131\u015fan vida mekanizmas\u0131 hassas kontrol sa\u011flarken, y\u00fcksek performansl\u0131 s\u0131zd\u0131rmazl\u0131k zorlu ortamlarda g\u00fcvenilir \u00e7al\u0131\u015fmay\u0131 garanti eder. Kompakt tasar\u0131m\u0131, sorunsuz \u00e7al\u0131\u015fmas\u0131 ve estetik g\u00f6r\u00fcn\u00fcm\u00fcyle bu vana, ara\u015ft\u0131rma laboratuvarlar\u0131nda, yar\u0131 iletken \u00fcretiminde ve \u00e7e\u015fitli end\u00fcstriyel vakum ekipmanlar\u0131nda kullan\u0131m i\u00e7in idealdir. Ultra y\u00fcksek vakum uygulamalar\u0131n\u0131zda verimli ve g\u00fcvenilir performans i\u00e7in CC Serisine g\u00fcvenin.<\/p>\n","protected":false},"featured_media":8278,"template":"","meta":{"_acf_changed":false,"site-sidebar-layout":"default","site-content-layout":"","ast-site-content-layout":"default","site-content-style":"default","site-sidebar-style":"default","ast-global-header-display":"","ast-banner-title-visibility":"","ast-main-header-display":"","ast-hfb-above-header-display":"","ast-hfb-below-header-display":"","ast-hfb-mobile-header-display":"","site-post-title":"","ast-breadcrumbs-content":"","ast-featured-img":"","footer-sml-layout":"","ast-disable-related-posts":"","theme-transparent-header-meta":"default","adv-header-id-meta":"","stick-header-meta":"default","header-above-stick-meta":"","header-main-stick-meta":"","header-below-stick-meta":"","astra-migrate-meta-layouts":"set","ast-page-background-enabled":"default","ast-page-background-meta":{"desktop":{"background-color":"","background-image":"","background-repeat":"repeat","background-position":"center center","background-size":"auto","background-attachment":"scroll","background-type":"","background-media":"","overlay-type":"","overlay-color":"","overlay-opacity":"","overlay-gradient":""},"tablet":{"background-color":"","background-image":"","background-repeat":"repeat","background-position":"center center","background-size":"auto","background-attachment":"scroll","background-type":"","background-media":"","overlay-type":"","overlay-color":"","overlay-opacity":"","overlay-gradient":""},"mobile":{"background-color":"","background-image":"","background-repeat":"repeat","background-position":"center center","background-size":"auto","background-attachment":"scroll","background-type":"","background-media":"","overlay-type":"","overlay-color":"","overlay-opacity":"","overlay-gradient":""}},"ast-content-background-meta":{"desktop":{"background-color":"var(--ast-global-color-5)","background-image":"","background-repeat":"repeat","background-position":"center center","background-size":"auto","background-attachment":"scroll","background-type":"","background-media":"","overlay-type":"","overlay-color":"","overlay-opacity":"","overlay-gradient":""},"tablet":{"background-color":"var(--ast-global-color-5)","background-image":"","background-repeat":"repeat","background-position":"center center","background-size":"auto","background-attachment":"scroll","background-type":"","background-media":"","overlay-type":"","overlay-color":"","overlay-opacity":"","overlay-gradient":""},"mobile":{"background-color":"var(--ast-global-color-5)","background-image":"","background-repeat":"repeat","background-position":"center center","background-size":"auto","background-attachment":"scroll","background-type":"","background-media":"","overlay-type":"","overlay-color":"","overlay-opacity":"","overlay-gradient":""}}},"product_brand":[],"product_cat":[231],"product_tag":[],"class_list":{"0":"post-10304","1":"product","2":"type-product","3":"status-publish","4":"has-post-thumbnail","6":"product_cat-vacuum-valves-and-spare-parts-tr","7":"desktop-align-left","8":"tablet-align-left","9":"mobile-align-left","10":"ast-product-gallery-layout-horizontal","11":"ast-magnify-disabled","13":"first","14":"instock","15":"shipping-taxable","16":"product-type-simple"},"acf":[],"_links":{"self":[{"href":"https:\/\/www.nuoxutech.com\/tr\/wp-json\/wp\/v2\/product\/10304","targetHints":{"allow":["GET"]}}],"collection":[{"href":"https:\/\/www.nuoxutech.com\/tr\/wp-json\/wp\/v2\/product"}],"about":[{"href":"https:\/\/www.nuoxutech.com\/tr\/wp-json\/wp\/v2\/types\/product"}],"version-history":[{"count":2,"href":"https:\/\/www.nuoxutech.com\/tr\/wp-json\/wp\/v2\/product\/10304\/revisions"}],"predecessor-version":[{"id":10306,"href":"https:\/\/www.nuoxutech.com\/tr\/wp-json\/wp\/v2\/product\/10304\/revisions\/10306"}],"wp:featuredmedia":[{"embeddable":true,"href":"https:\/\/www.nuoxutech.com\/tr\/wp-json\/wp\/v2\/media\/8278"}],"wp:attachment":[{"href":"https:\/\/www.nuoxutech.com\/tr\/wp-json\/wp\/v2\/media?parent=10304"}],"wp:term":[{"taxonomy":"product_brand","embeddable":true,"href":"https:\/\/www.nuoxutech.com\/tr\/wp-json\/wp\/v2\/product_brand?post=10304"},{"taxonomy":"product_cat","embeddable":true,"href":"https:\/\/www.nuoxutech.com\/tr\/wp-json\/wp\/v2\/product_cat?post=10304"},{"taxonomy":"product_tag","embeddable":true,"href":"https:\/\/www.nuoxutech.com\/tr\/wp-json\/wp\/v2\/product_tag?post=10304"}],"curies":[{"name":"wp","href":"https:\/\/api.w.org\/{rel}","templated":true}]}}