{"id":10333,"date":"2024-07-11T16:22:28","date_gmt":"2024-07-11T08:22:28","guid":{"rendered":"https:\/\/www.nuoxutech.com\/giq-b-pnomatik-yuksek-vakum-kelebek-vana\/"},"modified":"2025-05-13T11:57:56","modified_gmt":"2025-05-13T03:57:56","slug":"giq-b-pneumatic-high-vacuum-butterfly-valve","status":"publish","type":"product","link":"https:\/\/www.nuoxutech.com\/tr\/giq-b-pneumatic-high-vacuum-butterfly-valve\/","title":{"rendered":"GIQ-B Pn\u00f6matik Y\u00fcksek Vakum Kelebek Vana"},"content":{"rendered":"<h4>GIQ-B Pn\u00f6matik Y\u00fcksek Vakum Kelebek Vana<\/h4>\n<p><strong>\u00dcr\u00fcn Ad\u0131:<\/strong> GIQ-B Serisi Pn\u00f6matik Y\u00fcksek Vakum Kelebek Vana<br \/>\n<strong>Kategori:<\/strong> Vakum Kelebek Vana<\/p>\n<p>GIQ-B Serisi Pn\u00f6matik Y\u00fcksek Vakum Kelebek Vanas\u0131, bas\u0131n\u00e7l\u0131 hava ile tahrik edilen bir pn\u00f6matik akt\u00fcat\u00f6r kullanarak vakum boru hatlar\u0131ndaki gaz ak\u0131\u015f\u0131n\u0131 d\u00fczenlemek \u00fczere tasarlanm\u0131\u015ft\u0131r. Hava ak\u0131\u015f\u0131n\u0131n y\u00f6n\u00fcn\u00fc de\u011fi\u015ftirmek i\u00e7in bir solenoid y\u00f6n vanas\u0131 kullanarak, akt\u00fcat\u00f6r\u00fcn piston kremayeri ve di\u015fli mekanizmas\u0131, kelebek vanas\u0131n\u0131 a\u00e7mak veya kapatmak i\u00e7in a\u00e7\u0131sal tork \u00fcreterek vakum sisteminin gaz ak\u0131\u015f\u0131n\u0131 etkili bir \u015fekilde y\u00f6netir.<\/p>\n<p>Bu modern pn\u00f6matik akt\u00fcat\u00f6r kontroll\u00fc kelebek vana hem \u00e7ift etkili hem de tek etkili (yay geri d\u00f6n\u00fc\u015fl\u00fc) silindir yap\u0131land\u0131rmalar\u0131nda mevcuttur. Ek olarak, geri bildirim sinyal cihazlar\u0131 ve elektrikli vana konumland\u0131r\u0131c\u0131larla donat\u0131labilir. Hava ve a\u015f\u0131nd\u0131r\u0131c\u0131 olmayan gaz uygulamalar\u0131 i\u00e7in uygundur.<\/p>\n<p><img fetchpriority=\"high\" decoding=\"async\" class=\"alignnone wp-image-6613 size-full\" src=\"https:\/\/www.nuoxutech.com\/wp-content\/uploads\/2024\/07\/ALL-e1727261163701.jpg\" alt=\"GIQ-B Pn\u00f6matik Y\u00fcksek Vakum Kelebek Vana\" width=\"400\" height=\"600\" title=\"\"><\/p>\n<h3>Temel \u00d6zellikler:<\/h3>\n<ol>\n<li><strong>Pn\u00f6matik Akt\u00fcasyon:<\/strong> Vanan\u0131n g\u00fcvenilir ve verimli bir \u015fekilde kontrol edilmesini sa\u011flayarak, bas\u0131n\u00e7l\u0131 havay\u0131 kullan\u0131r.<\/li>\n<li><strong>A\u00e7\u0131sal Tork \u00c7\u0131k\u0131\u015f\u0131:<\/strong> Di\u015fli ve piston kremayer mekanizmas\u0131 hassas a\u00e7ma ve kapama hareketleri i\u00e7in a\u00e7\u0131sal tork sa\u011flar.<\/li>\n<li><strong>\u00c7ok Y\u00f6nl\u00fc Silindir Se\u00e7enekleri: <\/strong>\u00c7ift etkili ve tek etkili (yay d\u00f6n\u00fc\u015f\u00fc) konfig\u00fcrasyonlarda mevcuttur.<\/li>\n<li><strong>Geli\u015fmi\u015f Kontrol: <\/strong>Opsiyonel geri bildirim sinyal cihazlar\u0131 ve elektrikli vana konumland\u0131r\u0131c\u0131lar\u0131 kontrol ve izleme yeteneklerini art\u0131r\u0131r.<\/li>\n<li><strong>Orta Uyumluluk:<\/strong> Hava ve a\u015f\u0131nd\u0131r\u0131c\u0131 olmayan gazlar i\u00e7in uygundur, \u00e7e\u015fitli end\u00fcstriyel uygulamalar i\u00e7in idealdir.<\/li>\n<\/ol>\n<h3>Uygulamalar:<\/h3>\n<ul>\n<li>End\u00fcstriyel proseslerde y\u00fcksek vakum sistemleri<\/li>\n<li>Yar\u0131 iletken \u00fcretimi<\/li>\n<li>\u0130la\u00e7 \u00fcretimi<\/li>\n<li>Kimyasal ara\u015ft\u0131rma ve i\u015fleme<\/li>\n<li>Genel laboratuvar vakum uygulamalar\u0131<\/li>\n<\/ul>\n<h3>Teknik \u00d6zellikler:<\/h3>\n<ul>\n<li><strong>\u0130\u015flem: <\/strong>A\u00e7\u0131sal tork \u00e7\u0131k\u0131\u015fl\u0131 pn\u00f6matik \u00e7al\u0131\u015ft\u0131rma<\/li>\n<li><strong>Silindir Tipi: <\/strong>\u00c7ift etkili ve tek etkili (yay d\u00f6n\u00fc\u015f\u00fc)<\/li>\n<li><strong>\u0130ste\u011fe Ba\u011fl\u0131 \u00d6zellikler:<\/strong> Geri bildirim sinyal cihazlar\u0131, elektrikli vana konumland\u0131r\u0131c\u0131lar\u0131<\/li>\n<li><strong>\u00c7al\u0131\u015fma Ortam\u0131:<\/strong> Hava ve a\u015f\u0131nd\u0131r\u0131c\u0131 olmayan gazlar<\/li>\n<\/ul>\n<h3>Avantajlar\u0131:<\/h3>\n<ul>\n<li><strong>Verimli Pn\u00f6matik \u00c7al\u0131\u015fma:<\/strong> Vakum sistemlerinde gaz ak\u0131\u015f\u0131n\u0131n g\u00fcvenilir ve h\u0131zl\u0131 bir \u015fekilde kontrol edilmesini sa\u011flar.<\/li>\n<li><strong>Esnek Kontrol Se\u00e7enekleri: <\/strong>\u00c7oklu silindir yap\u0131land\u0131rmalar\u0131 ve opsiyonel kontrol cihazlar\u0131 geli\u015fmi\u015f esneklik ve hassasiyet sunar.<\/li>\n<li><strong>Dayan\u0131kl\u0131 Yap\u0131: <\/strong>Y\u00fcksek vakumlu ortamlarda uzun s\u00fcreli kullan\u0131m i\u00e7in \u00fcretilmi\u015ftir.<\/li>\n<li><strong>Geni\u015f Uygulanabilirlik:<\/strong> \u00c7e\u015fitli end\u00fcstriyel ve ara\u015ft\u0131rma vakum uygulamalar\u0131 i\u00e7in uygundur.<\/li>\n<\/ul>\n<div dir=\"auto\">\n<hr \/>\n<p><a href=\"https:\/\/www.nuoxutech.com\/giq-b-pneumatic-high-vacuum-butterfly-valve\/\" rel=\"nofollow sponsored\">GIQ-B Serisi<\/a> Pn\u00f6matik Y\u00fcksek Vakum Kelebek Vana hakk\u0131nda daha fazla bilgi i\u00e7in NuoXuTech ile ileti\u015fime ge\u00e7in<\/p>\n<\/div>\n<div dir=\"auto\"><strong>Posta:<span style=\"color: #3366ff;\"><a style=\"color: #3366ff;\" href=\"mailto:contact@nuoxutech.com\" target=\"_blank\" rel=\"nofollow noopener sponsored\">contact@nuoxutech.com<\/a><\/span><\/strong><\/div>\n<div dir=\"auto\"><strong>WhatsApp: <span style=\"color: #3366ff;\"><a style=\"color: #3366ff;\" href=\"https:\/\/wa.me\/message\/Z6LWLVZDXHWFD1\" target=\"_blank\" rel=\"nofollow noopener\">+86 13849062209<\/a><\/span><\/strong><\/div>\n<div dir=\"auto\">\n<div dir=\"auto\"><strong>Ekibimiz size profesyonel hizmet ve destek sa\u011flamak i\u00e7in haz\u0131r.<\/strong><\/div>\n<div dir=\"auto\">\n<hr \/>\n<h4 class=\"wp-block-heading\">Anahtar kelimeler<\/h4>\n<p>vakum sistemi,nuoxutech, vakum pompas\u0131, VacuumSystem.<\/p>\n<\/div>\n<\/div>\n","protected":false},"excerpt":{"rendered":"<p>NuoXuTech&#8217;in GIQ-B Serisi Pn\u00f6matik Y\u00fcksek Vakum Kelebek Vanas\u0131, y\u00fcksek vakum sistemlerinde hava ve a\u015f\u0131nd\u0131r\u0131c\u0131 olmayan gaz ak\u0131\u015f\u0131n\u0131n hassas kontrol\u00fc i\u00e7in tasarlanm\u0131\u015f, bas\u0131n\u00e7l\u0131 hava ile \u00e7al\u0131\u015ft\u0131r\u0131lan bir pn\u00f6matik akt\u00fcat\u00f6re sahiptir. Geli\u015fmi\u015f kontrol yetenekleriyle bu vana, \u00e7e\u015fitli end\u00fcstriyel ve ara\u015ft\u0131rma uygulamalar\u0131nda g\u00fcvenilir ve verimli performans sunar.<\/p>\n","protected":false},"featured_media":8311,"template":"","meta":{"_acf_changed":false,"site-sidebar-layout":"default","site-content-layout":"","ast-site-content-layout":"default","site-content-style":"default","site-sidebar-style":"default","ast-global-header-display":"","ast-banner-title-visibility":"","ast-main-header-display":"","ast-hfb-above-header-display":"","ast-hfb-below-header-display":"","ast-hfb-mobile-header-display":"","site-post-title":"","ast-breadcrumbs-content":"","ast-featured-img":"","footer-sml-layout":"","ast-disable-related-posts":"","theme-transparent-header-meta":"default","adv-header-id-meta":"","stick-header-meta":"default","header-above-stick-meta":"","header-main-stick-meta":"","header-below-stick-meta":"","astra-migrate-meta-layouts":"set","ast-page-background-enabled":"default","ast-page-background-meta":{"desktop":{"background-color":"","background-image":"","background-repeat":"repeat","background-position":"center center","background-size":"auto","background-attachment":"scroll","background-type":"","background-media":"","overlay-type":"","overlay-color":"","overlay-opacity":"","overlay-gradient":""},"tablet":{"background-color":"","background-image":"","background-repeat":"repeat","background-position":"center center","background-size":"auto","background-attachment":"scroll","background-type":"","background-media":"","overlay-type":"","overlay-color":"","overlay-opacity":"","overlay-gradient":""},"mobile":{"background-color":"","background-image":"","background-repeat":"repeat","background-position":"center center","background-size":"auto","background-attachment":"scroll","background-type":"","background-media":"","overlay-type":"","overlay-color":"","overlay-opacity":"","overlay-gradient":""}},"ast-content-background-meta":{"desktop":{"background-color":"var(--ast-global-color-5)","background-image":"","background-repeat":"repeat","background-position":"center center","background-size":"auto","background-attachment":"scroll","background-type":"","background-media":"","overlay-type":"","overlay-color":"","overlay-opacity":"","overlay-gradient":""},"tablet":{"background-color":"var(--ast-global-color-5)","background-image":"","background-repeat":"repeat","background-position":"center center","background-size":"auto","background-attachment":"scroll","background-type":"","background-media":"","overlay-type":"","overlay-color":"","overlay-opacity":"","overlay-gradient":""},"mobile":{"background-color":"var(--ast-global-color-5)","background-image":"","background-repeat":"repeat","background-position":"center center","background-size":"auto","background-attachment":"scroll","background-type":"","background-media":"","overlay-type":"","overlay-color":"","overlay-opacity":"","overlay-gradient":""}}},"product_brand":[],"product_cat":[231],"product_tag":[273],"class_list":{"0":"post-10333","1":"product","2":"type-product","3":"status-publish","4":"has-post-thumbnail","6":"product_cat-vacuum-valves-and-spare-parts-tr","7":"product_tag-butterfly-valve-tr","8":"desktop-align-left","9":"tablet-align-left","10":"mobile-align-left","11":"ast-product-gallery-layout-horizontal","12":"ast-magnify-disabled","14":"first","15":"instock","16":"shipping-taxable","17":"product-type-simple"},"acf":[],"_links":{"self":[{"href":"https:\/\/www.nuoxutech.com\/tr\/wp-json\/wp\/v2\/product\/10333","targetHints":{"allow":["GET"]}}],"collection":[{"href":"https:\/\/www.nuoxutech.com\/tr\/wp-json\/wp\/v2\/product"}],"about":[{"href":"https:\/\/www.nuoxutech.com\/tr\/wp-json\/wp\/v2\/types\/product"}],"version-history":[{"count":2,"href":"https:\/\/www.nuoxutech.com\/tr\/wp-json\/wp\/v2\/product\/10333\/revisions"}],"predecessor-version":[{"id":10335,"href":"https:\/\/www.nuoxutech.com\/tr\/wp-json\/wp\/v2\/product\/10333\/revisions\/10335"}],"wp:featuredmedia":[{"embeddable":true,"href":"https:\/\/www.nuoxutech.com\/tr\/wp-json\/wp\/v2\/media\/8311"}],"wp:attachment":[{"href":"https:\/\/www.nuoxutech.com\/tr\/wp-json\/wp\/v2\/media?parent=10333"}],"wp:term":[{"taxonomy":"product_brand","embeddable":true,"href":"https:\/\/www.nuoxutech.com\/tr\/wp-json\/wp\/v2\/product_brand?post=10333"},{"taxonomy":"product_cat","embeddable":true,"href":"https:\/\/www.nuoxutech.com\/tr\/wp-json\/wp\/v2\/product_cat?post=10333"},{"taxonomy":"product_tag","embeddable":true,"href":"https:\/\/www.nuoxutech.com\/tr\/wp-json\/wp\/v2\/product_tag?post=10333"}],"curies":[{"name":"wp","href":"https:\/\/api.w.org\/{rel}","templated":true}]}}