{"id":9691,"date":"2024-03-26T11:07:53","date_gmt":"2024-03-26T03:07:53","guid":{"rendered":"https:\/\/www.nuoxutech.com\/2be1-tek-kademeli-sivi-halkali-vakum-pompasi\/"},"modified":"2025-04-18T12:15:14","modified_gmt":"2025-04-18T04:15:14","slug":"2be1-single-stage-liquid-ring-vacuum-pump","status":"publish","type":"product","link":"https:\/\/www.nuoxutech.com\/tr\/2be1-single-stage-liquid-ring-vacuum-pump\/","title":{"rendered":"2BE1 Tek kademeli s\u0131v\u0131 halkal\u0131 vakum pompas\u0131"},"content":{"rendered":"<div class=\"flex flex-grow flex-col max-w-full\">\n<div class=\"min-h-[20px] text-message flex flex-col items-start gap-3 whitespace-pre-wrap break-words [.text-message+&amp;]:mt-5 overflow-x-auto\" dir=\"auto\" data-message-author-role=\"assistant\" data-message-id=\"43e0449d-296c-4b5f-a79e-1921071d1b6f\">\n<div class=\"markdown prose w-full break-words dark:prose-invert dark\">\n<h3><a href=\"https:\/\/www.nuoxutech.com\/wp-content\/uploads\/2024\/08\/2BE-vacuum-pump3-.jpg\"><img fetchpriority=\"high\" decoding=\"async\" class=\"wp-image-7591 size-medium aligncenter\" src=\"https:\/\/www.nuoxutech.com\/wp-content\/uploads\/2024\/08\/2BE-vacuum-pump3--225x300.jpg\" alt=\"2BE1 Tek kademeli s\u0131v\u0131 halkal\u0131 vakum pompas\u0131\" width=\"225\" height=\"300\" title=\"\" srcset=\"https:\/\/www.nuoxutech.com\/wp-content\/uploads\/2024\/08\/2BE-vacuum-pump3--225x300.jpg 225w, https:\/\/www.nuoxutech.com\/wp-content\/uploads\/2024\/08\/2BE-vacuum-pump3--768x1024.jpg 768w, https:\/\/www.nuoxutech.com\/wp-content\/uploads\/2024\/08\/2BE-vacuum-pump3--1152x1536.jpg 1152w, https:\/\/www.nuoxutech.com\/wp-content\/uploads\/2024\/08\/2BE-vacuum-pump3--300x400.jpg 300w, https:\/\/www.nuoxutech.com\/wp-content\/uploads\/2024\/08\/2BE-vacuum-pump3--512x683.jpg 512w, https:\/\/www.nuoxutech.com\/wp-content\/uploads\/2024\/08\/2BE-vacuum-pump3-.jpg 1280w\" sizes=\"(max-width: 225px) 100vw, 225px\" \/><\/a><\/h3>\n<p style=\"padding-left: 40px;\">2BE1 Tek Kademeli S\u0131v\u0131 Halka Vakum Pompas\u0131, kat\u0131 par\u00e7ac\u0131klar\u0131n, \u00e7\u00f6z\u00fcnmemi\u015f maddelerin veya a\u015f\u0131nd\u0131r\u0131c\u0131 olmayan gazlar\u0131n vakum veya bas\u0131n\u00e7 olu\u015fturmak i\u00e7in kapal\u0131 kaplarda bo\u015falt\u0131lmas\u0131 gereken uygulamalarda gaz emme i\u00e7in tasarlanm\u0131\u015ft\u0131r. Yap\u0131 malzemesini de\u011fi\u015ftirerek a\u015f\u0131nd\u0131r\u0131c\u0131 gazlar\u0131 veya s\u0131v\u0131lar\u0131 idare etme yetene\u011fiyle, bu pompalar ka\u011f\u0131t yap\u0131m\u0131, kimyasal i\u015fleme, petrokimyasallar, ila\u00e7lar ve daha fazlas\u0131 gibi end\u00fcstrilerde yayg\u0131n olarak kullan\u0131lmaktad\u0131r.<\/p>\n<h4>2BE1 Tek Kademeli S\u0131v\u0131 Halkal\u0131 Vakum Pompas\u0131n\u0131n Temel \u00d6zellikleri:<\/h4>\n<ol>\n<li><strong>\u00c7ok Y\u00f6nl\u00fc Uygulama<\/strong>: Ka\u011f\u0131t yap\u0131m\u0131, kimyasal i\u015fleme, petrokimya, hafif sanayi, eczac\u0131l\u0131k, metalurji, in\u015faat, elektronik, k\u00f6m\u00fcr temizleme, mineral konsantrasyonu ve g\u00fcbre \u00fcretimi dahil olmak \u00fczere \u00e7ok \u00e7e\u015fitli end\u00fcstriler i\u00e7in uygundur.<\/li>\n<li><strong>Basit Yap\u0131<\/strong>: Pompalar basit bir tasar\u0131ma sahiptir, bu sayede bak\u0131m\u0131 ve \u00e7al\u0131\u015ft\u0131r\u0131lmas\u0131 kolayd\u0131r, ayr\u0131ca \u00e7al\u0131\u015fmada g\u00fcvenilirlik ve verimlilik sa\u011flan\u0131r.<\/li>\n<li><strong>Korozyon Direnci<\/strong>: Korozyona dayan\u0131kl\u0131 malzeme kullanma se\u00e7ene\u011fiyle bu pompalar, a\u015f\u0131nd\u0131r\u0131c\u0131 gazlar\u0131 veya s\u0131v\u0131lar\u0131 i\u015fleyebilir ve zorlu ortamlarda uygulanabilirli\u011fini art\u0131rabilir.<\/li>\n<li><strong>Enerji Verimlili\u011fi<\/strong>: Pompalar, da\u011f\u0131t\u0131m plakalar\u0131, pervaneler ve pompa milleri gibi temel bile\u015fenlerin optimize edilmi\u015f tasar\u0131mlar\u0131yla enerji verimlili\u011fi i\u00e7in tasarlanm\u0131\u015ft\u0131r; bu sayede minimum g\u00fc\u00e7 t\u00fcketimi ve i\u015fletme maliyeti tasarrufu sa\u011flan\u0131r.<\/li>\n<li><strong>Dinamik Denge<\/strong>: Dinamik denge sorunlar\u0131, pervane kanatlar\u0131n\u0131n tek ad\u0131mda damgalanmas\u0131, kanat s\u00fcnekli\u011finin art\u0131r\u0131lmas\u0131 i\u00e7in \u0131s\u0131l i\u015flem ve hassas pervane ve pompa \u015faft\u0131 montaj\u0131 gibi geli\u015fmi\u015f \u00fcretim s\u00fcre\u00e7leriyle etkili bir \u015fekilde ele al\u0131nmaktad\u0131r.<\/li>\n<li><strong>Poli-Tetrafloroetilen (PTFE) Valf Plakalar\u0131<\/strong>: 2BE vakum pompalar\u0131n\u0131n egzoz sistemleri, geleneksel k\u00fcresel vanalara k\u0131yasla \u00fcst\u00fcn performans sunan PTFE valf plakalar\u0131n\u0131 kullan\u0131r. Bu valf plakalar\u0131, giri\u015f bas\u0131nc\u0131na g\u00f6re egzoz alan\u0131n\u0131 otomatik olarak ayarlayarak g\u00fc\u00e7 t\u00fcketimini ve \u00e7al\u0131\u015fma verimlili\u011fini optimize eder.<\/li>\n<li><strong>Kolay Bak\u0131m<\/strong>: Gaz-su ay\u0131r\u0131c\u0131lar\u0131, \u00e7oklu havaland\u0131rma delikleri, havaland\u0131rma valfi menholleri ve da\u011f\u0131t\u0131m plakalar\u0131 ile \u00e7arklar aras\u0131nda kolayca ayarlanabilir bo\u015fluklar i\u00e7eren bu pompalar\u0131n montaj\u0131, uygulanmas\u0131 ve bak\u0131m\u0131 kolayd\u0131r.<\/li>\n<li><strong>S\u0131k\u0131 Testler<\/strong>: T\u00fcm vakum pompalar\u0131, m\u00fckemmel performans, g\u00fcvenilirlik ve uzun \u00f6m\u00fcr sa\u011flamak i\u00e7in test merkezimizde s\u0131k\u0131 denetimlerden ve testlerden ge\u00e7er.<\/li>\n<\/ol>\n<h4><a href=\"https:\/\/www.nuoxutech.com\/wp-content\/uploads\/2024\/08\/2BE-vacuum-pump1-.jpg\"><img decoding=\"async\" class=\"size-medium wp-image-7589 aligncenter\" src=\"https:\/\/www.nuoxutech.com\/wp-content\/uploads\/2024\/08\/2BE-vacuum-pump1--300x300.jpg\" alt=\"\" width=\"300\" height=\"300\" title=\"\" srcset=\"https:\/\/www.nuoxutech.com\/wp-content\/uploads\/2024\/08\/2BE-vacuum-pump1--300x301.jpg 300w, https:\/\/www.nuoxutech.com\/wp-content\/uploads\/2024\/08\/2BE-vacuum-pump1--1019x1024.jpg 1019w, https:\/\/www.nuoxutech.com\/wp-content\/uploads\/2024\/08\/2BE-vacuum-pump1--150x150.jpg 150w, https:\/\/www.nuoxutech.com\/wp-content\/uploads\/2024\/08\/2BE-vacuum-pump1--512x514.jpg 512w, https:\/\/www.nuoxutech.com\/wp-content\/uploads\/2024\/08\/2BE-vacuum-pump1--100x100.jpg 100w, https:\/\/www.nuoxutech.com\/wp-content\/uploads\/2024\/08\/2BE-vacuum-pump1-.jpg 1276w\" sizes=\"(max-width: 300px) 100vw, 300px\" \/><\/a><\/h4>\n<h4>Uygulamalar:<\/h4>\n<p>2BE1 serisi pompalar \u00e7ok y\u00f6nl\u00fcl\u00fckleri ve g\u00fcvenilirlikleri nedeniyle \u00e7ok \u00e7e\u015fitli end\u00fcstrilerde kullan\u0131lmaktad\u0131r. Ba\u015fl\u0131ca uygulamalar \u015funlard\u0131r:<\/p>\n<ol>\n<li><strong>Ka\u011f\u0131t \u00dcretim End\u00fcstrisi<\/strong>\n<ul>\n<li>Ka\u011f\u0131t kalitesini ve \u00fcretim verimlili\u011fini art\u0131rarak susuzla\u015ft\u0131rma ve ka\u011f\u0131t tabakas\u0131 olu\u015fturma s\u00fcre\u00e7lerinde vazge\u00e7ilmezdir.<\/li>\n<\/ul>\n<\/li>\n<li><strong>Kimya Sanayi<\/strong>\n<ul>\n<li>Kimyasal proseslerde optimum performans sa\u011flamak amac\u0131yla distilasyon, kurutma, solvent geri kazan\u0131m\u0131 gibi \u00e7e\u015fitli proseslerde kullan\u0131l\u0131r.<\/li>\n<\/ul>\n<\/li>\n<li><strong>Petrokimya End\u00fcstrisi<\/strong>\n<ul>\n<li>Vakum dam\u0131tma \u00fcnitelerinde ve buhar geri kazan\u0131m sistemlerinde kritik \u00f6neme sahiptir, \u00fcr\u00fcn verimini ve safl\u0131\u011f\u0131n\u0131 art\u0131r\u0131r.<\/li>\n<\/ul>\n<\/li>\n<li><strong>Hafif Sanayi<\/strong>\n<ul>\n<li>Vakum paketleme, g\u0131da i\u015fleme ve t\u00fcketim mallar\u0131 \u00fcretiminde uygulanarak \u00fcr\u00fcn b\u00fct\u00fcnl\u00fc\u011f\u00fcn\u00fcn korunmas\u0131 ve raf \u00f6mr\u00fcn\u00fcn uzat\u0131lmas\u0131nda kullan\u0131l\u0131r.<\/li>\n<\/ul>\n<\/li>\n<li><strong>Eczane<\/strong>\n<ul>\n<li>Dondurarak kurutma ve vakum filtrasyonu gibi proseslerin ayr\u0131lmaz bir par\u00e7as\u0131 olup, farmas\u00f6tik \u00fcr\u00fcnlerin safl\u0131\u011f\u0131n\u0131 ve etkinli\u011fini garanti alt\u0131na al\u0131r.<\/li>\n<\/ul>\n<\/li>\n<li><strong>Aletler ve Elektronik<\/strong>\n<ul>\n<li>Elektronik komponentlerin ve hassas aletlerin \u00fcretiminde kullan\u0131l\u0131r, temiz ve kontroll\u00fc ortamlar sa\u011flar.<\/li>\n<\/ul>\n<\/li>\n<li><strong>Metalurji ve \u0130n\u015faat<\/strong>\n<ul>\n<li>Metallerin gaz\u0131n\u0131n al\u0131nmas\u0131nda, beton i\u015flemede ve di\u011fer in\u015faatla ilgili uygulamalarda, malzeme \u00f6zelliklerinin iyile\u015ftirilmesinde \u00f6nemlidir.<\/li>\n<\/ul>\n<\/li>\n<li><strong>K\u00f6m\u00fcr Temizleme ve Mineral Konsantrasyonu<\/strong>\n<ul>\n<li>K\u00f6m\u00fcr y\u0131kama ve mineral \u00e7\u0131karma i\u015flemlerinin verimlili\u011fini artt\u0131r\u0131r, kirlilikleri azalt\u0131r ve kaliteyi iyile\u015ftirir.<\/li>\n<\/ul>\n<\/li>\n<li><strong>G\u00fcbre \u00dcretimi<\/strong>\n<ul>\n<li>G\u00fcbre \u00fcretimi ve i\u015flenmesinde kullan\u0131l\u0131r, son \u00fcr\u00fcn\u00fcn y\u00fcksek safl\u0131\u011f\u0131n\u0131 ve performans\u0131n\u0131 garanti eder.<\/li>\n<\/ul>\n<\/li>\n<\/ol>\n<h4>2BE1 Tek Kademeli S\u0131v\u0131 Halkal\u0131 Vakum Pompas\u0131n\u0131 Kullanman\u0131n Faydalar\u0131<\/h4>\n<ul>\n<li><strong>G\u00fcvenilirlik<\/strong>: Zorlu uygulamalarda kan\u0131tlanm\u0131\u015f performans, minimum kesinti s\u00fcresiyle s\u00fcrekli \u00e7al\u0131\u015fmay\u0131 garanti eder.<\/li>\n<li><strong>\u00c7ok Y\u00f6nl\u00fcl\u00fck<\/strong>: \u00c7ok \u00e7e\u015fitli end\u00fcstrilere uygundur, uygulamada esneklik sa\u011flar.<\/li>\n<li><strong>Maliyet Etkin<\/strong>: D\u00fc\u015f\u00fck i\u015fletme ve bak\u0131m maliyetleri, pompan\u0131n kullan\u0131m \u00f6mr\u00fc boyunca \u00f6nemli tasarruflar sa\u011flar.<\/li>\n<li><strong>\u00c7evresel Uyumluluk<\/strong>: Enerji verimli tasar\u0131m, \u00e7evresel etkinin azalt\u0131lmas\u0131na ve d\u00fczenleyici standartlara uyumlulu\u011fa katk\u0131da bulunur.<\/li>\n<\/ul>\n<p><strong><a href=\"https:\/\/www.nuoxutech.com\/tr\/liquid-ring-vacuum-pumps-tr\/\">2BE1<\/a> Tek Kademeli S\u0131v\u0131 Halkal\u0131 Vakum Pompas\u0131 hakk\u0131nda daha fazla bilgi i\u00e7in. Bize Ula\u015f\u0131n<\/strong><\/p>\n<\/div>\n<div class=\"markdown prose w-full break-words dark:prose-invert dark\">\n<p><strong>Posta:<a href=\"mailto:contact@nuoxutech.com\">contact@nuoxutech.com<\/a><\/strong><\/p>\n<div dir=\"auto\"><strong>WhatsApp: <a href=\"https:\/\/wa.me\/message\/Z6LWLVZDXHWFD1\" rel=\"nofollow noopener\" target=\"_blank\">+86 13849062209<\/a><\/strong><\/div>\n<div dir=\"auto\"><strong>Ekibimiz size profesyonel hizmet ve destek sa\u011flamak i\u00e7in haz\u0131r.<\/strong><\/div>\n<h4>Anahtar kelimeler:<\/h4>\n<p>2BE1, s\u0131v\u0131 halkal\u0131 vakum pompas\u0131, end\u00fcstriyel vakum \u00e7\u00f6z\u00fcmleri, y\u00fcksek verimli vakum pompas\u0131, vakum pompas\u0131 uygulamalar\u0131, NuoXuTech, S\u0131v\u0131 Halkal\u0131 Vakum Pompas\u0131, 2BE1 Vakum Pompas\u0131, Tek Kademeli S\u0131v\u0131 Halkal\u0131 Pompa, End\u00fcstriyel Uygulamalar i\u00e7in Vakum Pompas\u0131<\/p>\n<\/div>\n<\/div>\n<\/div>\n","protected":false},"excerpt":{"rendered":"<p>NuoXuTech&#8217;in 2BE1 Tek Kademeli S\u0131v\u0131 Halka Vakum Pompas\u0131, ka\u011f\u0131t yap\u0131m\u0131, kimya, petrokimya ve hafif sanayi dahil olmak \u00fczere \u00e7e\u015fitli end\u00fcstrilerde verimlilik ve \u00e7ok y\u00f6nl\u00fcl\u00fck sunar. Bu pompalar y\u00fcksek performans, d\u00fc\u015f\u00fck bak\u0131m ve enerji tasarrufu sa\u011flayarak end\u00fcstriyel operasyonlar\u0131 geli\u015ftirmek i\u00e7in idealdir.<\/p>\n<div class=\"notranslate\" style=\"all: initial;\"><\/div>\n","protected":false},"featured_media":12283,"template":"","meta":{"_acf_changed":false,"site-sidebar-layout":"default","site-content-layout":"","ast-site-content-layout":"default","site-content-style":"default","site-sidebar-style":"default","ast-global-header-display":"","ast-banner-title-visibility":"","ast-main-header-display":"","ast-hfb-above-header-display":"","ast-hfb-below-header-display":"","ast-hfb-mobile-header-display":"","site-post-title":"","ast-breadcrumbs-content":"","ast-featured-img":"","footer-sml-layout":"","ast-disable-related-posts":"","theme-transparent-header-meta":"default","adv-header-id-meta":"","stick-header-meta":"default","header-above-stick-meta":"","header-main-stick-meta":"","header-below-stick-meta":"","astra-migrate-meta-layouts":"set","ast-page-background-enabled":"default","ast-page-background-meta":{"desktop":{"background-color":"","background-image":"","background-repeat":"repeat","background-position":"center center","background-size":"auto","background-attachment":"scroll","background-type":"","background-media":"","overlay-type":"","overlay-color":"","overlay-opacity":"","overlay-gradient":""},"tablet":{"background-color":"","background-image":"","background-repeat":"repeat","background-position":"center center","background-size":"auto","background-attachment":"scroll","background-type":"","background-media":"","overlay-type":"","overlay-color":"","overlay-opacity":"","overlay-gradient":""},"mobile":{"background-color":"","background-image":"","background-repeat":"repeat","background-position":"center center","background-size":"auto","background-attachment":"scroll","background-type":"","background-media":"","overlay-type":"","overlay-color":"","overlay-opacity":"","overlay-gradient":""}},"ast-content-background-meta":{"desktop":{"background-color":"var(--ast-global-color-5)","background-image":"","background-repeat":"repeat","background-position":"center center","background-size":"auto","background-attachment":"scroll","background-type":"","background-media":"","overlay-type":"","overlay-color":"","overlay-opacity":"","overlay-gradient":""},"tablet":{"background-color":"var(--ast-global-color-5)","background-image":"","background-repeat":"repeat","background-position":"center center","background-size":"auto","background-attachment":"scroll","background-type":"","background-media":"","overlay-type":"","overlay-color":"","overlay-opacity":"","overlay-gradient":""},"mobile":{"background-color":"var(--ast-global-color-5)","background-image":"","background-repeat":"repeat","background-position":"center center","background-size":"auto","background-attachment":"scroll","background-type":"","background-media":"","overlay-type":"","overlay-color":"","overlay-opacity":"","overlay-gradient":""}}},"product_brand":[],"product_cat":[159],"product_tag":[172],"class_list":{"0":"post-9691","1":"product","2":"type-product","3":"status-publish","4":"has-post-thumbnail","6":"product_cat-liquid-ring-vacuum-pumps-tr","7":"product_tag-2be1-tr","8":"desktop-align-left","9":"tablet-align-left","10":"mobile-align-left","11":"ast-product-gallery-layout-horizontal","12":"ast-magnify-disabled","14":"first","15":"instock","16":"featured","17":"shipping-taxable","18":"purchasable","19":"product-type-simple"},"acf":[],"_links":{"self":[{"href":"https:\/\/www.nuoxutech.com\/tr\/wp-json\/wp\/v2\/product\/9691","targetHints":{"allow":["GET"]}}],"collection":[{"href":"https:\/\/www.nuoxutech.com\/tr\/wp-json\/wp\/v2\/product"}],"about":[{"href":"https:\/\/www.nuoxutech.com\/tr\/wp-json\/wp\/v2\/types\/product"}],"version-history":[{"count":2,"href":"https:\/\/www.nuoxutech.com\/tr\/wp-json\/wp\/v2\/product\/9691\/revisions"}],"predecessor-version":[{"id":9693,"href":"https:\/\/www.nuoxutech.com\/tr\/wp-json\/wp\/v2\/product\/9691\/revisions\/9693"}],"wp:featuredmedia":[{"embeddable":true,"href":"https:\/\/www.nuoxutech.com\/tr\/wp-json\/wp\/v2\/media\/12283"}],"wp:attachment":[{"href":"https:\/\/www.nuoxutech.com\/tr\/wp-json\/wp\/v2\/media?parent=9691"}],"wp:term":[{"taxonomy":"product_brand","embeddable":true,"href":"https:\/\/www.nuoxutech.com\/tr\/wp-json\/wp\/v2\/product_brand?post=9691"},{"taxonomy":"product_cat","embeddable":true,"href":"https:\/\/www.nuoxutech.com\/tr\/wp-json\/wp\/v2\/product_cat?post=9691"},{"taxonomy":"product_tag","embeddable":true,"href":"https:\/\/www.nuoxutech.com\/tr\/wp-json\/wp\/v2\/product_tag?post=9691"}],"curies":[{"name":"wp","href":"https:\/\/api.w.org\/{rel}","templated":true}]}}