{"id":9694,"date":"2024-03-26T11:21:47","date_gmt":"2024-03-26T03:21:47","guid":{"rendered":"https:\/\/www.nuoxutech.com\/2bec-sivi-halkali-vakum-pompasi\/"},"modified":"2025-04-18T14:51:39","modified_gmt":"2025-04-18T06:51:39","slug":"2bec-liquid-ring-vacuum-pump","status":"publish","type":"product","link":"https:\/\/www.nuoxutech.com\/tr\/2bec-liquid-ring-vacuum-pump\/","title":{"rendered":"2BEC s\u0131v\u0131 halkal\u0131 vakum pompas\u0131"},"content":{"rendered":"<h3>2BEC s\u0131v\u0131 halkal\u0131 vakum pompas\u0131<\/h3>\n<p><img fetchpriority=\"high\" decoding=\"async\" class=\"alignnone wp-image-6372 size-medium\" src=\"https:\/\/www.nuoxutech.com\/wp-content\/uploads\/2024\/03\/2be3-300x174.png\" alt=\"2BEC s\u0131v\u0131 halkal\u0131 vakum pompas\u0131\" width=\"300\" height=\"174\" title=\"\" srcset=\"https:\/\/www.nuoxutech.com\/wp-content\/uploads\/2024\/03\/2be3-300x174.png 300w, https:\/\/www.nuoxutech.com\/wp-content\/uploads\/2024\/03\/2be3.png 324w\" sizes=\"(max-width: 300px) 100vw, 300px\" \/><\/p>\n<p><a href=\"https:\/\/www.nuoxutech.com\/2be1-single-stage-liquid-ring-vacuum-pump\/\">2BEA <\/a>serisi ile kar\u015f\u0131la\u015ft\u0131r\u0131ld\u0131\u011f\u0131nda 2BEC serisi a\u015fa\u011f\u0131daki hususlarda farkl\u0131l\u0131k g\u00f6stermektedir:<\/p>\n<ul>\n<li>Y\u00fcksek emi\u015f kapasitesine ve d\u00fc\u015f\u00fck vakuma sahip olduklar\u0131ndan, maden gaz\u0131 de\u015farj\u0131 ve kimyasal tesislerde bas\u0131n\u00e7 sal\u0131n\u0131ml\u0131 adsorpsiyon gibi b\u00fcy\u00fck emi\u015f kapasitesi gerektiren operasyonlar i\u00e7in uygundurlar.<\/li>\n<li>Silindirik bilyal\u0131 rulmanlar, \u00e7ift s\u0131ral\u0131 konik makaral\u0131 rulmanlar ile de\u011fi\u015ftirilerek, rulmanlar\u0131n kullan\u0131m \u00f6m\u00fcrleri uzat\u0131lmakta ve y\u00fck ta\u015f\u0131ma kapasiteleri iyile\u015ftirilmektedir.<\/li>\n<li>Pompa ve da\u011f\u0131t\u0131m plakas\u0131n\u0131 yerle\u015ftirmek i\u00e7in kullan\u0131lan &#8216;i\u00e7b\u00fckey-d\u0131\u015fb\u00fckey konnekt\u00f6r&#8217; yerine &#8216;bir y\u00fczeyde iki pim&#8217; kullan\u0131lm\u0131\u015ft\u0131r. Durdurma pimleri, \u00e7ark ile pompa aras\u0131ndaki radyal bo\u015flu\u011fu sa\u011flar.<\/li>\n<li>Hava giri\u015fleri ve havaland\u0131rma delikleri pompa kapa\u011f\u0131n\u0131n hem \u00fcst hem de yan u\u00e7lar\u0131nda d\u00fczenlenmi\u015ftir. Gaz\u0131n \u00fcstten doldurulmas\u0131 veya bo\u015falt\u0131lmas\u0131 durumunda, yan hava giri\u015fleri ve havaland\u0131rma delikleri bo\u015f kapaklarla kapat\u0131l\u0131r, b\u00f6ylece daha fazla montaj se\u00e7ene\u011fi vard\u0131r.<\/li>\n<li>2BE3 serisi i\u00e7in y\u00fcksek voltajl\u0131 motorlar mevcut olabilir \u00e7\u00fcnk\u00fc enerji t\u00fcketimleri ve g\u00fc\u00e7leri b\u00fcy\u00fck hacimler ve b\u00fcy\u00fck emi\u015f kapasiteleri nedeniyle art\u0131r\u0131lm\u0131\u015ft\u0131r. \u0130letim genellikle red\u00fckt\u00f6rler taraf\u0131ndan ger\u00e7ekle\u015ftirilir. 50\/52 pompalar kay\u0131\u015f iletimi kullanabilirken 60 ve \u00fcst\u00fc pompalar iletim i\u00e7in red\u00fckt\u00f6rleri benimsemelidir.<\/li>\n<li>2BE3 serisinde, pompalar\u0131 \u00e7ark orta plakalar\u0131yla iki b\u00f6lmeye ay\u0131rmak i\u00e7in ek eksantrik kanat\u00e7\u0131klar bulunur. Yan flan\u015flardaki hava giri\u015fleri ve menfezler, ka\u011f\u0131t yap\u0131m\u0131 gibi iki bas\u0131n\u00e7 noktas\u0131 gerektiren i\u015flemler i\u00e7in tek bir pompay\u0131 yeterli hale getirir.<\/li>\n<\/ul>\n<div dir=\"auto\"><a href=\"https:\/\/www.nuoxutech.com\/2be3-single-stage-liquid-ring-vacuum-pump\/\">2BEC <\/a>S\u0131v\u0131 halkal\u0131 Vakum Pompas\u0131 hakk\u0131nda daha fazla bilgi i\u00e7in bizimle ileti\u015fime ge\u00e7in<\/div>\n<div dir=\"auto\"><strong>Posta:<span style=\"color: #3366ff;\"><a style=\"color: #3366ff;\" href=\"mailto:contact@nuoxutech.com\">contact@nuoxutech.com<\/a><\/span><\/strong><\/div>\n<div dir=\"auto\"><strong>WhatsApp: <span style=\"color: #3366ff;\"><a style=\"color: #3366ff;\" href=\"https:\/\/wa.me\/message\/Z6LWLVZDXHWFD1\" rel=\"nofollow noopener\" target=\"_blank\">+86 13849062209<\/a><\/span><\/strong><\/div>\n<div dir=\"auto\"><strong>Ekibimiz size profesyonel hizmet ve destek sa\u011flamak i\u00e7in haz\u0131r.<\/strong><\/div>\n","protected":false},"excerpt":{"rendered":"<p>2BEC s\u0131v\u0131 halkal\u0131 vakum pompas\u0131 ve kompres\u00f6rleri, \u00fcst\u00fcn ve g\u00fcvenilir performanslar\u0131 ve dayan\u0131kl\u0131l\u0131klar\u0131 nedeniyle ka\u011f\u0131t yap\u0131m\u0131, kimya, eczac\u0131l\u0131k, k\u00f6m\u00fcr haz\u0131rlama, mineral ay\u0131rma, petrokimya, hafif sanayi, g\u0131da, metalurji, yap\u0131 malzemeleri, seramik ve kimyasal g\u00fcbre alanlar\u0131nda yayg\u0131n olarak kullan\u0131lmaktad\u0131r.<\/p>\n","protected":false},"featured_media":12274,"template":"","meta":{"_acf_changed":false,"site-sidebar-layout":"default","site-content-layout":"","ast-site-content-layout":"default","site-content-style":"default","site-sidebar-style":"default","ast-global-header-display":"","ast-banner-title-visibility":"","ast-main-header-display":"","ast-hfb-above-header-display":"","ast-hfb-below-header-display":"","ast-hfb-mobile-header-display":"","site-post-title":"","ast-breadcrumbs-content":"","ast-featured-img":"","footer-sml-layout":"","ast-disable-related-posts":"","theme-transparent-header-meta":"default","adv-header-id-meta":"","stick-header-meta":"default","header-above-stick-meta":"","header-main-stick-meta":"","header-below-stick-meta":"","astra-migrate-meta-layouts":"set","ast-page-background-enabled":"default","ast-page-background-meta":{"desktop":{"background-color":"","background-image":"","background-repeat":"repeat","background-position":"center center","background-size":"auto","background-attachment":"scroll","background-type":"","background-media":"","overlay-type":"","overlay-color":"","overlay-opacity":"","overlay-gradient":""},"tablet":{"background-color":"","background-image":"","background-repeat":"repeat","background-position":"center center","background-size":"auto","background-attachment":"scroll","background-type":"","background-media":"","overlay-type":"","overlay-color":"","overlay-opacity":"","overlay-gradient":""},"mobile":{"background-color":"","background-image":"","background-repeat":"repeat","background-position":"center center","background-size":"auto","background-attachment":"scroll","background-type":"","background-media":"","overlay-type":"","overlay-color":"","overlay-opacity":"","overlay-gradient":""}},"ast-content-background-meta":{"desktop":{"background-color":"var(--ast-global-color-5)","background-image":"","background-repeat":"repeat","background-position":"center center","background-size":"auto","background-attachment":"scroll","background-type":"","background-media":"","overlay-type":"","overlay-color":"","overlay-opacity":"","overlay-gradient":""},"tablet":{"background-color":"var(--ast-global-color-5)","background-image":"","background-repeat":"repeat","background-position":"center center","background-size":"auto","background-attachment":"scroll","background-type":"","background-media":"","overlay-type":"","overlay-color":"","overlay-opacity":"","overlay-gradient":""},"mobile":{"background-color":"var(--ast-global-color-5)","background-image":"","background-repeat":"repeat","background-position":"center center","background-size":"auto","background-attachment":"scroll","background-type":"","background-media":"","overlay-type":"","overlay-color":"","overlay-opacity":"","overlay-gradient":""}}},"product_brand":[],"product_cat":[159],"product_tag":[174,180,276],"class_list":{"0":"post-9694","1":"product","2":"type-product","3":"status-publish","4":"has-post-thumbnail","6":"product_cat-liquid-ring-vacuum-pumps-tr","7":"product_tag-2be3-pumps-tr","8":"product_tag-2bec-tr","9":"product_tag-sivi-halkali-vakum-pompalari","10":"desktop-align-left","11":"tablet-align-left","12":"mobile-align-left","13":"ast-product-gallery-layout-horizontal","14":"ast-magnify-disabled","16":"first","17":"instock","18":"shipping-taxable","19":"product-type-simple"},"acf":[],"_links":{"self":[{"href":"https:\/\/www.nuoxutech.com\/tr\/wp-json\/wp\/v2\/product\/9694","targetHints":{"allow":["GET"]}}],"collection":[{"href":"https:\/\/www.nuoxutech.com\/tr\/wp-json\/wp\/v2\/product"}],"about":[{"href":"https:\/\/www.nuoxutech.com\/tr\/wp-json\/wp\/v2\/types\/product"}],"version-history":[{"count":3,"href":"https:\/\/www.nuoxutech.com\/tr\/wp-json\/wp\/v2\/product\/9694\/revisions"}],"predecessor-version":[{"id":9697,"href":"https:\/\/www.nuoxutech.com\/tr\/wp-json\/wp\/v2\/product\/9694\/revisions\/9697"}],"wp:featuredmedia":[{"embeddable":true,"href":"https:\/\/www.nuoxutech.com\/tr\/wp-json\/wp\/v2\/media\/12274"}],"wp:attachment":[{"href":"https:\/\/www.nuoxutech.com\/tr\/wp-json\/wp\/v2\/media?parent=9694"}],"wp:term":[{"taxonomy":"product_brand","embeddable":true,"href":"https:\/\/www.nuoxutech.com\/tr\/wp-json\/wp\/v2\/product_brand?post=9694"},{"taxonomy":"product_cat","embeddable":true,"href":"https:\/\/www.nuoxutech.com\/tr\/wp-json\/wp\/v2\/product_cat?post=9694"},{"taxonomy":"product_tag","embeddable":true,"href":"https:\/\/www.nuoxutech.com\/tr\/wp-json\/wp\/v2\/product_tag?post=9694"}],"curies":[{"name":"wp","href":"https:\/\/api.w.org\/{rel}","templated":true}]}}