{"id":9698,"date":"2024-03-26T11:33:05","date_gmt":"2024-03-26T03:33:05","guid":{"rendered":"https:\/\/www.nuoxutech.com\/2bv-monoblok-sivi-halkali-vakum-pompasi\/"},"modified":"2025-04-18T14:58:52","modified_gmt":"2025-04-18T06:58:52","slug":"2bv-monoblock-liquid-ring-vacuum-pump","status":"publish","type":"product","link":"https:\/\/www.nuoxutech.com\/tr\/2bv-monoblock-liquid-ring-vacuum-pump\/","title":{"rendered":"2BV Monoblok S\u0131v\u0131 halkal\u0131 vakum pompas\u0131"},"content":{"rendered":"<h3>2BV Monoblok S\u0131v\u0131 halkal\u0131 vakum pompas\u0131<\/h3>\n<p><img fetchpriority=\"high\" decoding=\"async\" class=\"alignnone wp-image-6770 size-medium\" src=\"https:\/\/www.nuoxutech.com\/wp-content\/uploads\/2024\/03\/2bv3-300x263.jpg\" alt=\"2BV Monoblok S\u0131v\u0131 halkal\u0131 vakum pompas\u0131\" width=\"300\" height=\"263\" title=\"\" srcset=\"https:\/\/www.nuoxutech.com\/wp-content\/uploads\/2024\/03\/2bv3-300x263.jpg 300w, https:\/\/www.nuoxutech.com\/wp-content\/uploads\/2024\/03\/2bv3-768x672.jpg 768w, https:\/\/www.nuoxutech.com\/wp-content\/uploads\/2024\/03\/2bv3-512x448.jpg 512w, https:\/\/www.nuoxutech.com\/wp-content\/uploads\/2024\/03\/2bv3.jpg 800w\" sizes=\"(max-width: 300px) 100vw, 300px\" \/> <img decoding=\"async\" class=\"alignnone wp-image-6768 size-medium\" src=\"https:\/\/www.nuoxutech.com\/wp-content\/uploads\/2024\/03\/2bv1-300x263.jpg\" alt=\"2BV Monoblok S\u0131v\u0131 halkal\u0131 vakum pompas\u0131\" width=\"300\" height=\"263\" title=\"\" srcset=\"https:\/\/www.nuoxutech.com\/wp-content\/uploads\/2024\/03\/2bv1-300x263.jpg 300w, https:\/\/www.nuoxutech.com\/wp-content\/uploads\/2024\/03\/2bv1-768x672.jpg 768w, https:\/\/www.nuoxutech.com\/wp-content\/uploads\/2024\/03\/2bv1-512x448.jpg 512w, https:\/\/www.nuoxutech.com\/wp-content\/uploads\/2024\/03\/2bv1.jpg 800w\" sizes=\"(max-width: 300px) 100vw, 300px\" \/><\/p>\n<h4>Uygulamalar:<\/h4>\n<ul>\n<li>Su \u00e7\u0131karma, plastik kal\u0131plama (gaz giderme), hastane sterilizasyonu, merkezi emi\u015f sistemleri, i\u00e7ecek dolum \u00fcretim hatlar\u0131, petrol, kimya, ila\u00e7, seramik, elektrik enerjisi, metalurji ve vakum lehimleme gibi \u00e7e\u015fitli end\u00fcstrilerde kullan\u0131lmaktad\u0131r.<\/li>\n<\/ul>\n<h4>\u00dcr\u00fcn Genel Bak\u0131\u015f\u0131:<\/h4>\n<p>2BV Monoblok serisi su halkal\u0131 vakum pompas\u0131, end\u00fcstriyel gaz ve buhar i\u015fleme uygulamalar\u0131 i\u00e7in tasarlanm\u0131\u015f son teknoloji m\u00fchendisli\u011fin bir \u00f6rne\u011fidir. 33 mbar&#8217;a (mutlak bas\u0131n\u00e7) veya %97 vakum derecesine kadar etkileyici bir emme bas\u0131nc\u0131 kapasitesiyle, ola\u011fan\u00fcst\u00fc verimlilik ve g\u00fcvenilirlik sunar. \u00c7al\u0131\u015fma s\u0131v\u0131s\u0131 olarak trafo ya\u011f\u0131 kullanan yap\u0131land\u0131rmalarda (ya\u011f halkal\u0131 vakum pompas\u0131), 6,7 mbar&#8217;l\u0131k (mutlak bas\u0131n\u00e7) veya %99,3 vakum derecesinde benzersiz bir emme bas\u0131nc\u0131 elde ederek, onu geleneksel alternatif vakum pompalar\u0131na \u00fcst\u00fcn bir alternatif olarak konumland\u0131r\u0131r.<\/p>\n<h4>Temel \u00d6zellikler:<\/h4>\n<ol>\n<li>Do\u011frudan ba\u011flant\u0131l\u0131 tasar\u0131m kullan\u0131larak kurulum kolayla\u015ft\u0131r\u0131l\u0131rken, alan kullan\u0131m\u0131 da optimize ediliyor.<\/li>\n<li>Kavitasyon koruma portu ile g\u00fc\u00e7lendirilen pompa, kavitasyon g\u00fcr\u00fclt\u00fcs\u00fcn\u00fc azalt\u0131rken maksimum emi\u015f etkinli\u011fini garanti alt\u0131na al\u0131r ve b\u00f6ylece \u00e7al\u0131\u015fma b\u00fct\u00fcnl\u00fc\u011f\u00fcn\u00fc korur.<\/li>\n<li>Ola\u011fan\u00fcst\u00fc sa\u011flaml\u0131\u011f\u0131 ve korozyon direnciyle bilinen al\u00fcminyum bronz \u00e7ark ve daha fazla dayan\u0131kl\u0131l\u0131k gerektiren ortamlar i\u00e7in paslanmaz \u00e7elik ak\u0131\u015f bile\u015fenleri ile \u00fcretilmi\u015ftir.<\/li>\n<li>A\u015f\u0131r\u0131 bas\u0131nc\u0131 \u00f6nlemek i\u00e7in \u00f6zel olarak tasarlanm\u0131\u015f esnek egzoz portu ile en y\u00fcksek performans verimlili\u011fini garanti alt\u0131na al\u0131nm\u0131\u015ft\u0131r.<\/li>\n<li>Y2 serisi motorlarla g\u00fc\u00e7lendirilen \u00fcr\u00fcn, benzersiz g\u00fcvenilirlik i\u00e7in IP54 veya IP55 koruma s\u0131n\u0131f\u0131na ve F yal\u0131t\u0131m s\u0131n\u0131f\u0131na sahiptir.<\/li>\n<li>PTFE&#8217;den \u00fcretilen yumu\u015fak conta par\u00e7alar\u0131yla donat\u0131lm\u0131\u015f olup, en zorlu end\u00fcstriyel ortamlarda bile uzun \u00f6m\u00fcrl\u00fc \u00e7al\u0131\u015fma sa\u011flar.<\/li>\n<li>62 desibel kadar d\u00fc\u015f\u00fck g\u00fcr\u00fclt\u00fc emisyonuyla istikrarl\u0131 bir \u00e7al\u0131\u015fma sergiliyor.<\/li>\n<\/ol>\n<h4>\u00c7\u00f6z\u00fcm:<\/h4>\n<p>2BV Monoblok serisi su halkal\u0131 vakum pompas\u0131, end\u00fcstriyel vakum uygulamalar\u0131nda devrim yaratmaya haz\u0131r, enerji a\u00e7\u0131s\u0131ndan verimli, teknolojik olarak geli\u015fmi\u015f \u00e7\u00f6z\u00fcmlerin bir \u00f6rne\u011fi olarak \u00f6ne \u00e7\u0131k\u0131yor. \u00c7ok y\u00f6nl\u00fcl\u00fc\u011f\u00fc ve sa\u011flam tasar\u0131m\u0131, onu eski modellere g\u00f6re \u00fcst\u00fcn bir se\u00e7im haline getirerek, \u00e7ok say\u0131da end\u00fcstriyel ortamda benzersiz bir performans vaat ediyor.<\/p>\n<h4>Bize Ula\u015f\u0131n:<\/h4>\n<p><a href=\"https:\/\/www.nuoxutech.com\/2bv-monoblock-liquid-ring-vacuum-pump\/\">2BV <\/a>Monoblok serisi su halkal\u0131 vakum pompas\u0131 hakk\u0131nda daha fazla bilgi edinmek veya kapsaml\u0131 end\u00fcstriyel \u00e7\u00f6z\u00fcm yelpazemizi ke\u015ffetmek i\u00e7in l\u00fctfen web sitemizi ziyaret edin veya do\u011frudan uzman ekibimize ula\u015f\u0131n. End\u00fcstriyel gereksinimleriniz i\u00e7in m\u00fckemmel \u00e7\u00f6z\u00fcm\u00fc tasarlamak \u00fczere i\u015f birli\u011fi yapal\u0131m.<\/p>\n<div dir=\"auto\"><strong>Posta:<span style=\"color: #3366ff;\"><a style=\"color: #3366ff;\" href=\"mailto:contact@nuoxutech.com\">contact@nuoxutech.com<\/a><\/span><\/strong><\/div>\n<div dir=\"auto\"><strong>WhatsApp: <span style=\"color: #3366ff;\"><a style=\"color: #3366ff;\" href=\"https:\/\/wa.me\/message\/Z6LWLVZDXHWFD1\" rel=\"nofollow noopener\" target=\"_blank\">+86 13849062209<\/a><\/span><\/strong><\/div>\n<div dir=\"auto\"><strong>Ekibimiz size profesyonel hizmet ve destek sa\u011flamak i\u00e7in haz\u0131r.<\/strong><\/div>\n","protected":false},"excerpt":{"rendered":"<p>NuoxuTech&#8217;in 2BV Monblock s\u0131v\u0131 halka vakum pompas\u0131n\u0131n \u00fcst\u00fcn performans\u0131n\u0131 ve \u00e7ok y\u00f6nl\u00fcl\u00fc\u011f\u00fcn\u00fc ke\u015ffedin. Verimlilik ve g\u00fcvenilirlik i\u00e7in tasarlanan bu pompa, su \u00e7\u0131karma, plastik kal\u0131plama, hastane sterilizasyonu ve daha fazlas\u0131 dahil olmak \u00fczere \u00e7ok \u00e7e\u015fitli end\u00fcstriyel uygulamalar i\u00e7in idealdir. Do\u011frudan ba\u011fl\u0131 tasar\u0131m, kavitasyon korumas\u0131 ve dayan\u0131kl\u0131 yap\u0131 gibi geli\u015fmi\u015f \u00f6zellikleriyle 2BV Monoblock pompas\u0131, zorlu ortamlarda ola\u011fan\u00fcst\u00fc sonu\u00e7lar sunar. NuoxuTech ile bug\u00fcn vakum teknolojisinin gelece\u011fini ke\u015ffedin.<\/p>\n","protected":false},"featured_media":12296,"template":"","meta":{"_acf_changed":false,"site-sidebar-layout":"default","site-content-layout":"","ast-site-content-layout":"default","site-content-style":"default","site-sidebar-style":"default","ast-global-header-display":"","ast-banner-title-visibility":"","ast-main-header-display":"","ast-hfb-above-header-display":"","ast-hfb-below-header-display":"","ast-hfb-mobile-header-display":"","site-post-title":"","ast-breadcrumbs-content":"","ast-featured-img":"","footer-sml-layout":"","ast-disable-related-posts":"","theme-transparent-header-meta":"default","adv-header-id-meta":"","stick-header-meta":"default","header-above-stick-meta":"","header-main-stick-meta":"","header-below-stick-meta":"","astra-migrate-meta-layouts":"set","ast-page-background-enabled":"default","ast-page-background-meta":{"desktop":{"background-color":"","background-image":"","background-repeat":"repeat","background-position":"center center","background-size":"auto","background-attachment":"scroll","background-type":"","background-media":"","overlay-type":"","overlay-color":"","overlay-opacity":"","overlay-gradient":""},"tablet":{"background-color":"","background-image":"","background-repeat":"repeat","background-position":"center center","background-size":"auto","background-attachment":"scroll","background-type":"","background-media":"","overlay-type":"","overlay-color":"","overlay-opacity":"","overlay-gradient":""},"mobile":{"background-color":"","background-image":"","background-repeat":"repeat","background-position":"center center","background-size":"auto","background-attachment":"scroll","background-type":"","background-media":"","overlay-type":"","overlay-color":"","overlay-opacity":"","overlay-gradient":""}},"ast-content-background-meta":{"desktop":{"background-color":"var(--ast-global-color-5)","background-image":"","background-repeat":"repeat","background-position":"center center","background-size":"auto","background-attachment":"scroll","background-type":"","background-media":"","overlay-type":"","overlay-color":"","overlay-opacity":"","overlay-gradient":""},"tablet":{"background-color":"var(--ast-global-color-5)","background-image":"","background-repeat":"repeat","background-position":"center center","background-size":"auto","background-attachment":"scroll","background-type":"","background-media":"","overlay-type":"","overlay-color":"","overlay-opacity":"","overlay-gradient":""},"mobile":{"background-color":"var(--ast-global-color-5)","background-image":"","background-repeat":"repeat","background-position":"center center","background-size":"auto","background-attachment":"scroll","background-type":"","background-media":"","overlay-type":"","overlay-color":"","overlay-opacity":"","overlay-gradient":""}}},"product_brand":[],"product_cat":[159],"product_tag":[199],"class_list":{"0":"post-9698","1":"product","2":"type-product","3":"status-publish","4":"has-post-thumbnail","6":"product_cat-liquid-ring-vacuum-pumps-tr","7":"product_tag-2bv-tr","8":"desktop-align-left","9":"tablet-align-left","10":"mobile-align-left","11":"ast-product-gallery-layout-horizontal","12":"ast-magnify-disabled","14":"first","15":"instock","16":"shipping-taxable","17":"product-type-simple"},"acf":[],"_links":{"self":[{"href":"https:\/\/www.nuoxutech.com\/tr\/wp-json\/wp\/v2\/product\/9698","targetHints":{"allow":["GET"]}}],"collection":[{"href":"https:\/\/www.nuoxutech.com\/tr\/wp-json\/wp\/v2\/product"}],"about":[{"href":"https:\/\/www.nuoxutech.com\/tr\/wp-json\/wp\/v2\/types\/product"}],"version-history":[{"count":2,"href":"https:\/\/www.nuoxutech.com\/tr\/wp-json\/wp\/v2\/product\/9698\/revisions"}],"predecessor-version":[{"id":9700,"href":"https:\/\/www.nuoxutech.com\/tr\/wp-json\/wp\/v2\/product\/9698\/revisions\/9700"}],"wp:featuredmedia":[{"embeddable":true,"href":"https:\/\/www.nuoxutech.com\/tr\/wp-json\/wp\/v2\/media\/12296"}],"wp:attachment":[{"href":"https:\/\/www.nuoxutech.com\/tr\/wp-json\/wp\/v2\/media?parent=9698"}],"wp:term":[{"taxonomy":"product_brand","embeddable":true,"href":"https:\/\/www.nuoxutech.com\/tr\/wp-json\/wp\/v2\/product_brand?post=9698"},{"taxonomy":"product_cat","embeddable":true,"href":"https:\/\/www.nuoxutech.com\/tr\/wp-json\/wp\/v2\/product_cat?post=9698"},{"taxonomy":"product_tag","embeddable":true,"href":"https:\/\/www.nuoxutech.com\/tr\/wp-json\/wp\/v2\/product_tag?post=9698"}],"curies":[{"name":"wp","href":"https:\/\/api.w.org\/{rel}","templated":true}]}}