{"id":9701,"date":"2024-03-26T11:39:53","date_gmt":"2024-03-26T03:39:53","guid":{"rendered":"https:\/\/www.nuoxutech.com\/2sk-iki-kademeli-sivi-halkali-vakum-pompasi\/"},"modified":"2025-04-18T15:03:34","modified_gmt":"2025-04-18T07:03:34","slug":"2sk-two-stage-liquid-ring-vacuum-pump","status":"publish","type":"product","link":"https:\/\/www.nuoxutech.com\/tr\/2sk-two-stage-liquid-ring-vacuum-pump\/","title":{"rendered":"2SK \u0130ki kademeli s\u0131v\u0131 halkal\u0131 vakum pompas\u0131"},"content":{"rendered":"<h3><strong>2SK \u0130ki kademeli s\u0131v\u0131 halkal\u0131 vakum pompas\u0131<\/strong><\/h3>\n<p>S\u0131v\u0131 halkal\u0131 vakum pompas\u0131, d\u00f6nen pozitif deplasmanl\u0131 bir pompad\u0131r. Genellikle vakum pompas\u0131 olarak kullan\u0131l\u0131rlar, ancak gaz kompres\u00f6r\u00fc olarak da kullan\u0131labilirler. S\u0131v\u0131 halkal\u0131 pompan\u0131n i\u015flevi, d\u00f6ner kanatl\u0131 pompaya benzer, fark, kanatlar\u0131n rotorun ayr\u0131lmaz bir par\u00e7as\u0131 olmas\u0131 ve s\u0131k\u0131\u015ft\u0131rma odas\u0131 contas\u0131n\u0131 olu\u015fturmak i\u00e7in d\u00f6nen bir s\u0131v\u0131 halkas\u0131n\u0131 d\u00f6nd\u00fcrmesidir. Rotorun tek hareketli par\u00e7a oldu\u011fu, do\u011fas\u0131 gere\u011fi d\u00fc\u015f\u00fck s\u00fcrt\u00fcnmeli bir tasar\u0131ma sahiptirler. Kayan s\u00fcrt\u00fcnme, \u015faft contalar\u0131yla s\u0131n\u0131rl\u0131d\u0131r. S\u0131v\u0131 halkal\u0131 pompalar genellikle bir end\u00fcksiyon motoruyla \u00e7al\u0131\u015ft\u0131r\u0131l\u0131r.<\/p>\n<p><img fetchpriority=\"high\" decoding=\"async\" class=\"alignnone wp-image-6885 size-medium\" src=\"https:\/\/www.nuoxutech.com\/wp-content\/uploads\/2024\/03\/new2sk2-300x300.jpg\" alt=\"2SK \u0130ki kademeli s\u0131v\u0131 halkal\u0131 vakum pompas\u0131\" width=\"300\" height=\"300\" title=\"\" srcset=\"https:\/\/www.nuoxutech.com\/wp-content\/uploads\/2024\/03\/new2sk2-300x300.jpg 300w, https:\/\/www.nuoxutech.com\/wp-content\/uploads\/2024\/03\/new2sk2-150x150.jpg 150w, https:\/\/www.nuoxutech.com\/wp-content\/uploads\/2024\/03\/new2sk2-768x768.jpg 768w, https:\/\/www.nuoxutech.com\/wp-content\/uploads\/2024\/03\/new2sk2-512x512.jpg 512w, https:\/\/www.nuoxutech.com\/wp-content\/uploads\/2024\/03\/new2sk2-100x100.jpg 100w, https:\/\/www.nuoxutech.com\/wp-content\/uploads\/2024\/03\/new2sk2.jpg 800w\" sizes=\"(max-width: 300px) 100vw, 300px\" \/><\/p>\n<h3>Tipik Uygulamalar:<\/h3>\n<p>\u0130plik, G\u0131da ve Metalurji end\u00fcstrisi, Kimya end\u00fcstrisi ve di\u011fer end\u00fcstrilerde vakum buharla\u015ft\u0131rma, vakum yo\u011funla\u015ft\u0131rma, vakum yeniden canland\u0131rma, vakum kurutma ve vakum eritme.<\/p>\n<p><img decoding=\"async\" class=\"alignnone wp-image-6514 size-medium\" src=\"https:\/\/www.nuoxutech.com\/wp-content\/uploads\/2024\/04\/Roots-Liquid-Ring-Vacuum-Pump-System1-300x300.jpg\" alt=\"2SK \u0130ki kademeli s\u0131v\u0131 halkal\u0131 vakum pompas\u0131\" width=\"300\" height=\"300\" title=\"\" srcset=\"https:\/\/www.nuoxutech.com\/wp-content\/uploads\/2024\/04\/Roots-Liquid-Ring-Vacuum-Pump-System1-300x300.jpg 300w, https:\/\/www.nuoxutech.com\/wp-content\/uploads\/2024\/04\/Roots-Liquid-Ring-Vacuum-Pump-System1-150x150.jpg 150w, https:\/\/www.nuoxutech.com\/wp-content\/uploads\/2024\/04\/Roots-Liquid-Ring-Vacuum-Pump-System1-768x768.jpg 768w, https:\/\/www.nuoxutech.com\/wp-content\/uploads\/2024\/04\/Roots-Liquid-Ring-Vacuum-Pump-System1-512x512.jpg 512w, https:\/\/www.nuoxutech.com\/wp-content\/uploads\/2024\/04\/Roots-Liquid-Ring-Vacuum-Pump-System1-100x100.jpg 100w, https:\/\/www.nuoxutech.com\/wp-content\/uploads\/2024\/04\/Roots-Liquid-Ring-Vacuum-Pump-System1.jpg 800w\" sizes=\"(max-width: 300px) 100vw, 300px\" \/><\/p>\n<h4>Bize Ula\u015f\u0131n:<\/h4>\n<p><a href=\"https:\/\/www.nuoxutech.com\/tr\/liquid-ring-vacuum-pumps-tr\/\">2sk <\/a>ile ilgili daha fazla bilgi edinmek veya kapsaml\u0131 end\u00fcstriyel \u00e7\u00f6z\u00fcm yelpazemizi ke\u015ffetmek i\u00e7in l\u00fctfen web sitemizi ziyaret edin veya do\u011frudan uzman ekibimize ula\u015f\u0131n. End\u00fcstriyel gereksinimleriniz i\u00e7in m\u00fckemmel \u00e7\u00f6z\u00fcm\u00fc tasarlamak \u00fczere i\u015f birli\u011fi yapal\u0131m.<\/p>\n<div dir=\"auto\"><strong>Posta:<span style=\"color: #0000ff;\"><a style=\"color: #0000ff;\" href=\"mailto:contact@nuoxutech.com\">contact@nuoxutech.com<\/a><\/span><\/strong><\/div>\n<div dir=\"auto\"><strong>WhatsApp: <span style=\"color: #0000ff;\"><a style=\"color: #0000ff;\" href=\"https:\/\/wa.me\/message\/Z6LWLVZDXHWFD1\" rel=\"nofollow noopener\" target=\"_blank\">+86 13849062209<\/a><\/span><\/strong><\/div>\n<div dir=\"auto\"><strong>Ekibimiz size profesyonel hizmet ve destek sa\u011flamak i\u00e7in haz\u0131r.<\/strong><\/div>\n","protected":false},"excerpt":{"rendered":"<p>2sk kimyasal s\u0131v\u0131 halkal\u0131 vakum pompas\u0131 basit bir yap\u0131ya sahiptir, y\u00fcksek \u00fcretim hassasiyeti gerektirmez ve i\u015flenmesi kolayd\u0131r. Su halkal\u0131 pompalar\u0131n tasar\u0131m\u0131nda, s\u0131v\u0131 halkal\u0131 vakum pompam\u0131z fiyat a\u00e7\u0131s\u0131ndan rekabet avantaj\u0131na sahiptir.<\/p>\n","protected":false},"featured_media":12317,"template":"","meta":{"_acf_changed":false,"site-sidebar-layout":"default","site-content-layout":"","ast-site-content-layout":"default","site-content-style":"default","site-sidebar-style":"default","ast-global-header-display":"","ast-banner-title-visibility":"","ast-main-header-display":"","ast-hfb-above-header-display":"","ast-hfb-below-header-display":"","ast-hfb-mobile-header-display":"","site-post-title":"","ast-breadcrumbs-content":"","ast-featured-img":"","footer-sml-layout":"","ast-disable-related-posts":"","theme-transparent-header-meta":"default","adv-header-id-meta":"","stick-header-meta":"default","header-above-stick-meta":"","header-main-stick-meta":"","header-below-stick-meta":"","astra-migrate-meta-layouts":"set","ast-page-background-enabled":"default","ast-page-background-meta":{"desktop":{"background-color":"","background-image":"","background-repeat":"repeat","background-position":"center center","background-size":"auto","background-attachment":"scroll","background-type":"","background-media":"","overlay-type":"","overlay-color":"","overlay-opacity":"","overlay-gradient":""},"tablet":{"background-color":"","background-image":"","background-repeat":"repeat","background-position":"center center","background-size":"auto","background-attachment":"scroll","background-type":"","background-media":"","overlay-type":"","overlay-color":"","overlay-opacity":"","overlay-gradient":""},"mobile":{"background-color":"","background-image":"","background-repeat":"repeat","background-position":"center center","background-size":"auto","background-attachment":"scroll","background-type":"","background-media":"","overlay-type":"","overlay-color":"","overlay-opacity":"","overlay-gradient":""}},"ast-content-background-meta":{"desktop":{"background-color":"var(--ast-global-color-5)","background-image":"","background-repeat":"repeat","background-position":"center center","background-size":"auto","background-attachment":"scroll","background-type":"","background-media":"","overlay-type":"","overlay-color":"","overlay-opacity":"","overlay-gradient":""},"tablet":{"background-color":"var(--ast-global-color-5)","background-image":"","background-repeat":"repeat","background-position":"center center","background-size":"auto","background-attachment":"scroll","background-type":"","background-media":"","overlay-type":"","overlay-color":"","overlay-opacity":"","overlay-gradient":""},"mobile":{"background-color":"var(--ast-global-color-5)","background-image":"","background-repeat":"repeat","background-position":"center center","background-size":"auto","background-attachment":"scroll","background-type":"","background-media":"","overlay-type":"","overlay-color":"","overlay-opacity":"","overlay-gradient":""}}},"product_brand":[],"product_cat":[159],"product_tag":[],"class_list":{"0":"post-9701","1":"product","2":"type-product","3":"status-publish","4":"has-post-thumbnail","6":"product_cat-liquid-ring-vacuum-pumps-tr","7":"desktop-align-left","8":"tablet-align-left","9":"mobile-align-left","10":"ast-product-gallery-layout-horizontal","11":"ast-magnify-disabled","13":"first","14":"instock","15":"shipping-taxable","16":"product-type-simple"},"acf":[],"_links":{"self":[{"href":"https:\/\/www.nuoxutech.com\/tr\/wp-json\/wp\/v2\/product\/9701","targetHints":{"allow":["GET"]}}],"collection":[{"href":"https:\/\/www.nuoxutech.com\/tr\/wp-json\/wp\/v2\/product"}],"about":[{"href":"https:\/\/www.nuoxutech.com\/tr\/wp-json\/wp\/v2\/types\/product"}],"version-history":[{"count":2,"href":"https:\/\/www.nuoxutech.com\/tr\/wp-json\/wp\/v2\/product\/9701\/revisions"}],"predecessor-version":[{"id":9703,"href":"https:\/\/www.nuoxutech.com\/tr\/wp-json\/wp\/v2\/product\/9701\/revisions\/9703"}],"wp:featuredmedia":[{"embeddable":true,"href":"https:\/\/www.nuoxutech.com\/tr\/wp-json\/wp\/v2\/media\/12317"}],"wp:attachment":[{"href":"https:\/\/www.nuoxutech.com\/tr\/wp-json\/wp\/v2\/media?parent=9701"}],"wp:term":[{"taxonomy":"product_brand","embeddable":true,"href":"https:\/\/www.nuoxutech.com\/tr\/wp-json\/wp\/v2\/product_brand?post=9701"},{"taxonomy":"product_cat","embeddable":true,"href":"https:\/\/www.nuoxutech.com\/tr\/wp-json\/wp\/v2\/product_cat?post=9701"},{"taxonomy":"product_tag","embeddable":true,"href":"https:\/\/www.nuoxutech.com\/tr\/wp-json\/wp\/v2\/product_tag?post=9701"}],"curies":[{"name":"wp","href":"https:\/\/api.w.org\/{rel}","templated":true}]}}