{"id":9708,"date":"2024-03-29T19:33:33","date_gmt":"2024-03-29T11:33:33","guid":{"rendered":"https:\/\/www.nuoxutech.com\/sv-doner-kanatli-vakum-pompasi\/"},"modified":"2025-04-21T11:19:16","modified_gmt":"2025-04-21T03:19:16","slug":"sv-rotary-vane-vacuum-pump","status":"publish","type":"product","link":"https:\/\/www.nuoxutech.com\/tr\/sv-rotary-vane-vacuum-pump\/","title":{"rendered":"SV d\u00f6ner kanatl\u0131 vakum pompas\u0131"},"content":{"rendered":"<h3>SV d\u00f6ner kanatl\u0131 vakum pompas\u0131<\/h3>\n<p>SV d\u00f6ner kanatl\u0131 vakum pompalar\u0131, vakum m\u00fchendisli\u011finde uzun y\u0131llara dayanan deneyim ve hem end\u00fcstrinin hem de \u00e7evrenin gereksinimlerini kar\u015f\u0131lamak i\u00e7in geli\u015ftirilen en son uluslararas\u0131 vakum teknolojisini bir araya getiriyor. Vakum m\u00fchendisli\u011finin t\u00fcm alanlar\u0131nda kullan\u0131l\u0131yorlar. Hem end\u00fcstriyel \u00fcretim hem de ara\u015ft\u0131rma uygulamalar\u0131 i\u00e7in e\u015fit derecede uygundurlar. Kaba ve orta vakum olu\u015fturmak i\u00e7in veya Roots pompalar\u0131 veya y\u00fcksek vakum pompalar\u0131yla pompa kombinasyonlar\u0131nda destek pompalar\u0131 olarak kullan\u0131labilirler. Kapsaml\u0131 \u00fcr\u00fcn yelpazesi (8 ila 750 m 3 \/ saat aras\u0131nda de\u011fi\u015fen pompalama kapasitesi), her m\u00fc\u015fterinin kendi \u00f6zel ihtiya\u00e7lar\u0131 i\u00e7in do\u011fru pompay\u0131 se\u00e7mesini sa\u011flar.<\/p>\n<p><strong><a href=\"https:\/\/www.nuoxutech.com\/wp-content\/uploads\/2024\/06\/sv630small.jpg\"><img fetchpriority=\"high\" decoding=\"async\" class=\"wp-image-7480 size-medium aligncenter\" src=\"https:\/\/www.nuoxutech.com\/wp-content\/uploads\/2024\/06\/sv630small-300x225.jpg\" alt=\"SV d\u00f6ner kanatl\u0131 vakum pompas\u0131\" width=\"300\" height=\"225\" title=\"\" srcset=\"https:\/\/www.nuoxutech.com\/wp-content\/uploads\/2024\/06\/sv630small-300x225.jpg 300w, https:\/\/www.nuoxutech.com\/wp-content\/uploads\/2024\/06\/sv630small-1024x768.jpg 1024w, https:\/\/www.nuoxutech.com\/wp-content\/uploads\/2024\/06\/sv630small-768x576.jpg 768w, https:\/\/www.nuoxutech.com\/wp-content\/uploads\/2024\/06\/sv630small-1536x1152.jpg 1536w, https:\/\/www.nuoxutech.com\/wp-content\/uploads\/2024\/06\/sv630small-512x384.jpg 512w, https:\/\/www.nuoxutech.com\/wp-content\/uploads\/2024\/06\/sv630small.jpg 1667w\" sizes=\"(max-width: 300px) 100vw, 300px\" \/><\/a>Avantajlar\u0131<\/strong>:<\/p>\n<ul>\n<li>\u00c7evre dostu temiz egzoz; kirlilik yok; ya\u011f buhar\u0131 ile donat\u0131lm\u0131\u015f<\/li>\n<li>Motor ve pompa koaksiyel direkt tahrikli; kompakt ve<\/li>\n<li>Verimli Hava So\u011futma (standart), montaj\u0131 kolay, bak\u0131m\u0131 kolay.<\/li>\n<li>Vakum ya\u011f\u0131n\u0131n geri d\u00f6nmesini \u00f6nlemek i\u00e7in kontrol valfli giri\u015f<\/li>\n<li>\u00c7oklu d\u00f6ner kanatl\u0131 tasar\u0131m; verimli ve enerji tasarruflu<\/li>\n<li>K\u00fc\u00e7\u00fck titre\u015fim, d\u00fc\u015f\u00fck g\u00fcr\u00fclt\u00fc, yatay d\u00fczlemde \u00e7al\u0131\u015fma<\/li>\n<li>Atmosferik bas\u0131n\u00e7tan nihai bas\u0131nca kadar t\u00fcm bas\u0131n\u00e7 aral\u0131klar\u0131nda s\u00fcrekli \u00e7al\u0131\u015fma<\/li>\n<\/ul>\n<h3><a href=\"https:\/\/www.nuoxutech.com\/sv-rotary-vane-vacuum-pump\/\"><img decoding=\"async\" class=\"wp-image-6304 aligncenter\" src=\"https:\/\/www.nuoxutech.com\/wp-content\/uploads\/2024\/06\/SV3001-250x300.jpg\" alt=\"SV D\u00f6ner Kanatl\u0131 Vakum Pompalar\u0131\" width=\"306\" height=\"367\" title=\"\" srcset=\"https:\/\/www.nuoxutech.com\/wp-content\/uploads\/2024\/06\/SV3001-250x300.jpg 250w, https:\/\/www.nuoxutech.com\/wp-content\/uploads\/2024\/06\/SV3001-300x360.jpg 300w, https:\/\/www.nuoxutech.com\/wp-content\/uploads\/2024\/06\/SV3001-512x615.jpg 512w, https:\/\/www.nuoxutech.com\/wp-content\/uploads\/2024\/06\/SV3001.jpg 728w\" sizes=\"(max-width: 306px) 100vw, 306px\" \/><\/a><\/h3>\n<div dir=\"auto\">SV D\u00f6ner Kanatl\u0131 Vakum Pompas\u0131 hakk\u0131nda daha fazla bilgi i\u00e7in bizimle ileti\u015fime ge\u00e7in<\/div>\n<div dir=\"auto\"><strong>Posta:<span style=\"color: #3366ff;\"><a style=\"color: #3366ff;\" href=\"mailto:contact@nuoxutech.com\">contact@nuoxutech.com<\/a><\/span><\/strong><\/div>\n<div dir=\"auto\"><strong>WhatsApp: <a href=\"https:\/\/wa.me\/message\/Z6LWLVZDXHWFD1\" rel=\"nofollow noopener\" target=\"_blank\"><span style=\"color: #3366ff;\">+86 13849062209<\/span><\/a><\/strong><\/div>\n<div dir=\"auto\"><strong>Ekibimiz size profesyonel hizmet ve destek sa\u011flamak i\u00e7in haz\u0131r.<\/strong><\/div>\n<div class=\"notranslate\" style=\"all: initial;\"><\/div>\n","protected":false},"excerpt":{"rendered":"<p>SV d\u00f6ner kanatl\u0131 vakum pompas\u0131 vakum paketleme, malzeme kurutma, konsantrasyon, dam\u0131tma end\u00fcstrisi, vakum kaplama, vakum y\u00fckleme, vakum \u015fekillendirme ve di\u011fer alanlarda yayg\u0131n olarak kullan\u0131lmaktad\u0131r.<\/p>\n","protected":false},"featured_media":7915,"template":"","meta":{"_acf_changed":false,"site-sidebar-layout":"default","site-content-layout":"","ast-site-content-layout":"default","site-content-style":"default","site-sidebar-style":"default","ast-global-header-display":"","ast-banner-title-visibility":"","ast-main-header-display":"","ast-hfb-above-header-display":"","ast-hfb-below-header-display":"","ast-hfb-mobile-header-display":"","site-post-title":"","ast-breadcrumbs-content":"","ast-featured-img":"","footer-sml-layout":"","ast-disable-related-posts":"","theme-transparent-header-meta":"default","adv-header-id-meta":"","stick-header-meta":"default","header-above-stick-meta":"","header-main-stick-meta":"","header-below-stick-meta":"","astra-migrate-meta-layouts":"set","ast-page-background-enabled":"default","ast-page-background-meta":{"desktop":{"background-color":"","background-image":"","background-repeat":"repeat","background-position":"center center","background-size":"auto","background-attachment":"scroll","background-type":"","background-media":"","overlay-type":"","overlay-color":"","overlay-opacity":"","overlay-gradient":""},"tablet":{"background-color":"","background-image":"","background-repeat":"repeat","background-position":"center center","background-size":"auto","background-attachment":"scroll","background-type":"","background-media":"","overlay-type":"","overlay-color":"","overlay-opacity":"","overlay-gradient":""},"mobile":{"background-color":"","background-image":"","background-repeat":"repeat","background-position":"center center","background-size":"auto","background-attachment":"scroll","background-type":"","background-media":"","overlay-type":"","overlay-color":"","overlay-opacity":"","overlay-gradient":""}},"ast-content-background-meta":{"desktop":{"background-color":"var(--ast-global-color-5)","background-image":"","background-repeat":"repeat","background-position":"center center","background-size":"auto","background-attachment":"scroll","background-type":"","background-media":"","overlay-type":"","overlay-color":"","overlay-opacity":"","overlay-gradient":""},"tablet":{"background-color":"var(--ast-global-color-5)","background-image":"","background-repeat":"repeat","background-position":"center center","background-size":"auto","background-attachment":"scroll","background-type":"","background-media":"","overlay-type":"","overlay-color":"","overlay-opacity":"","overlay-gradient":""},"mobile":{"background-color":"var(--ast-global-color-5)","background-image":"","background-repeat":"repeat","background-position":"center center","background-size":"auto","background-attachment":"scroll","background-type":"","background-media":"","overlay-type":"","overlay-color":"","overlay-opacity":"","overlay-gradient":""}}},"product_brand":[],"product_cat":[226],"product_tag":[],"class_list":{"0":"post-9708","1":"product","2":"type-product","3":"status-publish","4":"has-post-thumbnail","6":"product_cat-oil-sealed-rotary-vane-vacuum-pumps-tr","7":"desktop-align-left","8":"tablet-align-left","9":"mobile-align-left","10":"ast-product-gallery-layout-horizontal","11":"ast-magnify-disabled","13":"first","14":"instock","15":"featured","16":"shipping-taxable","17":"product-type-simple"},"acf":[],"_links":{"self":[{"href":"https:\/\/www.nuoxutech.com\/tr\/wp-json\/wp\/v2\/product\/9708","targetHints":{"allow":["GET"]}}],"collection":[{"href":"https:\/\/www.nuoxutech.com\/tr\/wp-json\/wp\/v2\/product"}],"about":[{"href":"https:\/\/www.nuoxutech.com\/tr\/wp-json\/wp\/v2\/types\/product"}],"version-history":[{"count":2,"href":"https:\/\/www.nuoxutech.com\/tr\/wp-json\/wp\/v2\/product\/9708\/revisions"}],"predecessor-version":[{"id":9710,"href":"https:\/\/www.nuoxutech.com\/tr\/wp-json\/wp\/v2\/product\/9708\/revisions\/9710"}],"wp:featuredmedia":[{"embeddable":true,"href":"https:\/\/www.nuoxutech.com\/tr\/wp-json\/wp\/v2\/media\/7915"}],"wp:attachment":[{"href":"https:\/\/www.nuoxutech.com\/tr\/wp-json\/wp\/v2\/media?parent=9708"}],"wp:term":[{"taxonomy":"product_brand","embeddable":true,"href":"https:\/\/www.nuoxutech.com\/tr\/wp-json\/wp\/v2\/product_brand?post=9708"},{"taxonomy":"product_cat","embeddable":true,"href":"https:\/\/www.nuoxutech.com\/tr\/wp-json\/wp\/v2\/product_cat?post=9708"},{"taxonomy":"product_tag","embeddable":true,"href":"https:\/\/www.nuoxutech.com\/tr\/wp-json\/wp\/v2\/product_tag?post=9708"}],"curies":[{"name":"wp","href":"https:\/\/api.w.org\/{rel}","templated":true}]}}