{"id":9711,"date":"2024-03-29T19:37:08","date_gmt":"2024-03-29T11:37:08","guid":{"rendered":"https:\/\/www.nuoxutech.com\/2xz-c-iki-kademeli-doner-kanatli-vakum-pompasi\/"},"modified":"2025-04-21T11:38:52","modified_gmt":"2025-04-21T03:38:52","slug":"2xz-c-two-stage-rotary-vane-vacuum-pump","status":"publish","type":"product","link":"https:\/\/www.nuoxutech.com\/tr\/2xz-c-two-stage-rotary-vane-vacuum-pump\/","title":{"rendered":"2XZ-C \u0130ki kademeli d\u00f6ner kanatl\u0131 vakum pompas\u0131"},"content":{"rendered":"<h2>2XZ-C \u0130ki kademeli d\u00f6ner kanatl\u0131 vakum pompas\u0131<\/h2>\n<p><a href=\"https:\/\/www.nuoxutech.com\/wp-content\/uploads\/2024\/07\/2XZ-8C-.jpg\"><img fetchpriority=\"high\" decoding=\"async\" class=\"alignnone wp-image-7585 size-medium\" src=\"https:\/\/www.nuoxutech.com\/wp-content\/uploads\/2024\/07\/2XZ-8C--226x300.jpg\" alt=\"2XZ-C \u0130ki kademeli d\u00f6ner kanatl\u0131 vakum pompas\u0131\" width=\"226\" height=\"300\" title=\"\" srcset=\"https:\/\/www.nuoxutech.com\/wp-content\/uploads\/2024\/07\/2XZ-8C--226x300.jpg 226w, https:\/\/www.nuoxutech.com\/wp-content\/uploads\/2024\/07\/2XZ-8C--772x1024.jpg 772w, https:\/\/www.nuoxutech.com\/wp-content\/uploads\/2024\/07\/2XZ-8C--768x1018.jpg 768w, https:\/\/www.nuoxutech.com\/wp-content\/uploads\/2024\/07\/2XZ-8C--300x398.jpg 300w, https:\/\/www.nuoxutech.com\/wp-content\/uploads\/2024\/07\/2XZ-8C--512x679.jpg 512w, https:\/\/www.nuoxutech.com\/wp-content\/uploads\/2024\/07\/2XZ-8C-.jpg 1080w\" sizes=\"(max-width: 226px) 100vw, 226px\" \/><\/a><\/p>\n<h3><strong>Avantajlar\u0131<\/strong>:<\/h3>\n<p>Bir miktar su buhar\u0131 pompalamak i\u00e7in gaz balast vanas\u0131 ile donat\u0131lm\u0131\u015ft\u0131r.<\/p>\n<p>Zorunlu ya\u011f giri\u015f pompas\u0131 ile donat\u0131lm\u0131\u015f, \u00e7ok ya\u011flay\u0131c\u0131, stabil i\u015flev.<\/p>\n<p>Ya\u011f geri emilim \u00f6nleyici cihazla donat\u0131lm\u0131\u015ft\u0131r.<\/p>\n<p>K\u00fc\u00e7\u00fck hacim, d\u00fc\u015f\u00fck a\u011f\u0131rl\u0131k ve d\u00fc\u015f\u00fck g\u00fcr\u00fclt\u00fc.<\/p>\n<p>Y\u00fcksek nihai vakum<\/p>\n<p>Giri\u015f bas\u0131nc\u0131n\u0131 1.33X103Pa&#8217;da tutarak s\u00fcrekli olarak \u00e7al\u0131\u015fabilmektedir.<\/p>\n<p>Ya\u011f s\u0131z\u0131nt\u0131s\u0131 yok, p\u00fcsk\u00fcrtme yok, kirlilik yok. 2XZ-6C,8C,15C,25C egzozu ya\u011f sisi toplay\u0131c\u0131 ile birle\u015ftirilmi\u015ftir.<\/p>\n<p><img decoding=\"async\" class=\"alignnone wp-image-6401 size-medium\" src=\"https:\/\/www.nuoxutech.com\/wp-content\/uploads\/2024\/03\/2xztest-300x188.jpg\" alt=\"2XZ-C \u0130ki kademeli d\u00f6ner kanatl\u0131 vakum pompas\u0131\" width=\"300\" height=\"188\" title=\"\" srcset=\"https:\/\/www.nuoxutech.com\/wp-content\/uploads\/2024\/03\/2xztest-300x188.jpg 300w, https:\/\/www.nuoxutech.com\/wp-content\/uploads\/2024\/03\/2xztest-1024x641.jpg 1024w, https:\/\/www.nuoxutech.com\/wp-content\/uploads\/2024\/03\/2xztest-768x481.jpg 768w, https:\/\/www.nuoxutech.com\/wp-content\/uploads\/2024\/03\/2xztest-512x320.jpg 512w, https:\/\/www.nuoxutech.com\/wp-content\/uploads\/2024\/03\/2xztest.jpg 1440w\" sizes=\"(max-width: 300px) 100vw, 300px\" \/><\/p>\n<h3><strong>Ba\u015fvuru<\/strong>:<\/h3>\n<ul>\n<li><strong>Yar\u0131iletken \u00dcretimi<\/strong>: CVD\/PVD ekipman\u0131 \u00f6n vakum sistemleri<\/li>\n<li><strong>G\u00fcne\u015f Pili \u00dcretimi<\/strong>: Silisyum yonga i\u015fleme (mono\/polikristalin)<\/li>\n<li><strong>T\u0131bbi Sterilizasyon<\/strong>: \u0130la\u00e7 ambalajlar\u0131nda EO gaz\u0131n\u0131n giderilmesi<\/li>\n<li><strong>Vakum Kaplama<\/strong>: Optik\/metal kaplama sistemleri<\/li>\n<li><strong>Ara\u015ft\u0131rma Tesisleri<\/strong>: Par\u00e7ac\u0131k h\u0131zland\u0131r\u0131c\u0131 vakum bak\u0131m\u0131<\/li>\n<li><strong>G\u0131da \u0130\u015fleme<\/strong>: MAP (Modifiye Atmosfer Paketleme) sistemleri<\/li>\n<\/ul>\n<div dir=\"auto\"><a href=\"https:\/\/www.nuoxutech.com\/2xz-c-two-stage-rotary-vane-vacuum-pump\/\">2XZ-C \u0130ki kademeli d\u00f6ner kanatl\u0131 vakum pompas\u0131<\/a> hakk\u0131nda daha fazla bilgi i\u00e7in bizimle ileti\u015fime ge\u00e7in<\/div>\n<div dir=\"auto\"><strong>Posta:<span style=\"color: #3366ff;\"><a style=\"color: #3366ff;\" href=\"mailto:contact@nuoxutech.com\">contact@nuoxutech.com<\/a><\/span><\/strong><\/div>\n<div dir=\"auto\"><strong>WhatsApp: <span style=\"color: #3366ff;\"><a style=\"color: #3366ff;\" href=\"https:\/\/wa.me\/message\/Z6LWLVZDXHWFD1\" rel=\"nofollow noopener\" target=\"_blank\">+86 13849062209<\/a><\/span><\/strong><\/div>\n<div dir=\"auto\"><strong>Ekibimiz size profesyonel hizmet ve destek sa\u011flamak i\u00e7in haz\u0131r.<\/strong><\/div>\n","protected":false},"excerpt":{"rendered":"<p>Bu pompa serisi 2XZ tipinde geli\u015ftirilmi\u015ftir. Yabanc\u0131 ileri teknoloji ve deneyimleri benimsiyoruz. Kapal\u0131 kaplardaki su buhar\u0131n\u0131 pompalayarak kaplar\u0131 vakumda yapmak i\u00e7in kullan\u0131l\u0131r. Ayr\u0131ca y\u00fcksek vakum veya s\u00fcper y\u00fcksek vakum sisteminin \u00f6n pompas\u0131 olarak da kullan\u0131labilir.<\/p>\n","protected":false},"featured_media":7927,"template":"","meta":{"_acf_changed":false,"site-sidebar-layout":"default","site-content-layout":"","ast-site-content-layout":"default","site-content-style":"default","site-sidebar-style":"default","ast-global-header-display":"","ast-banner-title-visibility":"","ast-main-header-display":"","ast-hfb-above-header-display":"","ast-hfb-below-header-display":"","ast-hfb-mobile-header-display":"","site-post-title":"","ast-breadcrumbs-content":"","ast-featured-img":"","footer-sml-layout":"","ast-disable-related-posts":"","theme-transparent-header-meta":"default","adv-header-id-meta":"","stick-header-meta":"default","header-above-stick-meta":"","header-main-stick-meta":"","header-below-stick-meta":"","astra-migrate-meta-layouts":"set","ast-page-background-enabled":"default","ast-page-background-meta":{"desktop":{"background-color":"","background-image":"","background-repeat":"repeat","background-position":"center center","background-size":"auto","background-attachment":"scroll","background-type":"","background-media":"","overlay-type":"","overlay-color":"","overlay-opacity":"","overlay-gradient":""},"tablet":{"background-color":"","background-image":"","background-repeat":"repeat","background-position":"center center","background-size":"auto","background-attachment":"scroll","background-type":"","background-media":"","overlay-type":"","overlay-color":"","overlay-opacity":"","overlay-gradient":""},"mobile":{"background-color":"","background-image":"","background-repeat":"repeat","background-position":"center center","background-size":"auto","background-attachment":"scroll","background-type":"","background-media":"","overlay-type":"","overlay-color":"","overlay-opacity":"","overlay-gradient":""}},"ast-content-background-meta":{"desktop":{"background-color":"var(--ast-global-color-5)","background-image":"","background-repeat":"repeat","background-position":"center center","background-size":"auto","background-attachment":"scroll","background-type":"","background-media":"","overlay-type":"","overlay-color":"","overlay-opacity":"","overlay-gradient":""},"tablet":{"background-color":"var(--ast-global-color-5)","background-image":"","background-repeat":"repeat","background-position":"center center","background-size":"auto","background-attachment":"scroll","background-type":"","background-media":"","overlay-type":"","overlay-color":"","overlay-opacity":"","overlay-gradient":""},"mobile":{"background-color":"var(--ast-global-color-5)","background-image":"","background-repeat":"repeat","background-position":"center center","background-size":"auto","background-attachment":"scroll","background-type":"","background-media":"","overlay-type":"","overlay-color":"","overlay-opacity":"","overlay-gradient":""}}},"product_brand":[],"product_cat":[226],"product_tag":[],"class_list":{"0":"post-9711","1":"product","2":"type-product","3":"status-publish","4":"has-post-thumbnail","6":"product_cat-oil-sealed-rotary-vane-vacuum-pumps-tr","7":"desktop-align-left","8":"tablet-align-left","9":"mobile-align-left","10":"ast-product-gallery-layout-horizontal","11":"ast-magnify-disabled","13":"first","14":"instock","15":"shipping-taxable","16":"product-type-simple"},"acf":[],"_links":{"self":[{"href":"https:\/\/www.nuoxutech.com\/tr\/wp-json\/wp\/v2\/product\/9711","targetHints":{"allow":["GET"]}}],"collection":[{"href":"https:\/\/www.nuoxutech.com\/tr\/wp-json\/wp\/v2\/product"}],"about":[{"href":"https:\/\/www.nuoxutech.com\/tr\/wp-json\/wp\/v2\/types\/product"}],"version-history":[{"count":2,"href":"https:\/\/www.nuoxutech.com\/tr\/wp-json\/wp\/v2\/product\/9711\/revisions"}],"predecessor-version":[{"id":9713,"href":"https:\/\/www.nuoxutech.com\/tr\/wp-json\/wp\/v2\/product\/9711\/revisions\/9713"}],"wp:featuredmedia":[{"embeddable":true,"href":"https:\/\/www.nuoxutech.com\/tr\/wp-json\/wp\/v2\/media\/7927"}],"wp:attachment":[{"href":"https:\/\/www.nuoxutech.com\/tr\/wp-json\/wp\/v2\/media?parent=9711"}],"wp:term":[{"taxonomy":"product_brand","embeddable":true,"href":"https:\/\/www.nuoxutech.com\/tr\/wp-json\/wp\/v2\/product_brand?post=9711"},{"taxonomy":"product_cat","embeddable":true,"href":"https:\/\/www.nuoxutech.com\/tr\/wp-json\/wp\/v2\/product_cat?post=9711"},{"taxonomy":"product_tag","embeddable":true,"href":"https:\/\/www.nuoxutech.com\/tr\/wp-json\/wp\/v2\/product_tag?post=9711"}],"curies":[{"name":"wp","href":"https:\/\/api.w.org\/{rel}","templated":true}]}}