{"id":9729,"date":"2024-04-01T15:37:07","date_gmt":"2024-04-01T07:37:07","guid":{"rendered":"https:\/\/www.nuoxutech.com\/zjp-roots-vakum-pompalari\/"},"modified":"2025-04-21T18:37:29","modified_gmt":"2025-04-21T10:37:29","slug":"zjp-roots-vacuum-pumps","status":"publish","type":"product","link":"https:\/\/www.nuoxutech.com\/tr\/zjp-roots-vacuum-pumps\/","title":{"rendered":"ZJP Roots vakum pompas\u0131"},"content":{"rendered":"<div class=\"flex flex-grow flex-col max-w-full\">\n<div class=\"min-h-[20px] text-message flex flex-col items-start gap-3 whitespace-pre-wrap break-words [.text-message+&amp;]:mt-5 overflow-x-auto\" dir=\"auto\" data-message-author-role=\"assistant\" data-message-id=\"92eebc5b-29e4-4d47-9c82-f4296255a5e5\">\n<div class=\"markdown prose w-full break-words dark:prose-invert dark\">\n<h3>Vakum Sisteminizi ZJP Roots Vakum Pompas\u0131 Geli\u015ftirin: Y\u00fcksek Performans \u0130\u00e7in Hassas M\u00fchendislik<\/h3>\n<h4><a href=\"https:\/\/www.nuoxutech.com\/wp-content\/uploads\/2024\/08\/RootsVacuumPump1-.jpg\"><img fetchpriority=\"high\" decoding=\"async\" class=\"alignnone wp-image-7594 size-medium\" src=\"https:\/\/www.nuoxutech.com\/wp-content\/uploads\/2024\/08\/RootsVacuumPump1--300x225.jpg\" alt=\"ZJP Roots vakum pompalar\u0131\" width=\"300\" height=\"225\" title=\"\" srcset=\"https:\/\/www.nuoxutech.com\/wp-content\/uploads\/2024\/08\/RootsVacuumPump1--300x225.jpg 300w, https:\/\/www.nuoxutech.com\/wp-content\/uploads\/2024\/08\/RootsVacuumPump1--1024x768.jpg 1024w, https:\/\/www.nuoxutech.com\/wp-content\/uploads\/2024\/08\/RootsVacuumPump1--768x576.jpg 768w, https:\/\/www.nuoxutech.com\/wp-content\/uploads\/2024\/08\/RootsVacuumPump1--1536x1152.jpg 1536w, https:\/\/www.nuoxutech.com\/wp-content\/uploads\/2024\/08\/RootsVacuumPump1--512x384.jpg 512w, https:\/\/www.nuoxutech.com\/wp-content\/uploads\/2024\/08\/RootsVacuumPump1-.jpg 1706w\" sizes=\"(max-width: 300px) 100vw, 300px\" \/><\/a><\/h4>\n<p style=\"padding-left: 40px;\">Mekanik g\u00fc\u00e7lendirici pompa olarak da bilinen ZJP Roots Vakum Pompas\u0131, 5\u00d710\u207b\u00b2 Pa nihai bas\u0131n\u00e7la 150-2500L\/s pompalama h\u0131z\u0131 sa\u011flar ve orta ila y\u00fcksek vakum seviyelerine ula\u015fmada temel ta\u015f g\u00f6revi g\u00f6r\u00fcr. Roots blower&#8217;a benzer prensiplerle \u00e7al\u0131\u015fan bu pompa, emme ve egzoz i\u015flemlerini kolayla\u015ft\u0131rmak i\u00e7in pompa g\u00f6vdesi i\u00e7inde iki adet sekiz rakaml\u0131 rotorun senkronize d\u00f6n\u00fc\u015f\u00fcn\u00fc kullan\u0131r.<\/p>\n<h4><strong>Avantajlar\u0131:<\/strong><\/h4>\n<ol>\n<li><strong>Azalt\u0131lm\u0131\u015f Titre\u015fim ve G\u00fcr\u00fclt\u00fc ile Kararl\u0131 \u00c7al\u0131\u015fma:<\/strong>\n<ul>\n<li>Minimum titre\u015fim ve d\u00fc\u015f\u00fck g\u00fcr\u00fclt\u00fc seviyeleriyle istikrarl\u0131 performans sa\u011flar, elveri\u015fli bir \u00e7al\u0131\u015fma ortam\u0131 yarat\u0131r.<\/li>\n<\/ul>\n<\/li>\n<li><strong>Enerji Tasarrufu i\u00e7in Verimli G\u00fc\u00e7 T\u00fcketimi:<\/strong>\n<ul>\n<li>Daha az g\u00fc\u00e7 t\u00fcketimi sa\u011flayarak enerji verimlili\u011fine ve maliyet tasarrufuna katk\u0131 sa\u011flar.<\/li>\n<\/ul>\n<\/li>\n<li><strong>H\u0131zl\u0131 Ba\u015flatma ve Nihai Bas\u0131nca Ula\u015fma:<\/strong>\n<ul>\n<li>H\u0131zl\u0131 ba\u015flatma yetene\u011fi sunarak, en y\u00fcksek bas\u0131n\u00e7 seviyelerine h\u0131zla ula\u015farak \u00fcretkenli\u011fi art\u0131r\u0131r.<\/li>\n<\/ul>\n<\/li>\n<li><strong>Temiz \u00c7al\u0131\u015fma \u0130\u00e7in Ya\u011fs\u0131z Pompa Bo\u015flu\u011fu:<\/strong>\n<ul>\n<li>Pompa bo\u015flu\u011funda ya\u011flama ya\u011f\u0131 ihtiyac\u0131n\u0131 ortadan kald\u0131rarak, ya\u011f buhar\u0131 kirlili\u011fini \u00f6nler ve sistem temizli\u011fini korur.<\/li>\n<li>K\u00fc\u00e7\u00fck toz par\u00e7ac\u0131klar\u0131na kar\u015f\u0131 dayan\u0131kl\u0131l\u0131k g\u00f6stererek kesintisiz \u00e7al\u0131\u015fmay\u0131 garanti eder.<\/li>\n<\/ul>\n<\/li>\n<li><strong>Ta\u015fma Vanal\u0131 Otomatik A\u015f\u0131r\u0131 Y\u00fck \u00d6nleme:<\/strong>\n<ul>\n<li>\u0130\u015fletme emniyetini ve g\u00fcvenilirli\u011fini art\u0131ran otomatik a\u015f\u0131r\u0131 y\u00fckleme \u00f6nleyici ta\u015fma valfi ile donat\u0131lm\u0131\u015ft\u0131r.<\/li>\n<\/ul>\n<\/li>\n<\/ol>\n<h4><strong>End\u00fcstriyel Uygulamalar<\/strong><\/h4>\n<ul>\n<li><strong>Vakum Metalurjisi<\/strong>: Hassas d\u00f6k\u00fcm ve gaz giderme sistemleri<\/li>\n<li><strong>Kimyasal \u0130\u015fleme<\/strong>: \u00c7\u00f6z\u00fcc\u00fc geri kazan\u0131m\u0131 ve dam\u0131tma tesisleri<\/li>\n<li><strong>\u0130nce Film Kaplama<\/strong>: PVD\/CVD ekipman destek sistemleri<\/li>\n<li><strong>\u0130la\u00e7<\/strong>: Liyofilizasyon ve vakumlu kurutma<\/li>\n<li><strong>\u00c7evresel Sim\u00fclasyon<\/strong>: Uzay ortam\u0131 test odalar\u0131<\/li>\n<\/ul>\n<p><img decoding=\"async\" class=\"alignnone wp-image-6815 size-medium\" src=\"https:\/\/www.nuoxutech.com\/wp-content\/uploads\/2024\/08\/rootspiston1-300x300.jpg\" alt=\"ZJP Roots vakum pompas\u0131\" width=\"300\" height=\"300\" title=\"\" srcset=\"https:\/\/www.nuoxutech.com\/wp-content\/uploads\/2024\/08\/rootspiston1-300x300.jpg 300w, https:\/\/www.nuoxutech.com\/wp-content\/uploads\/2024\/08\/rootspiston1-150x150.jpg 150w, https:\/\/www.nuoxutech.com\/wp-content\/uploads\/2024\/08\/rootspiston1-768x768.jpg 768w, https:\/\/www.nuoxutech.com\/wp-content\/uploads\/2024\/08\/rootspiston1-512x512.jpg 512w, https:\/\/www.nuoxutech.com\/wp-content\/uploads\/2024\/08\/rootspiston1-100x100.jpg 100w, https:\/\/www.nuoxutech.com\/wp-content\/uploads\/2024\/08\/rootspiston1.jpg 800w\" sizes=\"(max-width: 300px) 100vw, 300px\" \/><\/p>\n<h4><\/h4>\n<p>Vakum sisteminizi verimlilik ve g\u00fcvenilirlik a\u00e7\u0131s\u0131ndan yeni seviyelere ta\u015f\u0131mak i\u00e7in tasarlanan ZJP Serisi Roots Vakum Pompalar\u0131n\u0131n hassas m\u00fchendisli\u011fini ve \u00fcst\u00fcn performans\u0131n\u0131 deneyimleyin.<\/p>\n<div dir=\"auto\"><a href=\"https:\/\/www.nuoxutech.com\/zjp-roots-vacuum-pumps\/\">ZJP Roots Vakum Pompas\u0131 <\/a> hakk\u0131nda daha fazla bilgi i\u00e7in bizimle ileti\u015fime ge\u00e7in<\/div>\n<div dir=\"auto\"><strong>Posta:<span style=\"color: #3366ff;\"><a style=\"color: #3366ff;\" href=\"mailto:contact@nuoxutech.com\">contact@nuoxutech.com<\/a><\/span><\/strong><\/div>\n<div dir=\"auto\"><strong>WhatsApp: <span style=\"color: #3366ff;\"><a style=\"color: #3366ff;\" href=\"https:\/\/wa.me\/message\/Z6LWLVZDXHWFD1\" rel=\"nofollow noopener\" target=\"_blank\">+86 13849062209<\/a><\/span><\/strong><\/div>\n<div dir=\"auto\"><strong>Ekibimiz size profesyonel hizmet ve destek sa\u011flamak i\u00e7in haz\u0131r.<\/strong><\/div>\n<\/div>\n<\/div>\n<\/div>\n","protected":false},"excerpt":{"rendered":"<p>ZJP Roots Vakum Pompalar\u0131, orta ve y\u00fcksek vakum derecesini elde etmek i\u00e7in ana ekipmanlardan biri olan pozitif deplasmanl\u0131 bir pompad\u0131r, mekanik y\u00fckseltici pompa olarak da bilinir. \u00c7al\u0131\u015fma prensibi, pompa g\u00f6vdesinde iki adet 8 rakaml\u0131 rotor senkron d\u00f6n\u00fc\u015f\u00fc kullanan ve b\u00f6ylece emme ve egzoz i\u015flemini tamamlayan roots blower&#8217;a benzer.<\/p>\n","protected":false},"featured_media":8599,"template":"","meta":{"_acf_changed":false,"site-sidebar-layout":"default","site-content-layout":"","ast-site-content-layout":"default","site-content-style":"default","site-sidebar-style":"default","ast-global-header-display":"","ast-banner-title-visibility":"","ast-main-header-display":"","ast-hfb-above-header-display":"","ast-hfb-below-header-display":"","ast-hfb-mobile-header-display":"","site-post-title":"","ast-breadcrumbs-content":"","ast-featured-img":"","footer-sml-layout":"","ast-disable-related-posts":"","theme-transparent-header-meta":"default","adv-header-id-meta":"","stick-header-meta":"default","header-above-stick-meta":"","header-main-stick-meta":"","header-below-stick-meta":"","astra-migrate-meta-layouts":"set","ast-page-background-enabled":"default","ast-page-background-meta":{"desktop":{"background-color":"","background-image":"","background-repeat":"repeat","background-position":"center center","background-size":"auto","background-attachment":"scroll","background-type":"","background-media":"","overlay-type":"","overlay-color":"","overlay-opacity":"","overlay-gradient":""},"tablet":{"background-color":"","background-image":"","background-repeat":"repeat","background-position":"center center","background-size":"auto","background-attachment":"scroll","background-type":"","background-media":"","overlay-type":"","overlay-color":"","overlay-opacity":"","overlay-gradient":""},"mobile":{"background-color":"","background-image":"","background-repeat":"repeat","background-position":"center center","background-size":"auto","background-attachment":"scroll","background-type":"","background-media":"","overlay-type":"","overlay-color":"","overlay-opacity":"","overlay-gradient":""}},"ast-content-background-meta":{"desktop":{"background-color":"var(--ast-global-color-5)","background-image":"","background-repeat":"repeat","background-position":"center center","background-size":"auto","background-attachment":"scroll","background-type":"","background-media":"","overlay-type":"","overlay-color":"","overlay-opacity":"","overlay-gradient":""},"tablet":{"background-color":"var(--ast-global-color-5)","background-image":"","background-repeat":"repeat","background-position":"center center","background-size":"auto","background-attachment":"scroll","background-type":"","background-media":"","overlay-type":"","overlay-color":"","overlay-opacity":"","overlay-gradient":""},"mobile":{"background-color":"var(--ast-global-color-5)","background-image":"","background-repeat":"repeat","background-position":"center center","background-size":"auto","background-attachment":"scroll","background-type":"","background-media":"","overlay-type":"","overlay-color":"","overlay-opacity":"","overlay-gradient":""}}},"product_brand":[],"product_cat":[227],"product_tag":[195],"class_list":{"0":"post-9729","1":"product","2":"type-product","3":"status-publish","4":"has-post-thumbnail","6":"product_cat-roots-vacuum-pump-tr","7":"product_tag-roots-vacuum-pumps-tr","8":"desktop-align-left","9":"tablet-align-left","10":"mobile-align-left","11":"ast-product-gallery-layout-horizontal","12":"ast-magnify-disabled","14":"first","15":"instock","16":"featured","17":"shipping-taxable","18":"product-type-simple"},"acf":[],"_links":{"self":[{"href":"https:\/\/www.nuoxutech.com\/tr\/wp-json\/wp\/v2\/product\/9729","targetHints":{"allow":["GET"]}}],"collection":[{"href":"https:\/\/www.nuoxutech.com\/tr\/wp-json\/wp\/v2\/product"}],"about":[{"href":"https:\/\/www.nuoxutech.com\/tr\/wp-json\/wp\/v2\/types\/product"}],"version-history":[{"count":3,"href":"https:\/\/www.nuoxutech.com\/tr\/wp-json\/wp\/v2\/product\/9729\/revisions"}],"predecessor-version":[{"id":9732,"href":"https:\/\/www.nuoxutech.com\/tr\/wp-json\/wp\/v2\/product\/9729\/revisions\/9732"}],"wp:featuredmedia":[{"embeddable":true,"href":"https:\/\/www.nuoxutech.com\/tr\/wp-json\/wp\/v2\/media\/8599"}],"wp:attachment":[{"href":"https:\/\/www.nuoxutech.com\/tr\/wp-json\/wp\/v2\/media?parent=9729"}],"wp:term":[{"taxonomy":"product_brand","embeddable":true,"href":"https:\/\/www.nuoxutech.com\/tr\/wp-json\/wp\/v2\/product_brand?post=9729"},{"taxonomy":"product_cat","embeddable":true,"href":"https:\/\/www.nuoxutech.com\/tr\/wp-json\/wp\/v2\/product_cat?post=9729"},{"taxonomy":"product_tag","embeddable":true,"href":"https:\/\/www.nuoxutech.com\/tr\/wp-json\/wp\/v2\/product_tag?post=9729"}],"curies":[{"name":"wp","href":"https:\/\/api.w.org\/{rel}","templated":true}]}}