{"id":9785,"date":"2024-04-01T15:51:20","date_gmt":"2024-04-01T07:51:20","guid":{"rendered":"https:\/\/www.nuoxutech.com\/2h-iki-kademeli-pistonlu-vakum-pompasi\/"},"modified":"2025-04-22T18:45:10","modified_gmt":"2025-04-22T10:45:10","slug":"2h-two-stage-piston-vacuum-pump","status":"publish","type":"product","link":"https:\/\/www.nuoxutech.com\/tr\/2h-two-stage-piston-vacuum-pump\/","title":{"rendered":"2H \u0130ki kademeli pistonlu vakum pompas\u0131"},"content":{"rendered":"<div class=\"flex flex-grow flex-col max-w-full\">\n<div class=\"min-h-[20px] text-message flex flex-col items-start gap-3 whitespace-pre-wrap break-words [.text-message+&amp;]:mt-5 overflow-x-auto\" dir=\"auto\" data-message-author-role=\"assistant\" data-message-id=\"8bdd99d3-87a6-4f93-9011-e9d683a95484\">\n<div class=\"markdown prose w-full break-words dark:prose-invert dark\">\n<h3>2H \u0130ki Kademeli Pistonlu Vakum pompas\u0131 Ola\u011fan\u00fcst\u00fc Avantajlar\u0131n\u0131 Ke\u015ffedin: Verimlilik, G\u00fcvenilirlik ve \u00c7ok Y\u00f6nl\u00fcl\u00fck<\/h3>\n<h4><img fetchpriority=\"high\" decoding=\"async\" class=\"alignnone wp-image-6459 size-medium\" src=\"https:\/\/www.nuoxutech.com\/wp-content\/uploads\/2024\/04\/NuoXuRotaryPistonVacuumPumps2h-225x300.jpg\" alt=\"2H \u0130ki kademeli pistonlu vakum pompas\u0131\" width=\"225\" height=\"300\" title=\"\"><\/h4>\n<h4><strong>Avantajlar\u0131:<\/strong><\/h4>\n<ol>\n<li><strong>D\u00fc\u015f\u00fck Yer\u00e7ekimi ve G\u00fc\u00e7 T\u00fcketimi:<\/strong>\n<ul>\n<li>Minimum g\u00fc\u00e7 t\u00fcketimi ile verimli \u00e7al\u0131\u015fma, enerji tasarrufu ve \u00e7evresel s\u00fcrd\u00fcr\u00fclebilirli\u011fi garanti eder.<\/li>\n<li>Minimum alan gereksinimine sahip kompakt tasar\u0131m, alan\u0131n s\u0131n\u0131rl\u0131 oldu\u011fu kurulumlar i\u00e7in idealdir.<\/li>\n<li>Zorlu \u00e7al\u0131\u015fma ko\u015fullar\u0131nda bile istikrarl\u0131 performans sa\u011flar.<\/li>\n<\/ul>\n<\/li>\n<li><strong>Uzat\u0131lm\u0131\u015f Ya\u011f \u00d6mr\u00fc:<\/strong>\n<ul>\n<li>Tahliye portundan ya\u011f at\u0131lmas\u0131n\u0131 azaltarak vakum pompas\u0131 ya\u011f\u0131n\u0131n \u00f6mr\u00fcn\u00fc uzat\u0131r ve bak\u0131m gereksinimlerini en aza indirir.<\/li>\n<\/ul>\n<\/li>\n<li><strong>Geli\u015fmi\u015f Ya\u011f Y\u00f6netim Sistemi:<\/strong>\n<ul>\n<li>Ya\u011f\u0131n pompa haznesine geri d\u00f6nmesini \u00f6nlemek i\u00e7in arkaya yerle\u015ftirilmi\u015f bir ya\u011f tank\u0131na sahiptir, b\u00f6ylece temiz ve verimli bir \u00e7al\u0131\u015fma sa\u011flan\u0131r.<\/li>\n<li>Ya\u011f deposundaki yan fla\u015f portu, kolay temizlik ve bak\u0131m imk\u00e2n\u0131 sunarak i\u015fletme verimlili\u011fini art\u0131r\u0131r.<\/li>\n<\/ul>\n<\/li>\n<li><strong>Kolay Bak\u0131m:<\/strong>\n<ul>\n<li>Kolay s\u00f6kme ve bak\u0131m i\u00e7in O-ring contalarla donat\u0131lm\u0131\u015f olup, ar\u0131za s\u00fcresini azalt\u0131r ve kullan\u0131c\u0131 rahatl\u0131\u011f\u0131n\u0131 art\u0131r\u0131r.<\/li>\n<\/ul>\n<\/li>\n<li><strong>Geli\u015fmi\u015f Yatak \u00d6mr\u00fc:<\/strong>\n<ul>\n<li>Pompa haznesi ile yatak aras\u0131na eklenen yeni s\u0131zd\u0131rmazl\u0131k, yataklar\u0131n \u00f6mr\u00fcn\u00fc uzatarak uzun vadeli g\u00fcvenilirlik ve performans sa\u011flar.<\/li>\n<\/ul>\n<\/li>\n<li><strong>Ayr\u0131 Petrol Tedarik Limanlar\u0131:<\/strong>\n<ul>\n<li>Vakum pompas\u0131 ya\u011f\u0131 ve ya\u011flay\u0131c\u0131lar\u0131 i\u00e7in ayr\u0131 besleme portlar\u0131 sa\u011flayarak ya\u011flama verimlili\u011fini ve pompa performans\u0131n\u0131 optimize eder.<\/li>\n<\/ul>\n<\/li>\n<\/ol>\n<h4><strong>Uygulamalar:<\/strong><\/h4>\n<p style=\"padding-left: 40px;\">Vakum pompam\u0131z a\u015fa\u011f\u0131dakiler de dahil olmak \u00fczere \u00e7e\u015fitli end\u00fcstrilerde uygulama alan\u0131 bulmaktad\u0131r:<\/p>\n<ul>\n<li style=\"list-style-type: none;\">\n<ul>\n<li>Vakum Eritme<\/li>\n<li>Vakum F\u0131r\u0131n\u0131 \u0130\u015flemleri<\/li>\n<li>Is\u0131l \u0130\u015flem<\/li>\n<li>Vakum Sinterleme<\/li>\n<li>Vakum Metalurjisi<\/li>\n<li>Vakum Gaz Giderme<\/li>\n<li>Vakumlu Kurutma<\/li>\n<li>Vakum Kaplama<\/li>\n<li>Molek\u00fcler Dam\u0131tma<\/li>\n<li>Vakum Emprenyesi<\/li>\n<li>Elektronik \u00dcretimi<\/li>\n<li>G\u00fcne\u015f Enerjisi End\u00fcstrileri<\/li>\n<li>Havac\u0131l\u0131k Sim\u00fclasyon Testi<\/li>\n<\/ul>\n<\/li>\n<\/ul>\n<p>Modern end\u00fcstriyel uygulamalar\u0131n zorlu gereksinimlerini hassasiyet ve performansla kar\u015f\u0131lamak \u00fczere tasarlanm\u0131\u015f vakum pompam\u0131z\u0131n verimlili\u011fini, g\u00fcvenilirli\u011fini ve \u00e7ok y\u00f6nl\u00fcl\u00fc\u011f\u00fcn\u00fc deneyimleyin.<\/p>\n<div dir=\"auto\"><img decoding=\"async\" class=\"alignnone wp-image-6959 size-full\" src=\"https:\/\/www.nuoxutech.com\/wp-content\/uploads\/2024\/09\/2h-30piston2.jpg\" alt=\"2H \u0130ki kademeli pistonlu vakum pompas\u0131\" width=\"800\" height=\"800\" title=\"\" srcset=\"https:\/\/www.nuoxutech.com\/wp-content\/uploads\/2024\/09\/2h-30piston2.jpg 800w, https:\/\/www.nuoxutech.com\/wp-content\/uploads\/2024\/09\/2h-30piston2-300x300.jpg 300w, https:\/\/www.nuoxutech.com\/wp-content\/uploads\/2024\/09\/2h-30piston2-150x150.jpg 150w, https:\/\/www.nuoxutech.com\/wp-content\/uploads\/2024\/09\/2h-30piston2-768x768.jpg 768w, https:\/\/www.nuoxutech.com\/wp-content\/uploads\/2024\/09\/2h-30piston2-512x512.jpg 512w, https:\/\/www.nuoxutech.com\/wp-content\/uploads\/2024\/09\/2h-30piston2-100x100.jpg 100w\" sizes=\"(max-width: 800px) 100vw, 800px\" \/><\/div>\n<div dir=\"auto\"><a href=\"https:\/\/www.nuoxutech.com\/2h-two-stage-piston-vacuum-pump\/\">2H \u0130ki Kademeli <\/a>Pistonlu Vakum Pompas\u0131 hakk\u0131nda daha fazla bilgi i\u00e7in bizimle ileti\u015fime ge\u00e7in<\/div>\n<div dir=\"auto\"><strong>Posta:<span style=\"color: #3366ff;\"><a style=\"color: #3366ff;\" href=\"mailto:contact@nuoxutech.com\">contact@nuoxutech.com<\/a><\/span><\/strong><\/div>\n<div dir=\"auto\"><strong>WhatsApp: <span style=\"color: #3366ff;\"><a style=\"color: #3366ff;\" href=\"https:\/\/wa.me\/message\/Z6LWLVZDXHWFD1\" rel=\"nofollow noopener\" target=\"_blank\">+86 13849062209<\/a><\/span><\/strong><\/div>\n<div dir=\"auto\"><strong>Ekibimiz size profesyonel hizmet ve destek sa\u011flamak i\u00e7in haz\u0131r.<\/strong><\/div>\n<\/div>\n<\/div>\n<\/div>\n<div class=\"mt-1 flex gap-3 empty:hidden\">\n<div class=\"text-gray-400 flex self-end lg:self-center items-center justify-center lg:justify-start mt-0 -ml-1 h-7 gap-[2px] invisible\"><\/div>\n<\/div>\n","protected":false},"excerpt":{"rendered":"<p>2H \u0130ki kademeli pistonlu vakum pompas\u0131, gaz\u0131n oksijence zengin, patlay\u0131c\u0131, demirli metalleri a\u015f\u0131nd\u0131ran, vakum pompas\u0131 ya\u011f\u0131yla kimyasal reaksiyona giren bir gaz olmas\u0131 durumunda uygun aksesuarlarla donat\u0131lmal\u0131d\u0131r. Pompa tek ba\u015f\u0131na \u00e7al\u0131\u015ft\u0131r\u0131labilir.<\/p>\n","protected":false},"featured_media":8377,"template":"","meta":{"_acf_changed":false,"site-sidebar-layout":"default","site-content-layout":"","ast-site-content-layout":"default","site-content-style":"default","site-sidebar-style":"default","ast-global-header-display":"","ast-banner-title-visibility":"","ast-main-header-display":"","ast-hfb-above-header-display":"","ast-hfb-below-header-display":"","ast-hfb-mobile-header-display":"","site-post-title":"","ast-breadcrumbs-content":"","ast-featured-img":"","footer-sml-layout":"","ast-disable-related-posts":"","theme-transparent-header-meta":"default","adv-header-id-meta":"","stick-header-meta":"default","header-above-stick-meta":"","header-main-stick-meta":"","header-below-stick-meta":"","astra-migrate-meta-layouts":"set","ast-page-background-enabled":"default","ast-page-background-meta":{"desktop":{"background-color":"","background-image":"","background-repeat":"repeat","background-position":"center center","background-size":"auto","background-attachment":"scroll","background-type":"","background-media":"","overlay-type":"","overlay-color":"","overlay-opacity":"","overlay-gradient":""},"tablet":{"background-color":"","background-image":"","background-repeat":"repeat","background-position":"center center","background-size":"auto","background-attachment":"scroll","background-type":"","background-media":"","overlay-type":"","overlay-color":"","overlay-opacity":"","overlay-gradient":""},"mobile":{"background-color":"","background-image":"","background-repeat":"repeat","background-position":"center center","background-size":"auto","background-attachment":"scroll","background-type":"","background-media":"","overlay-type":"","overlay-color":"","overlay-opacity":"","overlay-gradient":""}},"ast-content-background-meta":{"desktop":{"background-color":"var(--ast-global-color-5)","background-image":"","background-repeat":"repeat","background-position":"center center","background-size":"auto","background-attachment":"scroll","background-type":"","background-media":"","overlay-type":"","overlay-color":"","overlay-opacity":"","overlay-gradient":""},"tablet":{"background-color":"var(--ast-global-color-5)","background-image":"","background-repeat":"repeat","background-position":"center center","background-size":"auto","background-attachment":"scroll","background-type":"","background-media":"","overlay-type":"","overlay-color":"","overlay-opacity":"","overlay-gradient":""},"mobile":{"background-color":"var(--ast-global-color-5)","background-image":"","background-repeat":"repeat","background-position":"center center","background-size":"auto","background-attachment":"scroll","background-type":"","background-media":"","overlay-type":"","overlay-color":"","overlay-opacity":"","overlay-gradient":""}}},"product_brand":[],"product_cat":[228],"product_tag":[280],"class_list":{"0":"post-9785","1":"product","2":"type-product","3":"status-publish","4":"has-post-thumbnail","6":"product_cat-doner-pistonlu-vakum-pompasi","7":"product_tag-pistonlu-vakum-pompasi","8":"desktop-align-left","9":"tablet-align-left","10":"mobile-align-left","11":"ast-product-gallery-layout-horizontal","12":"ast-magnify-disabled","14":"first","15":"instock","16":"shipping-taxable","17":"product-type-simple"},"acf":[],"_links":{"self":[{"href":"https:\/\/www.nuoxutech.com\/tr\/wp-json\/wp\/v2\/product\/9785","targetHints":{"allow":["GET"]}}],"collection":[{"href":"https:\/\/www.nuoxutech.com\/tr\/wp-json\/wp\/v2\/product"}],"about":[{"href":"https:\/\/www.nuoxutech.com\/tr\/wp-json\/wp\/v2\/types\/product"}],"version-history":[{"count":3,"href":"https:\/\/www.nuoxutech.com\/tr\/wp-json\/wp\/v2\/product\/9785\/revisions"}],"predecessor-version":[{"id":9788,"href":"https:\/\/www.nuoxutech.com\/tr\/wp-json\/wp\/v2\/product\/9785\/revisions\/9788"}],"wp:featuredmedia":[{"embeddable":true,"href":"https:\/\/www.nuoxutech.com\/tr\/wp-json\/wp\/v2\/media\/8377"}],"wp:attachment":[{"href":"https:\/\/www.nuoxutech.com\/tr\/wp-json\/wp\/v2\/media?parent=9785"}],"wp:term":[{"taxonomy":"product_brand","embeddable":true,"href":"https:\/\/www.nuoxutech.com\/tr\/wp-json\/wp\/v2\/product_brand?post=9785"},{"taxonomy":"product_cat","embeddable":true,"href":"https:\/\/www.nuoxutech.com\/tr\/wp-json\/wp\/v2\/product_cat?post=9785"},{"taxonomy":"product_tag","embeddable":true,"href":"https:\/\/www.nuoxutech.com\/tr\/wp-json\/wp\/v2\/product_tag?post=9785"}],"curies":[{"name":"wp","href":"https:\/\/api.w.org\/{rel}","templated":true}]}}