{"id":9789,"date":"2024-04-01T15:54:52","date_gmt":"2024-04-01T07:54:52","guid":{"rendered":"https:\/\/www.nuoxutech.com\/h-tek-kademeli-pistonlu-vakum-pompasi\/"},"modified":"2025-04-22T18:49:58","modified_gmt":"2025-04-22T10:49:58","slug":"h-single-stage-piston-vacuum-pump","status":"publish","type":"product","link":"https:\/\/www.nuoxutech.com\/tr\/h-single-stage-piston-vacuum-pump\/","title":{"rendered":"H tek kademeli pistonlu vakum pompas\u0131"},"content":{"rendered":"<div class=\"flex flex-grow flex-col max-w-full\">\n<div class=\"min-h-[20px] text-message flex flex-col items-start gap-3 whitespace-pre-wrap break-words [.text-message+&amp;]:mt-5 overflow-x-auto\" dir=\"auto\" data-message-author-role=\"assistant\" data-message-id=\"4b5573ad-84c2-4b03-9b2c-0d3394592813\">\n<div class=\"markdown prose w-full break-words dark:prose-invert dark\">\n<h3>H Tek Kademeli Pistonlu Vakum Pompas\u0131 ile Verimlili\u011fin ve G\u00fcvenilirli\u011fin Kilidini A\u00e7\u0131n: Geli\u015fmi\u015f \u00d6zellikler ve Uygulamalar<\/h3>\n<p><img fetchpriority=\"high\" decoding=\"async\" class=\"alignnone wp-image-6450 size-medium\" src=\"https:\/\/www.nuoxutech.com\/wp-content\/uploads\/2024\/04\/newH150new-225x300.jpg\" alt=\"pistonlu vakum pompas\u0131\" width=\"225\" height=\"300\" title=\"\" srcset=\"https:\/\/www.nuoxutech.com\/wp-content\/uploads\/2024\/04\/newH150new-225x300.jpg 225w, https:\/\/www.nuoxutech.com\/wp-content\/uploads\/2024\/04\/newH150new-768x1024.jpg 768w, https:\/\/www.nuoxutech.com\/wp-content\/uploads\/2024\/04\/newH150new-300x400.jpg 300w, https:\/\/www.nuoxutech.com\/wp-content\/uploads\/2024\/04\/newH150new-512x682.jpg 512w, https:\/\/www.nuoxutech.com\/wp-content\/uploads\/2024\/04\/newH150new.jpg 1000w\" sizes=\"(max-width: 225px) 100vw, 225px\" \/><\/p>\n<h4><strong>Avantajlar\u0131:<\/strong><\/h4>\n<ol>\n<li><strong>Verimli ve Kompakt Tasar\u0131m:<\/strong>\n<ul>\n<li>D\u00fc\u015f\u00fck yer \u00e7ekimi ve g\u00fc\u00e7 t\u00fcketimi enerji verimlili\u011fi ve maliyet tasarrufu sa\u011flar.<\/li>\n<li>Kompakt boyutu ve sa\u011flaml\u0131\u011f\u0131 sayesinde s\u0131n\u0131rl\u0131 alana sahip kurulumlar i\u00e7in uygundur.<\/li>\n<\/ul>\n<\/li>\n<li><strong>Ya\u011f\u0131n \u00d6mr\u00fcn\u00fcn Uzat\u0131lmas\u0131:<\/strong>\n<ul>\n<li>Tahliye portundan ya\u011f \u00e7\u0131k\u0131\u015f\u0131n\u0131n en aza indirilmesi, vakum pompas\u0131n\u0131n ya\u011f \u00f6mr\u00fcn\u00fcn uzamas\u0131n\u0131 sa\u011flayarak bak\u0131m ihtiya\u00e7lar\u0131n\u0131 azalt\u0131r.<\/li>\n<\/ul>\n<\/li>\n<li><strong>Geli\u015fmi\u015f Ya\u011f Y\u00f6netim Sistemi:<\/strong>\n<ul>\n<li>Ya\u011f\u0131n pompa haznesine geri d\u00f6nmesini \u00f6nlemek i\u00e7in arkaya yerle\u015ftirilmi\u015f bir ya\u011f tank\u0131 ile donat\u0131lm\u0131\u015ft\u0131r, b\u00f6ylece temiz ve verimli bir \u00e7al\u0131\u015fma sa\u011flan\u0131r.<\/li>\n<\/ul>\n<\/li>\n<li><strong>Uygun Bak\u0131m \u00d6zellikleri:<\/strong>\n<ul>\n<li>Ya\u011f deposundaki yan fla\u015f portu, kolay temizlik ve bak\u0131m imk\u00e2n\u0131 sunarak i\u015fletme verimlili\u011fini art\u0131r\u0131r.<\/li>\n<li>O-ring contas\u0131 kolay s\u00f6kme ve bak\u0131m imk\u00e2n\u0131 sa\u011flayarak duru\u015f s\u00fcrelerini azalt\u0131r.<\/li>\n<\/ul>\n<\/li>\n<li><strong>Geli\u015fmi\u015f Yatak \u00d6mr\u00fc:<\/strong>\n<ul>\n<li>Pompa haznesi ile yatak aras\u0131na eklenen yeni conta, yatak \u00f6mr\u00fcn\u00fc uzatarak uzun vadeli g\u00fcvenilirlik sa\u011flar.<\/li>\n<\/ul>\n<\/li>\n<li><strong>Optimize Edilmi\u015f Ya\u011flama Sistemi:<\/strong>\n<ul>\n<li>Vakum pompas\u0131 ya\u011f\u0131 ve ya\u011flay\u0131c\u0131s\u0131 i\u00e7in ayr\u0131 besleme portlar\u0131 ya\u011flama verimlili\u011fini ve pompa performans\u0131n\u0131 optimize eder.<\/li>\n<\/ul>\n<\/li>\n<\/ol>\n<h4><strong>Uygulamalar:<\/strong><\/h4>\n<p style=\"padding-left: 40px;\">H tek kademeli pistonlu vakum pompas\u0131, a\u015fa\u011f\u0131dakiler de dahil olmak \u00fczere \u00e7e\u015fitli end\u00fcstrilerde \u00e7ok y\u00f6nl\u00fc uygulamalar bulur:<\/p>\n<ul>\n<li style=\"list-style-type: none;\">\n<ul>\n<li>Vakum Eritme<\/li>\n<li>Vakum F\u0131r\u0131n\u0131 \u0130\u015flemleri<\/li>\n<li>Is\u0131l \u0130\u015flem<\/li>\n<li>Vakum Sinterleme<\/li>\n<li>Vakum Metalurjisi<\/li>\n<li>Vakum Gaz Giderme<\/li>\n<li>Vakumlu Kurutma<\/li>\n<li>Vakum Kaplama<\/li>\n<li>Molek\u00fcler Dam\u0131tma<\/li>\n<li>Vakum Emprenyesi<\/li>\n<li>Elektronik \u00dcretimi<\/li>\n<li>G\u00fcne\u015f Enerjisi End\u00fcstrileri<\/li>\n<li>Havac\u0131l\u0131k Sim\u00fclasyon Testi<\/li>\n<\/ul>\n<\/li>\n<\/ul>\n<p>Modern end\u00fcstriyel uygulamalar\u0131n zorlu gereksinimlerini hassasiyet ve performansla kar\u015f\u0131lamak \u00fczere <a href=\"https:\/\/www.nuoxutech.com\/h-single-stage-piston-vacuum-pump\/\">tasarlanm\u0131\u015f H tek kademeli <\/a>pistonlu vakum pompas\u0131n\u0131n verimlili\u011fini, g\u00fcvenilirli\u011fini ve \u00e7ok y\u00f6nl\u00fcl\u00fc\u011f\u00fcn\u00fc deneyimleyin.<\/p>\n<div dir=\"auto\">H Tek Kademeli Pistonlu Vakum Pompas\u0131 hakk\u0131nda daha fazla bilgi i\u00e7in bizimle ileti\u015fime ge\u00e7in<\/div>\n<div dir=\"auto\"><strong>Posta:<a href=\"mailto:contact@nuoxutech.com\">contact@nuoxutech.com<\/a><\/strong><\/div>\n<div dir=\"auto\"><strong>WhatsApp: <a href=\"https:\/\/wa.me\/message\/Z6LWLVZDXHWFD1\" rel=\"nofollow noopener\" target=\"_blank\">+86 13849062209<\/a><\/strong><\/div>\n<div dir=\"auto\"><strong>Ekibimiz size profesyonel hizmet ve destek sa\u011flamak i\u00e7in haz\u0131r.<\/strong><\/div>\n<\/div>\n<\/div>\n<\/div>\n<div class=\"mt-1 flex gap-3 empty:hidden\">\n<div class=\"text-gray-400 flex self-end lg:self-center items-center justify-center lg:justify-start mt-0 -ml-1 h-7 gap-[2px] visible\"><\/div>\n<\/div>\n","protected":false},"excerpt":{"rendered":"<p>H70\/H150G\/H150\/H150GF\/H300\/H600 Pistonlu vakum pompas\u0131, kullan\u0131lan bir gaz balast\u0131 ile s\u0131radan gazlar\u0131 ve az miktarda yo\u011funla\u015fm\u0131\u015f gazlar\u0131 (su buhar\u0131) pompalamak i\u00e7in uygun bir \u00e7e\u015fit vakum \u00fcretim ekipman\u0131d\u0131r.<\/p>\n","protected":false},"featured_media":8374,"template":"","meta":{"_acf_changed":false,"site-sidebar-layout":"default","site-content-layout":"","ast-site-content-layout":"default","site-content-style":"default","site-sidebar-style":"default","ast-global-header-display":"","ast-banner-title-visibility":"","ast-main-header-display":"","ast-hfb-above-header-display":"","ast-hfb-below-header-display":"","ast-hfb-mobile-header-display":"","site-post-title":"","ast-breadcrumbs-content":"","ast-featured-img":"","footer-sml-layout":"","ast-disable-related-posts":"","theme-transparent-header-meta":"default","adv-header-id-meta":"","stick-header-meta":"default","header-above-stick-meta":"","header-main-stick-meta":"","header-below-stick-meta":"","astra-migrate-meta-layouts":"set","ast-page-background-enabled":"default","ast-page-background-meta":{"desktop":{"background-color":"","background-image":"","background-repeat":"repeat","background-position":"center center","background-size":"auto","background-attachment":"scroll","background-type":"","background-media":"","overlay-type":"","overlay-color":"","overlay-opacity":"","overlay-gradient":""},"tablet":{"background-color":"","background-image":"","background-repeat":"repeat","background-position":"center center","background-size":"auto","background-attachment":"scroll","background-type":"","background-media":"","overlay-type":"","overlay-color":"","overlay-opacity":"","overlay-gradient":""},"mobile":{"background-color":"","background-image":"","background-repeat":"repeat","background-position":"center center","background-size":"auto","background-attachment":"scroll","background-type":"","background-media":"","overlay-type":"","overlay-color":"","overlay-opacity":"","overlay-gradient":""}},"ast-content-background-meta":{"desktop":{"background-color":"var(--ast-global-color-5)","background-image":"","background-repeat":"repeat","background-position":"center center","background-size":"auto","background-attachment":"scroll","background-type":"","background-media":"","overlay-type":"","overlay-color":"","overlay-opacity":"","overlay-gradient":""},"tablet":{"background-color":"var(--ast-global-color-5)","background-image":"","background-repeat":"repeat","background-position":"center center","background-size":"auto","background-attachment":"scroll","background-type":"","background-media":"","overlay-type":"","overlay-color":"","overlay-opacity":"","overlay-gradient":""},"mobile":{"background-color":"var(--ast-global-color-5)","background-image":"","background-repeat":"repeat","background-position":"center center","background-size":"auto","background-attachment":"scroll","background-type":"","background-media":"","overlay-type":"","overlay-color":"","overlay-opacity":"","overlay-gradient":""}}},"product_brand":[],"product_cat":[228],"product_tag":[280],"class_list":{"0":"post-9789","1":"product","2":"type-product","3":"status-publish","4":"has-post-thumbnail","6":"product_cat-doner-pistonlu-vakum-pompasi","7":"product_tag-pistonlu-vakum-pompasi","8":"desktop-align-left","9":"tablet-align-left","10":"mobile-align-left","11":"ast-product-gallery-layout-horizontal","12":"ast-magnify-disabled","14":"first","15":"instock","16":"shipping-taxable","17":"product-type-simple"},"acf":[],"_links":{"self":[{"href":"https:\/\/www.nuoxutech.com\/tr\/wp-json\/wp\/v2\/product\/9789","targetHints":{"allow":["GET"]}}],"collection":[{"href":"https:\/\/www.nuoxutech.com\/tr\/wp-json\/wp\/v2\/product"}],"about":[{"href":"https:\/\/www.nuoxutech.com\/tr\/wp-json\/wp\/v2\/types\/product"}],"version-history":[{"count":2,"href":"https:\/\/www.nuoxutech.com\/tr\/wp-json\/wp\/v2\/product\/9789\/revisions"}],"predecessor-version":[{"id":9791,"href":"https:\/\/www.nuoxutech.com\/tr\/wp-json\/wp\/v2\/product\/9789\/revisions\/9791"}],"wp:featuredmedia":[{"embeddable":true,"href":"https:\/\/www.nuoxutech.com\/tr\/wp-json\/wp\/v2\/media\/8374"}],"wp:attachment":[{"href":"https:\/\/www.nuoxutech.com\/tr\/wp-json\/wp\/v2\/media?parent=9789"}],"wp:term":[{"taxonomy":"product_brand","embeddable":true,"href":"https:\/\/www.nuoxutech.com\/tr\/wp-json\/wp\/v2\/product_brand?post=9789"},{"taxonomy":"product_cat","embeddable":true,"href":"https:\/\/www.nuoxutech.com\/tr\/wp-json\/wp\/v2\/product_cat?post=9789"},{"taxonomy":"product_tag","embeddable":true,"href":"https:\/\/www.nuoxutech.com\/tr\/wp-json\/wp\/v2\/product_tag?post=9789"}],"curies":[{"name":"wp","href":"https:\/\/api.w.org\/{rel}","templated":true}]}}