{"id":9859,"date":"2024-04-01T16:12:17","date_gmt":"2024-04-01T08:12:17","guid":{"rendered":"https:\/\/www.nuoxutech.com\/sivi-halkali-vakum-pompasi-sistemi\/"},"modified":"2025-04-23T14:40:50","modified_gmt":"2025-04-23T06:40:50","slug":"liquid-ring-vacuum-pump-system","status":"publish","type":"product","link":"https:\/\/www.nuoxutech.com\/tr\/liquid-ring-vacuum-pump-system\/","title":{"rendered":"S\u0131v\u0131 Halkal\u0131 Vakum Pompas\u0131 Sistemi"},"content":{"rendered":"<h3>S\u0131v\u0131 Halkal\u0131 Vakum Pompas\u0131 Sistemleriyle Geli\u015fmi\u015f Performans ve Verimlilik<\/h3>\n<h4><img fetchpriority=\"high\" decoding=\"async\" class=\"alignnone wp-image-6523 size-medium\" src=\"https:\/\/www.nuoxutech.com\/wp-content\/uploads\/2024\/04\/Liquid-Ring-Vacuum-PumpSystems1-300x300.jpg\" alt=\"S\u0131v\u0131 Halkal\u0131 Vakum Pompas\u0131 Sistemi\" width=\"300\" height=\"300\" title=\"\" srcset=\"https:\/\/www.nuoxutech.com\/wp-content\/uploads\/2024\/04\/Liquid-Ring-Vacuum-PumpSystems1-300x300.jpg 300w, https:\/\/www.nuoxutech.com\/wp-content\/uploads\/2024\/04\/Liquid-Ring-Vacuum-PumpSystems1-150x150.jpg 150w, https:\/\/www.nuoxutech.com\/wp-content\/uploads\/2024\/04\/Liquid-Ring-Vacuum-PumpSystems1-768x768.jpg 768w, https:\/\/www.nuoxutech.com\/wp-content\/uploads\/2024\/04\/Liquid-Ring-Vacuum-PumpSystems1-512x512.jpg 512w, https:\/\/www.nuoxutech.com\/wp-content\/uploads\/2024\/04\/Liquid-Ring-Vacuum-PumpSystems1-100x100.jpg 100w, https:\/\/www.nuoxutech.com\/wp-content\/uploads\/2024\/04\/Liquid-Ring-Vacuum-PumpSystems1.jpg 800w\" sizes=\"(max-width: 300px) 100vw, 300px\" \/><\/h4>\n<h4><strong>S\u0131v\u0131 Halkal\u0131 Vakum Pompas\u0131 Sistemine Genel Bak\u0131\u015f:<\/strong><\/h4>\n<p style=\"padding-left: 40px;\">S\u0131v\u0131 Halkal\u0131 Vakum Pompas\u0131 Sistemi, s\u0131v\u0131 halka vakum pompas\u0131n\u0131n temellerinden geli\u015ftirilen kapsaml\u0131 bir \u00e7\u00f6z\u00fcm\u00fc temsil eder. Standart pompa\/motor ekipman\u0131n\u0131n bir uzant\u0131s\u0131 olarak hizmet veren paketimiz, 2BE serisi, 2BV serisi ve 2SY serisi dahil olmak \u00fczere eksiksiz bir s\u0131v\u0131 halka pompas\u0131 \u00e7\u00f6z\u00fcmleri seti sunar. Hava giri\u015f sistemleri, kapal\u0131 s\u0131v\u0131 so\u011futmal\u0131 sirk\u00fclasyonlu su besleme sistemleri, gaz-s\u0131v\u0131 ay\u0131r\u0131c\u0131lar, g\u00fcvenlik alarm cihazlar\u0131 ve daha fazlas\u0131 gibi temel bile\u015fenlerle donat\u0131lm\u0131\u015f paketlerimiz, optimum performans ve \u00e7ok y\u00f6nl\u00fcl\u00fck sa\u011flar.<\/p>\n<h4><strong>Temel \u00d6zellikler:<\/strong><\/h4>\n<ol>\n<li><strong>Kapsaml\u0131 Ekipman Paketi:<\/strong>\n<ul>\n<li>Kullan\u0131c\u0131lar i\u00e7in kurulum ve i\u015fletmeyi kolayla\u015ft\u0131ran gaz-s\u0131v\u0131 ay\u0131r\u0131c\u0131lar\u0131, \u0131s\u0131 e\u015fanj\u00f6rleri, ba\u011flant\u0131 borular\u0131 ve daha fazlas\u0131n\u0131 i\u00e7erir.<\/li>\n<\/ul>\n<\/li>\n<li><strong>Verimli Gaz-S\u0131v\u0131 Ayr\u0131m\u0131:<\/strong>\n<ul>\n<li>Gaz-s\u0131v\u0131 ay\u0131r\u0131c\u0131lar\u0131, egzoz gazlar\u0131n\u0131 s\u0131v\u0131lardan etkili bir \u015fekilde ay\u0131r\u0131r ve s\u0131v\u0131, dola\u015f\u0131m i\u00e7in \u0131s\u0131 e\u015fanj\u00f6rleri taraf\u0131ndan so\u011futulur.<\/li>\n<\/ul>\n<\/li>\n<li><strong>\u00c7evresel S\u00fcrd\u00fcr\u00fclebilirlik:<\/strong>\n<ul>\n<li>Kimya sekt\u00f6r\u00fcnde \u00e7evre kirlili\u011fini azaltarak, \u00e7al\u0131\u015fma s\u0131v\u0131lar\u0131n\u0131n su veya \u00e7e\u015fitli kimyasal \u00e7\u00f6z\u00fcc\u00fclerle geri d\u00f6n\u00fc\u015ft\u00fcr\u00fclmesi imk\u00e2n\u0131n\u0131 sunar.<\/li>\n<\/ul>\n<\/li>\n<li><strong>Kapal\u0131 Sirk\u00fclasyon Sistemi Tasar\u0131m\u0131:<\/strong>\n<ul>\n<li>Vakum pompas\u0131n\u0131n giri\u015f ko\u015fullar\u0131na, so\u011futma suyu ko\u015fullar\u0131na ve egzoz portu ko\u015fullar\u0131na uyacak \u015fekilde tasarlanm\u0131\u015ft\u0131r; ortam gereksinimlerine g\u00f6re s\u0131radan veya \u00f6zel malzeme se\u00e7enekleri mevcuttur.<\/li>\n<\/ul>\n<\/li>\n<li><strong>\u00d6zelle\u015ftirilebilir Yap\u0131land\u0131rma:<\/strong>\n<ul>\n<li>M\u00fc\u015fterilerin kendi \u00f6zel gereksinimlerine g\u00f6re ekipman, aksesuar, \u00f6l\u00e7\u00fcm cihaz\u0131, kontrol cihaz\u0131 ve daha fazlas\u0131n\u0131 se\u00e7melerine olanak tan\u0131r.<\/li>\n<\/ul>\n<\/li>\n<\/ol>\n<h4><strong>Uygulamalar:<\/strong><\/h4>\n<p style=\"padding-left: 40px;\">S\u0131v\u0131 Halka Vakum Pompas\u0131 Sistemimiz, ila\u00e7, kimyasallar ve elektrik enerjisi gibi end\u00fcstrilerde kapsaml\u0131 uygulamalara sahiptir. Mod\u00fclerle\u015ftirme, entegrasyon ve otomasyon yetenekleriyle modern teknoloji ihtiya\u00e7lar\u0131 i\u00e7in sistematik ve geli\u015fmi\u015f bir \u00e7\u00f6z\u00fcm g\u00f6revi g\u00f6r\u00fcrler.<\/p>\n<h4><strong>\u00c7\u00f6z\u00fcm:<\/strong><\/h4>\n<p style=\"padding-left: 40px;\">S\u0131v\u0131 halka vakum \u00fcnitelerimiz, karma\u015f\u0131k yap\u0131land\u0131rmalar, y\u00fcksek entegrasyon, bilimsel tasar\u0131m, basit kullan\u0131m, do\u011fru izleme ve m\u00fckemmel saha performans\u0131 sunan orta ve \u00fcst d\u00fczey pazar i\u00e7in tasarlanm\u0131\u015ft\u0131r. D\u00fcnya \u00e7ap\u0131ndaki kullan\u0131c\u0131lar taraf\u0131ndan g\u00fcvenilen ve \u00f6v\u00fclen S\u0131v\u0131 Halka Vakum Pompas\u0131\/Kompres\u00f6r Paketlerimizle geli\u015fmi\u015f verimlilik ve g\u00fcvenilirli\u011fi deneyimleyin.<\/p>\n<div dir=\"auto\"><a href=\"https:\/\/www.nuoxutech.com\/tr\/liquid-ring-vacuum-pumps-tr\/\">S\u0131v\u0131 Halkal\u0131<\/a> Vakum Pompas\u0131 Sistemi hakk\u0131nda daha fazla bilgi i\u00e7in bizimle ileti\u015fime ge\u00e7in<\/div>\n<div dir=\"auto\"><strong>Posta:<span style=\"color: #3366ff;\"><a style=\"color: #3366ff;\" href=\"mailto:contact@nuoxutech.com\">contact@nuoxutech.com<\/a><\/span><\/strong><\/div>\n<div dir=\"auto\"><strong>WhatsApp: <span style=\"color: #3366ff;\"><a style=\"color: #3366ff;\" href=\"https:\/\/wa.me\/message\/Z6LWLVZDXHWFD1\" rel=\"nofollow noopener\" target=\"_blank\">+86 13849062209<\/a><\/span><\/strong><\/div>\n<div dir=\"auto\"><strong>Ekibimiz size profesyonel hizmet ve destek sa\u011flamak i\u00e7in haz\u0131r.<\/strong><\/div>\n<div dir=\"auto\">\n<div dir=\"auto\">\n<h4 class=\"wp-block-heading\"><span class=\"HwtZe\" lang=\"tr\"><span class=\"jCAhz ChMk0b\"><span class=\"ryNqvb\">Anahtar kelimeler<\/span><\/span><\/span><\/h4>\n<p><span class=\"HwtZe\" lang=\"tr\"><span class=\"jCAhz ChMk0b\"><span class=\"ryNqvb\">vakum sistemi,nuoxutech, vakum pompas\u0131, VacuumSystem, S\u0131v\u0131 Halka Vakum Pompas\u0131 Sistemi,\u00c7in S\u0131v\u0131 Halka Vakum Pompas\u0131 \u00dcreticisi,Enerji Tasarruflu S\u0131v\u0131 Halka Vakum Sistemi,\u0130la\u00e7 ve g\u0131da end\u00fcstrileri i\u00e7in dayan\u0131kl\u0131 ve y\u00fcksek verimli vakum sistemi,Kimyasal i\u015fleme i\u00e7in \u00c7in \u00fcretimi s\u0131v\u0131 halka vakum pompas\u0131 sistemi,\u00dcretim i\u00e7in g\u00fcvenilir ve enerji tasarruflu s\u0131v\u0131 halka vakum sistemi<\/span><\/span><\/span>.<\/p>\n<\/div>\n<\/div>\n","protected":false},"excerpt":{"rendered":"<p>S\u0131v\u0131 Halka Vakum Pompas\u0131 Sistemlerimizle end\u00fcstriyel s\u00fcre\u00e7lerinizi y\u00fckseltin. Verimlilik ve g\u00fcvenilirlik i\u00e7in tasarlanan kapsaml\u0131 \u00e7\u00f6z\u00fcmlerimiz, gaz-s\u0131v\u0131 ay\u0131rma, kapal\u0131 sirk\u00fclasyon sistemleri ve \u00f6zelle\u015ftirilebilir yap\u0131land\u0131rmalar gibi geli\u015fmi\u015f \u00f6zellikler sunar. \u0130la\u00e7, kimya ve elektrik enerjisi end\u00fcstrileri i\u00e7in m\u00fckemmel olan paketlerimiz, optimum performans ve \u00e7evresel s\u00fcrd\u00fcr\u00fclebilirlik sa\u011flar. G\u00fcvenilir \u00e7\u00f6z\u00fcmlerimizle geli\u015fmi\u015f verimlilik ve g\u00fcvenilirli\u011fi deneyimleyin.<\/p>\n","protected":false},"featured_media":8098,"template":"","meta":{"_acf_changed":false,"site-sidebar-layout":"default","site-content-layout":"","ast-site-content-layout":"default","site-content-style":"default","site-sidebar-style":"default","ast-global-header-display":"","ast-banner-title-visibility":"","ast-main-header-display":"","ast-hfb-above-header-display":"","ast-hfb-below-header-display":"","ast-hfb-mobile-header-display":"","site-post-title":"","ast-breadcrumbs-content":"","ast-featured-img":"","footer-sml-layout":"","ast-disable-related-posts":"","theme-transparent-header-meta":"default","adv-header-id-meta":"","stick-header-meta":"default","header-above-stick-meta":"","header-main-stick-meta":"","header-below-stick-meta":"","astra-migrate-meta-layouts":"set","ast-page-background-enabled":"default","ast-page-background-meta":{"desktop":{"background-color":"","background-image":"","background-repeat":"repeat","background-position":"center center","background-size":"auto","background-attachment":"scroll","background-type":"","background-media":"","overlay-type":"","overlay-color":"","overlay-opacity":"","overlay-gradient":""},"tablet":{"background-color":"","background-image":"","background-repeat":"repeat","background-position":"center center","background-size":"auto","background-attachment":"scroll","background-type":"","background-media":"","overlay-type":"","overlay-color":"","overlay-opacity":"","overlay-gradient":""},"mobile":{"background-color":"","background-image":"","background-repeat":"repeat","background-position":"center center","background-size":"auto","background-attachment":"scroll","background-type":"","background-media":"","overlay-type":"","overlay-color":"","overlay-opacity":"","overlay-gradient":""}},"ast-content-background-meta":{"desktop":{"background-color":"var(--ast-global-color-5)","background-image":"","background-repeat":"repeat","background-position":"center center","background-size":"auto","background-attachment":"scroll","background-type":"","background-media":"","overlay-type":"","overlay-color":"","overlay-opacity":"","overlay-gradient":""},"tablet":{"background-color":"var(--ast-global-color-5)","background-image":"","background-repeat":"repeat","background-position":"center center","background-size":"auto","background-attachment":"scroll","background-type":"","background-media":"","overlay-type":"","overlay-color":"","overlay-opacity":"","overlay-gradient":""},"mobile":{"background-color":"var(--ast-global-color-5)","background-image":"","background-repeat":"repeat","background-position":"center center","background-size":"auto","background-attachment":"scroll","background-type":"","background-media":"","overlay-type":"","overlay-color":"","overlay-opacity":"","overlay-gradient":""}}},"product_brand":[],"product_cat":[230],"product_tag":[187],"class_list":{"0":"post-9859","1":"product","2":"type-product","3":"status-publish","4":"has-post-thumbnail","6":"product_cat-vacuum-system-tr","7":"product_tag-vacuum-system-tr","8":"desktop-align-left","9":"tablet-align-left","10":"mobile-align-left","11":"ast-product-gallery-layout-horizontal","12":"ast-magnify-disabled","14":"first","15":"instock","16":"shipping-taxable","17":"product-type-simple"},"acf":[],"_links":{"self":[{"href":"https:\/\/www.nuoxutech.com\/tr\/wp-json\/wp\/v2\/product\/9859","targetHints":{"allow":["GET"]}}],"collection":[{"href":"https:\/\/www.nuoxutech.com\/tr\/wp-json\/wp\/v2\/product"}],"about":[{"href":"https:\/\/www.nuoxutech.com\/tr\/wp-json\/wp\/v2\/types\/product"}],"version-history":[{"count":4,"href":"https:\/\/www.nuoxutech.com\/tr\/wp-json\/wp\/v2\/product\/9859\/revisions"}],"predecessor-version":[{"id":9863,"href":"https:\/\/www.nuoxutech.com\/tr\/wp-json\/wp\/v2\/product\/9859\/revisions\/9863"}],"wp:featuredmedia":[{"embeddable":true,"href":"https:\/\/www.nuoxutech.com\/tr\/wp-json\/wp\/v2\/media\/8098"}],"wp:attachment":[{"href":"https:\/\/www.nuoxutech.com\/tr\/wp-json\/wp\/v2\/media?parent=9859"}],"wp:term":[{"taxonomy":"product_brand","embeddable":true,"href":"https:\/\/www.nuoxutech.com\/tr\/wp-json\/wp\/v2\/product_brand?post=9859"},{"taxonomy":"product_cat","embeddable":true,"href":"https:\/\/www.nuoxutech.com\/tr\/wp-json\/wp\/v2\/product_cat?post=9859"},{"taxonomy":"product_tag","embeddable":true,"href":"https:\/\/www.nuoxutech.com\/tr\/wp-json\/wp\/v2\/product_tag?post=9859"}],"curies":[{"name":"wp","href":"https:\/\/api.w.org\/{rel}","templated":true}]}}