{"id":9867,"date":"2024-04-07T11:41:44","date_gmt":"2024-04-07T03:41:44","guid":{"rendered":"https:\/\/www.nuoxutech.com\/roots-doner-vakum-pompasi-sistemi\/"},"modified":"2025-04-23T14:55:19","modified_gmt":"2025-04-23T06:55:19","slug":"roots-rotary-vacuum-pump-system","status":"publish","type":"product","link":"https:\/\/www.nuoxutech.com\/tr\/roots-rotary-vacuum-pump-system\/","title":{"rendered":"Roots D\u00f6ner Vakum Pompas\u0131 Sistemi"},"content":{"rendered":"<div class=\"flex flex-grow flex-col max-w-full\">\n<div class=\"min-h-[20px] text-message flex flex-col items-start gap-3 whitespace-pre-wrap break-words [.text-message+&amp;]:mt-5 overflow-x-auto\" dir=\"auto\" data-message-author-role=\"assistant\" data-message-id=\"7c408382-117f-4813-96c4-0b0729919572\">\n<div class=\"markdown prose w-full break-words dark:prose-invert dark\">\n<h3>Roots D\u00f6ner Vakum Pompas\u0131 Sistemi<strong><br \/>\n<\/strong><\/h3>\n<p><img fetchpriority=\"high\" decoding=\"async\" class=\"size-medium wp-image-6500 aligncenter\" src=\"https:\/\/www.nuoxutech.com\/wp-content\/uploads\/2024\/04\/Roots-Rotary-Vacuum-System1-300x300.jpg\" alt=\"Roots D\u00f6ner Vakum Pompas\u0131 Sistemi 1.jpg\" width=\"300\" height=\"300\" title=\"\" srcset=\"https:\/\/www.nuoxutech.com\/wp-content\/uploads\/2024\/04\/Roots-Rotary-Vacuum-System1-300x300.jpg 300w, https:\/\/www.nuoxutech.com\/wp-content\/uploads\/2024\/04\/Roots-Rotary-Vacuum-System1-150x150.jpg 150w, https:\/\/www.nuoxutech.com\/wp-content\/uploads\/2024\/04\/Roots-Rotary-Vacuum-System1-768x768.jpg 768w, https:\/\/www.nuoxutech.com\/wp-content\/uploads\/2024\/04\/Roots-Rotary-Vacuum-System1-512x512.jpg 512w, https:\/\/www.nuoxutech.com\/wp-content\/uploads\/2024\/04\/Roots-Rotary-Vacuum-System1-100x100.jpg 100w, https:\/\/www.nuoxutech.com\/wp-content\/uploads\/2024\/04\/Roots-Rotary-Vacuum-System1.jpg 800w\" sizes=\"(max-width: 300px) 100vw, 300px\" \/><\/p>\n<h4>Girii\u015f:<\/h4>\n<p style=\"padding-left: 40px;\">Roots ve D\u00f6ner Vakum Pompas\u0131 \u00dcnitelerimiz, Roots vakum pompalar\u0131n\u0131n g\u00fcc\u00fcn\u00fc d\u00f6ner kanatl\u0131 pompalar\u0131n verimlili\u011fiyle birle\u015ftirerek \u00e7e\u015fitli end\u00fcstrilerdeki y\u00fcksek vakum uygulamalar\u0131 i\u00e7in kompakt bir \u00e7\u00f6z\u00fcm sunar. Kullan\u0131m kolayl\u0131\u011f\u0131 ve maksimum ekstraksiyon kapasitesi i\u00e7in tasarlanan bu \u00fcniteler, hassas vakum kontrol\u00fc ve h\u0131zl\u0131 tahliye gerektiren prosesler i\u00e7in olmazsa olmazd\u0131r.<\/p>\n<h4>Roots D\u00f6ner Vakum Pompas\u0131 Sisteminin Temel \u00d6zellikleri:<\/h4>\n<ol>\n<li><strong>Kompakt Yap\u0131<\/strong>: \u00dcnitelerimiz kompakt bir tasar\u0131ma sahiptir ve end\u00fcstriyel ortamlarda de\u011ferli alan tasarrufu sa\u011flarken y\u00fcksek performans\u0131 da korur.<\/li>\n<li><strong>Kullan\u0131m Kolayl\u0131\u011f\u0131<\/strong>: Kullan\u0131c\u0131 dostu kontrollerle tasarlanan bu \u00fcniteler, kullan\u0131m\u0131 kolay olup, e\u011fitim s\u00fcresini azalt\u0131r ve verimlili\u011fi art\u0131r\u0131r.<\/li>\n<li><strong>Y\u00fcksek \u00c7\u0131karma Kapasitesi<\/strong>: M\u00fckemmel pompalama h\u0131z\u0131yla \u00fcnitelerimiz havay\u0131 ve di\u011fer gazlar\u0131 verimli bir \u015fekilde \u00e7\u0131kararak h\u0131zl\u0131 tahliye ve geli\u015fmi\u015f i\u015flem verimlili\u011fi sa\u011flar.<\/li>\n<li><strong>Geni\u015f Uygulama Alan\u0131<\/strong>: Vakum eritme, vakum kaplama ve g\u00fc\u00e7 kapasiteli ekipmanlar dahil olmak \u00fczere y\u00fcksek vakum seviyeleri ve \u00e7ok y\u00f6nl\u00fc pompa h\u0131zlar\u0131 gerektiren \u00e7e\u015fitli vakum sistemleri i\u00e7in uygundur.<\/li>\n<li><strong>Filtre ve Kondenser Uyumlulu\u011fu<\/strong>: Filtreler ve kondenserlerle donat\u0131lan \u00fcnitelerimiz, y\u00fcksek su ve toz seviyelerinin oldu\u011fu proseslerle ba\u015fa \u00e7\u0131kabilir, g\u00fcvenilir bir \u00e7al\u0131\u015fma sa\u011flar ve ekipman \u00f6mr\u00fcn\u00fc uzat\u0131r.<\/li>\n<li><strong>\u0130ste\u011fe Ba\u011fl\u0131 \u0130ki Kademeli Su Halkas\u0131 Pompas\u0131<\/strong>: B\u00fcy\u00fck miktarda su ve toz i\u00e7eren zorlu pompalama uygulamalar\u0131 i\u00e7in \u00fcnitelerimiz iki kademeli bir su halkas\u0131 pompas\u0131yla donat\u0131labilir. Bu ek pompa, kirleticileri ana pompalara ula\u015fmadan \u00f6nce verimli bir \u015fekilde \u00e7\u0131kararak \u00fcnitenin \u00f6mr\u00fcn\u00fc uzat\u0131r.<\/li>\n<\/ol>\n<h4>Tip \u0130fadesi:<\/h4>\n<p style=\"padding-left: 40px;\">\u00d6rnek: JZJX 300&#8211;4<\/p>\n<ul>\n<li><strong>J:<\/strong> Birim t\u00fcr\u00fcn\u00fc belirtir.<\/li>\n<li><strong>ZJ:<\/strong> Ana pompan\u0131n Roots vakum pompas\u0131 oldu\u011funu g\u00f6sterir.<\/li>\n<li><strong>X<\/strong>: Destek pompas\u0131n\u0131n d\u00f6ner kanatl\u0131 pompa oldu\u011funu belirtir.<\/li>\n<li><strong>300:<\/strong> Ana pompan\u0131n pompalama h\u0131z\u0131n\u0131 litre\/saniye (L\/s) cinsinden ifade eder.<\/li>\n<li><strong>4: <\/strong>Pompan\u0131n pompalama h\u0131z oran\u0131n\u0131 g\u00f6sterir.<\/li>\n<\/ul>\n<h3><a href=\"https:\/\/www.nuoxutech.com\/wp-content\/uploads\/2024\/12\/nuoxuFactory-workshop.jpg\"><img decoding=\"async\" class=\"size-medium wp-image-8623 aligncenter\" src=\"https:\/\/www.nuoxutech.com\/wp-content\/uploads\/2024\/12\/nuoxuFactory-workshop-300x188.jpg\" alt=\"Roots D\u00f6ner Vakum Pompas\u0131 Sistemi\" width=\"300\" height=\"188\" title=\"\" srcset=\"https:\/\/www.nuoxutech.com\/wp-content\/uploads\/2024\/12\/nuoxuFactory-workshop-300x188.jpg 300w, https:\/\/www.nuoxutech.com\/wp-content\/uploads\/2024\/12\/nuoxuFactory-workshop-1024x641.jpg 1024w, https:\/\/www.nuoxutech.com\/wp-content\/uploads\/2024\/12\/nuoxuFactory-workshop-768x481.jpg 768w, https:\/\/www.nuoxutech.com\/wp-content\/uploads\/2024\/12\/nuoxuFactory-workshop-512x321.jpg 512w, https:\/\/www.nuoxutech.com\/wp-content\/uploads\/2024\/12\/nuoxuFactory-workshop.jpg 1210w\" sizes=\"(max-width: 300px) 100vw, 300px\" \/><\/a><\/h3>\n<h3>Roots D\u00f6ner Vakum Pompas\u0131 Sistemi Uygulamalar\u0131:<\/h3>\n<ol>\n<li><strong>Vakum Eritme:<\/strong> Vakum ind\u00fcksiyon eritme ve vakum ark eritme gibi prosesler i\u00e7in \u00f6nemlidir ve metalurjik ortam \u00fczerinde hassas kontrol sa\u011flar.<\/li>\n<li><strong>Vakum Kaplama:<\/strong> \u00c7e\u015fitli alt tabakalara y\u00fcksek hassasiyet ve d\u00fczg\u00fcnl\u00fckle kaplama uygulamak i\u00e7in ince film biriktirme i\u015flemlerinde kullan\u0131l\u0131r.<\/li>\n<li><strong>G\u00fc\u00e7 Kapasitesi Ekipmanlar\u0131:<\/strong> Transformat\u00f6rlerin, kapasit\u00f6rlerin ve di\u011fer g\u00fc\u00e7 ekipmanlar\u0131n\u0131n dielektrik b\u00fct\u00fcnl\u00fc\u011f\u00fcn\u00fc korumak ve elektriksel ar\u0131zalar\u0131 \u00f6nlemek i\u00e7in tahliye edilmesinde kritik \u00f6neme sahiptir.<\/li>\n<li><strong>Trafo Ekipmanlar\u0131: <\/strong>Trafolar\u0131n vakum ortam\u0131 yaratarak nem ve gazlar\u0131 uzakla\u015ft\u0131rarak uygun \u015fekilde izolasyonunu ve so\u011futulmas\u0131n\u0131 sa\u011flar.<\/li>\n<li><strong>Di\u011fer End\u00fcstriler: <\/strong>Yar\u0131 iletken \u00fcretimi, havac\u0131l\u0131k ve ara\u015ft\u0131rma laboratuvarlar\u0131 gibi y\u00fcksek vakum gerektiren \u00e7ok \u00e7e\u015fitli end\u00fcstriyel uygulamalar i\u00e7in uygundur.<\/li>\n<\/ol>\n<p>Vakum proseslerinizi Roots D\u00f6ner Vakum Pompas\u0131 Sistemimizle geli\u015ftirin. Geli\u015fmi\u015f \u00e7\u00f6z\u00fcmlerimizin \u00f6zel gereksinimlerinizi nas\u0131l kar\u015f\u0131layabilece\u011fi hakk\u0131nda daha fazla bilgi edinmek i\u00e7in bug\u00fcn bizimle ileti\u015fime ge\u00e7in.<\/p>\n<div dir=\"auto\">\n<hr \/>\n<p><a href=\"https:\/\/www.nuoxutech.com\/tr\/roots-vacuum-pump-tr\/\">Roots <\/a>D\u00f6ner Vakum Pompas\u0131 Sistemi hakk\u0131nda daha fazla bilgi i\u00e7in bizimle ileti\u015fime ge\u00e7in<\/p>\n<\/div>\n<div dir=\"auto\"><strong>Posta:<a href=\"mailto:contact@nuoxutech.com\">contact@nuoxutech.com<\/a><\/strong><\/div>\n<div dir=\"auto\"><strong>WhatsApp: <a href=\"https:\/\/wa.me\/message\/Z6LWLVZDXHWFD1\" rel=\"nofollow noopener\" target=\"_blank\">+86 13849062209<\/a><\/strong><\/div>\n<div dir=\"auto\"><strong>Ekibimiz size profesyonel hizmet ve destek sa\u011flamak i\u00e7in haz\u0131r.<\/strong><\/div>\n<\/div>\n<\/div>\n<\/div>\n<hr \/>\n<h4>Anahtar kelimeler:<\/h4>\n<p>vakum pompas\u0131, vakum sistemi, nuoxutech, End\u00fcstriyel Roots D\u00f6ner Vakum Sistemi, \u00c7in Roots D\u00f6ner Vakum Pompas\u0131 \u00dcreticisi, Y\u00fcksek Verimli Roots D\u00f6ner Vakum Pompas\u0131, End\u00fcstriyel Kullan\u0131m \u0130\u00e7in G\u00fcvenilir Roots D\u00f6ner Vakum Pompas\u0131<\/p>\n<div class=\"notranslate\" style=\"all: initial;\"><\/div>\n","protected":false},"excerpt":{"rendered":"<p>Roots D\u00f6ner Vakum Pompas\u0131 Sistemi, ana pompa olarak Vakum Roots pompas\u0131n\u0131, yedek pompa olarak D\u00f6ner vakum pompas\u0131n\u0131 kullan\u0131r. Basit bir i\u015fletime ve kompakt bir yap\u0131ya sahiptir. Yo\u011funla\u015fma ve a\u015f\u0131nd\u0131r\u0131c\u0131 gazlar hari\u00e7 havay\u0131 ve di\u011fer gazlar\u0131 pompalayabilir.<\/p>\n","protected":false},"featured_media":8068,"template":"","meta":{"_acf_changed":false,"site-sidebar-layout":"default","site-content-layout":"","ast-site-content-layout":"default","site-content-style":"default","site-sidebar-style":"default","ast-global-header-display":"","ast-banner-title-visibility":"","ast-main-header-display":"","ast-hfb-above-header-display":"","ast-hfb-below-header-display":"","ast-hfb-mobile-header-display":"","site-post-title":"","ast-breadcrumbs-content":"","ast-featured-img":"","footer-sml-layout":"","ast-disable-related-posts":"","theme-transparent-header-meta":"default","adv-header-id-meta":"","stick-header-meta":"default","header-above-stick-meta":"","header-main-stick-meta":"","header-below-stick-meta":"","astra-migrate-meta-layouts":"set","ast-page-background-enabled":"default","ast-page-background-meta":{"desktop":{"background-color":"","background-image":"","background-repeat":"repeat","background-position":"center center","background-size":"auto","background-attachment":"scroll","background-type":"","background-media":"","overlay-type":"","overlay-color":"","overlay-opacity":"","overlay-gradient":""},"tablet":{"background-color":"","background-image":"","background-repeat":"repeat","background-position":"center center","background-size":"auto","background-attachment":"scroll","background-type":"","background-media":"","overlay-type":"","overlay-color":"","overlay-opacity":"","overlay-gradient":""},"mobile":{"background-color":"","background-image":"","background-repeat":"repeat","background-position":"center center","background-size":"auto","background-attachment":"scroll","background-type":"","background-media":"","overlay-type":"","overlay-color":"","overlay-opacity":"","overlay-gradient":""}},"ast-content-background-meta":{"desktop":{"background-color":"var(--ast-global-color-5)","background-image":"","background-repeat":"repeat","background-position":"center center","background-size":"auto","background-attachment":"scroll","background-type":"","background-media":"","overlay-type":"","overlay-color":"","overlay-opacity":"","overlay-gradient":""},"tablet":{"background-color":"var(--ast-global-color-5)","background-image":"","background-repeat":"repeat","background-position":"center center","background-size":"auto","background-attachment":"scroll","background-type":"","background-media":"","overlay-type":"","overlay-color":"","overlay-opacity":"","overlay-gradient":""},"mobile":{"background-color":"var(--ast-global-color-5)","background-image":"","background-repeat":"repeat","background-position":"center center","background-size":"auto","background-attachment":"scroll","background-type":"","background-media":"","overlay-type":"","overlay-color":"","overlay-opacity":"","overlay-gradient":""}}},"product_brand":[],"product_cat":[230],"product_tag":[],"class_list":{"0":"post-9867","1":"product","2":"type-product","3":"status-publish","4":"has-post-thumbnail","6":"product_cat-vacuum-system-tr","7":"desktop-align-left","8":"tablet-align-left","9":"mobile-align-left","10":"ast-product-gallery-layout-horizontal","11":"ast-product-gallery-with-no-image","12":"ast-magnify-disabled","14":"first","15":"instock","16":"shipping-taxable","17":"product-type-simple"},"acf":[],"_links":{"self":[{"href":"https:\/\/www.nuoxutech.com\/tr\/wp-json\/wp\/v2\/product\/9867","targetHints":{"allow":["GET"]}}],"collection":[{"href":"https:\/\/www.nuoxutech.com\/tr\/wp-json\/wp\/v2\/product"}],"about":[{"href":"https:\/\/www.nuoxutech.com\/tr\/wp-json\/wp\/v2\/types\/product"}],"version-history":[{"count":3,"href":"https:\/\/www.nuoxutech.com\/tr\/wp-json\/wp\/v2\/product\/9867\/revisions"}],"predecessor-version":[{"id":9870,"href":"https:\/\/www.nuoxutech.com\/tr\/wp-json\/wp\/v2\/product\/9867\/revisions\/9870"}],"wp:featuredmedia":[{"embeddable":true,"href":"https:\/\/www.nuoxutech.com\/tr\/wp-json\/wp\/v2\/media\/8068"}],"wp:attachment":[{"href":"https:\/\/www.nuoxutech.com\/tr\/wp-json\/wp\/v2\/media?parent=9867"}],"wp:term":[{"taxonomy":"product_brand","embeddable":true,"href":"https:\/\/www.nuoxutech.com\/tr\/wp-json\/wp\/v2\/product_brand?post=9867"},{"taxonomy":"product_cat","embeddable":true,"href":"https:\/\/www.nuoxutech.com\/tr\/wp-json\/wp\/v2\/product_cat?post=9867"},{"taxonomy":"product_tag","embeddable":true,"href":"https:\/\/www.nuoxutech.com\/tr\/wp-json\/wp\/v2\/product_tag?post=9867"}],"curies":[{"name":"wp","href":"https:\/\/api.w.org\/{rel}","templated":true}]}}