{"id":9885,"date":"2024-04-07T12:22:11","date_gmt":"2024-04-07T04:22:11","guid":{"rendered":"https:\/\/www.nuoxutech.com\/roots-sivi-halka-vakum-pompasi-sistemi\/"},"modified":"2025-04-23T17:42:49","modified_gmt":"2025-04-23T09:42:49","slug":"roots-liquid-ring-vacuum-pump-system","status":"publish","type":"product","link":"https:\/\/www.nuoxutech.com\/tr\/roots-liquid-ring-vacuum-pump-system\/","title":{"rendered":"Roots S\u0131v\u0131 Halka Vakum Pompas\u0131 Sistemi"},"content":{"rendered":"<div class=\"flex flex-grow flex-col max-w-full\">\n<div class=\"min-h-[20px] text-message flex flex-col items-start gap-3 whitespace-pre-wrap break-words [.text-message+&amp;]:mt-5 overflow-x-auto\" dir=\"auto\" data-message-author-role=\"assistant\" data-message-id=\"d3bce32c-9e35-4c9d-b963-a7cb7d96bacd\">\n<div class=\"markdown prose w-full break-words dark:prose-invert dark\">\n<h3><span class=\"HwtZe\" lang=\"en\"><span class=\"jCAhz JxVs2d ChMk0b\"><span class=\"ryNqvb\">Roots S\u0131v\u0131 Halka Vakum Pompas\u0131 Sistemimizin solvent geri kazan\u0131m uygulamas\u0131ndaki yerinde g\u00f6r\u00fcnt\u00fcleri<\/span><\/span><\/span><\/h3>\n<p><img fetchpriority=\"high\" decoding=\"async\" class=\"alignnone wp-image-6517 size-full\" src=\"https:\/\/www.nuoxutech.com\/wp-content\/uploads\/2024\/04\/Roots-Liquid-Ring-Vacuum-Pump-System4.jpg\" alt=\"Vakum Pompas\u0131 Sistemi  4.jpg\" width=\"800\" height=\"800\" title=\"\" srcset=\"https:\/\/www.nuoxutech.com\/wp-content\/uploads\/2024\/04\/Roots-Liquid-Ring-Vacuum-Pump-System4.jpg 800w, https:\/\/www.nuoxutech.com\/wp-content\/uploads\/2024\/04\/Roots-Liquid-Ring-Vacuum-Pump-System4-300x300.jpg 300w, https:\/\/www.nuoxutech.com\/wp-content\/uploads\/2024\/04\/Roots-Liquid-Ring-Vacuum-Pump-System4-150x150.jpg 150w, https:\/\/www.nuoxutech.com\/wp-content\/uploads\/2024\/04\/Roots-Liquid-Ring-Vacuum-Pump-System4-768x768.jpg 768w, https:\/\/www.nuoxutech.com\/wp-content\/uploads\/2024\/04\/Roots-Liquid-Ring-Vacuum-Pump-System4-512x512.jpg 512w, https:\/\/www.nuoxutech.com\/wp-content\/uploads\/2024\/04\/Roots-Liquid-Ring-Vacuum-Pump-System4-100x100.jpg 100w\" sizes=\"(max-width: 800px) 100vw, 800px\" \/><\/p>\n<p>Roots S\u0131v\u0131 Halka Vakum Pompas\u0131 Sistemi, buhar ve k\u00fc\u00e7\u00fck toz par\u00e7ac\u0131klar\u0131 i\u00e7erenler de dahil olmak \u00fczere \u00e7ok \u00e7e\u015fitli gazlar\u0131 i\u015flemek i\u00e7in tasarlanm\u0131\u015f son teknoloji bir \u00e7\u00f6z\u00fcmd\u00fcr. Roots pompalar\u0131n\u0131n sa\u011flaml\u0131\u011f\u0131n\u0131 s\u0131v\u0131 halka vakum pompalar\u0131n\u0131n \u00e7ok y\u00f6nl\u00fcl\u00fc\u011f\u00fcyle birle\u015ftirerek, bu sistem \u00e7e\u015fitli end\u00fcstrilerde vakum elde etme s\u00fcre\u00e7lerinde e\u015fsiz performans ve g\u00fcvenilirlik sunar.<\/p>\n<h4>Temel \u00d6zellikler:<\/h4>\n<ol>\n<li><strong>\u00c7ok Y\u00f6nl\u00fc Gaz \u0130\u015fleme:<\/strong> Hem yayg\u0131n gazlar\u0131 hem de buhar ve ince toz par\u00e7ac\u0131klar\u0131 i\u00e7eren gazlar\u0131 verimli bir \u015fekilde pompalayabilme \u00f6zelli\u011fi sayesinde \u00e7e\u015fitli end\u00fcstriyel uygulamalar i\u00e7in uygundur.<\/li>\n<li><strong>Ya\u011f, Buhar ve Toz Tolerans\u0131: <\/strong>Geleneksel mekanik vakum pompalar\u0131n\u0131n ve ba\u011f\u0131ms\u0131z s\u0131v\u0131 halkal\u0131 vakum pompalar\u0131n\u0131n aksine, bu entegre sistem performans veya g\u00fcvenilirlikten \u00f6d\u00fcn vermeden ya\u011f, buhar ve k\u00fc\u00e7\u00fck toz par\u00e7ac\u0131klar\u0131na dayanabilir.<\/li>\n<li><strong>Y\u00fcksek Nihai Vakum: <\/strong>Hafif e\u011firme, market ve kimyasal \u00fcretim gibi end\u00fcstrilerde verimli kurutma, susuzla\u015ft\u0131rma ve gaz \u00e7\u0131karma i\u015flemlerini garanti eden ola\u011fan\u00fcst\u00fc y\u00fcksek nihai vakum seviyeleri sa\u011flar.<\/li>\n<li><strong>M\u00fckemmel Pompalama H\u0131z\u0131: <\/strong>\u00d6zellikle y\u00fcksek vakum aral\u0131klar\u0131nda etkileyici pompalama h\u0131z\u0131 sunarak \u00fcretkenli\u011fi ve proses verimlili\u011fini art\u0131r\u0131r.<\/li>\n<li><strong>Belirli End\u00fcstriler \u0130\u00e7in \u0130dealdir: <\/strong>Hafif e\u011firme, market ve kimyasal \u00fcretim gibi \u00e7e\u015fitli \u00fcretim s\u00fcre\u00e7leri i\u00e7in g\u00fcvenilir vakum sistemlerinin \u00f6nemli oldu\u011fu end\u00fcstrilerde kullan\u0131ma uygundur.<\/li>\n<\/ol>\n<h4>Uygulamalar:<\/h4>\n<ol>\n<li><strong>Kurutma:<\/strong> G\u0131da i\u015fleme, ila\u00e7 ve kimyasal \u00fcretim gibi \u00fcr\u00fcn kalitesi ve stabilitesi a\u00e7\u0131s\u0131ndan nemin giderilmesinin \u00e7ok \u00f6nemli oldu\u011fu end\u00fcstrilerdeki kurutma s\u00fcre\u00e7leri i\u00e7in idealdir.<\/li>\n<li><strong>Kurutma: <\/strong>Meyve ve sebze i\u015fleme gibi, muhafaza ve paketleme i\u00e7in su i\u00e7eri\u011finin uzakla\u015ft\u0131r\u0131lmas\u0131n\u0131n gerekli oldu\u011fu end\u00fcstrilerde kurutma uygulamalar\u0131nda kullan\u0131l\u0131r.<\/li>\n<li><strong>Gaz Atma:<\/strong> Otomotiv, elektronik ve kimyasal \u00fcretim gibi end\u00fcstrilerde, kapal\u0131 kaplardan veya sistemlerden gazlar\u0131n at\u0131lmas\u0131 i\u00e7in gereklidir.<\/li>\n<li><strong>Hafif \u0130plik End\u00fcstrisi:<\/strong> \u0130plik e\u011firme, dokuma ve terbiye i\u015flemleri de dahil olmak \u00fczere tekstil \u00fcretiminde vakumla ilgili s\u00fcre\u00e7ler i\u00e7in kritiktir.<\/li>\n<li><strong>Bakkal End\u00fcstrisi:<\/strong> G\u0131da \u00fcr\u00fcnlerinin raf \u00f6mr\u00fcn\u00fc uzatmak ve tazeli\u011fini korumak amac\u0131yla vakumlu paketlenmesinde kullan\u0131l\u0131r.<\/li>\n<li><strong>Kimya Sanayi:<\/strong> Dam\u0131tma, buharla\u015ft\u0131rma, kristalizasyon gibi hassas vakum kontrol\u00fc gerektiren \u00e7e\u015fitli kimyasal proseslerde uygulan\u0131r.<\/li>\n<\/ol>\n<p>Roots S\u0131v\u0131 Halka Vakum Pompas\u0131 Sistemi, \u00e7ok \u00e7e\u015fitli end\u00fcstrilerde vakum elde etme s\u00fcre\u00e7leri i\u00e7in \u00e7ok y\u00f6nl\u00fc, g\u00fcvenilir ve verimli bir \u00e7\u00f6z\u00fcm sunar. \u00c7e\u015fitli gazlar\u0131 ve kirleticileri idare etme yetene\u011fi, y\u00fcksek nihai vakum seviyeleri ve harika pompalama h\u0131z\u0131yla, verimli kurutma, susuzla\u015ft\u0131rma ve gaz \u00e7\u0131karma i\u015flemleri gerektiren uygulamalar i\u00e7in ideal bir se\u00e7imdir.<\/p>\n<\/div>\n<\/div>\n<\/div>\n<div class=\"mt-1 flex gap-3 empty:hidden\">\n<div class=\"text-gray-400 flex self-end lg:self-center items-center justify-center lg:justify-start mt-0 -ml-1 h-7 gap-[2px] visible\">\n<div dir=\"auto\"><a href=\"https:\/\/www.nuoxutech.com\/tr\/roots-vacuum-pump-tr\/\">Roots <\/a>S\u0131v\u0131 Halka Vakum Pompas\u0131 Sistemi hakk\u0131nda daha fazla bilgi i\u00e7in bizimle ileti\u015fime ge\u00e7in<\/div>\n<div dir=\"auto\"><strong>Posta:<span style=\"color: #3366ff;\"><a style=\"color: #3366ff;\" href=\"mailto:contact@nuoxutech.com\">contact@nuoxutech.com<\/a><\/span><\/strong><\/div>\n<div dir=\"auto\"><strong>WhatsApp: <span style=\"color: #3366ff;\"><a style=\"color: #3366ff;\" href=\"https:\/\/wa.me\/message\/Z6LWLVZDXHWFD1\" rel=\"nofollow noopener\" target=\"_blank\">+86 13849062209<\/a><\/span><\/strong><\/div>\n<div dir=\"auto\"><strong>Ekibimiz size profesyonel hizmet ve destek sa\u011flamak i\u00e7in haz\u0131r.<\/strong><\/div>\n<div dir=\"auto\">\n<h4 class=\"wp-block-heading\">Anahtar kelimeler<\/h4>\n<p>vakum sistemi,nuoxutech, vakum pompas\u0131, VacuumSystem, Roots S\u0131v\u0131 Halkal\u0131 Vakum Pompas\u0131 Sistemi.<\/p>\n<\/div>\n<\/div>\n<\/div>\n","protected":false},"excerpt":{"rendered":"<p>Roots S\u0131v\u0131 Halka Vakum Pompas\u0131 sistemi, ana pompa yani ZJP tipi Roots vakum pompas\u0131 ve yedek pompa yani S\u0131v\u0131 halka vakum pompas\u0131ndan olu\u015fur.<\/p>\n","protected":false},"featured_media":8077,"template":"","meta":{"_acf_changed":false,"site-sidebar-layout":"default","site-content-layout":"","ast-site-content-layout":"default","site-content-style":"default","site-sidebar-style":"default","ast-global-header-display":"","ast-banner-title-visibility":"","ast-main-header-display":"","ast-hfb-above-header-display":"","ast-hfb-below-header-display":"","ast-hfb-mobile-header-display":"","site-post-title":"","ast-breadcrumbs-content":"","ast-featured-img":"","footer-sml-layout":"","ast-disable-related-posts":"","theme-transparent-header-meta":"default","adv-header-id-meta":"","stick-header-meta":"default","header-above-stick-meta":"","header-main-stick-meta":"","header-below-stick-meta":"","astra-migrate-meta-layouts":"set","ast-page-background-enabled":"default","ast-page-background-meta":{"desktop":{"background-color":"","background-image":"","background-repeat":"repeat","background-position":"center center","background-size":"auto","background-attachment":"scroll","background-type":"","background-media":"","overlay-type":"","overlay-color":"","overlay-opacity":"","overlay-gradient":""},"tablet":{"background-color":"","background-image":"","background-repeat":"repeat","background-position":"center center","background-size":"auto","background-attachment":"scroll","background-type":"","background-media":"","overlay-type":"","overlay-color":"","overlay-opacity":"","overlay-gradient":""},"mobile":{"background-color":"","background-image":"","background-repeat":"repeat","background-position":"center center","background-size":"auto","background-attachment":"scroll","background-type":"","background-media":"","overlay-type":"","overlay-color":"","overlay-opacity":"","overlay-gradient":""}},"ast-content-background-meta":{"desktop":{"background-color":"var(--ast-global-color-5)","background-image":"","background-repeat":"repeat","background-position":"center center","background-size":"auto","background-attachment":"scroll","background-type":"","background-media":"","overlay-type":"","overlay-color":"","overlay-opacity":"","overlay-gradient":""},"tablet":{"background-color":"var(--ast-global-color-5)","background-image":"","background-repeat":"repeat","background-position":"center center","background-size":"auto","background-attachment":"scroll","background-type":"","background-media":"","overlay-type":"","overlay-color":"","overlay-opacity":"","overlay-gradient":""},"mobile":{"background-color":"var(--ast-global-color-5)","background-image":"","background-repeat":"repeat","background-position":"center center","background-size":"auto","background-attachment":"scroll","background-type":"","background-media":"","overlay-type":"","overlay-color":"","overlay-opacity":"","overlay-gradient":""}}},"product_brand":[],"product_cat":[230],"product_tag":[],"class_list":{"0":"post-9885","1":"product","2":"type-product","3":"status-publish","4":"has-post-thumbnail","6":"product_cat-vacuum-system-tr","7":"desktop-align-left","8":"tablet-align-left","9":"mobile-align-left","10":"ast-product-gallery-layout-horizontal","11":"ast-magnify-disabled","13":"first","14":"instock","15":"shipping-taxable","16":"product-type-simple"},"acf":[],"_links":{"self":[{"href":"https:\/\/www.nuoxutech.com\/tr\/wp-json\/wp\/v2\/product\/9885","targetHints":{"allow":["GET"]}}],"collection":[{"href":"https:\/\/www.nuoxutech.com\/tr\/wp-json\/wp\/v2\/product"}],"about":[{"href":"https:\/\/www.nuoxutech.com\/tr\/wp-json\/wp\/v2\/types\/product"}],"version-history":[{"count":2,"href":"https:\/\/www.nuoxutech.com\/tr\/wp-json\/wp\/v2\/product\/9885\/revisions"}],"predecessor-version":[{"id":9887,"href":"https:\/\/www.nuoxutech.com\/tr\/wp-json\/wp\/v2\/product\/9885\/revisions\/9887"}],"wp:featuredmedia":[{"embeddable":true,"href":"https:\/\/www.nuoxutech.com\/tr\/wp-json\/wp\/v2\/media\/8077"}],"wp:attachment":[{"href":"https:\/\/www.nuoxutech.com\/tr\/wp-json\/wp\/v2\/media?parent=9885"}],"wp:term":[{"taxonomy":"product_brand","embeddable":true,"href":"https:\/\/www.nuoxutech.com\/tr\/wp-json\/wp\/v2\/product_brand?post=9885"},{"taxonomy":"product_cat","embeddable":true,"href":"https:\/\/www.nuoxutech.com\/tr\/wp-json\/wp\/v2\/product_cat?post=9885"},{"taxonomy":"product_tag","embeddable":true,"href":"https:\/\/www.nuoxutech.com\/tr\/wp-json\/wp\/v2\/product_tag?post=9885"}],"curies":[{"name":"wp","href":"https:\/\/api.w.org\/{rel}","templated":true}]}}